{"id":251983,"date":"2024-11-07T13:16:24","date_gmt":"2024-11-07T13:16:24","guid":{"rendered":"https:\/\/garrafeirapepe.pt\/?post_type=product&#038;p=251983"},"modified":"2026-04-01T16:31:35","modified_gmt":"2026-04-01T15:31:35","slug":"chocolate-annobon-trufas-caramelo-salgado-cx-9","status":"publish","type":"product","link":"https:\/\/garrafeirapepe.pt\/en\/loja\/gourmet\/chocolate-annobon-trufas-caramelo-salgado-cx-9\/","title":{"rendered":"Chocolate Annobon Trufas Caramelo Salgado Cx. 9"},"content":{"rendered":"\n<p>Chocolate Annobon Trufas Caramelo Salgado Cx. 9 \u2013 Eleg\u00e2ncia e Sabor Sublime<\/p>\n\n\n\n<p>Descubra a harmonia perfeita entre o chocolate de leite, o caramelo sedoso e um toque sofisticado de flor de sal, tudo envolvido por uma capa de chocolate negro 100%. Uma cria\u00e7\u00e3o exclusiva da premiada chocolati\u00e8re Leonor Ranito, estas trufas s\u00e3o uma experi\u00eancia gourmet incompar\u00e1vel.<\/p>\n\n\n\n<p>Cada caixa cont\u00e9m 9 trufas cuidadosamente elaboradas, oferecendo impacto, cremosidade e eleg\u00e2ncia em cada mordida. Ideais para momentos especiais ou para presentear com sofistica\u00e7\u00e3o, estas del\u00edcias traduzem a excel\u00eancia do chocolate artesanal portugu\u00eas.<\/p>\n\n\n\n<p>Adicione ao seu carrinho e saboreie a perfei\u00e7\u00e3o do chocolate Annobon!<br><br><br><strong>Ingredientes<\/strong>: Chocolate de leite (cont\u00e9m 33,6% m\u00edn.s\u00f3lidos de cacau e 20,8% min.s\u00f3lidos de leite no chocolate) [a\u00e7\u00facar, manteiga de cacau, leite em p\u00f3 gordo, pasta de cacau, emulsionante: lecitina de soja, aroma natural de baunilha]; chocolate negro (cont\u00e9m 54,5% min.s\u00f3lidos de cacau no chocolate) [pasta de cacau, a\u00e7\u00facar, manteiga de cacau, emulsionante: lecitina de soja, aroma natural de baunilha}; natas; a\u00e7\u00facar; xarope de glucose; mat\u00e9ria gorda l\u00e1ctea (manteiga); flor de sal (0,6%) e cacau em p\u00f3.<br>Cont\u00e9m leite e vest\u00edgios de frutos de casca rija.<br><br><strong>Informa\u00e7\u00e3o nutricional por 100g<\/strong>:<br>Energia 517kcal\/2164kJ<br>L\u00edpidos 30g, dos quais \u00c1cidos gordos saturados 20g<br>Hidratos de carbono 57g, dos quais A\u00e7\u00facares 48g<br>Prote\u00ednas 5,4g<br>Sal 0,9g<\/p>\n\n\n\n<p><strong>Validade: <\/strong>Abril 2026<\/p>\n","protected":false},"excerpt":{"rendered":"<p>Chocolate Annobon Trufas Caramelo Salgado Cx. 9 \u2013 Eleg\u00e2ncia e Sabor Sublime Descubra a harmonia perfeita entre o chocolate de leite, o caramelo sedoso e um toque sofisticado de flor de sal, tudo envolvido por uma capa de chocolate negro 100%. Uma cria\u00e7\u00e3o exclusiva da premiada chocolati\u00e8re Leonor Ranito, estas trufas s\u00e3o uma experi\u00eancia gourmet [&hellip;]<\/p>\n","protected":false},"featured_media":252375,"template":"","meta":{"_acf_changed":false},"product_brand":[],"product_cat":[10578,22667],"product_tag":[18943,10787],"class_list":{"0":"post-251983","1":"product","2":"type-product","3":"status-publish","4":"has-post-thumbnail","6":"product_cat-gourmet","7":"product_cat-natal","8":"product_tag-annobon","9":"product_tag-garrafeiratiopepe","11":"first","12":"outofstock","13":"taxable","14":"shipping-taxable","15":"purchasable","16":"product-type-simple"},"acf":[],"yoast_head":"<!-- This site is optimized with the Yoast SEO Premium plugin v27.3 (Yoast SEO v27.3) - https:\/\/yoast.com\/product\/yoast-seo-premium-wordpress\/ -->\n<title>Chocolate Annobon Trufas Caramelo Salgado Cx. 9 - Garrafeira Pepe<\/title>\n<meta name=\"description\" content=\"Combina\u00e7\u00e3o perfeita de chocolate de leite, caramelo suave e um toque de flor de sal, tudo envolto em chocolate negro 100%. Eleg\u00e2ncia e sabor em cada trufa.\" \/>\n<meta name=\"robots\" content=\"index, follow, max-snippet:-1, max-image-preview:large, max-video-preview:-1\" \/>\n<link rel=\"canonical\" href=\"https:\/\/garrafeirapepe.pt\/en\/loja\/gourmet\/chocolate-annobon-trufas-caramelo-salgado-cx-9\/\" \/>\n<meta property=\"og:locale\" content=\"en_US\" \/>\n<meta property=\"og:type\" content=\"article\" \/>\n<meta property=\"og:title\" content=\"Chocolate Annobon Trufas Caramelo Salgado Cx. 9\" \/>\n<meta property=\"og:description\" content=\"Chocolate Annobon Trufas Caramelo Salgado Cx. 9 -\" \/>\n<meta property=\"og:url\" content=\"https:\/\/garrafeirapepe.pt\/en\/loja\/gourmet\/chocolate-annobon-trufas-caramelo-salgado-cx-9\/\" \/>\n<meta property=\"og:site_name\" content=\"Garrafeira Pepe\" \/>\n<meta property=\"article:publisher\" content=\"https:\/\/www.facebook.com\/GarrafeiraPepe\" \/>\n<meta property=\"article:modified_time\" content=\"2026-04-01T15:31:35+00:00\" \/>\n<meta property=\"og:image\" content=\"https:\/\/garrafeirapepe.pt\/wp-content\/uploads\/2024\/11\/Chocolates_Annobon_Trufas_Caramelo_Mini.jpg\" \/>\n\t<meta property=\"og:image:width\" content=\"1024\" \/>\n\t<meta property=\"og:image:height\" content=\"1024\" \/>\n\t<meta property=\"og:image:type\" content=\"image\/jpeg\" \/>\n<meta name=\"twitter:card\" content=\"summary_large_image\" \/>\n<meta name=\"twitter:label1\" content=\"Price\" \/>\n\t<meta name=\"twitter:data1\" content=\"25.00&euro;\" \/>\n\t<meta name=\"twitter:label2\" content=\"Availability\" \/>\n\t<meta name=\"twitter:data2\" content=\"Out of stock\" \/>\n<script type=\"application\/ld+json\" class=\"yoast-schema-graph\">{\"@context\":\"https:\\\/\\\/schema.org\",\"@graph\":[{\"@type\":\"WebPage\",\"@id\":\"https:\\\/\\\/garrafeirapepe.pt\\\/en\\\/loja\\\/gourmet\\\/chocolate-annobon-trufas-caramelo-salgado-cx-9\\\/\",\"url\":\"https:\\\/\\\/garrafeirapepe.pt\\\/en\\\/loja\\\/gourmet\\\/chocolate-annobon-trufas-caramelo-salgado-cx-9\\\/\",\"name\":\"Chocolate Annobon Trufas Caramelo Salgado Cx. 9 - Garrafeira Pepe\",\"isPartOf\":{\"@id\":\"https:\\\/\\\/garrafeirapepe.pt\\\/en\\\/#website\"},\"primaryImageOfPage\":{\"@id\":\"https:\\\/\\\/garrafeirapepe.pt\\\/en\\\/loja\\\/gourmet\\\/chocolate-annobon-trufas-caramelo-salgado-cx-9\\\/#primaryimage\"},\"image\":{\"@id\":\"https:\\\/\\\/garrafeirapepe.pt\\\/en\\\/loja\\\/gourmet\\\/chocolate-annobon-trufas-caramelo-salgado-cx-9\\\/#primaryimage\"},\"thumbnailUrl\":\"https:\\\/\\\/garrafeirapepe.pt\\\/wp-content\\\/uploads\\\/2024\\\/11\\\/Chocolates_Annobon_Trufas_Caramelo_Mini.jpg\",\"datePublished\":\"2024-11-07T13:16:24+00:00\",\"dateModified\":\"2026-04-01T15:31:35+00:00\",\"description\":\"Combina\u00e7\u00e3o perfeita de chocolate de leite, caramelo suave e um toque de flor de sal, tudo envolto em chocolate negro 100%. Eleg\u00e2ncia e sabor em cada trufa.\",\"breadcrumb\":{\"@id\":\"https:\\\/\\\/garrafeirapepe.pt\\\/en\\\/loja\\\/gourmet\\\/chocolate-annobon-trufas-caramelo-salgado-cx-9\\\/#breadcrumb\"},\"inLanguage\":\"en-US\",\"potentialAction\":[{\"@type\":\"ReadAction\",\"target\":[\"https:\\\/\\\/garrafeirapepe.pt\\\/en\\\/loja\\\/gourmet\\\/chocolate-annobon-trufas-caramelo-salgado-cx-9\\\/\"]}]},{\"@type\":\"ImageObject\",\"inLanguage\":\"en-US\",\"@id\":\"https:\\\/\\\/garrafeirapepe.pt\\\/en\\\/loja\\\/gourmet\\\/chocolate-annobon-trufas-caramelo-salgado-cx-9\\\/#primaryimage\",\"url\":\"https:\\\/\\\/garrafeirapepe.pt\\\/wp-content\\\/uploads\\\/2024\\\/11\\\/Chocolates_Annobon_Trufas_Caramelo_Mini.jpg\",\"contentUrl\":\"https:\\\/\\\/garrafeirapepe.pt\\\/wp-content\\\/uploads\\\/2024\\\/11\\\/Chocolates_Annobon_Trufas_Caramelo_Mini.jpg\",\"width\":1024,\"height\":1024,\"caption\":\"Chocolates_Annobon_Trufas_Caramelo_Mini\"},{\"@type\":\"BreadcrumbList\",\"@id\":\"https:\\\/\\\/garrafeirapepe.pt\\\/en\\\/loja\\\/gourmet\\\/chocolate-annobon-trufas-caramelo-salgado-cx-9\\\/#breadcrumb\",\"itemListElement\":[{\"@type\":\"ListItem\",\"position\":1,\"name\":\"Home\",\"item\":\"https:\\\/\\\/garrafeirapepe.pt\\\/en\\\/\"},{\"@type\":\"ListItem\",\"position\":2,\"name\":\"Store\",\"item\":\"https:\\\/\\\/garrafeirapepe.pt\\\/en\\\/shop\\\/\"},{\"@type\":\"ListItem\",\"position\":3,\"name\":\"Chocolate Annobon Trufas Caramelo Salgado Cx. 9\"}]},{\"@type\":\"WebSite\",\"@id\":\"https:\\\/\\\/garrafeirapepe.pt\\\/en\\\/#website\",\"url\":\"https:\\\/\\\/garrafeirapepe.pt\\\/en\\\/\",\"name\":\"Garrafeira Pepe\",\"description\":\"\",\"publisher\":{\"@id\":\"https:\\\/\\\/garrafeirapepe.pt\\\/en\\\/#organization\"},\"potentialAction\":[{\"@type\":\"SearchAction\",\"target\":{\"@type\":\"EntryPoint\",\"urlTemplate\":\"https:\\\/\\\/garrafeirapepe.pt\\\/en\\\/?s={search_term_string}\"},\"query-input\":{\"@type\":\"PropertyValueSpecification\",\"valueRequired\":true,\"valueName\":\"search_term_string\"}}],\"inLanguage\":\"en-US\"},{\"@type\":[\"Organization\",\"Place\"],\"@id\":\"https:\\\/\\\/garrafeirapepe.pt\\\/en\\\/#organization\",\"name\":\"Garrafeira Pepe\",\"url\":\"https:\\\/\\\/garrafeirapepe.pt\\\/en\\\/\",\"logo\":{\"@id\":\"https:\\\/\\\/garrafeirapepe.pt\\\/en\\\/loja\\\/gourmet\\\/chocolate-annobon-trufas-caramelo-salgado-cx-9\\\/#local-main-organization-logo\"},\"image\":{\"@id\":\"https:\\\/\\\/garrafeirapepe.pt\\\/en\\\/loja\\\/gourmet\\\/chocolate-annobon-trufas-caramelo-salgado-cx-9\\\/#local-main-organization-logo\"},\"sameAs\":[\"https:\\\/\\\/www.facebook.com\\\/GarrafeiraPepe\",\"https:\\\/\\\/www.instagram.com\\\/garrafeiratiopepe\\\/\",\"https:\\\/\\\/www.linkedin.com\\\/company\\\/garrafeira-tio-pepe\\\/\"],\"description\":\"Loja On-line ao seu dispor - 40 Anos de experi\u00eancia no sector, 2100 refer\u00eancias ativas e ao seu dispor. Uma das mais conceituadas Garrafeiras de Portugal.\",\"legalName\":\"PUROVINUM COMERCIO DE BEBIDAS LDA.\",\"foundingDate\":\"1986-01-01\",\"numberOfEmployees\":{\"@type\":\"QuantitativeValue\",\"minValue\":\"11\",\"maxValue\":\"50\"},\"hasMerchantReturnPolicy\":{\"@type\":\"MerchantReturnPolicy\",\"merchantReturnLink\":\"https:\\\/\\\/garrafeirapepe.pt\\\/politica-de-devolucao\\\/\"},\"telephone\":[],\"openingHoursSpecification\":[{\"@type\":\"OpeningHoursSpecification\",\"dayOfWeek\":[\"Monday\",\"Tuesday\",\"Wednesday\",\"Thursday\",\"Friday\",\"Saturday\",\"Sunday\"],\"opens\":\"09:00\",\"closes\":\"17:00\"}]},{\"@type\":\"ImageObject\",\"inLanguage\":\"en-US\",\"@id\":\"https:\\\/\\\/garrafeirapepe.pt\\\/en\\\/loja\\\/gourmet\\\/chocolate-annobon-trufas-caramelo-salgado-cx-9\\\/#local-main-organization-logo\",\"url\":\"https:\\\/\\\/garrafeirapepe.pt\\\/wp-content\\\/uploads\\\/2025\\\/11\\\/Logo-Vertical-512x512-sem-fundo.png\",\"contentUrl\":\"https:\\\/\\\/garrafeirapepe.pt\\\/wp-content\\\/uploads\\\/2025\\\/11\\\/Logo-Vertical-512x512-sem-fundo.png\",\"width\":512,\"height\":512,\"caption\":\"Garrafeira Pepe\"}]}<\/script>\n<meta property=\"product:price:amount\" content=\"25.00\" \/>\n<meta property=\"product:price:currency\" content=\"EUR\" \/>\n<meta property=\"og:availability\" content=\"out of stock\" \/>\n<meta property=\"product:availability\" content=\"out of stock\" \/>\n<meta property=\"product:retailer_item_id\" content=\"CHOACX9TCS\" \/>\n<meta property=\"product:condition\" content=\"new\" \/>\n<!-- \/ Yoast SEO Premium plugin. -->","yoast_head_json":{"title":"Chocolate Annobon Trufas Caramelo Salgado Cx. 9 - Garrafeira Pepe","description":"Combina\u00e7\u00e3o perfeita de chocolate de leite, caramelo suave e um toque de flor de sal, tudo envolto em chocolate negro 100%. Eleg\u00e2ncia e sabor em cada trufa.","robots":{"index":"index","follow":"follow","max-snippet":"max-snippet:-1","max-image-preview":"max-image-preview:large","max-video-preview":"max-video-preview:-1"},"canonical":"https:\/\/garrafeirapepe.pt\/en\/loja\/gourmet\/chocolate-annobon-trufas-caramelo-salgado-cx-9\/","og_locale":"en_US","og_type":"article","og_title":"Chocolate Annobon Trufas Caramelo Salgado Cx. 9","og_description":"Chocolate Annobon Trufas Caramelo Salgado Cx. 9 -","og_url":"https:\/\/garrafeirapepe.pt\/en\/loja\/gourmet\/chocolate-annobon-trufas-caramelo-salgado-cx-9\/","og_site_name":"Garrafeira Pepe","article_publisher":"https:\/\/www.facebook.com\/GarrafeiraPepe","article_modified_time":"2026-04-01T15:31:35+00:00","og_image":[{"width":1024,"height":1024,"url":"https:\/\/garrafeirapepe.pt\/wp-content\/uploads\/2024\/11\/Chocolates_Annobon_Trufas_Caramelo_Mini.jpg","type":"image\/jpeg"}],"twitter_card":"summary_large_image","twitter_misc":{"Price":"25.00&euro;","Availability":"Out of stock"},"schema":{"@context":"https:\/\/schema.org","@graph":[{"@type":"WebPage","@id":"https:\/\/garrafeirapepe.pt\/en\/loja\/gourmet\/chocolate-annobon-trufas-caramelo-salgado-cx-9\/","url":"https:\/\/garrafeirapepe.pt\/en\/loja\/gourmet\/chocolate-annobon-trufas-caramelo-salgado-cx-9\/","name":"Chocolate Annobon Trufas Caramelo Salgado Cx. 9 - Garrafeira Pepe","isPartOf":{"@id":"https:\/\/garrafeirapepe.pt\/en\/#website"},"primaryImageOfPage":{"@id":"https:\/\/garrafeirapepe.pt\/en\/loja\/gourmet\/chocolate-annobon-trufas-caramelo-salgado-cx-9\/#primaryimage"},"image":{"@id":"https:\/\/garrafeirapepe.pt\/en\/loja\/gourmet\/chocolate-annobon-trufas-caramelo-salgado-cx-9\/#primaryimage"},"thumbnailUrl":"https:\/\/garrafeirapepe.pt\/wp-content\/uploads\/2024\/11\/Chocolates_Annobon_Trufas_Caramelo_Mini.jpg","datePublished":"2024-11-07T13:16:24+00:00","dateModified":"2026-04-01T15:31:35+00:00","description":"Combina\u00e7\u00e3o perfeita de chocolate de leite, caramelo suave e um toque de flor de sal, tudo envolto em chocolate negro 100%. Eleg\u00e2ncia e sabor em cada trufa.","breadcrumb":{"@id":"https:\/\/garrafeirapepe.pt\/en\/loja\/gourmet\/chocolate-annobon-trufas-caramelo-salgado-cx-9\/#breadcrumb"},"inLanguage":"en-US","potentialAction":[{"@type":"ReadAction","target":["https:\/\/garrafeirapepe.pt\/en\/loja\/gourmet\/chocolate-annobon-trufas-caramelo-salgado-cx-9\/"]}]},{"@type":"ImageObject","inLanguage":"en-US","@id":"https:\/\/garrafeirapepe.pt\/en\/loja\/gourmet\/chocolate-annobon-trufas-caramelo-salgado-cx-9\/#primaryimage","url":"https:\/\/garrafeirapepe.pt\/wp-content\/uploads\/2024\/11\/Chocolates_Annobon_Trufas_Caramelo_Mini.jpg","contentUrl":"https:\/\/garrafeirapepe.pt\/wp-content\/uploads\/2024\/11\/Chocolates_Annobon_Trufas_Caramelo_Mini.jpg","width":1024,"height":1024,"caption":"Chocolates_Annobon_Trufas_Caramelo_Mini"},{"@type":"BreadcrumbList","@id":"https:\/\/garrafeirapepe.pt\/en\/loja\/gourmet\/chocolate-annobon-trufas-caramelo-salgado-cx-9\/#breadcrumb","itemListElement":[{"@type":"ListItem","position":1,"name":"Home","item":"https:\/\/garrafeirapepe.pt\/en\/"},{"@type":"ListItem","position":2,"name":"Store","item":"https:\/\/garrafeirapepe.pt\/en\/shop\/"},{"@type":"ListItem","position":3,"name":"Chocolate Annobon Trufas Caramelo Salgado Cx. 9"}]},{"@type":"WebSite","@id":"https:\/\/garrafeirapepe.pt\/en\/#website","url":"https:\/\/garrafeirapepe.pt\/en\/","name":"Garrafeira Pepe","description":"","publisher":{"@id":"https:\/\/garrafeirapepe.pt\/en\/#organization"},"potentialAction":[{"@type":"SearchAction","target":{"@type":"EntryPoint","urlTemplate":"https:\/\/garrafeirapepe.pt\/en\/?s={search_term_string}"},"query-input":{"@type":"PropertyValueSpecification","valueRequired":true,"valueName":"search_term_string"}}],"inLanguage":"en-US"},{"@type":["Organization","Place"],"@id":"https:\/\/garrafeirapepe.pt\/en\/#organization","name":"Garrafeira Pepe","url":"https:\/\/garrafeirapepe.pt\/en\/","logo":{"@id":"https:\/\/garrafeirapepe.pt\/en\/loja\/gourmet\/chocolate-annobon-trufas-caramelo-salgado-cx-9\/#local-main-organization-logo"},"image":{"@id":"https:\/\/garrafeirapepe.pt\/en\/loja\/gourmet\/chocolate-annobon-trufas-caramelo-salgado-cx-9\/#local-main-organization-logo"},"sameAs":["https:\/\/www.facebook.com\/GarrafeiraPepe","https:\/\/www.instagram.com\/garrafeiratiopepe\/","https:\/\/www.linkedin.com\/company\/garrafeira-tio-pepe\/"],"description":"Loja On-line ao seu dispor - 40 Anos de experi\u00eancia no sector, 2100 refer\u00eancias ativas e ao seu dispor. Uma das mais conceituadas Garrafeiras de Portugal.","legalName":"PUROVINUM COMERCIO DE BEBIDAS LDA.","foundingDate":"1986-01-01","numberOfEmployees":{"@type":"QuantitativeValue","minValue":"11","maxValue":"50"},"hasMerchantReturnPolicy":{"@type":"MerchantReturnPolicy","merchantReturnLink":"https:\/\/garrafeirapepe.pt\/politica-de-devolucao\/"},"telephone":[],"openingHoursSpecification":[{"@type":"OpeningHoursSpecification","dayOfWeek":["Monday","Tuesday","Wednesday","Thursday","Friday","Saturday","Sunday"],"opens":"09:00","closes":"17:00"}]},{"@type":"ImageObject","inLanguage":"en-US","@id":"https:\/\/garrafeirapepe.pt\/en\/loja\/gourmet\/chocolate-annobon-trufas-caramelo-salgado-cx-9\/#local-main-organization-logo","url":"https:\/\/garrafeirapepe.pt\/wp-content\/uploads\/2025\/11\/Logo-Vertical-512x512-sem-fundo.png","contentUrl":"https:\/\/garrafeirapepe.pt\/wp-content\/uploads\/2025\/11\/Logo-Vertical-512x512-sem-fundo.png","width":512,"height":512,"caption":"Garrafeira Pepe"}]},"product_price_amount":"25.00","product_price_currency":"EUR","og_availability":"out of stock","product_availability":"out of stock","product_retailer_item_id":"CHOACX9TCS","product_condition":"new"},"_links":{"self":[{"href":"https:\/\/garrafeirapepe.pt\/en\/wp-json\/wp\/v2\/product\/251983","targetHints":{"allow":["GET"]}}],"collection":[{"href":"https:\/\/garrafeirapepe.pt\/en\/wp-json\/wp\/v2\/product"}],"about":[{"href":"https:\/\/garrafeirapepe.pt\/en\/wp-json\/wp\/v2\/types\/product"}],"wp:featuredmedia":[{"embeddable":true,"href":"https:\/\/garrafeirapepe.pt\/en\/wp-json\/wp\/v2\/media\/252375"}],"wp:attachment":[{"href":"https:\/\/garrafeirapepe.pt\/en\/wp-json\/wp\/v2\/media?parent=251983"}],"wp:term":[{"taxonomy":"product_brand","embeddable":true,"href":"https:\/\/garrafeirapepe.pt\/en\/wp-json\/wp\/v2\/product_brand?post=251983"},{"taxonomy":"product_cat","embeddable":true,"href":"https:\/\/garrafeirapepe.pt\/en\/wp-json\/wp\/v2\/product_cat?post=251983"},{"taxonomy":"product_tag","embeddable":true,"href":"https:\/\/garrafeirapepe.pt\/en\/wp-json\/wp\/v2\/product_tag?post=251983"}],"curies":[{"name":"wp","href":"https:\/\/api.w.org\/{rel}","templated":true}]}}