{"id":252649,"date":"2024-11-20T16:02:02","date_gmt":"2024-11-20T16:02:02","guid":{"rendered":"https:\/\/garrafeirapepe.pt\/?post_type=product&#038;p=252649"},"modified":"2026-03-25T21:39:23","modified_gmt":"2026-03-25T21:39:23","slug":"saco-plastico-tio-pepe-grande","status":"publish","type":"product","link":"https:\/\/garrafeirapepe.pt\/en\/loja\/embalagens_transporte\/saco-plastico-tio-pepe-grande\/","title":{"rendered":"Saco Pl\u00e1stico Tio Pepe Grande"},"content":{"rendered":"\n<p>Este saco de pl\u00e1stico grande foi concebido para transportar uma \u00fanica garrafa de forma pr\u00e1tica e elegante. Fabricado com material resistente e de alta qualidade, garante uma prote\u00e7\u00e3o segura durante o transporte. O seu design simples e sofisticado torna-o ideal para oferecer em ocasi\u00f5es especiais, como anivers\u00e1rios, celebra\u00e7\u00f5es ou eventos. Leve e f\u00e1cil de transportar, o saco possui al\u00e7as resistentes, proporcionando maior conforto e praticidade.<\/p>\n","protected":false},"excerpt":{"rendered":"<p>Este saco de pl\u00e1stico grande foi concebido para transportar uma \u00fanica garrafa de forma pr\u00e1tica e elegante. Fabricado com material resistente e de alta qualidade, garante uma prote\u00e7\u00e3o segura durante o transporte. O seu design simples e sofisticado torna-o ideal para oferecer em ocasi\u00f5es especiais, como anivers\u00e1rios, celebra\u00e7\u00f5es ou eventos. Leve e f\u00e1cil de transportar, [&hellip;]<\/p>\n","protected":false},"featured_media":252671,"template":"","meta":{"_acf_changed":true},"product_brand":[],"product_cat":[20321],"product_tag":[],"class_list":{"0":"post-252649","1":"product","2":"type-product","3":"status-publish","4":"has-post-thumbnail","6":"product_cat-embalagens_transporte","8":"first","9":"outofstock","10":"taxable","11":"shipping-taxable","12":"purchasable","13":"product-type-simple"},"acf":[],"yoast_head":"<!-- This site is optimized with the Yoast SEO Premium plugin v27.3 (Yoast SEO v27.3) - https:\/\/yoast.com\/product\/yoast-seo-premium-wordpress\/ -->\n<title>Saco Pl\u00e1stico Tio Pepe Grande - Garrafeira Pepe<\/title>\n<meta name=\"description\" content=\"Este saco de pl\u00e1stico grande foi concebido para transportar uma \u00fanica garrafa de forma pr\u00e1tica e elegante.\" \/>\n<meta name=\"robots\" content=\"index, follow, max-snippet:-1, max-image-preview:large, max-video-preview:-1\" \/>\n<link rel=\"canonical\" href=\"https:\/\/garrafeirapepe.pt\/en\/loja\/embalagens_transporte\/saco-plastico-tio-pepe-grande\/\" \/>\n<meta property=\"og:locale\" content=\"en_US\" \/>\n<meta property=\"og:type\" content=\"article\" \/>\n<meta property=\"og:title\" content=\"Saco Pl\u00e1stico Tio Pepe Grande\" \/>\n<meta property=\"og:description\" content=\"Saco Pl\u00e1stico Tio Pepe Grande -\" \/>\n<meta property=\"og:url\" content=\"https:\/\/garrafeirapepe.pt\/en\/loja\/embalagens_transporte\/saco-plastico-tio-pepe-grande\/\" \/>\n<meta property=\"og:site_name\" content=\"Garrafeira Pepe\" \/>\n<meta property=\"article:publisher\" content=\"https:\/\/www.facebook.com\/GarrafeiraPepe\" \/>\n<meta property=\"article:modified_time\" content=\"2026-03-25T21:39:23+00:00\" \/>\n<meta property=\"og:image\" content=\"https:\/\/garrafeirapepe.pt\/wp-content\/uploads\/2024\/11\/Saco-Plastico-Grande.jpg\" \/>\n\t<meta property=\"og:image:width\" content=\"1400\" \/>\n\t<meta property=\"og:image:height\" content=\"1400\" \/>\n\t<meta property=\"og:image:type\" content=\"image\/jpeg\" \/>\n<meta name=\"twitter:card\" content=\"summary_large_image\" \/>\n<meta name=\"twitter:label1\" content=\"Price\" \/>\n\t<meta name=\"twitter:data1\" content=\"0.35&euro;\" \/>\n\t<meta name=\"twitter:label2\" content=\"Availability\" \/>\n\t<meta name=\"twitter:data2\" content=\"In stock\" \/>\n<script type=\"application\/ld+json\" class=\"yoast-schema-graph\">{\"@context\":\"https:\\\/\\\/schema.org\",\"@graph\":[{\"@type\":\"WebPage\",\"@id\":\"https:\\\/\\\/garrafeirapepe.pt\\\/en\\\/loja\\\/embalagens_transporte\\\/saco-plastico-tio-pepe-grande\\\/\",\"url\":\"https:\\\/\\\/garrafeirapepe.pt\\\/en\\\/loja\\\/embalagens_transporte\\\/saco-plastico-tio-pepe-grande\\\/\",\"name\":\"Saco Pl\u00e1stico Tio Pepe Grande - Garrafeira Pepe\",\"isPartOf\":{\"@id\":\"https:\\\/\\\/garrafeirapepe.pt\\\/en\\\/#website\"},\"primaryImageOfPage\":{\"@id\":\"https:\\\/\\\/garrafeirapepe.pt\\\/en\\\/loja\\\/embalagens_transporte\\\/saco-plastico-tio-pepe-grande\\\/#primaryimage\"},\"image\":{\"@id\":\"https:\\\/\\\/garrafeirapepe.pt\\\/en\\\/loja\\\/embalagens_transporte\\\/saco-plastico-tio-pepe-grande\\\/#primaryimage\"},\"thumbnailUrl\":\"https:\\\/\\\/garrafeirapepe.pt\\\/wp-content\\\/uploads\\\/2024\\\/11\\\/Saco-Plastico-Grande.jpg\",\"datePublished\":\"2024-11-20T16:02:02+00:00\",\"dateModified\":\"2026-03-25T21:39:23+00:00\",\"description\":\"Este saco de pl\u00e1stico grande foi concebido para transportar uma \u00fanica garrafa de forma pr\u00e1tica e elegante.\",\"breadcrumb\":{\"@id\":\"https:\\\/\\\/garrafeirapepe.pt\\\/en\\\/loja\\\/embalagens_transporte\\\/saco-plastico-tio-pepe-grande\\\/#breadcrumb\"},\"inLanguage\":\"en-US\",\"potentialAction\":[{\"@type\":\"ReadAction\",\"target\":[\"https:\\\/\\\/garrafeirapepe.pt\\\/en\\\/loja\\\/embalagens_transporte\\\/saco-plastico-tio-pepe-grande\\\/\"]}]},{\"@type\":\"ImageObject\",\"inLanguage\":\"en-US\",\"@id\":\"https:\\\/\\\/garrafeirapepe.pt\\\/en\\\/loja\\\/embalagens_transporte\\\/saco-plastico-tio-pepe-grande\\\/#primaryimage\",\"url\":\"https:\\\/\\\/garrafeirapepe.pt\\\/wp-content\\\/uploads\\\/2024\\\/11\\\/Saco-Plastico-Grande.jpg\",\"contentUrl\":\"https:\\\/\\\/garrafeirapepe.pt\\\/wp-content\\\/uploads\\\/2024\\\/11\\\/Saco-Plastico-Grande.jpg\",\"width\":1400,\"height\":1400,\"caption\":\"Saco_Pl\u00e1stico_Tio_Pepe_Grande\"},{\"@type\":\"BreadcrumbList\",\"@id\":\"https:\\\/\\\/garrafeirapepe.pt\\\/en\\\/loja\\\/embalagens_transporte\\\/saco-plastico-tio-pepe-grande\\\/#breadcrumb\",\"itemListElement\":[{\"@type\":\"ListItem\",\"position\":1,\"name\":\"Home\",\"item\":\"https:\\\/\\\/garrafeirapepe.pt\\\/en\\\/\"},{\"@type\":\"ListItem\",\"position\":2,\"name\":\"Store\",\"item\":\"https:\\\/\\\/garrafeirapepe.pt\\\/en\\\/shop\\\/\"},{\"@type\":\"ListItem\",\"position\":3,\"name\":\"Saco Pl\u00e1stico Tio Pepe Grande\"}]},{\"@type\":\"WebSite\",\"@id\":\"https:\\\/\\\/garrafeirapepe.pt\\\/en\\\/#website\",\"url\":\"https:\\\/\\\/garrafeirapepe.pt\\\/en\\\/\",\"name\":\"Garrafeira Pepe\",\"description\":\"\",\"publisher\":{\"@id\":\"https:\\\/\\\/garrafeirapepe.pt\\\/en\\\/#organization\"},\"potentialAction\":[{\"@type\":\"SearchAction\",\"target\":{\"@type\":\"EntryPoint\",\"urlTemplate\":\"https:\\\/\\\/garrafeirapepe.pt\\\/en\\\/?s={search_term_string}\"},\"query-input\":{\"@type\":\"PropertyValueSpecification\",\"valueRequired\":true,\"valueName\":\"search_term_string\"}}],\"inLanguage\":\"en-US\"},{\"@type\":[\"Organization\",\"Place\"],\"@id\":\"https:\\\/\\\/garrafeirapepe.pt\\\/en\\\/#organization\",\"name\":\"Garrafeira Pepe\",\"url\":\"https:\\\/\\\/garrafeirapepe.pt\\\/en\\\/\",\"logo\":{\"@id\":\"https:\\\/\\\/garrafeirapepe.pt\\\/en\\\/loja\\\/embalagens_transporte\\\/saco-plastico-tio-pepe-grande\\\/#local-main-organization-logo\"},\"image\":{\"@id\":\"https:\\\/\\\/garrafeirapepe.pt\\\/en\\\/loja\\\/embalagens_transporte\\\/saco-plastico-tio-pepe-grande\\\/#local-main-organization-logo\"},\"sameAs\":[\"https:\\\/\\\/www.facebook.com\\\/GarrafeiraPepe\",\"https:\\\/\\\/www.instagram.com\\\/garrafeiratiopepe\\\/\",\"https:\\\/\\\/www.linkedin.com\\\/company\\\/garrafeira-tio-pepe\\\/\"],\"description\":\"Loja On-line ao seu dispor - 40 Anos de experi\u00eancia no sector, 2100 refer\u00eancias ativas e ao seu dispor. Uma das mais conceituadas Garrafeiras de Portugal.\",\"legalName\":\"PUROVINUM COMERCIO DE BEBIDAS LDA.\",\"foundingDate\":\"1986-01-01\",\"numberOfEmployees\":{\"@type\":\"QuantitativeValue\",\"minValue\":\"11\",\"maxValue\":\"50\"},\"hasMerchantReturnPolicy\":{\"@type\":\"MerchantReturnPolicy\",\"merchantReturnLink\":\"https:\\\/\\\/garrafeirapepe.pt\\\/politica-de-devolucao\\\/\"},\"telephone\":[],\"openingHoursSpecification\":[{\"@type\":\"OpeningHoursSpecification\",\"dayOfWeek\":[\"Monday\",\"Tuesday\",\"Wednesday\",\"Thursday\",\"Friday\",\"Saturday\",\"Sunday\"],\"opens\":\"09:00\",\"closes\":\"17:00\"}]},{\"@type\":\"ImageObject\",\"inLanguage\":\"en-US\",\"@id\":\"https:\\\/\\\/garrafeirapepe.pt\\\/en\\\/loja\\\/embalagens_transporte\\\/saco-plastico-tio-pepe-grande\\\/#local-main-organization-logo\",\"url\":\"https:\\\/\\\/garrafeirapepe.pt\\\/wp-content\\\/uploads\\\/2025\\\/11\\\/Logo-Vertical-512x512-sem-fundo.png\",\"contentUrl\":\"https:\\\/\\\/garrafeirapepe.pt\\\/wp-content\\\/uploads\\\/2025\\\/11\\\/Logo-Vertical-512x512-sem-fundo.png\",\"width\":512,\"height\":512,\"caption\":\"Garrafeira Pepe\"}]}<\/script>\n<meta property=\"product:price:amount\" content=\"0.35\" \/>\n<meta property=\"product:price:currency\" content=\"EUR\" \/>\n<meta property=\"og:availability\" content=\"instock\" \/>\n<meta property=\"product:availability\" content=\"instock\" \/>\n<meta property=\"product:retailer_item_id\" content=\"SACOPG\" \/>\n<meta property=\"product:condition\" content=\"new\" \/>\n<!-- \/ Yoast SEO Premium plugin. -->","yoast_head_json":{"title":"Saco Pl\u00e1stico Tio Pepe Grande - Garrafeira Pepe","description":"Este saco de pl\u00e1stico grande foi concebido para transportar uma \u00fanica garrafa de forma pr\u00e1tica e elegante.","robots":{"index":"index","follow":"follow","max-snippet":"max-snippet:-1","max-image-preview":"max-image-preview:large","max-video-preview":"max-video-preview:-1"},"canonical":"https:\/\/garrafeirapepe.pt\/en\/loja\/embalagens_transporte\/saco-plastico-tio-pepe-grande\/","og_locale":"en_US","og_type":"article","og_title":"Saco Pl\u00e1stico Tio Pepe Grande","og_description":"Saco Pl\u00e1stico Tio Pepe Grande -","og_url":"https:\/\/garrafeirapepe.pt\/en\/loja\/embalagens_transporte\/saco-plastico-tio-pepe-grande\/","og_site_name":"Garrafeira Pepe","article_publisher":"https:\/\/www.facebook.com\/GarrafeiraPepe","article_modified_time":"2026-03-25T21:39:23+00:00","og_image":[{"width":1400,"height":1400,"url":"https:\/\/garrafeirapepe.pt\/wp-content\/uploads\/2024\/11\/Saco-Plastico-Grande.jpg","type":"image\/jpeg"}],"twitter_card":"summary_large_image","twitter_misc":{"Price":"0.35&euro;","Availability":"In stock"},"schema":{"@context":"https:\/\/schema.org","@graph":[{"@type":"WebPage","@id":"https:\/\/garrafeirapepe.pt\/en\/loja\/embalagens_transporte\/saco-plastico-tio-pepe-grande\/","url":"https:\/\/garrafeirapepe.pt\/en\/loja\/embalagens_transporte\/saco-plastico-tio-pepe-grande\/","name":"Saco Pl\u00e1stico Tio Pepe Grande - Garrafeira Pepe","isPartOf":{"@id":"https:\/\/garrafeirapepe.pt\/en\/#website"},"primaryImageOfPage":{"@id":"https:\/\/garrafeirapepe.pt\/en\/loja\/embalagens_transporte\/saco-plastico-tio-pepe-grande\/#primaryimage"},"image":{"@id":"https:\/\/garrafeirapepe.pt\/en\/loja\/embalagens_transporte\/saco-plastico-tio-pepe-grande\/#primaryimage"},"thumbnailUrl":"https:\/\/garrafeirapepe.pt\/wp-content\/uploads\/2024\/11\/Saco-Plastico-Grande.jpg","datePublished":"2024-11-20T16:02:02+00:00","dateModified":"2026-03-25T21:39:23+00:00","description":"Este saco de pl\u00e1stico grande foi concebido para transportar uma \u00fanica garrafa de forma pr\u00e1tica e elegante.","breadcrumb":{"@id":"https:\/\/garrafeirapepe.pt\/en\/loja\/embalagens_transporte\/saco-plastico-tio-pepe-grande\/#breadcrumb"},"inLanguage":"en-US","potentialAction":[{"@type":"ReadAction","target":["https:\/\/garrafeirapepe.pt\/en\/loja\/embalagens_transporte\/saco-plastico-tio-pepe-grande\/"]}]},{"@type":"ImageObject","inLanguage":"en-US","@id":"https:\/\/garrafeirapepe.pt\/en\/loja\/embalagens_transporte\/saco-plastico-tio-pepe-grande\/#primaryimage","url":"https:\/\/garrafeirapepe.pt\/wp-content\/uploads\/2024\/11\/Saco-Plastico-Grande.jpg","contentUrl":"https:\/\/garrafeirapepe.pt\/wp-content\/uploads\/2024\/11\/Saco-Plastico-Grande.jpg","width":1400,"height":1400,"caption":"Saco_Pl\u00e1stico_Tio_Pepe_Grande"},{"@type":"BreadcrumbList","@id":"https:\/\/garrafeirapepe.pt\/en\/loja\/embalagens_transporte\/saco-plastico-tio-pepe-grande\/#breadcrumb","itemListElement":[{"@type":"ListItem","position":1,"name":"Home","item":"https:\/\/garrafeirapepe.pt\/en\/"},{"@type":"ListItem","position":2,"name":"Store","item":"https:\/\/garrafeirapepe.pt\/en\/shop\/"},{"@type":"ListItem","position":3,"name":"Saco Pl\u00e1stico Tio Pepe Grande"}]},{"@type":"WebSite","@id":"https:\/\/garrafeirapepe.pt\/en\/#website","url":"https:\/\/garrafeirapepe.pt\/en\/","name":"Garrafeira Pepe","description":"","publisher":{"@id":"https:\/\/garrafeirapepe.pt\/en\/#organization"},"potentialAction":[{"@type":"SearchAction","target":{"@type":"EntryPoint","urlTemplate":"https:\/\/garrafeirapepe.pt\/en\/?s={search_term_string}"},"query-input":{"@type":"PropertyValueSpecification","valueRequired":true,"valueName":"search_term_string"}}],"inLanguage":"en-US"},{"@type":["Organization","Place"],"@id":"https:\/\/garrafeirapepe.pt\/en\/#organization","name":"Garrafeira Pepe","url":"https:\/\/garrafeirapepe.pt\/en\/","logo":{"@id":"https:\/\/garrafeirapepe.pt\/en\/loja\/embalagens_transporte\/saco-plastico-tio-pepe-grande\/#local-main-organization-logo"},"image":{"@id":"https:\/\/garrafeirapepe.pt\/en\/loja\/embalagens_transporte\/saco-plastico-tio-pepe-grande\/#local-main-organization-logo"},"sameAs":["https:\/\/www.facebook.com\/GarrafeiraPepe","https:\/\/www.instagram.com\/garrafeiratiopepe\/","https:\/\/www.linkedin.com\/company\/garrafeira-tio-pepe\/"],"description":"Loja On-line ao seu dispor - 40 Anos de experi\u00eancia no sector, 2100 refer\u00eancias ativas e ao seu dispor. Uma das mais conceituadas Garrafeiras de Portugal.","legalName":"PUROVINUM COMERCIO DE BEBIDAS LDA.","foundingDate":"1986-01-01","numberOfEmployees":{"@type":"QuantitativeValue","minValue":"11","maxValue":"50"},"hasMerchantReturnPolicy":{"@type":"MerchantReturnPolicy","merchantReturnLink":"https:\/\/garrafeirapepe.pt\/politica-de-devolucao\/"},"telephone":[],"openingHoursSpecification":[{"@type":"OpeningHoursSpecification","dayOfWeek":["Monday","Tuesday","Wednesday","Thursday","Friday","Saturday","Sunday"],"opens":"09:00","closes":"17:00"}]},{"@type":"ImageObject","inLanguage":"en-US","@id":"https:\/\/garrafeirapepe.pt\/en\/loja\/embalagens_transporte\/saco-plastico-tio-pepe-grande\/#local-main-organization-logo","url":"https:\/\/garrafeirapepe.pt\/wp-content\/uploads\/2025\/11\/Logo-Vertical-512x512-sem-fundo.png","contentUrl":"https:\/\/garrafeirapepe.pt\/wp-content\/uploads\/2025\/11\/Logo-Vertical-512x512-sem-fundo.png","width":512,"height":512,"caption":"Garrafeira Pepe"}]},"product_price_amount":"0.35","product_price_currency":"EUR","og_availability":"instock","product_availability":"instock","product_retailer_item_id":"SACOPG","product_condition":"new"},"_links":{"self":[{"href":"https:\/\/garrafeirapepe.pt\/en\/wp-json\/wp\/v2\/product\/252649","targetHints":{"allow":["GET"]}}],"collection":[{"href":"https:\/\/garrafeirapepe.pt\/en\/wp-json\/wp\/v2\/product"}],"about":[{"href":"https:\/\/garrafeirapepe.pt\/en\/wp-json\/wp\/v2\/types\/product"}],"wp:featuredmedia":[{"embeddable":true,"href":"https:\/\/garrafeirapepe.pt\/en\/wp-json\/wp\/v2\/media\/252671"}],"wp:attachment":[{"href":"https:\/\/garrafeirapepe.pt\/en\/wp-json\/wp\/v2\/media?parent=252649"}],"wp:term":[{"taxonomy":"product_brand","embeddable":true,"href":"https:\/\/garrafeirapepe.pt\/en\/wp-json\/wp\/v2\/product_brand?post=252649"},{"taxonomy":"product_cat","embeddable":true,"href":"https:\/\/garrafeirapepe.pt\/en\/wp-json\/wp\/v2\/product_cat?post=252649"},{"taxonomy":"product_tag","embeddable":true,"href":"https:\/\/garrafeirapepe.pt\/en\/wp-json\/wp\/v2\/product_tag?post=252649"}],"curies":[{"name":"wp","href":"https:\/\/api.w.org\/{rel}","templated":true}]}}