{"id":33665,"date":"2013-03-16T11:13:01","date_gmt":"2013-03-16T11:13:01","guid":{"rendered":"https:\/\/garrafeirapepe.pt\/produto\/garrafeira-aguardente-caves-sjoao-velhissima-1966-2\/"},"modified":"2024-03-13T15:19:06","modified_gmt":"2024-03-13T15:19:06","slug":"garrafeira-aguardente-caves-sjoao-velhissima-1966-2","status":"publish","type":"product","link":"https:\/\/garrafeirapepe.pt\/en\/loja\/garrafeira-2\/espirituosos-garrafeira-2\/garrafeira-aguardente-caves-sjoao-velhissima-1966-2\/","title":{"rendered":"Caves S. Jo\u00e3o Velhissima 1966"},"content":{"rendered":"<p>Aguardente Caves S\u00e3o Jo\u00e3o 1966 Velh\u00edssima was produced in 1965 and aged for 37 years in Limousin oak barrels and a small quantity of Portuguese oak barrels with a wine of Port wine.<br \/>Clear in appearance, it has an intense topaz color and a rich, intense and complex aroma, immediately showing vanilla and coconut notes, coming from the oak wood where it aged, light smoked notes, sweet milky hues and subtle nuances of dried fruit. The palate is velvety, refined and aromatic, confirming the sensations felt by the nose.<\/p>\n","protected":false},"excerpt":{"rendered":"<p>Aguardente Caves S\u00e3o Jo\u00e3o 1966 Velh\u00edssima was produced in 1965 and aged for 37 years in Limousin oak barrels and a small quantity of Portuguese oak barrels with a wine of Port wine.Clear in appearance, it has an intense topaz color and a rich, intense and complex aroma, immediately showing vanilla and coconut notes, coming [&hellip;]<\/p>\n","protected":false},"featured_media":123182,"template":"","meta":{"_acf_changed":false},"product_brand":[],"product_cat":[10629],"product_tag":[],"class_list":{"0":"post-33665","1":"product","2":"type-product","3":"status-publish","4":"has-post-thumbnail","6":"product_cat-espirituosos-garrafeira-2","8":"first","9":"instock","10":"taxable","11":"shipping-taxable","12":"purchasable","13":"product-type-simple"},"acf":[],"yoast_head":"<!-- This site is optimized with the Yoast SEO Premium plugin v27.3 (Yoast SEO v27.3) - https:\/\/yoast.com\/product\/yoast-seo-premium-wordpress\/ -->\n<title>Caves S. Jo\u00e3o Velhissima 1966 | Garrafeira Tio Pepe<\/title>\n<meta name=\"description\" content=\"Discover the exquisite Caves S. Jo\u00e3o Velhissima 1966. Intense topaz color, rich aroma with vanilla and coconut notes. Experience its unique flavors today!\" \/>\n<meta name=\"robots\" content=\"index, follow, max-snippet:-1, max-image-preview:large, max-video-preview:-1\" \/>\n<link rel=\"canonical\" href=\"https:\/\/garrafeirapepe.pt\/en\/loja\/garrafeira-2\/espirituosos-garrafeira-2\/garrafeira-aguardente-caves-sjoao-velhissima-1966-2\/\" \/>\n<meta property=\"og:locale\" content=\"en_US\" \/>\n<meta property=\"og:type\" content=\"article\" \/>\n<meta property=\"og:title\" content=\"Caves S. Jo\u00e3o Velhissima 1966\" \/>\n<meta property=\"og:description\" content=\"Caves S. Jo\u00e3o Velhissima 1966 -\" \/>\n<meta property=\"og:url\" content=\"https:\/\/garrafeirapepe.pt\/en\/loja\/garrafeira-2\/espirituosos-garrafeira-2\/garrafeira-aguardente-caves-sjoao-velhissima-1966-2\/\" \/>\n<meta property=\"og:site_name\" content=\"Garrafeira Pepe\" \/>\n<meta property=\"article:publisher\" content=\"https:\/\/www.facebook.com\/GarrafeiraPepe\" \/>\n<meta property=\"article:modified_time\" content=\"2024-03-13T15:19:06+00:00\" \/>\n<meta property=\"og:image\" content=\"https:\/\/garrafeirapepe.pt\/wp-content\/uploads\/2013\/03\/Caves-S.-Joao-Velhissima-1966-garrafeira-tio-pepe.jpg\" \/>\n\t<meta property=\"og:image:width\" content=\"1109\" \/>\n\t<meta property=\"og:image:height\" content=\"1181\" \/>\n\t<meta property=\"og:image:type\" content=\"image\/jpeg\" \/>\n<meta name=\"twitter:card\" content=\"summary_large_image\" \/>\n<meta name=\"twitter:label1\" content=\"Price\" \/>\n\t<meta name=\"twitter:data1\" content=\"88.00&euro;\" \/>\n\t<meta name=\"twitter:label2\" content=\"Availability\" \/>\n\t<meta name=\"twitter:data2\" content=\"In stock\" \/>\n<script type=\"application\/ld+json\" class=\"yoast-schema-graph\">{\"@context\":\"https:\\\/\\\/schema.org\",\"@graph\":[{\"@type\":\"WebPage\",\"@id\":\"https:\\\/\\\/garrafeirapepe.pt\\\/en\\\/loja\\\/garrafeira-2\\\/espirituosos-garrafeira-2\\\/garrafeira-aguardente-caves-sjoao-velhissima-1966-2\\\/\",\"url\":\"https:\\\/\\\/garrafeirapepe.pt\\\/en\\\/loja\\\/garrafeira-2\\\/espirituosos-garrafeira-2\\\/garrafeira-aguardente-caves-sjoao-velhissima-1966-2\\\/\",\"name\":\"Caves S. Jo\u00e3o Velhissima 1966 | Garrafeira Tio Pepe\",\"isPartOf\":{\"@id\":\"https:\\\/\\\/garrafeirapepe.pt\\\/en\\\/#website\"},\"primaryImageOfPage\":{\"@id\":\"https:\\\/\\\/garrafeirapepe.pt\\\/en\\\/loja\\\/garrafeira-2\\\/espirituosos-garrafeira-2\\\/garrafeira-aguardente-caves-sjoao-velhissima-1966-2\\\/#primaryimage\"},\"image\":{\"@id\":\"https:\\\/\\\/garrafeirapepe.pt\\\/en\\\/loja\\\/garrafeira-2\\\/espirituosos-garrafeira-2\\\/garrafeira-aguardente-caves-sjoao-velhissima-1966-2\\\/#primaryimage\"},\"thumbnailUrl\":\"https:\\\/\\\/garrafeirapepe.pt\\\/wp-content\\\/uploads\\\/2013\\\/03\\\/Caves-S.-Joao-Velhissima-1966-garrafeira-tio-pepe.jpg\",\"datePublished\":\"2013-03-16T11:13:01+00:00\",\"dateModified\":\"2024-03-13T15:19:06+00:00\",\"description\":\"Discover the exquisite Caves S. Jo\u00e3o Velhissima 1966. Intense topaz color, rich aroma with vanilla and coconut notes. Experience its unique flavors today!\",\"breadcrumb\":{\"@id\":\"https:\\\/\\\/garrafeirapepe.pt\\\/en\\\/loja\\\/garrafeira-2\\\/espirituosos-garrafeira-2\\\/garrafeira-aguardente-caves-sjoao-velhissima-1966-2\\\/#breadcrumb\"},\"inLanguage\":\"en-US\",\"potentialAction\":[{\"@type\":\"ReadAction\",\"target\":[\"https:\\\/\\\/garrafeirapepe.pt\\\/en\\\/loja\\\/garrafeira-2\\\/espirituosos-garrafeira-2\\\/garrafeira-aguardente-caves-sjoao-velhissima-1966-2\\\/\"]}]},{\"@type\":\"ImageObject\",\"inLanguage\":\"en-US\",\"@id\":\"https:\\\/\\\/garrafeirapepe.pt\\\/en\\\/loja\\\/garrafeira-2\\\/espirituosos-garrafeira-2\\\/garrafeira-aguardente-caves-sjoao-velhissima-1966-2\\\/#primaryimage\",\"url\":\"https:\\\/\\\/garrafeirapepe.pt\\\/wp-content\\\/uploads\\\/2013\\\/03\\\/Caves-S.-Joao-Velhissima-1966-garrafeira-tio-pepe.jpg\",\"contentUrl\":\"https:\\\/\\\/garrafeirapepe.pt\\\/wp-content\\\/uploads\\\/2013\\\/03\\\/Caves-S.-Joao-Velhissima-1966-garrafeira-tio-pepe.jpg\",\"width\":1109,\"height\":1181,\"caption\":\"Caves S. Jo\u00e3o Velhissima 1966\"},{\"@type\":\"BreadcrumbList\",\"@id\":\"https:\\\/\\\/garrafeirapepe.pt\\\/en\\\/loja\\\/garrafeira-2\\\/espirituosos-garrafeira-2\\\/garrafeira-aguardente-caves-sjoao-velhissima-1966-2\\\/#breadcrumb\",\"itemListElement\":[{\"@type\":\"ListItem\",\"position\":1,\"name\":\"Home\",\"item\":\"https:\\\/\\\/garrafeirapepe.pt\\\/en\\\/\"},{\"@type\":\"ListItem\",\"position\":2,\"name\":\"Store\",\"item\":\"https:\\\/\\\/garrafeirapepe.pt\\\/en\\\/shop\\\/\"},{\"@type\":\"ListItem\",\"position\":3,\"name\":\"Caves S. Jo\u00e3o Velhissima 1966\"}]},{\"@type\":\"WebSite\",\"@id\":\"https:\\\/\\\/garrafeirapepe.pt\\\/en\\\/#website\",\"url\":\"https:\\\/\\\/garrafeirapepe.pt\\\/en\\\/\",\"name\":\"Garrafeira Pepe\",\"description\":\"\",\"publisher\":{\"@id\":\"https:\\\/\\\/garrafeirapepe.pt\\\/en\\\/#organization\"},\"potentialAction\":[{\"@type\":\"SearchAction\",\"target\":{\"@type\":\"EntryPoint\",\"urlTemplate\":\"https:\\\/\\\/garrafeirapepe.pt\\\/en\\\/?s={search_term_string}\"},\"query-input\":{\"@type\":\"PropertyValueSpecification\",\"valueRequired\":true,\"valueName\":\"search_term_string\"}}],\"inLanguage\":\"en-US\"},{\"@type\":[\"Organization\",\"Place\"],\"@id\":\"https:\\\/\\\/garrafeirapepe.pt\\\/en\\\/#organization\",\"name\":\"Garrafeira Pepe\",\"url\":\"https:\\\/\\\/garrafeirapepe.pt\\\/en\\\/\",\"logo\":{\"@id\":\"https:\\\/\\\/garrafeirapepe.pt\\\/en\\\/loja\\\/garrafeira-2\\\/espirituosos-garrafeira-2\\\/garrafeira-aguardente-caves-sjoao-velhissima-1966-2\\\/#local-main-organization-logo\"},\"image\":{\"@id\":\"https:\\\/\\\/garrafeirapepe.pt\\\/en\\\/loja\\\/garrafeira-2\\\/espirituosos-garrafeira-2\\\/garrafeira-aguardente-caves-sjoao-velhissima-1966-2\\\/#local-main-organization-logo\"},\"sameAs\":[\"https:\\\/\\\/www.facebook.com\\\/GarrafeiraPepe\",\"https:\\\/\\\/www.instagram.com\\\/garrafeiratiopepe\\\/\",\"https:\\\/\\\/www.linkedin.com\\\/company\\\/garrafeira-tio-pepe\\\/\"],\"description\":\"Loja On-line ao seu dispor - 40 Anos de experi\u00eancia no sector, 2100 refer\u00eancias ativas e ao seu dispor. Uma das mais conceituadas Garrafeiras de Portugal.\",\"legalName\":\"PUROVINUM COMERCIO DE BEBIDAS LDA.\",\"foundingDate\":\"1986-01-01\",\"numberOfEmployees\":{\"@type\":\"QuantitativeValue\",\"minValue\":\"11\",\"maxValue\":\"50\"},\"hasMerchantReturnPolicy\":{\"@type\":\"MerchantReturnPolicy\",\"merchantReturnLink\":\"https:\\\/\\\/garrafeirapepe.pt\\\/politica-de-devolucao\\\/\"},\"telephone\":[],\"openingHoursSpecification\":[{\"@type\":\"OpeningHoursSpecification\",\"dayOfWeek\":[\"Monday\",\"Tuesday\",\"Wednesday\",\"Thursday\",\"Friday\",\"Saturday\",\"Sunday\"],\"opens\":\"09:00\",\"closes\":\"17:00\"}]},{\"@type\":\"ImageObject\",\"inLanguage\":\"en-US\",\"@id\":\"https:\\\/\\\/garrafeirapepe.pt\\\/en\\\/loja\\\/garrafeira-2\\\/espirituosos-garrafeira-2\\\/garrafeira-aguardente-caves-sjoao-velhissima-1966-2\\\/#local-main-organization-logo\",\"url\":\"https:\\\/\\\/garrafeirapepe.pt\\\/wp-content\\\/uploads\\\/2025\\\/11\\\/Logo-Vertical-512x512-sem-fundo.png\",\"contentUrl\":\"https:\\\/\\\/garrafeirapepe.pt\\\/wp-content\\\/uploads\\\/2025\\\/11\\\/Logo-Vertical-512x512-sem-fundo.png\",\"width\":512,\"height\":512,\"caption\":\"Garrafeira Pepe\"}]}<\/script>\n<meta property=\"product:price:amount\" content=\"88.00\" \/>\n<meta property=\"product:price:currency\" content=\"EUR\" \/>\n<meta property=\"og:availability\" content=\"instock\" \/>\n<meta property=\"product:availability\" content=\"instock\" \/>\n<meta property=\"product:retailer_item_id\" content=\"AVCSJ66\" \/>\n<meta property=\"product:condition\" content=\"new\" \/>\n<!-- \/ Yoast SEO Premium plugin. -->","yoast_head_json":{"title":"Caves S. Jo\u00e3o Velhissima 1966 | Garrafeira Tio Pepe","description":"Discover the exquisite Caves S. Jo\u00e3o Velhissima 1966. Intense topaz color, rich aroma with vanilla and coconut notes. Experience its unique flavors today!","robots":{"index":"index","follow":"follow","max-snippet":"max-snippet:-1","max-image-preview":"max-image-preview:large","max-video-preview":"max-video-preview:-1"},"canonical":"https:\/\/garrafeirapepe.pt\/en\/loja\/garrafeira-2\/espirituosos-garrafeira-2\/garrafeira-aguardente-caves-sjoao-velhissima-1966-2\/","og_locale":"en_US","og_type":"article","og_title":"Caves S. Jo\u00e3o Velhissima 1966","og_description":"Caves S. Jo\u00e3o Velhissima 1966 -","og_url":"https:\/\/garrafeirapepe.pt\/en\/loja\/garrafeira-2\/espirituosos-garrafeira-2\/garrafeira-aguardente-caves-sjoao-velhissima-1966-2\/","og_site_name":"Garrafeira Pepe","article_publisher":"https:\/\/www.facebook.com\/GarrafeiraPepe","article_modified_time":"2024-03-13T15:19:06+00:00","og_image":[{"width":1109,"height":1181,"url":"https:\/\/garrafeirapepe.pt\/wp-content\/uploads\/2013\/03\/Caves-S.-Joao-Velhissima-1966-garrafeira-tio-pepe.jpg","type":"image\/jpeg"}],"twitter_card":"summary_large_image","twitter_misc":{"Price":"88.00&euro;","Availability":"In stock"},"schema":{"@context":"https:\/\/schema.org","@graph":[{"@type":"WebPage","@id":"https:\/\/garrafeirapepe.pt\/en\/loja\/garrafeira-2\/espirituosos-garrafeira-2\/garrafeira-aguardente-caves-sjoao-velhissima-1966-2\/","url":"https:\/\/garrafeirapepe.pt\/en\/loja\/garrafeira-2\/espirituosos-garrafeira-2\/garrafeira-aguardente-caves-sjoao-velhissima-1966-2\/","name":"Caves S. Jo\u00e3o Velhissima 1966 | Garrafeira Tio Pepe","isPartOf":{"@id":"https:\/\/garrafeirapepe.pt\/en\/#website"},"primaryImageOfPage":{"@id":"https:\/\/garrafeirapepe.pt\/en\/loja\/garrafeira-2\/espirituosos-garrafeira-2\/garrafeira-aguardente-caves-sjoao-velhissima-1966-2\/#primaryimage"},"image":{"@id":"https:\/\/garrafeirapepe.pt\/en\/loja\/garrafeira-2\/espirituosos-garrafeira-2\/garrafeira-aguardente-caves-sjoao-velhissima-1966-2\/#primaryimage"},"thumbnailUrl":"https:\/\/garrafeirapepe.pt\/wp-content\/uploads\/2013\/03\/Caves-S.-Joao-Velhissima-1966-garrafeira-tio-pepe.jpg","datePublished":"2013-03-16T11:13:01+00:00","dateModified":"2024-03-13T15:19:06+00:00","description":"Discover the exquisite Caves S. Jo\u00e3o Velhissima 1966. Intense topaz color, rich aroma with vanilla and coconut notes. Experience its unique flavors today!","breadcrumb":{"@id":"https:\/\/garrafeirapepe.pt\/en\/loja\/garrafeira-2\/espirituosos-garrafeira-2\/garrafeira-aguardente-caves-sjoao-velhissima-1966-2\/#breadcrumb"},"inLanguage":"en-US","potentialAction":[{"@type":"ReadAction","target":["https:\/\/garrafeirapepe.pt\/en\/loja\/garrafeira-2\/espirituosos-garrafeira-2\/garrafeira-aguardente-caves-sjoao-velhissima-1966-2\/"]}]},{"@type":"ImageObject","inLanguage":"en-US","@id":"https:\/\/garrafeirapepe.pt\/en\/loja\/garrafeira-2\/espirituosos-garrafeira-2\/garrafeira-aguardente-caves-sjoao-velhissima-1966-2\/#primaryimage","url":"https:\/\/garrafeirapepe.pt\/wp-content\/uploads\/2013\/03\/Caves-S.-Joao-Velhissima-1966-garrafeira-tio-pepe.jpg","contentUrl":"https:\/\/garrafeirapepe.pt\/wp-content\/uploads\/2013\/03\/Caves-S.-Joao-Velhissima-1966-garrafeira-tio-pepe.jpg","width":1109,"height":1181,"caption":"Caves S. Jo\u00e3o Velhissima 1966"},{"@type":"BreadcrumbList","@id":"https:\/\/garrafeirapepe.pt\/en\/loja\/garrafeira-2\/espirituosos-garrafeira-2\/garrafeira-aguardente-caves-sjoao-velhissima-1966-2\/#breadcrumb","itemListElement":[{"@type":"ListItem","position":1,"name":"Home","item":"https:\/\/garrafeirapepe.pt\/en\/"},{"@type":"ListItem","position":2,"name":"Store","item":"https:\/\/garrafeirapepe.pt\/en\/shop\/"},{"@type":"ListItem","position":3,"name":"Caves S. Jo\u00e3o Velhissima 1966"}]},{"@type":"WebSite","@id":"https:\/\/garrafeirapepe.pt\/en\/#website","url":"https:\/\/garrafeirapepe.pt\/en\/","name":"Garrafeira Pepe","description":"","publisher":{"@id":"https:\/\/garrafeirapepe.pt\/en\/#organization"},"potentialAction":[{"@type":"SearchAction","target":{"@type":"EntryPoint","urlTemplate":"https:\/\/garrafeirapepe.pt\/en\/?s={search_term_string}"},"query-input":{"@type":"PropertyValueSpecification","valueRequired":true,"valueName":"search_term_string"}}],"inLanguage":"en-US"},{"@type":["Organization","Place"],"@id":"https:\/\/garrafeirapepe.pt\/en\/#organization","name":"Garrafeira Pepe","url":"https:\/\/garrafeirapepe.pt\/en\/","logo":{"@id":"https:\/\/garrafeirapepe.pt\/en\/loja\/garrafeira-2\/espirituosos-garrafeira-2\/garrafeira-aguardente-caves-sjoao-velhissima-1966-2\/#local-main-organization-logo"},"image":{"@id":"https:\/\/garrafeirapepe.pt\/en\/loja\/garrafeira-2\/espirituosos-garrafeira-2\/garrafeira-aguardente-caves-sjoao-velhissima-1966-2\/#local-main-organization-logo"},"sameAs":["https:\/\/www.facebook.com\/GarrafeiraPepe","https:\/\/www.instagram.com\/garrafeiratiopepe\/","https:\/\/www.linkedin.com\/company\/garrafeira-tio-pepe\/"],"description":"Loja On-line ao seu dispor - 40 Anos de experi\u00eancia no sector, 2100 refer\u00eancias ativas e ao seu dispor. Uma das mais conceituadas Garrafeiras de Portugal.","legalName":"PUROVINUM COMERCIO DE BEBIDAS LDA.","foundingDate":"1986-01-01","numberOfEmployees":{"@type":"QuantitativeValue","minValue":"11","maxValue":"50"},"hasMerchantReturnPolicy":{"@type":"MerchantReturnPolicy","merchantReturnLink":"https:\/\/garrafeirapepe.pt\/politica-de-devolucao\/"},"telephone":[],"openingHoursSpecification":[{"@type":"OpeningHoursSpecification","dayOfWeek":["Monday","Tuesday","Wednesday","Thursday","Friday","Saturday","Sunday"],"opens":"09:00","closes":"17:00"}]},{"@type":"ImageObject","inLanguage":"en-US","@id":"https:\/\/garrafeirapepe.pt\/en\/loja\/garrafeira-2\/espirituosos-garrafeira-2\/garrafeira-aguardente-caves-sjoao-velhissima-1966-2\/#local-main-organization-logo","url":"https:\/\/garrafeirapepe.pt\/wp-content\/uploads\/2025\/11\/Logo-Vertical-512x512-sem-fundo.png","contentUrl":"https:\/\/garrafeirapepe.pt\/wp-content\/uploads\/2025\/11\/Logo-Vertical-512x512-sem-fundo.png","width":512,"height":512,"caption":"Garrafeira Pepe"}]},"product_price_amount":"88.00","product_price_currency":"EUR","og_availability":"instock","product_availability":"instock","product_retailer_item_id":"AVCSJ66","product_condition":"new"},"_links":{"self":[{"href":"https:\/\/garrafeirapepe.pt\/en\/wp-json\/wp\/v2\/product\/33665","targetHints":{"allow":["GET"]}}],"collection":[{"href":"https:\/\/garrafeirapepe.pt\/en\/wp-json\/wp\/v2\/product"}],"about":[{"href":"https:\/\/garrafeirapepe.pt\/en\/wp-json\/wp\/v2\/types\/product"}],"wp:featuredmedia":[{"embeddable":true,"href":"https:\/\/garrafeirapepe.pt\/en\/wp-json\/wp\/v2\/media\/123182"}],"wp:attachment":[{"href":"https:\/\/garrafeirapepe.pt\/en\/wp-json\/wp\/v2\/media?parent=33665"}],"wp:term":[{"taxonomy":"product_brand","embeddable":true,"href":"https:\/\/garrafeirapepe.pt\/en\/wp-json\/wp\/v2\/product_brand?post=33665"},{"taxonomy":"product_cat","embeddable":true,"href":"https:\/\/garrafeirapepe.pt\/en\/wp-json\/wp\/v2\/product_cat?post=33665"},{"taxonomy":"product_tag","embeddable":true,"href":"https:\/\/garrafeirapepe.pt\/en\/wp-json\/wp\/v2\/product_tag?post=33665"}],"curies":[{"name":"wp","href":"https:\/\/api.w.org\/{rel}","templated":true}]}}