{"id":33691,"date":"2013-03-18T12:04:10","date_gmt":"2013-03-18T12:04:10","guid":{"rendered":"https:\/\/garrafeirapepe.pt\/produto\/cachaca-sagatiba-2\/"},"modified":"2024-03-13T15:19:11","modified_gmt":"2024-03-13T15:19:11","slug":"cachaca-sagatiba-2","status":"publish","type":"product","link":"https:\/\/garrafeirapepe.pt\/en\/loja\/uncategorized\/cachaca-sagatiba-2\/","title":{"rendered":"Sagatiba"},"content":{"rendered":"<p>Sagatiba is a Brazilian cacha\u00e7a, produced in the city of Patrocionio Paulista. Created in 2004, it became the first brand of cacha\u00e7a to establish itself outside Brasil.<\/p>\n<p>The name of the cacha\u00e7a comes from the union of the prefix saga, which in Nordic culture, means adventure, heroic, legendary charge, with the word tiba from the indigenous language, which means infinite.<\/p>\n","protected":false},"excerpt":{"rendered":"<p>Sagatiba is a Brazilian cacha\u00e7a, produced in the city of Patrocionio Paulista. Created in 2004, it became the first brand of cacha\u00e7a to establish itself outside Brasil. The name of the cacha\u00e7a comes from the union of the prefix saga, which in Nordic culture, means adventure, heroic, legendary charge, with the word tiba from the [&hellip;]<\/p>\n","protected":false},"featured_media":7767,"template":"","meta":{"_acf_changed":false},"product_brand":[],"product_cat":[],"product_tag":[],"class_list":{"0":"post-33691","1":"product","2":"type-product","3":"status-publish","4":"has-post-thumbnail","7":"first","8":"instock","9":"taxable","10":"shipping-taxable","11":"purchasable","12":"product-type-simple"},"acf":[],"yoast_head":"<!-- This site is optimized with the Yoast SEO Premium plugin v27.3 (Yoast SEO v27.3) - https:\/\/yoast.com\/product\/yoast-seo-premium-wordpress\/ -->\n<title>Sagatiba | Garrafeira Tio Pepe<\/title>\n<meta name=\"description\" content=\"Discover Sagatiba, the first Brazilian cacha\u00e7a brand to make a mark beyond Brasil. Crafted in Patrocionio Paulista since 2004. Try it today!\" \/>\n<meta name=\"robots\" content=\"index, follow, max-snippet:-1, max-image-preview:large, max-video-preview:-1\" \/>\n<link rel=\"canonical\" href=\"https:\/\/garrafeirapepe.pt\/en\/loja\/uncategorized\/cachaca-sagatiba-2\/\" \/>\n<meta property=\"og:locale\" content=\"en_US\" \/>\n<meta property=\"og:type\" content=\"article\" \/>\n<meta property=\"og:title\" content=\"Sagatiba\" \/>\n<meta property=\"og:description\" content=\"Sagatiba -\" \/>\n<meta property=\"og:url\" content=\"https:\/\/garrafeirapepe.pt\/en\/loja\/uncategorized\/cachaca-sagatiba-2\/\" \/>\n<meta property=\"og:site_name\" content=\"Garrafeira Pepe\" \/>\n<meta property=\"article:publisher\" content=\"https:\/\/www.facebook.com\/GarrafeiraPepe\" \/>\n<meta property=\"article:modified_time\" content=\"2024-03-13T15:19:11+00:00\" \/>\n<meta property=\"og:image\" content=\"https:\/\/garrafeirapepe.pt\/wp-content\/uploads\/2013\/03\/sagatiba.png\" \/>\n\t<meta property=\"og:image:width\" content=\"138\" \/>\n\t<meta property=\"og:image:height\" content=\"512\" \/>\n\t<meta property=\"og:image:type\" content=\"image\/png\" \/>\n<meta name=\"twitter:card\" content=\"summary_large_image\" \/>\n<meta name=\"twitter:label1\" content=\"Price\" \/>\n\t<meta name=\"twitter:data1\" content=\"22.00&euro;\" \/>\n\t<meta name=\"twitter:label2\" content=\"Availability\" \/>\n\t<meta name=\"twitter:data2\" content=\"In stock\" \/>\n<script type=\"application\/ld+json\" class=\"yoast-schema-graph\">{\"@context\":\"https:\\\/\\\/schema.org\",\"@graph\":[{\"@type\":\"WebPage\",\"@id\":\"https:\\\/\\\/garrafeirapepe.pt\\\/en\\\/loja\\\/uncategorized\\\/cachaca-sagatiba-2\\\/\",\"url\":\"https:\\\/\\\/garrafeirapepe.pt\\\/en\\\/loja\\\/uncategorized\\\/cachaca-sagatiba-2\\\/\",\"name\":\"Sagatiba | Garrafeira Tio Pepe\",\"isPartOf\":{\"@id\":\"https:\\\/\\\/garrafeirapepe.pt\\\/en\\\/#website\"},\"primaryImageOfPage\":{\"@id\":\"https:\\\/\\\/garrafeirapepe.pt\\\/en\\\/loja\\\/uncategorized\\\/cachaca-sagatiba-2\\\/#primaryimage\"},\"image\":{\"@id\":\"https:\\\/\\\/garrafeirapepe.pt\\\/en\\\/loja\\\/uncategorized\\\/cachaca-sagatiba-2\\\/#primaryimage\"},\"thumbnailUrl\":\"https:\\\/\\\/garrafeirapepe.pt\\\/wp-content\\\/uploads\\\/2013\\\/03\\\/sagatiba.png\",\"datePublished\":\"2013-03-18T12:04:10+00:00\",\"dateModified\":\"2024-03-13T15:19:11+00:00\",\"description\":\"Discover Sagatiba, the first Brazilian cacha\u00e7a brand to make a mark beyond Brasil. Crafted in Patrocionio Paulista since 2004. Try it today!\",\"breadcrumb\":{\"@id\":\"https:\\\/\\\/garrafeirapepe.pt\\\/en\\\/loja\\\/uncategorized\\\/cachaca-sagatiba-2\\\/#breadcrumb\"},\"inLanguage\":\"en-US\",\"potentialAction\":[{\"@type\":\"ReadAction\",\"target\":[\"https:\\\/\\\/garrafeirapepe.pt\\\/en\\\/loja\\\/uncategorized\\\/cachaca-sagatiba-2\\\/\"]}]},{\"@type\":\"ImageObject\",\"inLanguage\":\"en-US\",\"@id\":\"https:\\\/\\\/garrafeirapepe.pt\\\/en\\\/loja\\\/uncategorized\\\/cachaca-sagatiba-2\\\/#primaryimage\",\"url\":\"https:\\\/\\\/garrafeirapepe.pt\\\/wp-content\\\/uploads\\\/2013\\\/03\\\/sagatiba.png\",\"contentUrl\":\"https:\\\/\\\/garrafeirapepe.pt\\\/wp-content\\\/uploads\\\/2013\\\/03\\\/sagatiba.png\",\"width\":138,\"height\":512},{\"@type\":\"BreadcrumbList\",\"@id\":\"https:\\\/\\\/garrafeirapepe.pt\\\/en\\\/loja\\\/uncategorized\\\/cachaca-sagatiba-2\\\/#breadcrumb\",\"itemListElement\":[{\"@type\":\"ListItem\",\"position\":1,\"name\":\"Home\",\"item\":\"https:\\\/\\\/garrafeirapepe.pt\\\/en\\\/\"},{\"@type\":\"ListItem\",\"position\":2,\"name\":\"Store\",\"item\":\"https:\\\/\\\/garrafeirapepe.pt\\\/en\\\/shop\\\/\"},{\"@type\":\"ListItem\",\"position\":3,\"name\":\"Sagatiba\"}]},{\"@type\":\"WebSite\",\"@id\":\"https:\\\/\\\/garrafeirapepe.pt\\\/en\\\/#website\",\"url\":\"https:\\\/\\\/garrafeirapepe.pt\\\/en\\\/\",\"name\":\"Garrafeira Pepe\",\"description\":\"\",\"publisher\":{\"@id\":\"https:\\\/\\\/garrafeirapepe.pt\\\/en\\\/#organization\"},\"potentialAction\":[{\"@type\":\"SearchAction\",\"target\":{\"@type\":\"EntryPoint\",\"urlTemplate\":\"https:\\\/\\\/garrafeirapepe.pt\\\/en\\\/?s={search_term_string}\"},\"query-input\":{\"@type\":\"PropertyValueSpecification\",\"valueRequired\":true,\"valueName\":\"search_term_string\"}}],\"inLanguage\":\"en-US\"},{\"@type\":[\"Organization\",\"Place\"],\"@id\":\"https:\\\/\\\/garrafeirapepe.pt\\\/en\\\/#organization\",\"name\":\"Garrafeira Pepe\",\"url\":\"https:\\\/\\\/garrafeirapepe.pt\\\/en\\\/\",\"logo\":{\"@id\":\"https:\\\/\\\/garrafeirapepe.pt\\\/en\\\/loja\\\/uncategorized\\\/cachaca-sagatiba-2\\\/#local-main-organization-logo\"},\"image\":{\"@id\":\"https:\\\/\\\/garrafeirapepe.pt\\\/en\\\/loja\\\/uncategorized\\\/cachaca-sagatiba-2\\\/#local-main-organization-logo\"},\"sameAs\":[\"https:\\\/\\\/www.facebook.com\\\/GarrafeiraPepe\",\"https:\\\/\\\/www.instagram.com\\\/garrafeiratiopepe\\\/\",\"https:\\\/\\\/www.linkedin.com\\\/company\\\/garrafeira-tio-pepe\\\/\"],\"description\":\"Loja On-line ao seu dispor - 40 Anos de experi\u00eancia no sector, 2100 refer\u00eancias ativas e ao seu dispor. Uma das mais conceituadas Garrafeiras de Portugal.\",\"legalName\":\"PUROVINUM COMERCIO DE BEBIDAS LDA.\",\"foundingDate\":\"1986-01-01\",\"numberOfEmployees\":{\"@type\":\"QuantitativeValue\",\"minValue\":\"11\",\"maxValue\":\"50\"},\"hasMerchantReturnPolicy\":{\"@type\":\"MerchantReturnPolicy\",\"merchantReturnLink\":\"https:\\\/\\\/garrafeirapepe.pt\\\/politica-de-devolucao\\\/\"},\"telephone\":[],\"openingHoursSpecification\":[{\"@type\":\"OpeningHoursSpecification\",\"dayOfWeek\":[\"Monday\",\"Tuesday\",\"Wednesday\",\"Thursday\",\"Friday\",\"Saturday\",\"Sunday\"],\"opens\":\"09:00\",\"closes\":\"17:00\"}]},{\"@type\":\"ImageObject\",\"inLanguage\":\"en-US\",\"@id\":\"https:\\\/\\\/garrafeirapepe.pt\\\/en\\\/loja\\\/uncategorized\\\/cachaca-sagatiba-2\\\/#local-main-organization-logo\",\"url\":\"https:\\\/\\\/garrafeirapepe.pt\\\/wp-content\\\/uploads\\\/2025\\\/11\\\/Logo-Vertical-512x512-sem-fundo.png\",\"contentUrl\":\"https:\\\/\\\/garrafeirapepe.pt\\\/wp-content\\\/uploads\\\/2025\\\/11\\\/Logo-Vertical-512x512-sem-fundo.png\",\"width\":512,\"height\":512,\"caption\":\"Garrafeira Pepe\"}]}<\/script>\n<meta property=\"product:price:amount\" content=\"22.00\" \/>\n<meta property=\"product:price:currency\" content=\"EUR\" \/>\n<meta property=\"og:availability\" content=\"instock\" \/>\n<meta property=\"product:availability\" content=\"instock\" \/>\n<meta property=\"product:retailer_item_id\" content=\"SAGAC\" \/>\n<meta property=\"product:condition\" content=\"new\" \/>\n<!-- \/ Yoast SEO Premium plugin. -->","yoast_head_json":{"title":"Sagatiba | Garrafeira Tio Pepe","description":"Discover Sagatiba, the first Brazilian cacha\u00e7a brand to make a mark beyond Brasil. Crafted in Patrocionio Paulista since 2004. Try it today!","robots":{"index":"index","follow":"follow","max-snippet":"max-snippet:-1","max-image-preview":"max-image-preview:large","max-video-preview":"max-video-preview:-1"},"canonical":"https:\/\/garrafeirapepe.pt\/en\/loja\/uncategorized\/cachaca-sagatiba-2\/","og_locale":"en_US","og_type":"article","og_title":"Sagatiba","og_description":"Sagatiba -","og_url":"https:\/\/garrafeirapepe.pt\/en\/loja\/uncategorized\/cachaca-sagatiba-2\/","og_site_name":"Garrafeira Pepe","article_publisher":"https:\/\/www.facebook.com\/GarrafeiraPepe","article_modified_time":"2024-03-13T15:19:11+00:00","og_image":[{"width":138,"height":512,"url":"https:\/\/garrafeirapepe.pt\/wp-content\/uploads\/2013\/03\/sagatiba.png","type":"image\/png"}],"twitter_card":"summary_large_image","twitter_misc":{"Price":"22.00&euro;","Availability":"In stock"},"schema":{"@context":"https:\/\/schema.org","@graph":[{"@type":"WebPage","@id":"https:\/\/garrafeirapepe.pt\/en\/loja\/uncategorized\/cachaca-sagatiba-2\/","url":"https:\/\/garrafeirapepe.pt\/en\/loja\/uncategorized\/cachaca-sagatiba-2\/","name":"Sagatiba | Garrafeira Tio Pepe","isPartOf":{"@id":"https:\/\/garrafeirapepe.pt\/en\/#website"},"primaryImageOfPage":{"@id":"https:\/\/garrafeirapepe.pt\/en\/loja\/uncategorized\/cachaca-sagatiba-2\/#primaryimage"},"image":{"@id":"https:\/\/garrafeirapepe.pt\/en\/loja\/uncategorized\/cachaca-sagatiba-2\/#primaryimage"},"thumbnailUrl":"https:\/\/garrafeirapepe.pt\/wp-content\/uploads\/2013\/03\/sagatiba.png","datePublished":"2013-03-18T12:04:10+00:00","dateModified":"2024-03-13T15:19:11+00:00","description":"Discover Sagatiba, the first Brazilian cacha\u00e7a brand to make a mark beyond Brasil. Crafted in Patrocionio Paulista since 2004. Try it today!","breadcrumb":{"@id":"https:\/\/garrafeirapepe.pt\/en\/loja\/uncategorized\/cachaca-sagatiba-2\/#breadcrumb"},"inLanguage":"en-US","potentialAction":[{"@type":"ReadAction","target":["https:\/\/garrafeirapepe.pt\/en\/loja\/uncategorized\/cachaca-sagatiba-2\/"]}]},{"@type":"ImageObject","inLanguage":"en-US","@id":"https:\/\/garrafeirapepe.pt\/en\/loja\/uncategorized\/cachaca-sagatiba-2\/#primaryimage","url":"https:\/\/garrafeirapepe.pt\/wp-content\/uploads\/2013\/03\/sagatiba.png","contentUrl":"https:\/\/garrafeirapepe.pt\/wp-content\/uploads\/2013\/03\/sagatiba.png","width":138,"height":512},{"@type":"BreadcrumbList","@id":"https:\/\/garrafeirapepe.pt\/en\/loja\/uncategorized\/cachaca-sagatiba-2\/#breadcrumb","itemListElement":[{"@type":"ListItem","position":1,"name":"Home","item":"https:\/\/garrafeirapepe.pt\/en\/"},{"@type":"ListItem","position":2,"name":"Store","item":"https:\/\/garrafeirapepe.pt\/en\/shop\/"},{"@type":"ListItem","position":3,"name":"Sagatiba"}]},{"@type":"WebSite","@id":"https:\/\/garrafeirapepe.pt\/en\/#website","url":"https:\/\/garrafeirapepe.pt\/en\/","name":"Garrafeira Pepe","description":"","publisher":{"@id":"https:\/\/garrafeirapepe.pt\/en\/#organization"},"potentialAction":[{"@type":"SearchAction","target":{"@type":"EntryPoint","urlTemplate":"https:\/\/garrafeirapepe.pt\/en\/?s={search_term_string}"},"query-input":{"@type":"PropertyValueSpecification","valueRequired":true,"valueName":"search_term_string"}}],"inLanguage":"en-US"},{"@type":["Organization","Place"],"@id":"https:\/\/garrafeirapepe.pt\/en\/#organization","name":"Garrafeira Pepe","url":"https:\/\/garrafeirapepe.pt\/en\/","logo":{"@id":"https:\/\/garrafeirapepe.pt\/en\/loja\/uncategorized\/cachaca-sagatiba-2\/#local-main-organization-logo"},"image":{"@id":"https:\/\/garrafeirapepe.pt\/en\/loja\/uncategorized\/cachaca-sagatiba-2\/#local-main-organization-logo"},"sameAs":["https:\/\/www.facebook.com\/GarrafeiraPepe","https:\/\/www.instagram.com\/garrafeiratiopepe\/","https:\/\/www.linkedin.com\/company\/garrafeira-tio-pepe\/"],"description":"Loja On-line ao seu dispor - 40 Anos de experi\u00eancia no sector, 2100 refer\u00eancias ativas e ao seu dispor. Uma das mais conceituadas Garrafeiras de Portugal.","legalName":"PUROVINUM COMERCIO DE BEBIDAS LDA.","foundingDate":"1986-01-01","numberOfEmployees":{"@type":"QuantitativeValue","minValue":"11","maxValue":"50"},"hasMerchantReturnPolicy":{"@type":"MerchantReturnPolicy","merchantReturnLink":"https:\/\/garrafeirapepe.pt\/politica-de-devolucao\/"},"telephone":[],"openingHoursSpecification":[{"@type":"OpeningHoursSpecification","dayOfWeek":["Monday","Tuesday","Wednesday","Thursday","Friday","Saturday","Sunday"],"opens":"09:00","closes":"17:00"}]},{"@type":"ImageObject","inLanguage":"en-US","@id":"https:\/\/garrafeirapepe.pt\/en\/loja\/uncategorized\/cachaca-sagatiba-2\/#local-main-organization-logo","url":"https:\/\/garrafeirapepe.pt\/wp-content\/uploads\/2025\/11\/Logo-Vertical-512x512-sem-fundo.png","contentUrl":"https:\/\/garrafeirapepe.pt\/wp-content\/uploads\/2025\/11\/Logo-Vertical-512x512-sem-fundo.png","width":512,"height":512,"caption":"Garrafeira Pepe"}]},"product_price_amount":"22.00","product_price_currency":"EUR","og_availability":"instock","product_availability":"instock","product_retailer_item_id":"SAGAC","product_condition":"new"},"_links":{"self":[{"href":"https:\/\/garrafeirapepe.pt\/en\/wp-json\/wp\/v2\/product\/33691","targetHints":{"allow":["GET"]}}],"collection":[{"href":"https:\/\/garrafeirapepe.pt\/en\/wp-json\/wp\/v2\/product"}],"about":[{"href":"https:\/\/garrafeirapepe.pt\/en\/wp-json\/wp\/v2\/types\/product"}],"wp:featuredmedia":[{"embeddable":true,"href":"https:\/\/garrafeirapepe.pt\/en\/wp-json\/wp\/v2\/media\/7767"}],"wp:attachment":[{"href":"https:\/\/garrafeirapepe.pt\/en\/wp-json\/wp\/v2\/media?parent=33691"}],"wp:term":[{"taxonomy":"product_brand","embeddable":true,"href":"https:\/\/garrafeirapepe.pt\/en\/wp-json\/wp\/v2\/product_brand?post=33691"},{"taxonomy":"product_cat","embeddable":true,"href":"https:\/\/garrafeirapepe.pt\/en\/wp-json\/wp\/v2\/product_cat?post=33691"},{"taxonomy":"product_tag","embeddable":true,"href":"https:\/\/garrafeirapepe.pt\/en\/wp-json\/wp\/v2\/product_tag?post=33691"}],"curies":[{"name":"wp","href":"https:\/\/api.w.org\/{rel}","templated":true}]}}