{"id":34219,"date":"2013-04-15T17:13:06","date_gmt":"2013-04-15T17:13:06","guid":{"rendered":"https:\/\/garrafeirapepe.pt\/produto\/espumante-soalheiro-rose-bruto-2\/"},"modified":"2025-05-05T12:40:09","modified_gmt":"2025-05-05T11:40:09","slug":"espumante-soalheiro-rose-bruto-2","status":"publish","type":"product","link":"https:\/\/garrafeirapepe.pt\/en\/loja\/garrafeira-2\/espumante-champagne-garrafeira-2\/espumantes-en\/espumante-soalheiro-rose-bruto-2\/","title":{"rendered":"Soalheiro Rose Bruto"},"content":{"rendered":"<p>As uvas de Alvarinho utilizadas na vinifica\u00e7\u00e3o do Soalheiro Espumante s\u00e3o seleccionadas nas vinhas com uma concentra\u00e7\u00e3o em a\u00e7\u00facar mais baixa e de acidez fresca implantadas em solo de origem gran\u00edtica entre os 100 e os 200 metros de altitude. Melga\u00e7o, a regi\u00e3o mais norte de Portugal, est\u00e1 protegida por um conjunto de serras que permitem um casamento perfeito entre a pluviosidade, a temperatura e o n\u00famero de horas de sol necess\u00e1rios \u00e0 melhor matura\u00e7\u00e3o das uvas da casta Alvarinho. A elabora\u00e7\u00e3o de um Espumante a partir da casta Alvarinho obriga a uma escolha criteriosa das uvas. O misto resultante desta selec\u00e7\u00e3o fermenta a temperatura controlada, obtendo-se o vinho base para espumante. Este vinho sofre, j\u00e1 em garrafa, uma segunda fermenta\u00e7\u00e3o respeitando o M\u00e9todo Cl\u00e1ssico. A perman\u00eancia na cave, a temperatura baixa e constante durante v\u00e1rios meses permite que este espumante mostre toda a eleg\u00e2ncia da casta Alvarinho. Finda esta fase de fermenta\u00e7\u00e3o e est\u00e1gio, procede-se ao &#8220;degorgement&#8221;, opera\u00e7\u00e3o que permite a elimina\u00e7\u00e3o das leveduras existentes em garrafa e a substitui\u00e7\u00e3o da c\u00e1psula met\u00e1lica provis\u00f3ria pela rolha definitiva t\u00edpica do espumante. Personalidade apresenta cor amarela citrina, bolha fina e persistente. O aroma revela a fruta da casta Alvarinho, denotando um bom equil\u00edbrio entre a acidez e o \u00e1lcool. O sabor apresenta persist\u00eancia e complexidade.<\/p>\n","protected":false},"excerpt":{"rendered":"<p>As uvas de Alvarinho utilizadas na vinifica\u00e7\u00e3o do Soalheiro Espumante s\u00e3o seleccionadas nas vinhas com uma concentra\u00e7\u00e3o em a\u00e7\u00facar mais baixa e de acidez fresca implantadas em solo de origem gran\u00edtica entre os 100 e os 200 metros de altitude. Melga\u00e7o, a regi\u00e3o mais norte de Portugal, est\u00e1 protegida por um conjunto de serras que [&hellip;]<\/p>\n","protected":false},"featured_media":8869,"template":"","meta":{"_acf_changed":false},"product_brand":[],"product_cat":[20326],"product_tag":[],"class_list":{"0":"post-34219","1":"product","2":"type-product","3":"status-publish","4":"has-post-thumbnail","6":"product_cat-espumantes-en","8":"first","9":"instock","10":"taxable","11":"shipping-taxable","12":"purchasable","13":"product-type-simple"},"acf":[],"yoast_head":"<!-- This site is optimized with the Yoast SEO Premium plugin v27.3 (Yoast SEO v27.3) - https:\/\/yoast.com\/product\/yoast-seo-premium-wordpress\/ -->\n<title>Soalheiro Rose Bruto | Garrafeira Tio Pepe<\/title>\n<meta name=\"description\" content=\"Discover the perfect balance of acidity and alcohol in Alvarinho wine. Delight in its fruity aroma and complex flavor. Experience it now!\" \/>\n<meta name=\"robots\" content=\"index, follow, max-snippet:-1, max-image-preview:large, max-video-preview:-1\" \/>\n<link rel=\"canonical\" href=\"https:\/\/garrafeirapepe.pt\/en\/loja\/garrafeira-2\/espumante-champagne-garrafeira-2\/espumantes-en\/espumante-soalheiro-rose-bruto-2\/\" \/>\n<meta property=\"og:locale\" content=\"en_US\" \/>\n<meta property=\"og:type\" content=\"article\" \/>\n<meta property=\"og:title\" content=\"Soalheiro Rose Bruto\" \/>\n<meta property=\"og:description\" content=\"Soalheiro Rose Bruto -\" \/>\n<meta property=\"og:url\" content=\"https:\/\/garrafeirapepe.pt\/en\/loja\/garrafeira-2\/espumante-champagne-garrafeira-2\/espumantes-en\/espumante-soalheiro-rose-bruto-2\/\" \/>\n<meta property=\"og:site_name\" content=\"Garrafeira Pepe\" \/>\n<meta property=\"article:publisher\" content=\"https:\/\/www.facebook.com\/GarrafeiraPepe\" \/>\n<meta property=\"article:modified_time\" content=\"2025-05-05T11:40:09+00:00\" \/>\n<meta property=\"og:image\" content=\"https:\/\/garrafeirapepe.pt\/wp-content\/uploads\/2013\/04\/soalheiro-rose.jpg\" \/>\n\t<meta property=\"og:image:width\" content=\"1234\" \/>\n\t<meta property=\"og:image:height\" content=\"1954\" \/>\n\t<meta property=\"og:image:type\" content=\"image\/jpeg\" \/>\n<meta name=\"twitter:card\" content=\"summary_large_image\" \/>\n<meta name=\"twitter:label1\" content=\"Price\" \/>\n\t<meta name=\"twitter:data1\" content=\"15.50&euro;\" \/>\n\t<meta name=\"twitter:label2\" content=\"Availability\" \/>\n\t<meta name=\"twitter:data2\" content=\"In stock\" \/>\n<script type=\"application\/ld+json\" class=\"yoast-schema-graph\">{\"@context\":\"https:\\\/\\\/schema.org\",\"@graph\":[{\"@type\":\"WebPage\",\"@id\":\"https:\\\/\\\/garrafeirapepe.pt\\\/en\\\/loja\\\/garrafeira-2\\\/espumante-champagne-garrafeira-2\\\/espumantes-en\\\/espumante-soalheiro-rose-bruto-2\\\/\",\"url\":\"https:\\\/\\\/garrafeirapepe.pt\\\/en\\\/loja\\\/garrafeira-2\\\/espumante-champagne-garrafeira-2\\\/espumantes-en\\\/espumante-soalheiro-rose-bruto-2\\\/\",\"name\":\"Soalheiro Rose Bruto | Garrafeira Tio Pepe\",\"isPartOf\":{\"@id\":\"https:\\\/\\\/garrafeirapepe.pt\\\/en\\\/#website\"},\"primaryImageOfPage\":{\"@id\":\"https:\\\/\\\/garrafeirapepe.pt\\\/en\\\/loja\\\/garrafeira-2\\\/espumante-champagne-garrafeira-2\\\/espumantes-en\\\/espumante-soalheiro-rose-bruto-2\\\/#primaryimage\"},\"image\":{\"@id\":\"https:\\\/\\\/garrafeirapepe.pt\\\/en\\\/loja\\\/garrafeira-2\\\/espumante-champagne-garrafeira-2\\\/espumantes-en\\\/espumante-soalheiro-rose-bruto-2\\\/#primaryimage\"},\"thumbnailUrl\":\"https:\\\/\\\/garrafeirapepe.pt\\\/wp-content\\\/uploads\\\/2013\\\/04\\\/soalheiro-rose.jpg\",\"datePublished\":\"2013-04-15T17:13:06+00:00\",\"dateModified\":\"2025-05-05T11:40:09+00:00\",\"description\":\"Discover the perfect balance of acidity and alcohol in Alvarinho wine. Delight in its fruity aroma and complex flavor. Experience it now!\",\"breadcrumb\":{\"@id\":\"https:\\\/\\\/garrafeirapepe.pt\\\/en\\\/loja\\\/garrafeira-2\\\/espumante-champagne-garrafeira-2\\\/espumantes-en\\\/espumante-soalheiro-rose-bruto-2\\\/#breadcrumb\"},\"inLanguage\":\"en-US\",\"potentialAction\":[{\"@type\":\"ReadAction\",\"target\":[\"https:\\\/\\\/garrafeirapepe.pt\\\/en\\\/loja\\\/garrafeira-2\\\/espumante-champagne-garrafeira-2\\\/espumantes-en\\\/espumante-soalheiro-rose-bruto-2\\\/\"]}]},{\"@type\":\"ImageObject\",\"inLanguage\":\"en-US\",\"@id\":\"https:\\\/\\\/garrafeirapepe.pt\\\/en\\\/loja\\\/garrafeira-2\\\/espumante-champagne-garrafeira-2\\\/espumantes-en\\\/espumante-soalheiro-rose-bruto-2\\\/#primaryimage\",\"url\":\"https:\\\/\\\/garrafeirapepe.pt\\\/wp-content\\\/uploads\\\/2013\\\/04\\\/soalheiro-rose.jpg\",\"contentUrl\":\"https:\\\/\\\/garrafeirapepe.pt\\\/wp-content\\\/uploads\\\/2013\\\/04\\\/soalheiro-rose.jpg\",\"width\":1234,\"height\":1954},{\"@type\":\"BreadcrumbList\",\"@id\":\"https:\\\/\\\/garrafeirapepe.pt\\\/en\\\/loja\\\/garrafeira-2\\\/espumante-champagne-garrafeira-2\\\/espumantes-en\\\/espumante-soalheiro-rose-bruto-2\\\/#breadcrumb\",\"itemListElement\":[{\"@type\":\"ListItem\",\"position\":1,\"name\":\"Home\",\"item\":\"https:\\\/\\\/garrafeirapepe.pt\\\/en\\\/\"},{\"@type\":\"ListItem\",\"position\":2,\"name\":\"Store\",\"item\":\"https:\\\/\\\/garrafeirapepe.pt\\\/en\\\/shop\\\/\"},{\"@type\":\"ListItem\",\"position\":3,\"name\":\"Soalheiro Rose Bruto\"}]},{\"@type\":\"WebSite\",\"@id\":\"https:\\\/\\\/garrafeirapepe.pt\\\/en\\\/#website\",\"url\":\"https:\\\/\\\/garrafeirapepe.pt\\\/en\\\/\",\"name\":\"Garrafeira Pepe\",\"description\":\"\",\"publisher\":{\"@id\":\"https:\\\/\\\/garrafeirapepe.pt\\\/en\\\/#organization\"},\"potentialAction\":[{\"@type\":\"SearchAction\",\"target\":{\"@type\":\"EntryPoint\",\"urlTemplate\":\"https:\\\/\\\/garrafeirapepe.pt\\\/en\\\/?s={search_term_string}\"},\"query-input\":{\"@type\":\"PropertyValueSpecification\",\"valueRequired\":true,\"valueName\":\"search_term_string\"}}],\"inLanguage\":\"en-US\"},{\"@type\":[\"Organization\",\"Place\"],\"@id\":\"https:\\\/\\\/garrafeirapepe.pt\\\/en\\\/#organization\",\"name\":\"Garrafeira Pepe\",\"url\":\"https:\\\/\\\/garrafeirapepe.pt\\\/en\\\/\",\"logo\":{\"@id\":\"https:\\\/\\\/garrafeirapepe.pt\\\/en\\\/loja\\\/garrafeira-2\\\/espumante-champagne-garrafeira-2\\\/espumantes-en\\\/espumante-soalheiro-rose-bruto-2\\\/#local-main-organization-logo\"},\"image\":{\"@id\":\"https:\\\/\\\/garrafeirapepe.pt\\\/en\\\/loja\\\/garrafeira-2\\\/espumante-champagne-garrafeira-2\\\/espumantes-en\\\/espumante-soalheiro-rose-bruto-2\\\/#local-main-organization-logo\"},\"sameAs\":[\"https:\\\/\\\/www.facebook.com\\\/GarrafeiraPepe\",\"https:\\\/\\\/www.instagram.com\\\/garrafeiratiopepe\\\/\",\"https:\\\/\\\/www.linkedin.com\\\/company\\\/garrafeira-tio-pepe\\\/\"],\"description\":\"Loja On-line ao seu dispor - 40 Anos de experi\u00eancia no sector, 2100 refer\u00eancias ativas e ao seu dispor. Uma das mais conceituadas Garrafeiras de Portugal.\",\"legalName\":\"PUROVINUM COMERCIO DE BEBIDAS LDA.\",\"foundingDate\":\"1986-01-01\",\"numberOfEmployees\":{\"@type\":\"QuantitativeValue\",\"minValue\":\"11\",\"maxValue\":\"50\"},\"hasMerchantReturnPolicy\":{\"@type\":\"MerchantReturnPolicy\",\"merchantReturnLink\":\"https:\\\/\\\/garrafeirapepe.pt\\\/politica-de-devolucao\\\/\"},\"telephone\":[],\"openingHoursSpecification\":[{\"@type\":\"OpeningHoursSpecification\",\"dayOfWeek\":[\"Monday\",\"Tuesday\",\"Wednesday\",\"Thursday\",\"Friday\",\"Saturday\",\"Sunday\"],\"opens\":\"09:00\",\"closes\":\"17:00\"}]},{\"@type\":\"ImageObject\",\"inLanguage\":\"en-US\",\"@id\":\"https:\\\/\\\/garrafeirapepe.pt\\\/en\\\/loja\\\/garrafeira-2\\\/espumante-champagne-garrafeira-2\\\/espumantes-en\\\/espumante-soalheiro-rose-bruto-2\\\/#local-main-organization-logo\",\"url\":\"https:\\\/\\\/garrafeirapepe.pt\\\/wp-content\\\/uploads\\\/2025\\\/11\\\/Logo-Vertical-512x512-sem-fundo.png\",\"contentUrl\":\"https:\\\/\\\/garrafeirapepe.pt\\\/wp-content\\\/uploads\\\/2025\\\/11\\\/Logo-Vertical-512x512-sem-fundo.png\",\"width\":512,\"height\":512,\"caption\":\"Garrafeira Pepe\"}]}<\/script>\n<meta property=\"product:price:amount\" content=\"15.50\" \/>\n<meta property=\"product:price:currency\" content=\"EUR\" \/>\n<meta property=\"og:availability\" content=\"instock\" \/>\n<meta property=\"product:availability\" content=\"instock\" \/>\n<meta property=\"product:retailer_item_id\" content=\"ESBR\" \/>\n<meta property=\"product:condition\" content=\"new\" \/>\n<!-- \/ Yoast SEO Premium plugin. -->","yoast_head_json":{"title":"Soalheiro Rose Bruto | Garrafeira Tio Pepe","description":"Discover the perfect balance of acidity and alcohol in Alvarinho wine. Delight in its fruity aroma and complex flavor. Experience it now!","robots":{"index":"index","follow":"follow","max-snippet":"max-snippet:-1","max-image-preview":"max-image-preview:large","max-video-preview":"max-video-preview:-1"},"canonical":"https:\/\/garrafeirapepe.pt\/en\/loja\/garrafeira-2\/espumante-champagne-garrafeira-2\/espumantes-en\/espumante-soalheiro-rose-bruto-2\/","og_locale":"en_US","og_type":"article","og_title":"Soalheiro Rose Bruto","og_description":"Soalheiro Rose Bruto -","og_url":"https:\/\/garrafeirapepe.pt\/en\/loja\/garrafeira-2\/espumante-champagne-garrafeira-2\/espumantes-en\/espumante-soalheiro-rose-bruto-2\/","og_site_name":"Garrafeira Pepe","article_publisher":"https:\/\/www.facebook.com\/GarrafeiraPepe","article_modified_time":"2025-05-05T11:40:09+00:00","og_image":[{"width":1234,"height":1954,"url":"https:\/\/garrafeirapepe.pt\/wp-content\/uploads\/2013\/04\/soalheiro-rose.jpg","type":"image\/jpeg"}],"twitter_card":"summary_large_image","twitter_misc":{"Price":"15.50&euro;","Availability":"In stock"},"schema":{"@context":"https:\/\/schema.org","@graph":[{"@type":"WebPage","@id":"https:\/\/garrafeirapepe.pt\/en\/loja\/garrafeira-2\/espumante-champagne-garrafeira-2\/espumantes-en\/espumante-soalheiro-rose-bruto-2\/","url":"https:\/\/garrafeirapepe.pt\/en\/loja\/garrafeira-2\/espumante-champagne-garrafeira-2\/espumantes-en\/espumante-soalheiro-rose-bruto-2\/","name":"Soalheiro Rose Bruto | Garrafeira Tio Pepe","isPartOf":{"@id":"https:\/\/garrafeirapepe.pt\/en\/#website"},"primaryImageOfPage":{"@id":"https:\/\/garrafeirapepe.pt\/en\/loja\/garrafeira-2\/espumante-champagne-garrafeira-2\/espumantes-en\/espumante-soalheiro-rose-bruto-2\/#primaryimage"},"image":{"@id":"https:\/\/garrafeirapepe.pt\/en\/loja\/garrafeira-2\/espumante-champagne-garrafeira-2\/espumantes-en\/espumante-soalheiro-rose-bruto-2\/#primaryimage"},"thumbnailUrl":"https:\/\/garrafeirapepe.pt\/wp-content\/uploads\/2013\/04\/soalheiro-rose.jpg","datePublished":"2013-04-15T17:13:06+00:00","dateModified":"2025-05-05T11:40:09+00:00","description":"Discover the perfect balance of acidity and alcohol in Alvarinho wine. Delight in its fruity aroma and complex flavor. Experience it now!","breadcrumb":{"@id":"https:\/\/garrafeirapepe.pt\/en\/loja\/garrafeira-2\/espumante-champagne-garrafeira-2\/espumantes-en\/espumante-soalheiro-rose-bruto-2\/#breadcrumb"},"inLanguage":"en-US","potentialAction":[{"@type":"ReadAction","target":["https:\/\/garrafeirapepe.pt\/en\/loja\/garrafeira-2\/espumante-champagne-garrafeira-2\/espumantes-en\/espumante-soalheiro-rose-bruto-2\/"]}]},{"@type":"ImageObject","inLanguage":"en-US","@id":"https:\/\/garrafeirapepe.pt\/en\/loja\/garrafeira-2\/espumante-champagne-garrafeira-2\/espumantes-en\/espumante-soalheiro-rose-bruto-2\/#primaryimage","url":"https:\/\/garrafeirapepe.pt\/wp-content\/uploads\/2013\/04\/soalheiro-rose.jpg","contentUrl":"https:\/\/garrafeirapepe.pt\/wp-content\/uploads\/2013\/04\/soalheiro-rose.jpg","width":1234,"height":1954},{"@type":"BreadcrumbList","@id":"https:\/\/garrafeirapepe.pt\/en\/loja\/garrafeira-2\/espumante-champagne-garrafeira-2\/espumantes-en\/espumante-soalheiro-rose-bruto-2\/#breadcrumb","itemListElement":[{"@type":"ListItem","position":1,"name":"Home","item":"https:\/\/garrafeirapepe.pt\/en\/"},{"@type":"ListItem","position":2,"name":"Store","item":"https:\/\/garrafeirapepe.pt\/en\/shop\/"},{"@type":"ListItem","position":3,"name":"Soalheiro Rose Bruto"}]},{"@type":"WebSite","@id":"https:\/\/garrafeirapepe.pt\/en\/#website","url":"https:\/\/garrafeirapepe.pt\/en\/","name":"Garrafeira Pepe","description":"","publisher":{"@id":"https:\/\/garrafeirapepe.pt\/en\/#organization"},"potentialAction":[{"@type":"SearchAction","target":{"@type":"EntryPoint","urlTemplate":"https:\/\/garrafeirapepe.pt\/en\/?s={search_term_string}"},"query-input":{"@type":"PropertyValueSpecification","valueRequired":true,"valueName":"search_term_string"}}],"inLanguage":"en-US"},{"@type":["Organization","Place"],"@id":"https:\/\/garrafeirapepe.pt\/en\/#organization","name":"Garrafeira Pepe","url":"https:\/\/garrafeirapepe.pt\/en\/","logo":{"@id":"https:\/\/garrafeirapepe.pt\/en\/loja\/garrafeira-2\/espumante-champagne-garrafeira-2\/espumantes-en\/espumante-soalheiro-rose-bruto-2\/#local-main-organization-logo"},"image":{"@id":"https:\/\/garrafeirapepe.pt\/en\/loja\/garrafeira-2\/espumante-champagne-garrafeira-2\/espumantes-en\/espumante-soalheiro-rose-bruto-2\/#local-main-organization-logo"},"sameAs":["https:\/\/www.facebook.com\/GarrafeiraPepe","https:\/\/www.instagram.com\/garrafeiratiopepe\/","https:\/\/www.linkedin.com\/company\/garrafeira-tio-pepe\/"],"description":"Loja On-line ao seu dispor - 40 Anos de experi\u00eancia no sector, 2100 refer\u00eancias ativas e ao seu dispor. Uma das mais conceituadas Garrafeiras de Portugal.","legalName":"PUROVINUM COMERCIO DE BEBIDAS LDA.","foundingDate":"1986-01-01","numberOfEmployees":{"@type":"QuantitativeValue","minValue":"11","maxValue":"50"},"hasMerchantReturnPolicy":{"@type":"MerchantReturnPolicy","merchantReturnLink":"https:\/\/garrafeirapepe.pt\/politica-de-devolucao\/"},"telephone":[],"openingHoursSpecification":[{"@type":"OpeningHoursSpecification","dayOfWeek":["Monday","Tuesday","Wednesday","Thursday","Friday","Saturday","Sunday"],"opens":"09:00","closes":"17:00"}]},{"@type":"ImageObject","inLanguage":"en-US","@id":"https:\/\/garrafeirapepe.pt\/en\/loja\/garrafeira-2\/espumante-champagne-garrafeira-2\/espumantes-en\/espumante-soalheiro-rose-bruto-2\/#local-main-organization-logo","url":"https:\/\/garrafeirapepe.pt\/wp-content\/uploads\/2025\/11\/Logo-Vertical-512x512-sem-fundo.png","contentUrl":"https:\/\/garrafeirapepe.pt\/wp-content\/uploads\/2025\/11\/Logo-Vertical-512x512-sem-fundo.png","width":512,"height":512,"caption":"Garrafeira Pepe"}]},"product_price_amount":"15.50","product_price_currency":"EUR","og_availability":"instock","product_availability":"instock","product_retailer_item_id":"ESBR","product_condition":"new"},"_links":{"self":[{"href":"https:\/\/garrafeirapepe.pt\/en\/wp-json\/wp\/v2\/product\/34219","targetHints":{"allow":["GET"]}}],"collection":[{"href":"https:\/\/garrafeirapepe.pt\/en\/wp-json\/wp\/v2\/product"}],"about":[{"href":"https:\/\/garrafeirapepe.pt\/en\/wp-json\/wp\/v2\/types\/product"}],"wp:featuredmedia":[{"embeddable":true,"href":"https:\/\/garrafeirapepe.pt\/en\/wp-json\/wp\/v2\/media\/8869"}],"wp:attachment":[{"href":"https:\/\/garrafeirapepe.pt\/en\/wp-json\/wp\/v2\/media?parent=34219"}],"wp:term":[{"taxonomy":"product_brand","embeddable":true,"href":"https:\/\/garrafeirapepe.pt\/en\/wp-json\/wp\/v2\/product_brand?post=34219"},{"taxonomy":"product_cat","embeddable":true,"href":"https:\/\/garrafeirapepe.pt\/en\/wp-json\/wp\/v2\/product_cat?post=34219"},{"taxonomy":"product_tag","embeddable":true,"href":"https:\/\/garrafeirapepe.pt\/en\/wp-json\/wp\/v2\/product_tag?post=34219"}],"curies":[{"name":"wp","href":"https:\/\/api.w.org\/{rel}","templated":true}]}}