{"id":35865,"date":"2016-03-03T12:18:42","date_gmt":"2016-03-03T12:18:42","guid":{"rendered":"https:\/\/garrafeirapepe.pt\/produto\/acessorios-copo-riedel-vinum-burgundy-64167-2\/"},"modified":"2024-01-10T16:55:40","modified_gmt":"2024-01-10T16:55:40","slug":"acessorios-copo-riedel-vinum-burgundy-64167-2","status":"publish","type":"product","link":"https:\/\/garrafeirapepe.pt\/en\/loja\/acessorios-2\/acessorios-copo-riedel-vinum-burgundy-64167-2\/","title":{"rendered":"Glass Riedel Vinum Pinot Noir (Burgundy) 6416\/7 Box2"},"content":{"rendered":"<p><span class=\"tlid-translation translation\" lang=\"en\"><span title=\"\" class=\"\">The <a href=\"https:\/\/riedel.portfoliovinhos.pt\/produtos\/show.aspx?idcont=RIED6416%2F7&amp;title=riedel-vinum-burgundy-64167&amp;idioma=pt\">RIEDEL VINUM <\/a>(1986) collection was the first ever mechanical production glass line inspired by the characteristics of the grape varieties.<\/span> <span title=\"\" class=\"\">The VINUM line was not developed on a drawing board but in performance-based testing workshops where content drives the format.<\/span> <span title=\"\" class=\"\">The pleasure of enjoying a good wine begins with the proper glass.<\/span> <span title=\"\" class=\"\">The RIEDEL VINUM collection is mechanically made of crystal in Bavaria, Germany.<\/span><\/span><\/p>\n<p><span id=\"ContentPlaceHolder1_lbl_altura\" class=\"ltLight t13 cinza52 lh135 clear\"><b>Height:<\/b>&nbsp;21 cm<\/span>                     <\/p>\n<p><span id=\"ContentPlaceHolder1_lbl_capacidade\" class=\"ltLight t13 cinza52 lh135 clear\"><b>Volume<\/b> 700 ccm<\/span> <\/p>\n<p>                    <span id=\"ContentPlaceHolder1_lbl_castas\" class=\"ltLight t13 cinza52 lh135 clear\"><b>Grapes:<\/b>&nbsp;Barbaresco,  Barolo, Beaujolais Cru, Blauburgunder, Burgundy (red), Chambolle  Musigny, Ech\u00e9zeaux, Gamay, Moulin \u00e0 vent, Musigny, Nebbiolo, Nuits Saint  Georges, Pinot Noir, Pommard, Roman\u00e9e Saint Vivant, Santenay, St.  Laurent, Volnay, Vosne-Roman\u00e9e<\/span><\/p>\n<p><span class=\"tlid-translation translation\" lang=\"en\"><span title=\"\" class=\"\"><\/span><br \/><\/span><\/p>\n","protected":false},"excerpt":{"rendered":"<p>The RIEDEL VINUM (1986) collection was the first ever mechanical production glass line inspired by the characteristics of the grape varieties. The VINUM line was not developed on a drawing board but in performance-based testing workshops where content drives the format. The pleasure of enjoying a good wine begins with the proper glass. The RIEDEL [&hellip;]<\/p>\n","protected":false},"featured_media":12031,"template":"","meta":{"_acf_changed":false},"product_brand":[],"product_cat":[10618],"product_tag":[],"class_list":{"0":"post-35865","1":"product","2":"type-product","3":"status-publish","4":"has-post-thumbnail","6":"product_cat-acessorios-2","8":"first","9":"instock","10":"taxable","11":"shipping-taxable","12":"purchasable","13":"product-type-simple"},"acf":[],"yoast_head":"<!-- This site is optimized with the Yoast SEO Premium plugin v27.3 (Yoast SEO v27.3) - https:\/\/yoast.com\/product\/yoast-seo-premium-wordpress\/ -->\n<title>Glass Riedel Vinum Pinot Noir (Burgundy) 6416\/7 Box2 | Garrafeira Tio Pepe<\/title>\n<meta name=\"description\" content=\"Discover the perfect glass for your wine experience. Riedel Vinum Collection: meticulously crafted crystal glassware from Bavaria, Germany. Elevate your enjoyment.\" \/>\n<meta name=\"robots\" content=\"index, follow, max-snippet:-1, max-image-preview:large, max-video-preview:-1\" \/>\n<link rel=\"canonical\" href=\"https:\/\/garrafeirapepe.pt\/en\/loja\/acessorios-2\/acessorios-copo-riedel-vinum-burgundy-64167-2\/\" \/>\n<meta property=\"og:locale\" content=\"en_US\" \/>\n<meta property=\"og:type\" content=\"article\" \/>\n<meta property=\"og:title\" content=\"Glass Riedel Vinum Pinot Noir (Burgundy) 6416\/7 Box2\" \/>\n<meta property=\"og:description\" content=\"Glass Riedel Vinum Pinot Noir (Burgundy) 6416\/7 Box2 -\" \/>\n<meta property=\"og:url\" content=\"https:\/\/garrafeirapepe.pt\/en\/loja\/acessorios-2\/acessorios-copo-riedel-vinum-burgundy-64167-2\/\" \/>\n<meta property=\"og:site_name\" content=\"Garrafeira Pepe\" \/>\n<meta property=\"article:publisher\" content=\"https:\/\/www.facebook.com\/GarrafeiraPepe\" \/>\n<meta property=\"article:modified_time\" content=\"2024-01-10T16:55:40+00:00\" \/>\n<meta property=\"og:image\" content=\"https:\/\/garrafeirapepe.pt\/wp-content\/uploads\/2016\/03\/6416_07_vinum_e690729ed0.png\" \/>\n\t<meta property=\"og:image:width\" content=\"229\" \/>\n\t<meta property=\"og:image:height\" content=\"401\" \/>\n\t<meta property=\"og:image:type\" content=\"image\/png\" \/>\n<meta name=\"twitter:card\" content=\"summary_large_image\" \/>\n<meta name=\"twitter:label1\" content=\"Price\" \/>\n\t<meta name=\"twitter:data1\" content=\"59.00&euro;\" \/>\n\t<meta name=\"twitter:label2\" content=\"Availability\" \/>\n\t<meta name=\"twitter:data2\" content=\"In stock\" \/>\n<script type=\"application\/ld+json\" class=\"yoast-schema-graph\">{\"@context\":\"https:\\\/\\\/schema.org\",\"@graph\":[{\"@type\":\"WebPage\",\"@id\":\"https:\\\/\\\/garrafeirapepe.pt\\\/en\\\/loja\\\/acessorios-2\\\/acessorios-copo-riedel-vinum-burgundy-64167-2\\\/\",\"url\":\"https:\\\/\\\/garrafeirapepe.pt\\\/en\\\/loja\\\/acessorios-2\\\/acessorios-copo-riedel-vinum-burgundy-64167-2\\\/\",\"name\":\"Glass Riedel Vinum Pinot Noir (Burgundy) 6416\\\/7 Box2 | Garrafeira Tio Pepe\",\"isPartOf\":{\"@id\":\"https:\\\/\\\/garrafeirapepe.pt\\\/en\\\/#website\"},\"primaryImageOfPage\":{\"@id\":\"https:\\\/\\\/garrafeirapepe.pt\\\/en\\\/loja\\\/acessorios-2\\\/acessorios-copo-riedel-vinum-burgundy-64167-2\\\/#primaryimage\"},\"image\":{\"@id\":\"https:\\\/\\\/garrafeirapepe.pt\\\/en\\\/loja\\\/acessorios-2\\\/acessorios-copo-riedel-vinum-burgundy-64167-2\\\/#primaryimage\"},\"thumbnailUrl\":\"https:\\\/\\\/garrafeirapepe.pt\\\/wp-content\\\/uploads\\\/2016\\\/03\\\/6416_07_vinum_e690729ed0.png\",\"datePublished\":\"2016-03-03T12:18:42+00:00\",\"dateModified\":\"2024-01-10T16:55:40+00:00\",\"description\":\"Discover the perfect glass for your wine experience. Riedel Vinum Collection: meticulously crafted crystal glassware from Bavaria, Germany. Elevate your enjoyment.\",\"breadcrumb\":{\"@id\":\"https:\\\/\\\/garrafeirapepe.pt\\\/en\\\/loja\\\/acessorios-2\\\/acessorios-copo-riedel-vinum-burgundy-64167-2\\\/#breadcrumb\"},\"inLanguage\":\"en-US\",\"potentialAction\":[{\"@type\":\"ReadAction\",\"target\":[\"https:\\\/\\\/garrafeirapepe.pt\\\/en\\\/loja\\\/acessorios-2\\\/acessorios-copo-riedel-vinum-burgundy-64167-2\\\/\"]}]},{\"@type\":\"ImageObject\",\"inLanguage\":\"en-US\",\"@id\":\"https:\\\/\\\/garrafeirapepe.pt\\\/en\\\/loja\\\/acessorios-2\\\/acessorios-copo-riedel-vinum-burgundy-64167-2\\\/#primaryimage\",\"url\":\"https:\\\/\\\/garrafeirapepe.pt\\\/wp-content\\\/uploads\\\/2016\\\/03\\\/6416_07_vinum_e690729ed0.png\",\"contentUrl\":\"https:\\\/\\\/garrafeirapepe.pt\\\/wp-content\\\/uploads\\\/2016\\\/03\\\/6416_07_vinum_e690729ed0.png\",\"width\":229,\"height\":401},{\"@type\":\"BreadcrumbList\",\"@id\":\"https:\\\/\\\/garrafeirapepe.pt\\\/en\\\/loja\\\/acessorios-2\\\/acessorios-copo-riedel-vinum-burgundy-64167-2\\\/#breadcrumb\",\"itemListElement\":[{\"@type\":\"ListItem\",\"position\":1,\"name\":\"Home\",\"item\":\"https:\\\/\\\/garrafeirapepe.pt\\\/en\\\/\"},{\"@type\":\"ListItem\",\"position\":2,\"name\":\"Store\",\"item\":\"https:\\\/\\\/garrafeirapepe.pt\\\/en\\\/shop\\\/\"},{\"@type\":\"ListItem\",\"position\":3,\"name\":\"Glass Riedel Vinum Pinot Noir (Burgundy) 6416\\\/7 Box2\"}]},{\"@type\":\"WebSite\",\"@id\":\"https:\\\/\\\/garrafeirapepe.pt\\\/en\\\/#website\",\"url\":\"https:\\\/\\\/garrafeirapepe.pt\\\/en\\\/\",\"name\":\"Garrafeira Pepe\",\"description\":\"\",\"publisher\":{\"@id\":\"https:\\\/\\\/garrafeirapepe.pt\\\/en\\\/#organization\"},\"potentialAction\":[{\"@type\":\"SearchAction\",\"target\":{\"@type\":\"EntryPoint\",\"urlTemplate\":\"https:\\\/\\\/garrafeirapepe.pt\\\/en\\\/?s={search_term_string}\"},\"query-input\":{\"@type\":\"PropertyValueSpecification\",\"valueRequired\":true,\"valueName\":\"search_term_string\"}}],\"inLanguage\":\"en-US\"},{\"@type\":[\"Organization\",\"Place\"],\"@id\":\"https:\\\/\\\/garrafeirapepe.pt\\\/en\\\/#organization\",\"name\":\"Garrafeira Pepe\",\"url\":\"https:\\\/\\\/garrafeirapepe.pt\\\/en\\\/\",\"logo\":{\"@id\":\"https:\\\/\\\/garrafeirapepe.pt\\\/en\\\/loja\\\/acessorios-2\\\/acessorios-copo-riedel-vinum-burgundy-64167-2\\\/#local-main-organization-logo\"},\"image\":{\"@id\":\"https:\\\/\\\/garrafeirapepe.pt\\\/en\\\/loja\\\/acessorios-2\\\/acessorios-copo-riedel-vinum-burgundy-64167-2\\\/#local-main-organization-logo\"},\"sameAs\":[\"https:\\\/\\\/www.facebook.com\\\/GarrafeiraPepe\",\"https:\\\/\\\/www.instagram.com\\\/garrafeiratiopepe\\\/\",\"https:\\\/\\\/www.linkedin.com\\\/company\\\/garrafeira-tio-pepe\\\/\"],\"description\":\"Loja On-line ao seu dispor - 40 Anos de experi\u00eancia no sector, 2100 refer\u00eancias ativas e ao seu dispor. Uma das mais conceituadas Garrafeiras de Portugal.\",\"legalName\":\"PUROVINUM COMERCIO DE BEBIDAS LDA.\",\"foundingDate\":\"1986-01-01\",\"numberOfEmployees\":{\"@type\":\"QuantitativeValue\",\"minValue\":\"11\",\"maxValue\":\"50\"},\"hasMerchantReturnPolicy\":{\"@type\":\"MerchantReturnPolicy\",\"merchantReturnLink\":\"https:\\\/\\\/garrafeirapepe.pt\\\/politica-de-devolucao\\\/\"},\"telephone\":[],\"openingHoursSpecification\":[{\"@type\":\"OpeningHoursSpecification\",\"dayOfWeek\":[\"Monday\",\"Tuesday\",\"Wednesday\",\"Thursday\",\"Friday\",\"Saturday\",\"Sunday\"],\"opens\":\"09:00\",\"closes\":\"17:00\"}]},{\"@type\":\"ImageObject\",\"inLanguage\":\"en-US\",\"@id\":\"https:\\\/\\\/garrafeirapepe.pt\\\/en\\\/loja\\\/acessorios-2\\\/acessorios-copo-riedel-vinum-burgundy-64167-2\\\/#local-main-organization-logo\",\"url\":\"https:\\\/\\\/garrafeirapepe.pt\\\/wp-content\\\/uploads\\\/2025\\\/11\\\/Logo-Vertical-512x512-sem-fundo.png\",\"contentUrl\":\"https:\\\/\\\/garrafeirapepe.pt\\\/wp-content\\\/uploads\\\/2025\\\/11\\\/Logo-Vertical-512x512-sem-fundo.png\",\"width\":512,\"height\":512,\"caption\":\"Garrafeira Pepe\"}]}<\/script>\n<meta property=\"product:price:amount\" content=\"59.00\" \/>\n<meta property=\"product:price:currency\" content=\"EUR\" \/>\n<meta property=\"og:availability\" content=\"instock\" \/>\n<meta property=\"product:availability\" content=\"instock\" \/>\n<meta property=\"product:retailer_item_id\" content=\"COPRVBUR\" \/>\n<meta property=\"product:condition\" content=\"new\" \/>\n<!-- \/ Yoast SEO Premium plugin. -->","yoast_head_json":{"title":"Glass Riedel Vinum Pinot Noir (Burgundy) 6416\/7 Box2 | Garrafeira Tio Pepe","description":"Discover the perfect glass for your wine experience. Riedel Vinum Collection: meticulously crafted crystal glassware from Bavaria, Germany. Elevate your enjoyment.","robots":{"index":"index","follow":"follow","max-snippet":"max-snippet:-1","max-image-preview":"max-image-preview:large","max-video-preview":"max-video-preview:-1"},"canonical":"https:\/\/garrafeirapepe.pt\/en\/loja\/acessorios-2\/acessorios-copo-riedel-vinum-burgundy-64167-2\/","og_locale":"en_US","og_type":"article","og_title":"Glass Riedel Vinum Pinot Noir (Burgundy) 6416\/7 Box2","og_description":"Glass Riedel Vinum Pinot Noir (Burgundy) 6416\/7 Box2 -","og_url":"https:\/\/garrafeirapepe.pt\/en\/loja\/acessorios-2\/acessorios-copo-riedel-vinum-burgundy-64167-2\/","og_site_name":"Garrafeira Pepe","article_publisher":"https:\/\/www.facebook.com\/GarrafeiraPepe","article_modified_time":"2024-01-10T16:55:40+00:00","og_image":[{"width":229,"height":401,"url":"https:\/\/garrafeirapepe.pt\/wp-content\/uploads\/2016\/03\/6416_07_vinum_e690729ed0.png","type":"image\/png"}],"twitter_card":"summary_large_image","twitter_misc":{"Price":"59.00&euro;","Availability":"In stock"},"schema":{"@context":"https:\/\/schema.org","@graph":[{"@type":"WebPage","@id":"https:\/\/garrafeirapepe.pt\/en\/loja\/acessorios-2\/acessorios-copo-riedel-vinum-burgundy-64167-2\/","url":"https:\/\/garrafeirapepe.pt\/en\/loja\/acessorios-2\/acessorios-copo-riedel-vinum-burgundy-64167-2\/","name":"Glass Riedel Vinum Pinot Noir (Burgundy) 6416\/7 Box2 | Garrafeira Tio Pepe","isPartOf":{"@id":"https:\/\/garrafeirapepe.pt\/en\/#website"},"primaryImageOfPage":{"@id":"https:\/\/garrafeirapepe.pt\/en\/loja\/acessorios-2\/acessorios-copo-riedel-vinum-burgundy-64167-2\/#primaryimage"},"image":{"@id":"https:\/\/garrafeirapepe.pt\/en\/loja\/acessorios-2\/acessorios-copo-riedel-vinum-burgundy-64167-2\/#primaryimage"},"thumbnailUrl":"https:\/\/garrafeirapepe.pt\/wp-content\/uploads\/2016\/03\/6416_07_vinum_e690729ed0.png","datePublished":"2016-03-03T12:18:42+00:00","dateModified":"2024-01-10T16:55:40+00:00","description":"Discover the perfect glass for your wine experience. Riedel Vinum Collection: meticulously crafted crystal glassware from Bavaria, Germany. Elevate your enjoyment.","breadcrumb":{"@id":"https:\/\/garrafeirapepe.pt\/en\/loja\/acessorios-2\/acessorios-copo-riedel-vinum-burgundy-64167-2\/#breadcrumb"},"inLanguage":"en-US","potentialAction":[{"@type":"ReadAction","target":["https:\/\/garrafeirapepe.pt\/en\/loja\/acessorios-2\/acessorios-copo-riedel-vinum-burgundy-64167-2\/"]}]},{"@type":"ImageObject","inLanguage":"en-US","@id":"https:\/\/garrafeirapepe.pt\/en\/loja\/acessorios-2\/acessorios-copo-riedel-vinum-burgundy-64167-2\/#primaryimage","url":"https:\/\/garrafeirapepe.pt\/wp-content\/uploads\/2016\/03\/6416_07_vinum_e690729ed0.png","contentUrl":"https:\/\/garrafeirapepe.pt\/wp-content\/uploads\/2016\/03\/6416_07_vinum_e690729ed0.png","width":229,"height":401},{"@type":"BreadcrumbList","@id":"https:\/\/garrafeirapepe.pt\/en\/loja\/acessorios-2\/acessorios-copo-riedel-vinum-burgundy-64167-2\/#breadcrumb","itemListElement":[{"@type":"ListItem","position":1,"name":"Home","item":"https:\/\/garrafeirapepe.pt\/en\/"},{"@type":"ListItem","position":2,"name":"Store","item":"https:\/\/garrafeirapepe.pt\/en\/shop\/"},{"@type":"ListItem","position":3,"name":"Glass Riedel Vinum Pinot Noir (Burgundy) 6416\/7 Box2"}]},{"@type":"WebSite","@id":"https:\/\/garrafeirapepe.pt\/en\/#website","url":"https:\/\/garrafeirapepe.pt\/en\/","name":"Garrafeira Pepe","description":"","publisher":{"@id":"https:\/\/garrafeirapepe.pt\/en\/#organization"},"potentialAction":[{"@type":"SearchAction","target":{"@type":"EntryPoint","urlTemplate":"https:\/\/garrafeirapepe.pt\/en\/?s={search_term_string}"},"query-input":{"@type":"PropertyValueSpecification","valueRequired":true,"valueName":"search_term_string"}}],"inLanguage":"en-US"},{"@type":["Organization","Place"],"@id":"https:\/\/garrafeirapepe.pt\/en\/#organization","name":"Garrafeira Pepe","url":"https:\/\/garrafeirapepe.pt\/en\/","logo":{"@id":"https:\/\/garrafeirapepe.pt\/en\/loja\/acessorios-2\/acessorios-copo-riedel-vinum-burgundy-64167-2\/#local-main-organization-logo"},"image":{"@id":"https:\/\/garrafeirapepe.pt\/en\/loja\/acessorios-2\/acessorios-copo-riedel-vinum-burgundy-64167-2\/#local-main-organization-logo"},"sameAs":["https:\/\/www.facebook.com\/GarrafeiraPepe","https:\/\/www.instagram.com\/garrafeiratiopepe\/","https:\/\/www.linkedin.com\/company\/garrafeira-tio-pepe\/"],"description":"Loja On-line ao seu dispor - 40 Anos de experi\u00eancia no sector, 2100 refer\u00eancias ativas e ao seu dispor. Uma das mais conceituadas Garrafeiras de Portugal.","legalName":"PUROVINUM COMERCIO DE BEBIDAS LDA.","foundingDate":"1986-01-01","numberOfEmployees":{"@type":"QuantitativeValue","minValue":"11","maxValue":"50"},"hasMerchantReturnPolicy":{"@type":"MerchantReturnPolicy","merchantReturnLink":"https:\/\/garrafeirapepe.pt\/politica-de-devolucao\/"},"telephone":[],"openingHoursSpecification":[{"@type":"OpeningHoursSpecification","dayOfWeek":["Monday","Tuesday","Wednesday","Thursday","Friday","Saturday","Sunday"],"opens":"09:00","closes":"17:00"}]},{"@type":"ImageObject","inLanguage":"en-US","@id":"https:\/\/garrafeirapepe.pt\/en\/loja\/acessorios-2\/acessorios-copo-riedel-vinum-burgundy-64167-2\/#local-main-organization-logo","url":"https:\/\/garrafeirapepe.pt\/wp-content\/uploads\/2025\/11\/Logo-Vertical-512x512-sem-fundo.png","contentUrl":"https:\/\/garrafeirapepe.pt\/wp-content\/uploads\/2025\/11\/Logo-Vertical-512x512-sem-fundo.png","width":512,"height":512,"caption":"Garrafeira Pepe"}]},"product_price_amount":"59.00","product_price_currency":"EUR","og_availability":"instock","product_availability":"instock","product_retailer_item_id":"COPRVBUR","product_condition":"new"},"_links":{"self":[{"href":"https:\/\/garrafeirapepe.pt\/en\/wp-json\/wp\/v2\/product\/35865","targetHints":{"allow":["GET"]}}],"collection":[{"href":"https:\/\/garrafeirapepe.pt\/en\/wp-json\/wp\/v2\/product"}],"about":[{"href":"https:\/\/garrafeirapepe.pt\/en\/wp-json\/wp\/v2\/types\/product"}],"wp:featuredmedia":[{"embeddable":true,"href":"https:\/\/garrafeirapepe.pt\/en\/wp-json\/wp\/v2\/media\/12031"}],"wp:attachment":[{"href":"https:\/\/garrafeirapepe.pt\/en\/wp-json\/wp\/v2\/media?parent=35865"}],"wp:term":[{"taxonomy":"product_brand","embeddable":true,"href":"https:\/\/garrafeirapepe.pt\/en\/wp-json\/wp\/v2\/product_brand?post=35865"},{"taxonomy":"product_cat","embeddable":true,"href":"https:\/\/garrafeirapepe.pt\/en\/wp-json\/wp\/v2\/product_cat?post=35865"},{"taxonomy":"product_tag","embeddable":true,"href":"https:\/\/garrafeirapepe.pt\/en\/wp-json\/wp\/v2\/product_tag?post=35865"}],"curies":[{"name":"wp","href":"https:\/\/api.w.org\/{rel}","templated":true}]}}