{"id":35903,"date":"2016-03-31T16:18:22","date_gmt":"2016-03-31T16:18:22","guid":{"rendered":"https:\/\/garrafeirapepe.pt\/produto\/garrafeira-vinho-tinto-goncalves-faria-2\/"},"modified":"2024-01-10T17:01:27","modified_gmt":"2024-01-10T17:01:27","slug":"garrafeira-vinho-tinto-goncalves-faria-2","status":"publish","type":"product","link":"https:\/\/garrafeirapepe.pt\/en\/loja\/garrafeira-2\/garrafeira-vinho-tinto-goncalves-faria-2\/","title":{"rendered":"Gon\u00e7alves Faria Red 2013"},"content":{"rendered":"<p>Ant\u00f3nio Maria Gon\u00e7alves Faria was one of the mythical producers of Bairrada in the 1990s. Wines such as Tonel 5 1990 or Reserva 1991 will be forever engraved in Bairrada&#8217;s history. For Dirk Niepoort &#8211; who became the distributor of these wines -, being able to work in these magnificent vineyards is an enormous privilege. Year after year, he tries to produce timeless wines, deep and with character, honoring the late Ant\u00f3nio Maria Gon\u00e7alves Faria and his son Jo\u00e3o Pedro, today responsible for the work in the vineyards.<br \/>Red wine with a beautiful violet color of slight concentration, the aroma is very fine, deep and complex. Notes of forest fruits in harmony with an intense mineral profile, where the chalky notes jump out of the glass. Although very young, it impresses with its harmony, with silky tannins involved in notes of fresh fruit. With enormous structure and power, the whole set is delicate, elegant and very fine, thanks to the freshness of the fruit and the excellent acidity. Refreshing finish, almost salty and very focused on the limestone terroir. A perfect wine to drink again and feel all its harmony, but which will age with greatness.<br \/>We think it is best to try it with dishes with some fat (cod, octopus, black pork) and it goes very well with seafood rice.<\/p>\n<p><font color=\"#ce0000\">AWARDS:<\/font><br \/>ROBERT PARKER 93\/100 PTS<\/p>\n","protected":false},"excerpt":{"rendered":"<p>Ant\u00f3nio Maria Gon\u00e7alves Faria was one of the mythical producers of Bairrada in the 1990s. Wines such as Tonel 5 1990 or Reserva 1991 will be forever engraved in Bairrada&#8217;s history. For Dirk Niepoort &#8211; who became the distributor of these wines -, being able to work in these magnificent vineyards is an enormous privilege. [&hellip;]<\/p>\n","protected":false},"featured_media":12105,"template":"","meta":{"_acf_changed":false},"product_brand":[],"product_cat":[10633,10606],"product_tag":[],"class_list":{"0":"post-35903","1":"product","2":"type-product","3":"status-publish","4":"has-post-thumbnail","6":"product_cat-tinto-vinhos-2","7":"product_cat-garrafeira-2","9":"first","10":"instock","11":"taxable","12":"shipping-taxable","13":"purchasable","14":"product-type-simple"},"acf":[],"yoast_head":"<!-- This site is optimized with the Yoast SEO Premium plugin v27.3 (Yoast SEO v27.3) - https:\/\/yoast.com\/product\/yoast-seo-premium-wordpress\/ -->\n<title>Gon\u00e7alves Faria Red 2013 | Garrafeira Tio Pepe<\/title>\n<meta name=\"description\" content=\"Discover a stunning violet-colored wine with a fine, deep, and complex aroma. Wild berries and intense mineral notes create a harmonious profile. Experience impressive harmony with every sip.\" \/>\n<meta name=\"robots\" content=\"index, follow, max-snippet:-1, max-image-preview:large, max-video-preview:-1\" \/>\n<link rel=\"canonical\" href=\"https:\/\/garrafeirapepe.pt\/en\/loja\/garrafeira-2\/garrafeira-vinho-tinto-goncalves-faria-2\/\" \/>\n<meta property=\"og:locale\" content=\"en_US\" \/>\n<meta property=\"og:type\" content=\"article\" \/>\n<meta property=\"og:title\" content=\"Gon\u00e7alves Faria Red 2013\" \/>\n<meta property=\"og:description\" content=\"Gon\u00e7alves Faria Red 2013 -\" \/>\n<meta property=\"og:url\" content=\"https:\/\/garrafeirapepe.pt\/en\/loja\/garrafeira-2\/garrafeira-vinho-tinto-goncalves-faria-2\/\" \/>\n<meta property=\"og:site_name\" content=\"Garrafeira Pepe\" \/>\n<meta property=\"article:publisher\" content=\"https:\/\/www.facebook.com\/GarrafeiraPepe\" \/>\n<meta property=\"article:modified_time\" content=\"2024-01-10T17:01:27+00:00\" \/>\n<meta property=\"og:image\" content=\"https:\/\/garrafeirapepe.pt\/wp-content\/uploads\/2016\/03\/GONCALVES-FARIA-To-2013.png\" \/>\n\t<meta property=\"og:image:width\" content=\"200\" \/>\n\t<meta property=\"og:image:height\" content=\"768\" \/>\n\t<meta property=\"og:image:type\" content=\"image\/png\" \/>\n<meta name=\"twitter:card\" content=\"summary_large_image\" \/>\n<meta name=\"twitter:label1\" content=\"Price\" \/>\n\t<meta name=\"twitter:data1\" content=\"26.50&euro;\" \/>\n\t<meta name=\"twitter:label2\" content=\"Availability\" \/>\n\t<meta name=\"twitter:data2\" content=\"In stock\" \/>\n<script type=\"application\/ld+json\" class=\"yoast-schema-graph\">{\"@context\":\"https:\\\/\\\/schema.org\",\"@graph\":[{\"@type\":\"WebPage\",\"@id\":\"https:\\\/\\\/garrafeirapepe.pt\\\/en\\\/loja\\\/garrafeira-2\\\/garrafeira-vinho-tinto-goncalves-faria-2\\\/\",\"url\":\"https:\\\/\\\/garrafeirapepe.pt\\\/en\\\/loja\\\/garrafeira-2\\\/garrafeira-vinho-tinto-goncalves-faria-2\\\/\",\"name\":\"Gon\u00e7alves Faria Red 2013 | Garrafeira Tio Pepe\",\"isPartOf\":{\"@id\":\"https:\\\/\\\/garrafeirapepe.pt\\\/en\\\/#website\"},\"primaryImageOfPage\":{\"@id\":\"https:\\\/\\\/garrafeirapepe.pt\\\/en\\\/loja\\\/garrafeira-2\\\/garrafeira-vinho-tinto-goncalves-faria-2\\\/#primaryimage\"},\"image\":{\"@id\":\"https:\\\/\\\/garrafeirapepe.pt\\\/en\\\/loja\\\/garrafeira-2\\\/garrafeira-vinho-tinto-goncalves-faria-2\\\/#primaryimage\"},\"thumbnailUrl\":\"https:\\\/\\\/garrafeirapepe.pt\\\/wp-content\\\/uploads\\\/2016\\\/03\\\/GONCALVES-FARIA-To-2013.png\",\"datePublished\":\"2016-03-31T16:18:22+00:00\",\"dateModified\":\"2024-01-10T17:01:27+00:00\",\"description\":\"Discover a stunning violet-colored wine with a fine, deep, and complex aroma. Wild berries and intense mineral notes create a harmonious profile. Experience impressive harmony with every sip.\",\"breadcrumb\":{\"@id\":\"https:\\\/\\\/garrafeirapepe.pt\\\/en\\\/loja\\\/garrafeira-2\\\/garrafeira-vinho-tinto-goncalves-faria-2\\\/#breadcrumb\"},\"inLanguage\":\"en-US\",\"potentialAction\":[{\"@type\":\"ReadAction\",\"target\":[\"https:\\\/\\\/garrafeirapepe.pt\\\/en\\\/loja\\\/garrafeira-2\\\/garrafeira-vinho-tinto-goncalves-faria-2\\\/\"]}]},{\"@type\":\"ImageObject\",\"inLanguage\":\"en-US\",\"@id\":\"https:\\\/\\\/garrafeirapepe.pt\\\/en\\\/loja\\\/garrafeira-2\\\/garrafeira-vinho-tinto-goncalves-faria-2\\\/#primaryimage\",\"url\":\"https:\\\/\\\/garrafeirapepe.pt\\\/wp-content\\\/uploads\\\/2016\\\/03\\\/GONCALVES-FARIA-To-2013.png\",\"contentUrl\":\"https:\\\/\\\/garrafeirapepe.pt\\\/wp-content\\\/uploads\\\/2016\\\/03\\\/GONCALVES-FARIA-To-2013.png\",\"width\":200,\"height\":768},{\"@type\":\"BreadcrumbList\",\"@id\":\"https:\\\/\\\/garrafeirapepe.pt\\\/en\\\/loja\\\/garrafeira-2\\\/garrafeira-vinho-tinto-goncalves-faria-2\\\/#breadcrumb\",\"itemListElement\":[{\"@type\":\"ListItem\",\"position\":1,\"name\":\"Home\",\"item\":\"https:\\\/\\\/garrafeirapepe.pt\\\/en\\\/\"},{\"@type\":\"ListItem\",\"position\":2,\"name\":\"Store\",\"item\":\"https:\\\/\\\/garrafeirapepe.pt\\\/en\\\/shop\\\/\"},{\"@type\":\"ListItem\",\"position\":3,\"name\":\"Gon\u00e7alves Faria Red 2013\"}]},{\"@type\":\"WebSite\",\"@id\":\"https:\\\/\\\/garrafeirapepe.pt\\\/en\\\/#website\",\"url\":\"https:\\\/\\\/garrafeirapepe.pt\\\/en\\\/\",\"name\":\"Garrafeira Pepe\",\"description\":\"\",\"publisher\":{\"@id\":\"https:\\\/\\\/garrafeirapepe.pt\\\/en\\\/#organization\"},\"potentialAction\":[{\"@type\":\"SearchAction\",\"target\":{\"@type\":\"EntryPoint\",\"urlTemplate\":\"https:\\\/\\\/garrafeirapepe.pt\\\/en\\\/?s={search_term_string}\"},\"query-input\":{\"@type\":\"PropertyValueSpecification\",\"valueRequired\":true,\"valueName\":\"search_term_string\"}}],\"inLanguage\":\"en-US\"},{\"@type\":[\"Organization\",\"Place\"],\"@id\":\"https:\\\/\\\/garrafeirapepe.pt\\\/en\\\/#organization\",\"name\":\"Garrafeira Pepe\",\"url\":\"https:\\\/\\\/garrafeirapepe.pt\\\/en\\\/\",\"logo\":{\"@id\":\"https:\\\/\\\/garrafeirapepe.pt\\\/en\\\/loja\\\/garrafeira-2\\\/garrafeira-vinho-tinto-goncalves-faria-2\\\/#local-main-organization-logo\"},\"image\":{\"@id\":\"https:\\\/\\\/garrafeirapepe.pt\\\/en\\\/loja\\\/garrafeira-2\\\/garrafeira-vinho-tinto-goncalves-faria-2\\\/#local-main-organization-logo\"},\"sameAs\":[\"https:\\\/\\\/www.facebook.com\\\/GarrafeiraPepe\",\"https:\\\/\\\/www.instagram.com\\\/garrafeiratiopepe\\\/\",\"https:\\\/\\\/www.linkedin.com\\\/company\\\/garrafeira-tio-pepe\\\/\"],\"description\":\"Loja On-line ao seu dispor - 40 Anos de experi\u00eancia no sector, 2100 refer\u00eancias ativas e ao seu dispor. Uma das mais conceituadas Garrafeiras de Portugal.\",\"legalName\":\"PUROVINUM COMERCIO DE BEBIDAS LDA.\",\"foundingDate\":\"1986-01-01\",\"numberOfEmployees\":{\"@type\":\"QuantitativeValue\",\"minValue\":\"11\",\"maxValue\":\"50\"},\"hasMerchantReturnPolicy\":{\"@type\":\"MerchantReturnPolicy\",\"merchantReturnLink\":\"https:\\\/\\\/garrafeirapepe.pt\\\/politica-de-devolucao\\\/\"},\"telephone\":[],\"openingHoursSpecification\":[{\"@type\":\"OpeningHoursSpecification\",\"dayOfWeek\":[\"Monday\",\"Tuesday\",\"Wednesday\",\"Thursday\",\"Friday\",\"Saturday\",\"Sunday\"],\"opens\":\"09:00\",\"closes\":\"17:00\"}]},{\"@type\":\"ImageObject\",\"inLanguage\":\"en-US\",\"@id\":\"https:\\\/\\\/garrafeirapepe.pt\\\/en\\\/loja\\\/garrafeira-2\\\/garrafeira-vinho-tinto-goncalves-faria-2\\\/#local-main-organization-logo\",\"url\":\"https:\\\/\\\/garrafeirapepe.pt\\\/wp-content\\\/uploads\\\/2025\\\/11\\\/Logo-Vertical-512x512-sem-fundo.png\",\"contentUrl\":\"https:\\\/\\\/garrafeirapepe.pt\\\/wp-content\\\/uploads\\\/2025\\\/11\\\/Logo-Vertical-512x512-sem-fundo.png\",\"width\":512,\"height\":512,\"caption\":\"Garrafeira Pepe\"}]}<\/script>\n<meta property=\"product:price:amount\" content=\"26.50\" \/>\n<meta property=\"product:price:currency\" content=\"EUR\" \/>\n<meta property=\"og:availability\" content=\"instock\" \/>\n<meta property=\"product:availability\" content=\"instock\" \/>\n<meta property=\"product:retailer_item_id\" content=\"GFT13\" \/>\n<meta property=\"product:condition\" content=\"new\" \/>\n<!-- \/ Yoast SEO Premium plugin. -->","yoast_head_json":{"title":"Gon\u00e7alves Faria Red 2013 | Garrafeira Tio Pepe","description":"Discover a stunning violet-colored wine with a fine, deep, and complex aroma. Wild berries and intense mineral notes create a harmonious profile. Experience impressive harmony with every sip.","robots":{"index":"index","follow":"follow","max-snippet":"max-snippet:-1","max-image-preview":"max-image-preview:large","max-video-preview":"max-video-preview:-1"},"canonical":"https:\/\/garrafeirapepe.pt\/en\/loja\/garrafeira-2\/garrafeira-vinho-tinto-goncalves-faria-2\/","og_locale":"en_US","og_type":"article","og_title":"Gon\u00e7alves Faria Red 2013","og_description":"Gon\u00e7alves Faria Red 2013 -","og_url":"https:\/\/garrafeirapepe.pt\/en\/loja\/garrafeira-2\/garrafeira-vinho-tinto-goncalves-faria-2\/","og_site_name":"Garrafeira Pepe","article_publisher":"https:\/\/www.facebook.com\/GarrafeiraPepe","article_modified_time":"2024-01-10T17:01:27+00:00","og_image":[{"width":200,"height":768,"url":"https:\/\/garrafeirapepe.pt\/wp-content\/uploads\/2016\/03\/GONCALVES-FARIA-To-2013.png","type":"image\/png"}],"twitter_card":"summary_large_image","twitter_misc":{"Price":"26.50&euro;","Availability":"In stock"},"schema":{"@context":"https:\/\/schema.org","@graph":[{"@type":"WebPage","@id":"https:\/\/garrafeirapepe.pt\/en\/loja\/garrafeira-2\/garrafeira-vinho-tinto-goncalves-faria-2\/","url":"https:\/\/garrafeirapepe.pt\/en\/loja\/garrafeira-2\/garrafeira-vinho-tinto-goncalves-faria-2\/","name":"Gon\u00e7alves Faria Red 2013 | Garrafeira Tio Pepe","isPartOf":{"@id":"https:\/\/garrafeirapepe.pt\/en\/#website"},"primaryImageOfPage":{"@id":"https:\/\/garrafeirapepe.pt\/en\/loja\/garrafeira-2\/garrafeira-vinho-tinto-goncalves-faria-2\/#primaryimage"},"image":{"@id":"https:\/\/garrafeirapepe.pt\/en\/loja\/garrafeira-2\/garrafeira-vinho-tinto-goncalves-faria-2\/#primaryimage"},"thumbnailUrl":"https:\/\/garrafeirapepe.pt\/wp-content\/uploads\/2016\/03\/GONCALVES-FARIA-To-2013.png","datePublished":"2016-03-31T16:18:22+00:00","dateModified":"2024-01-10T17:01:27+00:00","description":"Discover a stunning violet-colored wine with a fine, deep, and complex aroma. Wild berries and intense mineral notes create a harmonious profile. Experience impressive harmony with every sip.","breadcrumb":{"@id":"https:\/\/garrafeirapepe.pt\/en\/loja\/garrafeira-2\/garrafeira-vinho-tinto-goncalves-faria-2\/#breadcrumb"},"inLanguage":"en-US","potentialAction":[{"@type":"ReadAction","target":["https:\/\/garrafeirapepe.pt\/en\/loja\/garrafeira-2\/garrafeira-vinho-tinto-goncalves-faria-2\/"]}]},{"@type":"ImageObject","inLanguage":"en-US","@id":"https:\/\/garrafeirapepe.pt\/en\/loja\/garrafeira-2\/garrafeira-vinho-tinto-goncalves-faria-2\/#primaryimage","url":"https:\/\/garrafeirapepe.pt\/wp-content\/uploads\/2016\/03\/GONCALVES-FARIA-To-2013.png","contentUrl":"https:\/\/garrafeirapepe.pt\/wp-content\/uploads\/2016\/03\/GONCALVES-FARIA-To-2013.png","width":200,"height":768},{"@type":"BreadcrumbList","@id":"https:\/\/garrafeirapepe.pt\/en\/loja\/garrafeira-2\/garrafeira-vinho-tinto-goncalves-faria-2\/#breadcrumb","itemListElement":[{"@type":"ListItem","position":1,"name":"Home","item":"https:\/\/garrafeirapepe.pt\/en\/"},{"@type":"ListItem","position":2,"name":"Store","item":"https:\/\/garrafeirapepe.pt\/en\/shop\/"},{"@type":"ListItem","position":3,"name":"Gon\u00e7alves Faria Red 2013"}]},{"@type":"WebSite","@id":"https:\/\/garrafeirapepe.pt\/en\/#website","url":"https:\/\/garrafeirapepe.pt\/en\/","name":"Garrafeira Pepe","description":"","publisher":{"@id":"https:\/\/garrafeirapepe.pt\/en\/#organization"},"potentialAction":[{"@type":"SearchAction","target":{"@type":"EntryPoint","urlTemplate":"https:\/\/garrafeirapepe.pt\/en\/?s={search_term_string}"},"query-input":{"@type":"PropertyValueSpecification","valueRequired":true,"valueName":"search_term_string"}}],"inLanguage":"en-US"},{"@type":["Organization","Place"],"@id":"https:\/\/garrafeirapepe.pt\/en\/#organization","name":"Garrafeira Pepe","url":"https:\/\/garrafeirapepe.pt\/en\/","logo":{"@id":"https:\/\/garrafeirapepe.pt\/en\/loja\/garrafeira-2\/garrafeira-vinho-tinto-goncalves-faria-2\/#local-main-organization-logo"},"image":{"@id":"https:\/\/garrafeirapepe.pt\/en\/loja\/garrafeira-2\/garrafeira-vinho-tinto-goncalves-faria-2\/#local-main-organization-logo"},"sameAs":["https:\/\/www.facebook.com\/GarrafeiraPepe","https:\/\/www.instagram.com\/garrafeiratiopepe\/","https:\/\/www.linkedin.com\/company\/garrafeira-tio-pepe\/"],"description":"Loja On-line ao seu dispor - 40 Anos de experi\u00eancia no sector, 2100 refer\u00eancias ativas e ao seu dispor. Uma das mais conceituadas Garrafeiras de Portugal.","legalName":"PUROVINUM COMERCIO DE BEBIDAS LDA.","foundingDate":"1986-01-01","numberOfEmployees":{"@type":"QuantitativeValue","minValue":"11","maxValue":"50"},"hasMerchantReturnPolicy":{"@type":"MerchantReturnPolicy","merchantReturnLink":"https:\/\/garrafeirapepe.pt\/politica-de-devolucao\/"},"telephone":[],"openingHoursSpecification":[{"@type":"OpeningHoursSpecification","dayOfWeek":["Monday","Tuesday","Wednesday","Thursday","Friday","Saturday","Sunday"],"opens":"09:00","closes":"17:00"}]},{"@type":"ImageObject","inLanguage":"en-US","@id":"https:\/\/garrafeirapepe.pt\/en\/loja\/garrafeira-2\/garrafeira-vinho-tinto-goncalves-faria-2\/#local-main-organization-logo","url":"https:\/\/garrafeirapepe.pt\/wp-content\/uploads\/2025\/11\/Logo-Vertical-512x512-sem-fundo.png","contentUrl":"https:\/\/garrafeirapepe.pt\/wp-content\/uploads\/2025\/11\/Logo-Vertical-512x512-sem-fundo.png","width":512,"height":512,"caption":"Garrafeira Pepe"}]},"product_price_amount":"26.50","product_price_currency":"EUR","og_availability":"instock","product_availability":"instock","product_retailer_item_id":"GFT13","product_condition":"new"},"_links":{"self":[{"href":"https:\/\/garrafeirapepe.pt\/en\/wp-json\/wp\/v2\/product\/35903","targetHints":{"allow":["GET"]}}],"collection":[{"href":"https:\/\/garrafeirapepe.pt\/en\/wp-json\/wp\/v2\/product"}],"about":[{"href":"https:\/\/garrafeirapepe.pt\/en\/wp-json\/wp\/v2\/types\/product"}],"wp:featuredmedia":[{"embeddable":true,"href":"https:\/\/garrafeirapepe.pt\/en\/wp-json\/wp\/v2\/media\/12105"}],"wp:attachment":[{"href":"https:\/\/garrafeirapepe.pt\/en\/wp-json\/wp\/v2\/media?parent=35903"}],"wp:term":[{"taxonomy":"product_brand","embeddable":true,"href":"https:\/\/garrafeirapepe.pt\/en\/wp-json\/wp\/v2\/product_brand?post=35903"},{"taxonomy":"product_cat","embeddable":true,"href":"https:\/\/garrafeirapepe.pt\/en\/wp-json\/wp\/v2\/product_cat?post=35903"},{"taxonomy":"product_tag","embeddable":true,"href":"https:\/\/garrafeirapepe.pt\/en\/wp-json\/wp\/v2\/product_tag?post=35903"}],"curies":[{"name":"wp","href":"https:\/\/api.w.org\/{rel}","templated":true}]}}