{"id":38109,"date":"2019-09-14T10:35:26","date_gmt":"2019-09-14T09:35:26","guid":{"rendered":"https:\/\/garrafeirapepe.pt\/produto\/acessorios-riedel-copo-tumbler-syrah-pack-2\/"},"modified":"2026-03-25T19:47:08","modified_gmt":"2026-03-25T19:47:08","slug":"acessorios-riedel-copo-tumbler-syrah-pack-2","status":"publish","type":"product","link":"https:\/\/garrafeirapepe.pt\/en\/loja\/uncategorized\/acessorios-riedel-copo-tumbler-syrah-pack-2\/","title":{"rendered":"Copo Riedel &#8220;O&#8221; Tumbler Syrah Paga 3 Leva 4"},"content":{"rendered":"<p><span class=\"tlid-translation translation\" lang=\"en\"><span title=\"\" class=\"\">The <a href=\"https:\/\/riedel.portfoliovinhos.pt\/produtos\/show.aspx?idcont=RIED414%2F30&amp;title=riedel-o-syrah-41430&amp;idioma=pt\">RIEDEL \u201cO\u201d WINE TUMBLER<\/a> (2004) collection is the first ever range of wine glasses without legs, specific to each variety.<\/span> <span title=\"\">This collection is inspired by the reference formats of the RIEDEL VINUM range to highlight the world&#8217;s most prominent grape varieties.<\/span> <span title=\"\">The footless glass, used for centuries as a multipurpose beverage container, is now transformed into a sophisticated wine accessory.<\/span> <span title=\"\">The cups in this collection fit any dishwasher.<\/span><\/p>\n<p><span title=\"\">Height: 13.2 cm<\/span><\/p>\n<p><span title=\"\">Capacity: 620 ccm<\/span><\/p>\n<p><span title=\"\">Grape varieties: Amarone, Barbera, Blaufr\u00e4nkisch, Cahors, Cannonau, Carignan, Carmen\u00e8re, Ch\u00e2teauneuf-du-Pape, Cornas, C\u00f4te R\u00f4tie, C\u00f4tes du Rh\u00f4ne Rouge, C\u00f4tes du Roussillon, C\u00f4tes du Ventoux, Crozes Hermitage, Grenache \/ Garnacha, Hermit<\/span> <span title=\"\">), Madiran, Malbec.dry)<\/span><\/span><\/p>\n","protected":false},"excerpt":{"rendered":"<p>The RIEDEL \u201cO\u201d WINE TUMBLER (2004) collection is the first ever range of wine glasses without legs, specific to each variety. This collection is inspired by the reference formats of the RIEDEL VINUM range to highlight the world&#8217;s most prominent grape varieties. The footless glass, used for centuries as a multipurpose beverage container, is now [&hellip;]<\/p>\n","protected":false},"featured_media":16511,"template":"","meta":{"_acf_changed":false},"product_brand":[10321],"product_cat":[],"product_tag":[16622,12651,16623,16546,16624],"class_list":{"0":"post-38109","1":"product","2":"type-product","3":"status-publish","4":"has-post-thumbnail","6":"product_brand-riedel","7":"product_tag-ridelglass","8":"product_tag-riedel","9":"product_tag-riedeltumbler","10":"product_tag-syrahglass","11":"product_tag-tumblerglass","13":"first","14":"outofstock","15":"taxable","16":"shipping-taxable","17":"purchasable","18":"product-type-simple"},"acf":[],"yoast_head":"<!-- This site is optimized with the Yoast SEO Premium plugin v27.3 (Yoast SEO v27.3) - https:\/\/yoast.com\/product\/yoast-seo-premium-wordpress\/ -->\n<title>Copo Riedel &amp;Quot;O&amp;Quot; Tumbler Syrah Paga 3 Leva 4 | Garrafeira Tio Pepe<\/title>\n<meta name=\"description\" content=\"Discover the revolutionary Riedel &quot;O&quot; Wine Tumbler Collection - the first legless wine glasses designed for every variety. Elevate your wine experience today!\" \/>\n<meta name=\"robots\" content=\"index, follow, max-snippet:-1, max-image-preview:large, max-video-preview:-1\" \/>\n<link rel=\"canonical\" href=\"https:\/\/garrafeirapepe.pt\/en\/loja\/uncategorized\/acessorios-riedel-copo-tumbler-syrah-pack-2\/\" \/>\n<meta property=\"og:locale\" content=\"en_US\" \/>\n<meta property=\"og:type\" content=\"article\" \/>\n<meta property=\"og:title\" content=\"Copo Riedel &quot;O&quot; Tumbler Syrah Paga 3 Leva 4\" \/>\n<meta property=\"og:description\" content=\"Copo Riedel &quot;O&quot; Tumbler Syrah Paga 3 Leva 4 -\" \/>\n<meta property=\"og:url\" content=\"https:\/\/garrafeirapepe.pt\/en\/loja\/uncategorized\/acessorios-riedel-copo-tumbler-syrah-pack-2\/\" \/>\n<meta property=\"og:site_name\" content=\"Garrafeira Pepe\" \/>\n<meta property=\"article:publisher\" content=\"https:\/\/www.facebook.com\/GarrafeiraPepe\" \/>\n<meta property=\"article:modified_time\" content=\"2026-03-25T19:47:08+00:00\" \/>\n<meta property=\"og:image\" content=\"https:\/\/garrafeirapepe.pt\/wp-content\/uploads\/2019\/09\/COPO-RIEDEL-O-TUMBLER-SYRAH-PACK.png\" \/>\n\t<meta property=\"og:image:width\" content=\"943\" \/>\n\t<meta property=\"og:image:height\" content=\"929\" \/>\n\t<meta property=\"og:image:type\" content=\"image\/png\" \/>\n<meta name=\"twitter:card\" content=\"summary_large_image\" \/>\n<meta name=\"twitter:label1\" content=\"Price\" \/>\n\t<meta name=\"twitter:data1\" content=\"11.50&euro;\" \/>\n\t<meta name=\"twitter:label2\" content=\"Availability\" \/>\n\t<meta name=\"twitter:data2\" content=\"Out of stock\" \/>\n<script type=\"application\/ld+json\" class=\"yoast-schema-graph\">{\"@context\":\"https:\\\/\\\/schema.org\",\"@graph\":[{\"@type\":\"WebPage\",\"@id\":\"https:\\\/\\\/garrafeirapepe.pt\\\/en\\\/loja\\\/uncategorized\\\/acessorios-riedel-copo-tumbler-syrah-pack-2\\\/\",\"url\":\"https:\\\/\\\/garrafeirapepe.pt\\\/en\\\/loja\\\/uncategorized\\\/acessorios-riedel-copo-tumbler-syrah-pack-2\\\/\",\"name\":\"Copo Riedel &Quot;O&Quot; Tumbler Syrah Paga 3 Leva 4 | Garrafeira Tio Pepe\",\"isPartOf\":{\"@id\":\"https:\\\/\\\/garrafeirapepe.pt\\\/en\\\/#website\"},\"primaryImageOfPage\":{\"@id\":\"https:\\\/\\\/garrafeirapepe.pt\\\/en\\\/loja\\\/uncategorized\\\/acessorios-riedel-copo-tumbler-syrah-pack-2\\\/#primaryimage\"},\"image\":{\"@id\":\"https:\\\/\\\/garrafeirapepe.pt\\\/en\\\/loja\\\/uncategorized\\\/acessorios-riedel-copo-tumbler-syrah-pack-2\\\/#primaryimage\"},\"thumbnailUrl\":\"https:\\\/\\\/garrafeirapepe.pt\\\/wp-content\\\/uploads\\\/2019\\\/09\\\/COPO-RIEDEL-O-TUMBLER-SYRAH-PACK.png\",\"datePublished\":\"2019-09-14T09:35:26+00:00\",\"dateModified\":\"2026-03-25T19:47:08+00:00\",\"description\":\"Discover the revolutionary Riedel \\\"O\\\" Wine Tumbler Collection - the first legless wine glasses designed for every variety. Elevate your wine experience today!\",\"breadcrumb\":{\"@id\":\"https:\\\/\\\/garrafeirapepe.pt\\\/en\\\/loja\\\/uncategorized\\\/acessorios-riedel-copo-tumbler-syrah-pack-2\\\/#breadcrumb\"},\"inLanguage\":\"en-US\",\"potentialAction\":[{\"@type\":\"ReadAction\",\"target\":[\"https:\\\/\\\/garrafeirapepe.pt\\\/en\\\/loja\\\/uncategorized\\\/acessorios-riedel-copo-tumbler-syrah-pack-2\\\/\"]}]},{\"@type\":\"ImageObject\",\"inLanguage\":\"en-US\",\"@id\":\"https:\\\/\\\/garrafeirapepe.pt\\\/en\\\/loja\\\/uncategorized\\\/acessorios-riedel-copo-tumbler-syrah-pack-2\\\/#primaryimage\",\"url\":\"https:\\\/\\\/garrafeirapepe.pt\\\/wp-content\\\/uploads\\\/2019\\\/09\\\/COPO-RIEDEL-O-TUMBLER-SYRAH-PACK.png\",\"contentUrl\":\"https:\\\/\\\/garrafeirapepe.pt\\\/wp-content\\\/uploads\\\/2019\\\/09\\\/COPO-RIEDEL-O-TUMBLER-SYRAH-PACK.png\",\"width\":943,\"height\":929},{\"@type\":\"BreadcrumbList\",\"@id\":\"https:\\\/\\\/garrafeirapepe.pt\\\/en\\\/loja\\\/uncategorized\\\/acessorios-riedel-copo-tumbler-syrah-pack-2\\\/#breadcrumb\",\"itemListElement\":[{\"@type\":\"ListItem\",\"position\":1,\"name\":\"Home\",\"item\":\"https:\\\/\\\/garrafeirapepe.pt\\\/en\\\/\"},{\"@type\":\"ListItem\",\"position\":2,\"name\":\"Store\",\"item\":\"https:\\\/\\\/garrafeirapepe.pt\\\/en\\\/shop\\\/\"},{\"@type\":\"ListItem\",\"position\":3,\"name\":\"Copo Riedel &#8220;O&#8221; Tumbler Syrah Paga 3 Leva 4\"}]},{\"@type\":\"WebSite\",\"@id\":\"https:\\\/\\\/garrafeirapepe.pt\\\/en\\\/#website\",\"url\":\"https:\\\/\\\/garrafeirapepe.pt\\\/en\\\/\",\"name\":\"Garrafeira Pepe\",\"description\":\"\",\"publisher\":{\"@id\":\"https:\\\/\\\/garrafeirapepe.pt\\\/en\\\/#organization\"},\"potentialAction\":[{\"@type\":\"SearchAction\",\"target\":{\"@type\":\"EntryPoint\",\"urlTemplate\":\"https:\\\/\\\/garrafeirapepe.pt\\\/en\\\/?s={search_term_string}\"},\"query-input\":{\"@type\":\"PropertyValueSpecification\",\"valueRequired\":true,\"valueName\":\"search_term_string\"}}],\"inLanguage\":\"en-US\"},{\"@type\":[\"Organization\",\"Place\"],\"@id\":\"https:\\\/\\\/garrafeirapepe.pt\\\/en\\\/#organization\",\"name\":\"Garrafeira Pepe\",\"url\":\"https:\\\/\\\/garrafeirapepe.pt\\\/en\\\/\",\"logo\":{\"@id\":\"https:\\\/\\\/garrafeirapepe.pt\\\/en\\\/loja\\\/uncategorized\\\/acessorios-riedel-copo-tumbler-syrah-pack-2\\\/#local-main-organization-logo\"},\"image\":{\"@id\":\"https:\\\/\\\/garrafeirapepe.pt\\\/en\\\/loja\\\/uncategorized\\\/acessorios-riedel-copo-tumbler-syrah-pack-2\\\/#local-main-organization-logo\"},\"sameAs\":[\"https:\\\/\\\/www.facebook.com\\\/GarrafeiraPepe\",\"https:\\\/\\\/www.instagram.com\\\/garrafeiratiopepe\\\/\",\"https:\\\/\\\/www.linkedin.com\\\/company\\\/garrafeira-tio-pepe\\\/\"],\"description\":\"Loja On-line ao seu dispor - 40 Anos de experi\u00eancia no sector, 2100 refer\u00eancias ativas e ao seu dispor. Uma das mais conceituadas Garrafeiras de Portugal.\",\"legalName\":\"PUROVINUM COMERCIO DE BEBIDAS LDA.\",\"foundingDate\":\"1986-01-01\",\"numberOfEmployees\":{\"@type\":\"QuantitativeValue\",\"minValue\":\"11\",\"maxValue\":\"50\"},\"hasMerchantReturnPolicy\":{\"@type\":\"MerchantReturnPolicy\",\"merchantReturnLink\":\"https:\\\/\\\/garrafeirapepe.pt\\\/politica-de-devolucao\\\/\"},\"telephone\":[],\"openingHoursSpecification\":[{\"@type\":\"OpeningHoursSpecification\",\"dayOfWeek\":[\"Monday\",\"Tuesday\",\"Wednesday\",\"Thursday\",\"Friday\",\"Saturday\",\"Sunday\"],\"opens\":\"09:00\",\"closes\":\"17:00\"}]},{\"@type\":\"ImageObject\",\"inLanguage\":\"en-US\",\"@id\":\"https:\\\/\\\/garrafeirapepe.pt\\\/en\\\/loja\\\/uncategorized\\\/acessorios-riedel-copo-tumbler-syrah-pack-2\\\/#local-main-organization-logo\",\"url\":\"https:\\\/\\\/garrafeirapepe.pt\\\/wp-content\\\/uploads\\\/2025\\\/11\\\/Logo-Vertical-512x512-sem-fundo.png\",\"contentUrl\":\"https:\\\/\\\/garrafeirapepe.pt\\\/wp-content\\\/uploads\\\/2025\\\/11\\\/Logo-Vertical-512x512-sem-fundo.png\",\"width\":512,\"height\":512,\"caption\":\"Garrafeira Pepe\"}]}<\/script>\n<meta property=\"product:brand\" content=\"Riedel\" \/>\n<meta property=\"product:price:amount\" content=\"11.50\" \/>\n<meta property=\"product:price:currency\" content=\"EUR\" \/>\n<meta property=\"og:availability\" content=\"out of stock\" \/>\n<meta property=\"product:availability\" content=\"out of stock\" \/>\n<meta property=\"product:retailer_item_id\" content=\"COPROS\" \/>\n<meta property=\"product:condition\" content=\"new\" \/>\n<!-- \/ Yoast SEO Premium plugin. -->","yoast_head_json":{"title":"Copo Riedel &Quot;O&Quot; Tumbler Syrah Paga 3 Leva 4 | Garrafeira Tio Pepe","description":"Discover the revolutionary Riedel \"O\" Wine Tumbler Collection - the first legless wine glasses designed for every variety. Elevate your wine experience today!","robots":{"index":"index","follow":"follow","max-snippet":"max-snippet:-1","max-image-preview":"max-image-preview:large","max-video-preview":"max-video-preview:-1"},"canonical":"https:\/\/garrafeirapepe.pt\/en\/loja\/uncategorized\/acessorios-riedel-copo-tumbler-syrah-pack-2\/","og_locale":"en_US","og_type":"article","og_title":"Copo Riedel \"O\" Tumbler Syrah Paga 3 Leva 4","og_description":"Copo Riedel \"O\" Tumbler Syrah Paga 3 Leva 4 -","og_url":"https:\/\/garrafeirapepe.pt\/en\/loja\/uncategorized\/acessorios-riedel-copo-tumbler-syrah-pack-2\/","og_site_name":"Garrafeira Pepe","article_publisher":"https:\/\/www.facebook.com\/GarrafeiraPepe","article_modified_time":"2026-03-25T19:47:08+00:00","og_image":[{"width":943,"height":929,"url":"https:\/\/garrafeirapepe.pt\/wp-content\/uploads\/2019\/09\/COPO-RIEDEL-O-TUMBLER-SYRAH-PACK.png","type":"image\/png"}],"twitter_card":"summary_large_image","twitter_misc":{"Price":"11.50&euro;","Availability":"Out of stock"},"schema":{"@context":"https:\/\/schema.org","@graph":[{"@type":"WebPage","@id":"https:\/\/garrafeirapepe.pt\/en\/loja\/uncategorized\/acessorios-riedel-copo-tumbler-syrah-pack-2\/","url":"https:\/\/garrafeirapepe.pt\/en\/loja\/uncategorized\/acessorios-riedel-copo-tumbler-syrah-pack-2\/","name":"Copo Riedel &Quot;O&Quot; Tumbler Syrah Paga 3 Leva 4 | Garrafeira Tio Pepe","isPartOf":{"@id":"https:\/\/garrafeirapepe.pt\/en\/#website"},"primaryImageOfPage":{"@id":"https:\/\/garrafeirapepe.pt\/en\/loja\/uncategorized\/acessorios-riedel-copo-tumbler-syrah-pack-2\/#primaryimage"},"image":{"@id":"https:\/\/garrafeirapepe.pt\/en\/loja\/uncategorized\/acessorios-riedel-copo-tumbler-syrah-pack-2\/#primaryimage"},"thumbnailUrl":"https:\/\/garrafeirapepe.pt\/wp-content\/uploads\/2019\/09\/COPO-RIEDEL-O-TUMBLER-SYRAH-PACK.png","datePublished":"2019-09-14T09:35:26+00:00","dateModified":"2026-03-25T19:47:08+00:00","description":"Discover the revolutionary Riedel \"O\" Wine Tumbler Collection - the first legless wine glasses designed for every variety. Elevate your wine experience today!","breadcrumb":{"@id":"https:\/\/garrafeirapepe.pt\/en\/loja\/uncategorized\/acessorios-riedel-copo-tumbler-syrah-pack-2\/#breadcrumb"},"inLanguage":"en-US","potentialAction":[{"@type":"ReadAction","target":["https:\/\/garrafeirapepe.pt\/en\/loja\/uncategorized\/acessorios-riedel-copo-tumbler-syrah-pack-2\/"]}]},{"@type":"ImageObject","inLanguage":"en-US","@id":"https:\/\/garrafeirapepe.pt\/en\/loja\/uncategorized\/acessorios-riedel-copo-tumbler-syrah-pack-2\/#primaryimage","url":"https:\/\/garrafeirapepe.pt\/wp-content\/uploads\/2019\/09\/COPO-RIEDEL-O-TUMBLER-SYRAH-PACK.png","contentUrl":"https:\/\/garrafeirapepe.pt\/wp-content\/uploads\/2019\/09\/COPO-RIEDEL-O-TUMBLER-SYRAH-PACK.png","width":943,"height":929},{"@type":"BreadcrumbList","@id":"https:\/\/garrafeirapepe.pt\/en\/loja\/uncategorized\/acessorios-riedel-copo-tumbler-syrah-pack-2\/#breadcrumb","itemListElement":[{"@type":"ListItem","position":1,"name":"Home","item":"https:\/\/garrafeirapepe.pt\/en\/"},{"@type":"ListItem","position":2,"name":"Store","item":"https:\/\/garrafeirapepe.pt\/en\/shop\/"},{"@type":"ListItem","position":3,"name":"Copo Riedel &#8220;O&#8221; Tumbler Syrah Paga 3 Leva 4"}]},{"@type":"WebSite","@id":"https:\/\/garrafeirapepe.pt\/en\/#website","url":"https:\/\/garrafeirapepe.pt\/en\/","name":"Garrafeira Pepe","description":"","publisher":{"@id":"https:\/\/garrafeirapepe.pt\/en\/#organization"},"potentialAction":[{"@type":"SearchAction","target":{"@type":"EntryPoint","urlTemplate":"https:\/\/garrafeirapepe.pt\/en\/?s={search_term_string}"},"query-input":{"@type":"PropertyValueSpecification","valueRequired":true,"valueName":"search_term_string"}}],"inLanguage":"en-US"},{"@type":["Organization","Place"],"@id":"https:\/\/garrafeirapepe.pt\/en\/#organization","name":"Garrafeira Pepe","url":"https:\/\/garrafeirapepe.pt\/en\/","logo":{"@id":"https:\/\/garrafeirapepe.pt\/en\/loja\/uncategorized\/acessorios-riedel-copo-tumbler-syrah-pack-2\/#local-main-organization-logo"},"image":{"@id":"https:\/\/garrafeirapepe.pt\/en\/loja\/uncategorized\/acessorios-riedel-copo-tumbler-syrah-pack-2\/#local-main-organization-logo"},"sameAs":["https:\/\/www.facebook.com\/GarrafeiraPepe","https:\/\/www.instagram.com\/garrafeiratiopepe\/","https:\/\/www.linkedin.com\/company\/garrafeira-tio-pepe\/"],"description":"Loja On-line ao seu dispor - 40 Anos de experi\u00eancia no sector, 2100 refer\u00eancias ativas e ao seu dispor. Uma das mais conceituadas Garrafeiras de Portugal.","legalName":"PUROVINUM COMERCIO DE BEBIDAS LDA.","foundingDate":"1986-01-01","numberOfEmployees":{"@type":"QuantitativeValue","minValue":"11","maxValue":"50"},"hasMerchantReturnPolicy":{"@type":"MerchantReturnPolicy","merchantReturnLink":"https:\/\/garrafeirapepe.pt\/politica-de-devolucao\/"},"telephone":[],"openingHoursSpecification":[{"@type":"OpeningHoursSpecification","dayOfWeek":["Monday","Tuesday","Wednesday","Thursday","Friday","Saturday","Sunday"],"opens":"09:00","closes":"17:00"}]},{"@type":"ImageObject","inLanguage":"en-US","@id":"https:\/\/garrafeirapepe.pt\/en\/loja\/uncategorized\/acessorios-riedel-copo-tumbler-syrah-pack-2\/#local-main-organization-logo","url":"https:\/\/garrafeirapepe.pt\/wp-content\/uploads\/2025\/11\/Logo-Vertical-512x512-sem-fundo.png","contentUrl":"https:\/\/garrafeirapepe.pt\/wp-content\/uploads\/2025\/11\/Logo-Vertical-512x512-sem-fundo.png","width":512,"height":512,"caption":"Garrafeira Pepe"}]},"product_brand":"Riedel","product_price_amount":"11.50","product_price_currency":"EUR","og_availability":"out of stock","product_availability":"out of stock","product_retailer_item_id":"COPROS","product_condition":"new"},"_links":{"self":[{"href":"https:\/\/garrafeirapepe.pt\/en\/wp-json\/wp\/v2\/product\/38109","targetHints":{"allow":["GET"]}}],"collection":[{"href":"https:\/\/garrafeirapepe.pt\/en\/wp-json\/wp\/v2\/product"}],"about":[{"href":"https:\/\/garrafeirapepe.pt\/en\/wp-json\/wp\/v2\/types\/product"}],"wp:featuredmedia":[{"embeddable":true,"href":"https:\/\/garrafeirapepe.pt\/en\/wp-json\/wp\/v2\/media\/16511"}],"wp:attachment":[{"href":"https:\/\/garrafeirapepe.pt\/en\/wp-json\/wp\/v2\/media?parent=38109"}],"wp:term":[{"taxonomy":"product_brand","embeddable":true,"href":"https:\/\/garrafeirapepe.pt\/en\/wp-json\/wp\/v2\/product_brand?post=38109"},{"taxonomy":"product_cat","embeddable":true,"href":"https:\/\/garrafeirapepe.pt\/en\/wp-json\/wp\/v2\/product_cat?post=38109"},{"taxonomy":"product_tag","embeddable":true,"href":"https:\/\/garrafeirapepe.pt\/en\/wp-json\/wp\/v2\/product_tag?post=38109"}],"curies":[{"name":"wp","href":"https:\/\/api.w.org\/{rel}","templated":true}]}}