{"id":38391,"date":"2020-01-08T18:02:08","date_gmt":"2020-01-08T18:02:08","guid":{"rendered":"https:\/\/garrafeirapepe.pt\/produto\/vinho-branco-discordia-reserva-2\/"},"modified":"2026-03-25T19:30:06","modified_gmt":"2026-03-25T19:30:06","slug":"vinho-branco-discordia-reserva-2","status":"publish","type":"product","link":"https:\/\/garrafeirapepe.pt\/en\/loja\/uncategorized\/vinho-branco-discordia-reserva-2\/","title":{"rendered":"Disc\u00f3rdia Reserva White 2020"},"content":{"rendered":"<p>The first act began in 2009 when Paulo Alho&#8217;s family decided to buy Herdade Vale d\u2019 \u00c9vora, in the lower Alentejo, they make the sea and fish from Sesimbra.<br \/>Above all, they were fascinated by the vast wild plain and the native hunting sanctuary that those wild lands of M\u00e9rtola still offer.<br \/>Planting vines came next, an almost immediate second act, in a tone of provocation to the harsh nature of the place or in homage to the Epicurean life, of which wine is a great ally. Meeting, joy and sharing among friends is a way of being for the family in that Alentejo that is even more appealing.<br \/>Next, in early 2017, Paulo Alho&#8217;s brother gave his share to a family friend, V\u00edtor Pereira. Born in Vila Nova de Famalic\u00e3o, V\u00edtor and his wife, F\u00e1tima Martins, invested in the south and brought new energy to the project, without losing sight of the initial inspiration: the passion for wine, hunting and the finer things in life.<br \/>A blend of Arinto (65%) and other grape varieties, made with fermentation and partial aging in 500 liter French oak barrels, by winemaker Filipe Sevinate Pinto.<\/p>\n<p><span class=\"tlid-translation translation\" lang=\"en\"><span title=\"\" class=\"\"><br \/><\/span><\/span><\/p>\n","protected":false},"excerpt":{"rendered":"<p>The first act began in 2009 when Paulo Alho&#8217;s family decided to buy Herdade Vale d\u2019 \u00c9vora, in the lower Alentejo, they make the sea and fish from Sesimbra.Above all, they were fascinated by the vast wild plain and the native hunting sanctuary that those wild lands of M\u00e9rtola still offer.Planting vines came next, an [&hellip;]<\/p>\n","protected":false},"featured_media":17065,"template":"","meta":{"_acf_changed":false},"product_brand":[10271],"product_cat":[],"product_tag":[],"class_list":{"0":"post-38391","1":"product","2":"type-product","3":"status-publish","4":"has-post-thumbnail","6":"product_brand-herdade-vale-d-evora","8":"first","9":"outofstock","10":"taxable","11":"shipping-taxable","12":"purchasable","13":"product-type-simple"},"acf":[],"yoast_head":"<!-- This site is optimized with the Yoast SEO Premium plugin v27.3 (Yoast SEO v27.3) - https:\/\/yoast.com\/product\/yoast-seo-premium-wordpress\/ -->\n<title>Disc\u00f3rdia Reserva White 2020 | Garrafeira Tio Pepe<\/title>\n<meta name=\"description\" content=\"Discover a refreshing blend of Arinto and other grape varieties. Citrus color, lime notes, and a unique minerality. Structured, fresh, and a long finish. Try it now!\" \/>\n<meta name=\"robots\" content=\"index, follow, max-snippet:-1, max-image-preview:large, max-video-preview:-1\" \/>\n<link rel=\"canonical\" href=\"https:\/\/garrafeirapepe.pt\/en\/loja\/uncategorized\/vinho-branco-discordia-reserva-2\/\" \/>\n<meta property=\"og:locale\" content=\"en_US\" \/>\n<meta property=\"og:type\" content=\"article\" \/>\n<meta property=\"og:title\" content=\"Disc\u00f3rdia Reserva White 2020\" \/>\n<meta property=\"og:description\" content=\"Disc\u00f3rdia Reserva White 2020 -\" \/>\n<meta property=\"og:url\" content=\"https:\/\/garrafeirapepe.pt\/en\/loja\/uncategorized\/vinho-branco-discordia-reserva-2\/\" \/>\n<meta property=\"og:site_name\" content=\"Garrafeira Pepe\" \/>\n<meta property=\"article:publisher\" content=\"https:\/\/www.facebook.com\/GarrafeiraPepe\" \/>\n<meta property=\"article:modified_time\" content=\"2026-03-25T19:30:06+00:00\" \/>\n<meta property=\"og:image\" content=\"https:\/\/garrafeirapepe.pt\/wp-content\/uploads\/2020\/01\/discordia-reserva.jpg\" \/>\n\t<meta property=\"og:image:width\" content=\"238\" \/>\n\t<meta property=\"og:image:height\" content=\"575\" \/>\n\t<meta property=\"og:image:type\" content=\"image\/jpeg\" \/>\n<meta name=\"twitter:card\" content=\"summary_large_image\" \/>\n<meta name=\"twitter:label1\" content=\"Price\" \/>\n\t<meta name=\"twitter:data1\" content=\"19.90&euro;\" \/>\n\t<meta name=\"twitter:label2\" content=\"Availability\" \/>\n\t<meta name=\"twitter:data2\" content=\"Out of stock\" \/>\n<script type=\"application\/ld+json\" class=\"yoast-schema-graph\">{\"@context\":\"https:\\\/\\\/schema.org\",\"@graph\":[{\"@type\":\"WebPage\",\"@id\":\"https:\\\/\\\/garrafeirapepe.pt\\\/en\\\/loja\\\/uncategorized\\\/vinho-branco-discordia-reserva-2\\\/\",\"url\":\"https:\\\/\\\/garrafeirapepe.pt\\\/en\\\/loja\\\/uncategorized\\\/vinho-branco-discordia-reserva-2\\\/\",\"name\":\"Disc\u00f3rdia Reserva White 2020 | Garrafeira Tio Pepe\",\"isPartOf\":{\"@id\":\"https:\\\/\\\/garrafeirapepe.pt\\\/en\\\/#website\"},\"primaryImageOfPage\":{\"@id\":\"https:\\\/\\\/garrafeirapepe.pt\\\/en\\\/loja\\\/uncategorized\\\/vinho-branco-discordia-reserva-2\\\/#primaryimage\"},\"image\":{\"@id\":\"https:\\\/\\\/garrafeirapepe.pt\\\/en\\\/loja\\\/uncategorized\\\/vinho-branco-discordia-reserva-2\\\/#primaryimage\"},\"thumbnailUrl\":\"https:\\\/\\\/garrafeirapepe.pt\\\/wp-content\\\/uploads\\\/2020\\\/01\\\/discordia-reserva.jpg\",\"datePublished\":\"2020-01-08T18:02:08+00:00\",\"dateModified\":\"2026-03-25T19:30:06+00:00\",\"description\":\"Discover a refreshing blend of Arinto and other grape varieties. Citrus color, lime notes, and a unique minerality. Structured, fresh, and a long finish. Try it now!\",\"breadcrumb\":{\"@id\":\"https:\\\/\\\/garrafeirapepe.pt\\\/en\\\/loja\\\/uncategorized\\\/vinho-branco-discordia-reserva-2\\\/#breadcrumb\"},\"inLanguage\":\"en-US\",\"potentialAction\":[{\"@type\":\"ReadAction\",\"target\":[\"https:\\\/\\\/garrafeirapepe.pt\\\/en\\\/loja\\\/uncategorized\\\/vinho-branco-discordia-reserva-2\\\/\"]}]},{\"@type\":\"ImageObject\",\"inLanguage\":\"en-US\",\"@id\":\"https:\\\/\\\/garrafeirapepe.pt\\\/en\\\/loja\\\/uncategorized\\\/vinho-branco-discordia-reserva-2\\\/#primaryimage\",\"url\":\"https:\\\/\\\/garrafeirapepe.pt\\\/wp-content\\\/uploads\\\/2020\\\/01\\\/discordia-reserva.jpg\",\"contentUrl\":\"https:\\\/\\\/garrafeirapepe.pt\\\/wp-content\\\/uploads\\\/2020\\\/01\\\/discordia-reserva.jpg\",\"width\":238,\"height\":575},{\"@type\":\"BreadcrumbList\",\"@id\":\"https:\\\/\\\/garrafeirapepe.pt\\\/en\\\/loja\\\/uncategorized\\\/vinho-branco-discordia-reserva-2\\\/#breadcrumb\",\"itemListElement\":[{\"@type\":\"ListItem\",\"position\":1,\"name\":\"Home\",\"item\":\"https:\\\/\\\/garrafeirapepe.pt\\\/en\\\/\"},{\"@type\":\"ListItem\",\"position\":2,\"name\":\"Store\",\"item\":\"https:\\\/\\\/garrafeirapepe.pt\\\/en\\\/shop\\\/\"},{\"@type\":\"ListItem\",\"position\":3,\"name\":\"Disc\u00f3rdia Reserva White 2020\"}]},{\"@type\":\"WebSite\",\"@id\":\"https:\\\/\\\/garrafeirapepe.pt\\\/en\\\/#website\",\"url\":\"https:\\\/\\\/garrafeirapepe.pt\\\/en\\\/\",\"name\":\"Garrafeira Pepe\",\"description\":\"\",\"publisher\":{\"@id\":\"https:\\\/\\\/garrafeirapepe.pt\\\/en\\\/#organization\"},\"potentialAction\":[{\"@type\":\"SearchAction\",\"target\":{\"@type\":\"EntryPoint\",\"urlTemplate\":\"https:\\\/\\\/garrafeirapepe.pt\\\/en\\\/?s={search_term_string}\"},\"query-input\":{\"@type\":\"PropertyValueSpecification\",\"valueRequired\":true,\"valueName\":\"search_term_string\"}}],\"inLanguage\":\"en-US\"},{\"@type\":[\"Organization\",\"Place\"],\"@id\":\"https:\\\/\\\/garrafeirapepe.pt\\\/en\\\/#organization\",\"name\":\"Garrafeira Pepe\",\"url\":\"https:\\\/\\\/garrafeirapepe.pt\\\/en\\\/\",\"logo\":{\"@id\":\"https:\\\/\\\/garrafeirapepe.pt\\\/en\\\/loja\\\/uncategorized\\\/vinho-branco-discordia-reserva-2\\\/#local-main-organization-logo\"},\"image\":{\"@id\":\"https:\\\/\\\/garrafeirapepe.pt\\\/en\\\/loja\\\/uncategorized\\\/vinho-branco-discordia-reserva-2\\\/#local-main-organization-logo\"},\"sameAs\":[\"https:\\\/\\\/www.facebook.com\\\/GarrafeiraPepe\",\"https:\\\/\\\/www.instagram.com\\\/garrafeiratiopepe\\\/\",\"https:\\\/\\\/www.linkedin.com\\\/company\\\/garrafeira-tio-pepe\\\/\"],\"description\":\"Loja On-line ao seu dispor - 40 Anos de experi\u00eancia no sector, 2100 refer\u00eancias ativas e ao seu dispor. Uma das mais conceituadas Garrafeiras de Portugal.\",\"legalName\":\"PUROVINUM COMERCIO DE BEBIDAS LDA.\",\"foundingDate\":\"1986-01-01\",\"numberOfEmployees\":{\"@type\":\"QuantitativeValue\",\"minValue\":\"11\",\"maxValue\":\"50\"},\"hasMerchantReturnPolicy\":{\"@type\":\"MerchantReturnPolicy\",\"merchantReturnLink\":\"https:\\\/\\\/garrafeirapepe.pt\\\/politica-de-devolucao\\\/\"},\"telephone\":[],\"openingHoursSpecification\":[{\"@type\":\"OpeningHoursSpecification\",\"dayOfWeek\":[\"Monday\",\"Tuesday\",\"Wednesday\",\"Thursday\",\"Friday\",\"Saturday\",\"Sunday\"],\"opens\":\"09:00\",\"closes\":\"17:00\"}]},{\"@type\":\"ImageObject\",\"inLanguage\":\"en-US\",\"@id\":\"https:\\\/\\\/garrafeirapepe.pt\\\/en\\\/loja\\\/uncategorized\\\/vinho-branco-discordia-reserva-2\\\/#local-main-organization-logo\",\"url\":\"https:\\\/\\\/garrafeirapepe.pt\\\/wp-content\\\/uploads\\\/2025\\\/11\\\/Logo-Vertical-512x512-sem-fundo.png\",\"contentUrl\":\"https:\\\/\\\/garrafeirapepe.pt\\\/wp-content\\\/uploads\\\/2025\\\/11\\\/Logo-Vertical-512x512-sem-fundo.png\",\"width\":512,\"height\":512,\"caption\":\"Garrafeira Pepe\"}]}<\/script>\n<meta property=\"product:brand\" content=\"Herdade Vale D&#039; \u00c9vora\" \/>\n<meta property=\"product:price:amount\" content=\"19.90\" \/>\n<meta property=\"product:price:currency\" content=\"EUR\" \/>\n<meta property=\"og:availability\" content=\"out of stock\" \/>\n<meta property=\"product:availability\" content=\"out of stock\" \/>\n<meta property=\"product:retailer_item_id\" content=\"DISCRB\" \/>\n<meta property=\"product:condition\" content=\"new\" \/>\n<!-- \/ Yoast SEO Premium plugin. -->","yoast_head_json":{"title":"Disc\u00f3rdia Reserva White 2020 | Garrafeira Tio Pepe","description":"Discover a refreshing blend of Arinto and other grape varieties. Citrus color, lime notes, and a unique minerality. Structured, fresh, and a long finish. Try it now!","robots":{"index":"index","follow":"follow","max-snippet":"max-snippet:-1","max-image-preview":"max-image-preview:large","max-video-preview":"max-video-preview:-1"},"canonical":"https:\/\/garrafeirapepe.pt\/en\/loja\/uncategorized\/vinho-branco-discordia-reserva-2\/","og_locale":"en_US","og_type":"article","og_title":"Disc\u00f3rdia Reserva White 2020","og_description":"Disc\u00f3rdia Reserva White 2020 -","og_url":"https:\/\/garrafeirapepe.pt\/en\/loja\/uncategorized\/vinho-branco-discordia-reserva-2\/","og_site_name":"Garrafeira Pepe","article_publisher":"https:\/\/www.facebook.com\/GarrafeiraPepe","article_modified_time":"2026-03-25T19:30:06+00:00","og_image":[{"width":238,"height":575,"url":"https:\/\/garrafeirapepe.pt\/wp-content\/uploads\/2020\/01\/discordia-reserva.jpg","type":"image\/jpeg"}],"twitter_card":"summary_large_image","twitter_misc":{"Price":"19.90&euro;","Availability":"Out of stock"},"schema":{"@context":"https:\/\/schema.org","@graph":[{"@type":"WebPage","@id":"https:\/\/garrafeirapepe.pt\/en\/loja\/uncategorized\/vinho-branco-discordia-reserva-2\/","url":"https:\/\/garrafeirapepe.pt\/en\/loja\/uncategorized\/vinho-branco-discordia-reserva-2\/","name":"Disc\u00f3rdia Reserva White 2020 | Garrafeira Tio Pepe","isPartOf":{"@id":"https:\/\/garrafeirapepe.pt\/en\/#website"},"primaryImageOfPage":{"@id":"https:\/\/garrafeirapepe.pt\/en\/loja\/uncategorized\/vinho-branco-discordia-reserva-2\/#primaryimage"},"image":{"@id":"https:\/\/garrafeirapepe.pt\/en\/loja\/uncategorized\/vinho-branco-discordia-reserva-2\/#primaryimage"},"thumbnailUrl":"https:\/\/garrafeirapepe.pt\/wp-content\/uploads\/2020\/01\/discordia-reserva.jpg","datePublished":"2020-01-08T18:02:08+00:00","dateModified":"2026-03-25T19:30:06+00:00","description":"Discover a refreshing blend of Arinto and other grape varieties. Citrus color, lime notes, and a unique minerality. Structured, fresh, and a long finish. Try it now!","breadcrumb":{"@id":"https:\/\/garrafeirapepe.pt\/en\/loja\/uncategorized\/vinho-branco-discordia-reserva-2\/#breadcrumb"},"inLanguage":"en-US","potentialAction":[{"@type":"ReadAction","target":["https:\/\/garrafeirapepe.pt\/en\/loja\/uncategorized\/vinho-branco-discordia-reserva-2\/"]}]},{"@type":"ImageObject","inLanguage":"en-US","@id":"https:\/\/garrafeirapepe.pt\/en\/loja\/uncategorized\/vinho-branco-discordia-reserva-2\/#primaryimage","url":"https:\/\/garrafeirapepe.pt\/wp-content\/uploads\/2020\/01\/discordia-reserva.jpg","contentUrl":"https:\/\/garrafeirapepe.pt\/wp-content\/uploads\/2020\/01\/discordia-reserva.jpg","width":238,"height":575},{"@type":"BreadcrumbList","@id":"https:\/\/garrafeirapepe.pt\/en\/loja\/uncategorized\/vinho-branco-discordia-reserva-2\/#breadcrumb","itemListElement":[{"@type":"ListItem","position":1,"name":"Home","item":"https:\/\/garrafeirapepe.pt\/en\/"},{"@type":"ListItem","position":2,"name":"Store","item":"https:\/\/garrafeirapepe.pt\/en\/shop\/"},{"@type":"ListItem","position":3,"name":"Disc\u00f3rdia Reserva White 2020"}]},{"@type":"WebSite","@id":"https:\/\/garrafeirapepe.pt\/en\/#website","url":"https:\/\/garrafeirapepe.pt\/en\/","name":"Garrafeira Pepe","description":"","publisher":{"@id":"https:\/\/garrafeirapepe.pt\/en\/#organization"},"potentialAction":[{"@type":"SearchAction","target":{"@type":"EntryPoint","urlTemplate":"https:\/\/garrafeirapepe.pt\/en\/?s={search_term_string}"},"query-input":{"@type":"PropertyValueSpecification","valueRequired":true,"valueName":"search_term_string"}}],"inLanguage":"en-US"},{"@type":["Organization","Place"],"@id":"https:\/\/garrafeirapepe.pt\/en\/#organization","name":"Garrafeira Pepe","url":"https:\/\/garrafeirapepe.pt\/en\/","logo":{"@id":"https:\/\/garrafeirapepe.pt\/en\/loja\/uncategorized\/vinho-branco-discordia-reserva-2\/#local-main-organization-logo"},"image":{"@id":"https:\/\/garrafeirapepe.pt\/en\/loja\/uncategorized\/vinho-branco-discordia-reserva-2\/#local-main-organization-logo"},"sameAs":["https:\/\/www.facebook.com\/GarrafeiraPepe","https:\/\/www.instagram.com\/garrafeiratiopepe\/","https:\/\/www.linkedin.com\/company\/garrafeira-tio-pepe\/"],"description":"Loja On-line ao seu dispor - 40 Anos de experi\u00eancia no sector, 2100 refer\u00eancias ativas e ao seu dispor. Uma das mais conceituadas Garrafeiras de Portugal.","legalName":"PUROVINUM COMERCIO DE BEBIDAS LDA.","foundingDate":"1986-01-01","numberOfEmployees":{"@type":"QuantitativeValue","minValue":"11","maxValue":"50"},"hasMerchantReturnPolicy":{"@type":"MerchantReturnPolicy","merchantReturnLink":"https:\/\/garrafeirapepe.pt\/politica-de-devolucao\/"},"telephone":[],"openingHoursSpecification":[{"@type":"OpeningHoursSpecification","dayOfWeek":["Monday","Tuesday","Wednesday","Thursday","Friday","Saturday","Sunday"],"opens":"09:00","closes":"17:00"}]},{"@type":"ImageObject","inLanguage":"en-US","@id":"https:\/\/garrafeirapepe.pt\/en\/loja\/uncategorized\/vinho-branco-discordia-reserva-2\/#local-main-organization-logo","url":"https:\/\/garrafeirapepe.pt\/wp-content\/uploads\/2025\/11\/Logo-Vertical-512x512-sem-fundo.png","contentUrl":"https:\/\/garrafeirapepe.pt\/wp-content\/uploads\/2025\/11\/Logo-Vertical-512x512-sem-fundo.png","width":512,"height":512,"caption":"Garrafeira Pepe"}]},"product_brand":"Herdade Vale D' \u00c9vora","product_price_amount":"19.90","product_price_currency":"EUR","og_availability":"out of stock","product_availability":"out of stock","product_retailer_item_id":"DISCRB","product_condition":"new"},"_links":{"self":[{"href":"https:\/\/garrafeirapepe.pt\/en\/wp-json\/wp\/v2\/product\/38391","targetHints":{"allow":["GET"]}}],"collection":[{"href":"https:\/\/garrafeirapepe.pt\/en\/wp-json\/wp\/v2\/product"}],"about":[{"href":"https:\/\/garrafeirapepe.pt\/en\/wp-json\/wp\/v2\/types\/product"}],"wp:featuredmedia":[{"embeddable":true,"href":"https:\/\/garrafeirapepe.pt\/en\/wp-json\/wp\/v2\/media\/17065"}],"wp:attachment":[{"href":"https:\/\/garrafeirapepe.pt\/en\/wp-json\/wp\/v2\/media?parent=38391"}],"wp:term":[{"taxonomy":"product_brand","embeddable":true,"href":"https:\/\/garrafeirapepe.pt\/en\/wp-json\/wp\/v2\/product_brand?post=38391"},{"taxonomy":"product_cat","embeddable":true,"href":"https:\/\/garrafeirapepe.pt\/en\/wp-json\/wp\/v2\/product_cat?post=38391"},{"taxonomy":"product_tag","embeddable":true,"href":"https:\/\/garrafeirapepe.pt\/en\/wp-json\/wp\/v2\/product_tag?post=38391"}],"curies":[{"name":"wp","href":"https:\/\/api.w.org\/{rel}","templated":true}]}}