{"id":38783,"date":"2020-06-29T15:32:26","date_gmt":"2020-06-29T15:32:26","guid":{"rendered":"https:\/\/garrafeirapepe.pt\/produto\/garrafeira-vinho-branco-quinta-de-arcosso-reserva-2\/"},"modified":"2026-03-25T18:54:25","modified_gmt":"2026-03-25T18:54:25","slug":"garrafeira-vinho-branco-quinta-de-arcosso-reserva-2","status":"publish","type":"product","link":"https:\/\/garrafeirapepe.pt\/en\/loja\/uncategorized\/garrafeira-vinho-branco-quinta-de-arcosso-reserva-2\/","title":{"rendered":"Quinta De Arcoss\u00f3 Reserva White 2020"},"content":{"rendered":"<p>The Quinta de Arcoss\u00f3 project began in 2001. In the cellar they express the full potential of the grapes and minimize mechanical operations. Result of the perfect harmony between nature and man, in the 12 hectares of Quinta de Arcoss\u00f3 a wine that seeks excellence has been produced since 2005. Produced entirely by hand, complemented by a low intervention and high vigilance oenology, all red wines are processed with foot treading, while whites and ros\u00e9 were processed until 2014 without a refrigeration system.<br \/>A white wine from Tr\u00e1s-os-Montes specifically from the region of Vidago &#8211; Ribeira de Oura. Amilcar Salgado chooses to ferment its white reserve wine in French oak barrels with batonnage for 10 months.<\/p>\n<p><\/p>\n","protected":false},"excerpt":{"rendered":"<p>The Quinta de Arcoss\u00f3 project began in 2001. In the cellar they express the full potential of the grapes and minimize mechanical operations. Result of the perfect harmony between nature and man, in the 12 hectares of Quinta de Arcoss\u00f3 a wine that seeks excellence has been produced since 2005. Produced entirely by hand, complemented [&hellip;]<\/p>\n","protected":false},"featured_media":17855,"template":"","meta":{"_acf_changed":false},"product_brand":[10512],"product_cat":[],"product_tag":[],"class_list":{"0":"post-38783","1":"product","2":"type-product","3":"status-publish","4":"has-post-thumbnail","6":"product_brand-quinta-de-arcosso","8":"first","9":"outofstock","10":"taxable","11":"shipping-taxable","12":"purchasable","13":"product-type-simple"},"acf":[],"yoast_head":"<!-- This site is optimized with the Yoast SEO Premium plugin v27.3 (Yoast SEO v27.3) - https:\/\/yoast.com\/product\/yoast-seo-premium-wordpress\/ -->\n<title>Quinta De Arcoss\u00f3 Reserva White 2020 | Garrafeira Tio Pepe<\/title>\n<meta name=\"description\" content=\"Discover Quinta De Arcoss\u00f3 Reserve, a delightful blend of Arinto, C\u00f3dega Do Larinho, Alvarinho, and Moscatel Galego. Experience the perfect balance of freshness, acidity, and fruity flavors. Try it now!\" \/>\n<meta name=\"robots\" content=\"index, follow, max-snippet:-1, max-image-preview:large, max-video-preview:-1\" \/>\n<link rel=\"canonical\" href=\"https:\/\/garrafeirapepe.pt\/en\/loja\/uncategorized\/garrafeira-vinho-branco-quinta-de-arcosso-reserva-2\/\" \/>\n<meta property=\"og:locale\" content=\"en_US\" \/>\n<meta property=\"og:type\" content=\"article\" \/>\n<meta property=\"og:title\" content=\"Quinta De Arcoss\u00f3 Reserva White 2020\" \/>\n<meta property=\"og:description\" content=\"Quinta De Arcoss\u00f3 Reserva White 2020 -\" \/>\n<meta property=\"og:url\" content=\"https:\/\/garrafeirapepe.pt\/en\/loja\/uncategorized\/garrafeira-vinho-branco-quinta-de-arcosso-reserva-2\/\" \/>\n<meta property=\"og:site_name\" content=\"Garrafeira Pepe\" \/>\n<meta property=\"article:publisher\" content=\"https:\/\/www.facebook.com\/GarrafeiraPepe\" \/>\n<meta property=\"article:modified_time\" content=\"2026-03-25T18:54:25+00:00\" \/>\n<meta property=\"og:image\" content=\"https:\/\/garrafeirapepe.pt\/wp-content\/uploads\/2020\/06\/Qta.-Arcosso-Grande-Reserva-branco.jpg\" \/>\n\t<meta property=\"og:image:width\" content=\"208\" \/>\n\t<meta property=\"og:image:height\" content=\"483\" \/>\n\t<meta property=\"og:image:type\" content=\"image\/jpeg\" \/>\n<meta name=\"twitter:card\" content=\"summary_large_image\" \/>\n<meta name=\"twitter:label1\" content=\"Price\" \/>\n\t<meta name=\"twitter:data1\" content=\"12.90&euro;\" \/>\n\t<meta name=\"twitter:label2\" content=\"Availability\" \/>\n\t<meta name=\"twitter:data2\" content=\"Out of stock\" \/>\n<script type=\"application\/ld+json\" class=\"yoast-schema-graph\">{\"@context\":\"https:\\\/\\\/schema.org\",\"@graph\":[{\"@type\":\"WebPage\",\"@id\":\"https:\\\/\\\/garrafeirapepe.pt\\\/en\\\/loja\\\/uncategorized\\\/garrafeira-vinho-branco-quinta-de-arcosso-reserva-2\\\/\",\"url\":\"https:\\\/\\\/garrafeirapepe.pt\\\/en\\\/loja\\\/uncategorized\\\/garrafeira-vinho-branco-quinta-de-arcosso-reserva-2\\\/\",\"name\":\"Quinta De Arcoss\u00f3 Reserva White 2020 | Garrafeira Tio Pepe\",\"isPartOf\":{\"@id\":\"https:\\\/\\\/garrafeirapepe.pt\\\/en\\\/#website\"},\"primaryImageOfPage\":{\"@id\":\"https:\\\/\\\/garrafeirapepe.pt\\\/en\\\/loja\\\/uncategorized\\\/garrafeira-vinho-branco-quinta-de-arcosso-reserva-2\\\/#primaryimage\"},\"image\":{\"@id\":\"https:\\\/\\\/garrafeirapepe.pt\\\/en\\\/loja\\\/uncategorized\\\/garrafeira-vinho-branco-quinta-de-arcosso-reserva-2\\\/#primaryimage\"},\"thumbnailUrl\":\"https:\\\/\\\/garrafeirapepe.pt\\\/wp-content\\\/uploads\\\/2020\\\/06\\\/Qta.-Arcosso-Grande-Reserva-branco.jpg\",\"datePublished\":\"2020-06-29T15:32:26+00:00\",\"dateModified\":\"2026-03-25T18:54:25+00:00\",\"description\":\"Discover Quinta De Arcoss\u00f3 Reserve, a delightful blend of Arinto, C\u00f3dega Do Larinho, Alvarinho, and Moscatel Galego. Experience the perfect balance of freshness, acidity, and fruity flavors. Try it now!\",\"breadcrumb\":{\"@id\":\"https:\\\/\\\/garrafeirapepe.pt\\\/en\\\/loja\\\/uncategorized\\\/garrafeira-vinho-branco-quinta-de-arcosso-reserva-2\\\/#breadcrumb\"},\"inLanguage\":\"en-US\",\"potentialAction\":[{\"@type\":\"ReadAction\",\"target\":[\"https:\\\/\\\/garrafeirapepe.pt\\\/en\\\/loja\\\/uncategorized\\\/garrafeira-vinho-branco-quinta-de-arcosso-reserva-2\\\/\"]}]},{\"@type\":\"ImageObject\",\"inLanguage\":\"en-US\",\"@id\":\"https:\\\/\\\/garrafeirapepe.pt\\\/en\\\/loja\\\/uncategorized\\\/garrafeira-vinho-branco-quinta-de-arcosso-reserva-2\\\/#primaryimage\",\"url\":\"https:\\\/\\\/garrafeirapepe.pt\\\/wp-content\\\/uploads\\\/2020\\\/06\\\/Qta.-Arcosso-Grande-Reserva-branco.jpg\",\"contentUrl\":\"https:\\\/\\\/garrafeirapepe.pt\\\/wp-content\\\/uploads\\\/2020\\\/06\\\/Qta.-Arcosso-Grande-Reserva-branco.jpg\",\"width\":208,\"height\":483},{\"@type\":\"BreadcrumbList\",\"@id\":\"https:\\\/\\\/garrafeirapepe.pt\\\/en\\\/loja\\\/uncategorized\\\/garrafeira-vinho-branco-quinta-de-arcosso-reserva-2\\\/#breadcrumb\",\"itemListElement\":[{\"@type\":\"ListItem\",\"position\":1,\"name\":\"Home\",\"item\":\"https:\\\/\\\/garrafeirapepe.pt\\\/en\\\/\"},{\"@type\":\"ListItem\",\"position\":2,\"name\":\"Store\",\"item\":\"https:\\\/\\\/garrafeirapepe.pt\\\/en\\\/shop\\\/\"},{\"@type\":\"ListItem\",\"position\":3,\"name\":\"Quinta De Arcoss\u00f3 Reserva White 2020\"}]},{\"@type\":\"WebSite\",\"@id\":\"https:\\\/\\\/garrafeirapepe.pt\\\/en\\\/#website\",\"url\":\"https:\\\/\\\/garrafeirapepe.pt\\\/en\\\/\",\"name\":\"Garrafeira Pepe\",\"description\":\"\",\"publisher\":{\"@id\":\"https:\\\/\\\/garrafeirapepe.pt\\\/en\\\/#organization\"},\"potentialAction\":[{\"@type\":\"SearchAction\",\"target\":{\"@type\":\"EntryPoint\",\"urlTemplate\":\"https:\\\/\\\/garrafeirapepe.pt\\\/en\\\/?s={search_term_string}\"},\"query-input\":{\"@type\":\"PropertyValueSpecification\",\"valueRequired\":true,\"valueName\":\"search_term_string\"}}],\"inLanguage\":\"en-US\"},{\"@type\":[\"Organization\",\"Place\"],\"@id\":\"https:\\\/\\\/garrafeirapepe.pt\\\/en\\\/#organization\",\"name\":\"Garrafeira Pepe\",\"url\":\"https:\\\/\\\/garrafeirapepe.pt\\\/en\\\/\",\"logo\":{\"@id\":\"https:\\\/\\\/garrafeirapepe.pt\\\/en\\\/loja\\\/uncategorized\\\/garrafeira-vinho-branco-quinta-de-arcosso-reserva-2\\\/#local-main-organization-logo\"},\"image\":{\"@id\":\"https:\\\/\\\/garrafeirapepe.pt\\\/en\\\/loja\\\/uncategorized\\\/garrafeira-vinho-branco-quinta-de-arcosso-reserva-2\\\/#local-main-organization-logo\"},\"sameAs\":[\"https:\\\/\\\/www.facebook.com\\\/GarrafeiraPepe\",\"https:\\\/\\\/www.instagram.com\\\/garrafeiratiopepe\\\/\",\"https:\\\/\\\/www.linkedin.com\\\/company\\\/garrafeira-tio-pepe\\\/\"],\"description\":\"Loja On-line ao seu dispor - 40 Anos de experi\u00eancia no sector, 2100 refer\u00eancias ativas e ao seu dispor. Uma das mais conceituadas Garrafeiras de Portugal.\",\"legalName\":\"PUROVINUM COMERCIO DE BEBIDAS LDA.\",\"foundingDate\":\"1986-01-01\",\"numberOfEmployees\":{\"@type\":\"QuantitativeValue\",\"minValue\":\"11\",\"maxValue\":\"50\"},\"hasMerchantReturnPolicy\":{\"@type\":\"MerchantReturnPolicy\",\"merchantReturnLink\":\"https:\\\/\\\/garrafeirapepe.pt\\\/politica-de-devolucao\\\/\"},\"telephone\":[],\"openingHoursSpecification\":[{\"@type\":\"OpeningHoursSpecification\",\"dayOfWeek\":[\"Monday\",\"Tuesday\",\"Wednesday\",\"Thursday\",\"Friday\",\"Saturday\",\"Sunday\"],\"opens\":\"09:00\",\"closes\":\"17:00\"}]},{\"@type\":\"ImageObject\",\"inLanguage\":\"en-US\",\"@id\":\"https:\\\/\\\/garrafeirapepe.pt\\\/en\\\/loja\\\/uncategorized\\\/garrafeira-vinho-branco-quinta-de-arcosso-reserva-2\\\/#local-main-organization-logo\",\"url\":\"https:\\\/\\\/garrafeirapepe.pt\\\/wp-content\\\/uploads\\\/2025\\\/11\\\/Logo-Vertical-512x512-sem-fundo.png\",\"contentUrl\":\"https:\\\/\\\/garrafeirapepe.pt\\\/wp-content\\\/uploads\\\/2025\\\/11\\\/Logo-Vertical-512x512-sem-fundo.png\",\"width\":512,\"height\":512,\"caption\":\"Garrafeira Pepe\"}]}<\/script>\n<meta property=\"product:brand\" content=\"Quinta de Arcoss\u00f3\" \/>\n<meta property=\"product:price:amount\" content=\"12.90\" \/>\n<meta property=\"product:price:currency\" content=\"EUR\" \/>\n<meta property=\"og:availability\" content=\"out of stock\" \/>\n<meta property=\"product:availability\" content=\"out of stock\" \/>\n<meta property=\"product:retailer_item_id\" content=\"QDARB\" \/>\n<meta property=\"product:condition\" content=\"new\" \/>\n<!-- \/ Yoast SEO Premium plugin. -->","yoast_head_json":{"title":"Quinta De Arcoss\u00f3 Reserva White 2020 | Garrafeira Tio Pepe","description":"Discover Quinta De Arcoss\u00f3 Reserve, a delightful blend of Arinto, C\u00f3dega Do Larinho, Alvarinho, and Moscatel Galego. Experience the perfect balance of freshness, acidity, and fruity flavors. Try it now!","robots":{"index":"index","follow":"follow","max-snippet":"max-snippet:-1","max-image-preview":"max-image-preview:large","max-video-preview":"max-video-preview:-1"},"canonical":"https:\/\/garrafeirapepe.pt\/en\/loja\/uncategorized\/garrafeira-vinho-branco-quinta-de-arcosso-reserva-2\/","og_locale":"en_US","og_type":"article","og_title":"Quinta De Arcoss\u00f3 Reserva White 2020","og_description":"Quinta De Arcoss\u00f3 Reserva White 2020 -","og_url":"https:\/\/garrafeirapepe.pt\/en\/loja\/uncategorized\/garrafeira-vinho-branco-quinta-de-arcosso-reserva-2\/","og_site_name":"Garrafeira Pepe","article_publisher":"https:\/\/www.facebook.com\/GarrafeiraPepe","article_modified_time":"2026-03-25T18:54:25+00:00","og_image":[{"width":208,"height":483,"url":"https:\/\/garrafeirapepe.pt\/wp-content\/uploads\/2020\/06\/Qta.-Arcosso-Grande-Reserva-branco.jpg","type":"image\/jpeg"}],"twitter_card":"summary_large_image","twitter_misc":{"Price":"12.90&euro;","Availability":"Out of stock"},"schema":{"@context":"https:\/\/schema.org","@graph":[{"@type":"WebPage","@id":"https:\/\/garrafeirapepe.pt\/en\/loja\/uncategorized\/garrafeira-vinho-branco-quinta-de-arcosso-reserva-2\/","url":"https:\/\/garrafeirapepe.pt\/en\/loja\/uncategorized\/garrafeira-vinho-branco-quinta-de-arcosso-reserva-2\/","name":"Quinta De Arcoss\u00f3 Reserva White 2020 | Garrafeira Tio Pepe","isPartOf":{"@id":"https:\/\/garrafeirapepe.pt\/en\/#website"},"primaryImageOfPage":{"@id":"https:\/\/garrafeirapepe.pt\/en\/loja\/uncategorized\/garrafeira-vinho-branco-quinta-de-arcosso-reserva-2\/#primaryimage"},"image":{"@id":"https:\/\/garrafeirapepe.pt\/en\/loja\/uncategorized\/garrafeira-vinho-branco-quinta-de-arcosso-reserva-2\/#primaryimage"},"thumbnailUrl":"https:\/\/garrafeirapepe.pt\/wp-content\/uploads\/2020\/06\/Qta.-Arcosso-Grande-Reserva-branco.jpg","datePublished":"2020-06-29T15:32:26+00:00","dateModified":"2026-03-25T18:54:25+00:00","description":"Discover Quinta De Arcoss\u00f3 Reserve, a delightful blend of Arinto, C\u00f3dega Do Larinho, Alvarinho, and Moscatel Galego. Experience the perfect balance of freshness, acidity, and fruity flavors. Try it now!","breadcrumb":{"@id":"https:\/\/garrafeirapepe.pt\/en\/loja\/uncategorized\/garrafeira-vinho-branco-quinta-de-arcosso-reserva-2\/#breadcrumb"},"inLanguage":"en-US","potentialAction":[{"@type":"ReadAction","target":["https:\/\/garrafeirapepe.pt\/en\/loja\/uncategorized\/garrafeira-vinho-branco-quinta-de-arcosso-reserva-2\/"]}]},{"@type":"ImageObject","inLanguage":"en-US","@id":"https:\/\/garrafeirapepe.pt\/en\/loja\/uncategorized\/garrafeira-vinho-branco-quinta-de-arcosso-reserva-2\/#primaryimage","url":"https:\/\/garrafeirapepe.pt\/wp-content\/uploads\/2020\/06\/Qta.-Arcosso-Grande-Reserva-branco.jpg","contentUrl":"https:\/\/garrafeirapepe.pt\/wp-content\/uploads\/2020\/06\/Qta.-Arcosso-Grande-Reserva-branco.jpg","width":208,"height":483},{"@type":"BreadcrumbList","@id":"https:\/\/garrafeirapepe.pt\/en\/loja\/uncategorized\/garrafeira-vinho-branco-quinta-de-arcosso-reserva-2\/#breadcrumb","itemListElement":[{"@type":"ListItem","position":1,"name":"Home","item":"https:\/\/garrafeirapepe.pt\/en\/"},{"@type":"ListItem","position":2,"name":"Store","item":"https:\/\/garrafeirapepe.pt\/en\/shop\/"},{"@type":"ListItem","position":3,"name":"Quinta De Arcoss\u00f3 Reserva White 2020"}]},{"@type":"WebSite","@id":"https:\/\/garrafeirapepe.pt\/en\/#website","url":"https:\/\/garrafeirapepe.pt\/en\/","name":"Garrafeira Pepe","description":"","publisher":{"@id":"https:\/\/garrafeirapepe.pt\/en\/#organization"},"potentialAction":[{"@type":"SearchAction","target":{"@type":"EntryPoint","urlTemplate":"https:\/\/garrafeirapepe.pt\/en\/?s={search_term_string}"},"query-input":{"@type":"PropertyValueSpecification","valueRequired":true,"valueName":"search_term_string"}}],"inLanguage":"en-US"},{"@type":["Organization","Place"],"@id":"https:\/\/garrafeirapepe.pt\/en\/#organization","name":"Garrafeira Pepe","url":"https:\/\/garrafeirapepe.pt\/en\/","logo":{"@id":"https:\/\/garrafeirapepe.pt\/en\/loja\/uncategorized\/garrafeira-vinho-branco-quinta-de-arcosso-reserva-2\/#local-main-organization-logo"},"image":{"@id":"https:\/\/garrafeirapepe.pt\/en\/loja\/uncategorized\/garrafeira-vinho-branco-quinta-de-arcosso-reserva-2\/#local-main-organization-logo"},"sameAs":["https:\/\/www.facebook.com\/GarrafeiraPepe","https:\/\/www.instagram.com\/garrafeiratiopepe\/","https:\/\/www.linkedin.com\/company\/garrafeira-tio-pepe\/"],"description":"Loja On-line ao seu dispor - 40 Anos de experi\u00eancia no sector, 2100 refer\u00eancias ativas e ao seu dispor. Uma das mais conceituadas Garrafeiras de Portugal.","legalName":"PUROVINUM COMERCIO DE BEBIDAS LDA.","foundingDate":"1986-01-01","numberOfEmployees":{"@type":"QuantitativeValue","minValue":"11","maxValue":"50"},"hasMerchantReturnPolicy":{"@type":"MerchantReturnPolicy","merchantReturnLink":"https:\/\/garrafeirapepe.pt\/politica-de-devolucao\/"},"telephone":[],"openingHoursSpecification":[{"@type":"OpeningHoursSpecification","dayOfWeek":["Monday","Tuesday","Wednesday","Thursday","Friday","Saturday","Sunday"],"opens":"09:00","closes":"17:00"}]},{"@type":"ImageObject","inLanguage":"en-US","@id":"https:\/\/garrafeirapepe.pt\/en\/loja\/uncategorized\/garrafeira-vinho-branco-quinta-de-arcosso-reserva-2\/#local-main-organization-logo","url":"https:\/\/garrafeirapepe.pt\/wp-content\/uploads\/2025\/11\/Logo-Vertical-512x512-sem-fundo.png","contentUrl":"https:\/\/garrafeirapepe.pt\/wp-content\/uploads\/2025\/11\/Logo-Vertical-512x512-sem-fundo.png","width":512,"height":512,"caption":"Garrafeira Pepe"}]},"product_brand":"Quinta de Arcoss\u00f3","product_price_amount":"12.90","product_price_currency":"EUR","og_availability":"out of stock","product_availability":"out of stock","product_retailer_item_id":"QDARB","product_condition":"new"},"_links":{"self":[{"href":"https:\/\/garrafeirapepe.pt\/en\/wp-json\/wp\/v2\/product\/38783","targetHints":{"allow":["GET"]}}],"collection":[{"href":"https:\/\/garrafeirapepe.pt\/en\/wp-json\/wp\/v2\/product"}],"about":[{"href":"https:\/\/garrafeirapepe.pt\/en\/wp-json\/wp\/v2\/types\/product"}],"wp:featuredmedia":[{"embeddable":true,"href":"https:\/\/garrafeirapepe.pt\/en\/wp-json\/wp\/v2\/media\/17855"}],"wp:attachment":[{"href":"https:\/\/garrafeirapepe.pt\/en\/wp-json\/wp\/v2\/media?parent=38783"}],"wp:term":[{"taxonomy":"product_brand","embeddable":true,"href":"https:\/\/garrafeirapepe.pt\/en\/wp-json\/wp\/v2\/product_brand?post=38783"},{"taxonomy":"product_cat","embeddable":true,"href":"https:\/\/garrafeirapepe.pt\/en\/wp-json\/wp\/v2\/product_cat?post=38783"},{"taxonomy":"product_tag","embeddable":true,"href":"https:\/\/garrafeirapepe.pt\/en\/wp-json\/wp\/v2\/product_tag?post=38783"}],"curies":[{"name":"wp","href":"https:\/\/api.w.org\/{rel}","templated":true}]}}