{"id":39115,"date":"2020-11-04T15:19:44","date_gmt":"2020-11-04T15:19:44","guid":{"rendered":"https:\/\/garrafeirapepe.pt\/produto\/espumantes-quinta-bageiras-grande-reserva-rose-bruto-2\/"},"modified":"2026-03-25T19:45:27","modified_gmt":"2026-03-25T19:45:27","slug":"espumantes-quinta-bageiras-grande-reserva-rose-bruto-2","status":"publish","type":"product","link":"https:\/\/garrafeirapepe.pt\/en\/loja\/uncategorized\/espumantes-quinta-bageiras-grande-reserva-rose-bruto-2\/","title":{"rendered":"Quinta Das B\u00e1geiras Grande Reserva Ros\u00e9 Bruto"},"content":{"rendered":"<p>Region: Bairrada.<\/p>\n<p>&#8220;The Quinta das B\u00e1geiras brand is the backbone of all the products of the house, reflecting our way of being in the world of wines. We seek above all quality and character, that is why we have adopted a minimalist oenology, making wines in the most natural as possible, so that they express the terroir where they were born. All of our sparkling wines are made only in the Brut Natural version. &#8220;<\/p>\n<p>M\u00e1rio S\u00e9rgio Alves<\/p>\n","protected":false},"excerpt":{"rendered":"<p>Region: Bairrada. &#8220;The Quinta das B\u00e1geiras brand is the backbone of all the products of the house, reflecting our way of being in the world of wines. We seek above all quality and character, that is why we have adopted a minimalist oenology, making wines in the most natural as possible, so that they express [&hellip;]<\/p>\n","protected":false},"featured_media":194568,"template":"","meta":{"_acf_changed":false},"product_brand":[10471],"product_cat":[],"product_tag":[],"class_list":{"0":"post-39115","1":"product","2":"type-product","3":"status-publish","4":"has-post-thumbnail","6":"product_brand-quinta-das-bageiras","8":"first","9":"outofstock","10":"taxable","11":"shipping-taxable","12":"purchasable","13":"product-type-simple"},"acf":[],"yoast_head":"<!-- This site is optimized with the Yoast SEO Premium plugin v27.3 (Yoast SEO v27.3) - https:\/\/yoast.com\/product\/yoast-seo-premium-wordpress\/ -->\n<title>Quinta Das B\u00e1geiras Grande Reserva Ros\u00e9 Bruto | Garrafeira Tio Pepe<\/title>\n<meta name=\"description\" content=\"Discover the essence of Quinta Das B\u00e1geiras wines, reflecting our commitment to quality and character. Experience our minimalist oenology approach. Taste the difference today!\" \/>\n<meta name=\"robots\" content=\"index, follow, max-snippet:-1, max-image-preview:large, max-video-preview:-1\" \/>\n<link rel=\"canonical\" href=\"https:\/\/garrafeirapepe.pt\/en\/loja\/uncategorized\/espumantes-quinta-bageiras-grande-reserva-rose-bruto-2\/\" \/>\n<meta property=\"og:locale\" content=\"en_US\" \/>\n<meta property=\"og:type\" content=\"article\" \/>\n<meta property=\"og:title\" content=\"Quinta Das B\u00e1geiras Grande Reserva Ros\u00e9 Bruto\" \/>\n<meta property=\"og:description\" content=\"Quinta Das B\u00e1geiras Grande Reserva Ros\u00e9 Bruto -\" \/>\n<meta property=\"og:url\" content=\"https:\/\/garrafeirapepe.pt\/en\/loja\/uncategorized\/espumantes-quinta-bageiras-grande-reserva-rose-bruto-2\/\" \/>\n<meta property=\"og:site_name\" content=\"Garrafeira Pepe\" \/>\n<meta property=\"article:publisher\" content=\"https:\/\/www.facebook.com\/GarrafeiraPepe\" \/>\n<meta property=\"article:modified_time\" content=\"2026-03-25T19:45:27+00:00\" \/>\n<meta property=\"og:image\" content=\"https:\/\/garrafeirapepe.pt\/wp-content\/uploads\/2020\/11\/Quinta-Das-Bageiras-Grande-Reserva-Rose-Bruto-2018-garrafeira-tio-pepe.webp\" \/>\n\t<meta property=\"og:image:width\" content=\"350\" \/>\n\t<meta property=\"og:image:height\" content=\"637\" \/>\n\t<meta property=\"og:image:type\" content=\"image\/webp\" \/>\n<meta name=\"twitter:card\" content=\"summary_large_image\" \/>\n<meta name=\"twitter:label1\" content=\"Price\" \/>\n\t<meta name=\"twitter:data1\" content=\"45.00&euro;\" \/>\n\t<meta name=\"twitter:label2\" content=\"Availability\" \/>\n\t<meta name=\"twitter:data2\" content=\"Out of stock\" \/>\n<script type=\"application\/ld+json\" class=\"yoast-schema-graph\">{\"@context\":\"https:\\\/\\\/schema.org\",\"@graph\":[{\"@type\":\"WebPage\",\"@id\":\"https:\\\/\\\/garrafeirapepe.pt\\\/en\\\/loja\\\/uncategorized\\\/espumantes-quinta-bageiras-grande-reserva-rose-bruto-2\\\/\",\"url\":\"https:\\\/\\\/garrafeirapepe.pt\\\/en\\\/loja\\\/uncategorized\\\/espumantes-quinta-bageiras-grande-reserva-rose-bruto-2\\\/\",\"name\":\"Quinta Das B\u00e1geiras Grande Reserva Ros\u00e9 Bruto | Garrafeira Tio Pepe\",\"isPartOf\":{\"@id\":\"https:\\\/\\\/garrafeirapepe.pt\\\/en\\\/#website\"},\"primaryImageOfPage\":{\"@id\":\"https:\\\/\\\/garrafeirapepe.pt\\\/en\\\/loja\\\/uncategorized\\\/espumantes-quinta-bageiras-grande-reserva-rose-bruto-2\\\/#primaryimage\"},\"image\":{\"@id\":\"https:\\\/\\\/garrafeirapepe.pt\\\/en\\\/loja\\\/uncategorized\\\/espumantes-quinta-bageiras-grande-reserva-rose-bruto-2\\\/#primaryimage\"},\"thumbnailUrl\":\"https:\\\/\\\/garrafeirapepe.pt\\\/wp-content\\\/uploads\\\/2020\\\/11\\\/Quinta-Das-Bageiras-Grande-Reserva-Rose-Bruto-2018-garrafeira-tio-pepe.webp\",\"datePublished\":\"2020-11-04T15:19:44+00:00\",\"dateModified\":\"2026-03-25T19:45:27+00:00\",\"description\":\"Discover the essence of Quinta Das B\u00e1geiras wines, reflecting our commitment to quality and character. Experience our minimalist oenology approach. Taste the difference today!\",\"breadcrumb\":{\"@id\":\"https:\\\/\\\/garrafeirapepe.pt\\\/en\\\/loja\\\/uncategorized\\\/espumantes-quinta-bageiras-grande-reserva-rose-bruto-2\\\/#breadcrumb\"},\"inLanguage\":\"en-US\",\"potentialAction\":[{\"@type\":\"ReadAction\",\"target\":[\"https:\\\/\\\/garrafeirapepe.pt\\\/en\\\/loja\\\/uncategorized\\\/espumantes-quinta-bageiras-grande-reserva-rose-bruto-2\\\/\"]}]},{\"@type\":\"ImageObject\",\"inLanguage\":\"en-US\",\"@id\":\"https:\\\/\\\/garrafeirapepe.pt\\\/en\\\/loja\\\/uncategorized\\\/espumantes-quinta-bageiras-grande-reserva-rose-bruto-2\\\/#primaryimage\",\"url\":\"https:\\\/\\\/garrafeirapepe.pt\\\/wp-content\\\/uploads\\\/2020\\\/11\\\/Quinta-Das-Bageiras-Grande-Reserva-Rose-Bruto-2018-garrafeira-tio-pepe.webp\",\"contentUrl\":\"https:\\\/\\\/garrafeirapepe.pt\\\/wp-content\\\/uploads\\\/2020\\\/11\\\/Quinta-Das-Bageiras-Grande-Reserva-Rose-Bruto-2018-garrafeira-tio-pepe.webp\",\"width\":350,\"height\":637,\"caption\":\"Quinta Das B\u00e1geiras Grande Reserva Ros\u00e9 Bruto 2018 garrafeira tio pepe\"},{\"@type\":\"BreadcrumbList\",\"@id\":\"https:\\\/\\\/garrafeirapepe.pt\\\/en\\\/loja\\\/uncategorized\\\/espumantes-quinta-bageiras-grande-reserva-rose-bruto-2\\\/#breadcrumb\",\"itemListElement\":[{\"@type\":\"ListItem\",\"position\":1,\"name\":\"Home\",\"item\":\"https:\\\/\\\/garrafeirapepe.pt\\\/en\\\/\"},{\"@type\":\"ListItem\",\"position\":2,\"name\":\"Store\",\"item\":\"https:\\\/\\\/garrafeirapepe.pt\\\/en\\\/shop\\\/\"},{\"@type\":\"ListItem\",\"position\":3,\"name\":\"Quinta Das B\u00e1geiras Grande Reserva Ros\u00e9 Bruto\"}]},{\"@type\":\"WebSite\",\"@id\":\"https:\\\/\\\/garrafeirapepe.pt\\\/en\\\/#website\",\"url\":\"https:\\\/\\\/garrafeirapepe.pt\\\/en\\\/\",\"name\":\"Garrafeira Pepe\",\"description\":\"\",\"publisher\":{\"@id\":\"https:\\\/\\\/garrafeirapepe.pt\\\/en\\\/#organization\"},\"potentialAction\":[{\"@type\":\"SearchAction\",\"target\":{\"@type\":\"EntryPoint\",\"urlTemplate\":\"https:\\\/\\\/garrafeirapepe.pt\\\/en\\\/?s={search_term_string}\"},\"query-input\":{\"@type\":\"PropertyValueSpecification\",\"valueRequired\":true,\"valueName\":\"search_term_string\"}}],\"inLanguage\":\"en-US\"},{\"@type\":[\"Organization\",\"Place\"],\"@id\":\"https:\\\/\\\/garrafeirapepe.pt\\\/en\\\/#organization\",\"name\":\"Garrafeira Pepe\",\"url\":\"https:\\\/\\\/garrafeirapepe.pt\\\/en\\\/\",\"logo\":{\"@id\":\"https:\\\/\\\/garrafeirapepe.pt\\\/en\\\/loja\\\/uncategorized\\\/espumantes-quinta-bageiras-grande-reserva-rose-bruto-2\\\/#local-main-organization-logo\"},\"image\":{\"@id\":\"https:\\\/\\\/garrafeirapepe.pt\\\/en\\\/loja\\\/uncategorized\\\/espumantes-quinta-bageiras-grande-reserva-rose-bruto-2\\\/#local-main-organization-logo\"},\"sameAs\":[\"https:\\\/\\\/www.facebook.com\\\/GarrafeiraPepe\",\"https:\\\/\\\/www.instagram.com\\\/garrafeiratiopepe\\\/\",\"https:\\\/\\\/www.linkedin.com\\\/company\\\/garrafeira-tio-pepe\\\/\"],\"description\":\"Loja On-line ao seu dispor - 40 Anos de experi\u00eancia no sector, 2100 refer\u00eancias ativas e ao seu dispor. Uma das mais conceituadas Garrafeiras de Portugal.\",\"legalName\":\"PUROVINUM COMERCIO DE BEBIDAS LDA.\",\"foundingDate\":\"1986-01-01\",\"numberOfEmployees\":{\"@type\":\"QuantitativeValue\",\"minValue\":\"11\",\"maxValue\":\"50\"},\"hasMerchantReturnPolicy\":{\"@type\":\"MerchantReturnPolicy\",\"merchantReturnLink\":\"https:\\\/\\\/garrafeirapepe.pt\\\/politica-de-devolucao\\\/\"},\"telephone\":[],\"openingHoursSpecification\":[{\"@type\":\"OpeningHoursSpecification\",\"dayOfWeek\":[\"Monday\",\"Tuesday\",\"Wednesday\",\"Thursday\",\"Friday\",\"Saturday\",\"Sunday\"],\"opens\":\"09:00\",\"closes\":\"17:00\"}]},{\"@type\":\"ImageObject\",\"inLanguage\":\"en-US\",\"@id\":\"https:\\\/\\\/garrafeirapepe.pt\\\/en\\\/loja\\\/uncategorized\\\/espumantes-quinta-bageiras-grande-reserva-rose-bruto-2\\\/#local-main-organization-logo\",\"url\":\"https:\\\/\\\/garrafeirapepe.pt\\\/wp-content\\\/uploads\\\/2025\\\/11\\\/Logo-Vertical-512x512-sem-fundo.png\",\"contentUrl\":\"https:\\\/\\\/garrafeirapepe.pt\\\/wp-content\\\/uploads\\\/2025\\\/11\\\/Logo-Vertical-512x512-sem-fundo.png\",\"width\":512,\"height\":512,\"caption\":\"Garrafeira Pepe\"}]}<\/script>\n<meta property=\"product:brand\" content=\"Quinta das B\u00e1geiras\" \/>\n<meta property=\"product:price:amount\" content=\"45.00\" \/>\n<meta property=\"product:price:currency\" content=\"EUR\" \/>\n<meta property=\"og:availability\" content=\"out of stock\" \/>\n<meta property=\"product:availability\" content=\"out of stock\" \/>\n<meta property=\"product:retailer_item_id\" content=\"EQBGRR\" \/>\n<meta property=\"product:condition\" content=\"new\" \/>\n<!-- \/ Yoast SEO Premium plugin. -->","yoast_head_json":{"title":"Quinta Das B\u00e1geiras Grande Reserva Ros\u00e9 Bruto | Garrafeira Tio Pepe","description":"Discover the essence of Quinta Das B\u00e1geiras wines, reflecting our commitment to quality and character. Experience our minimalist oenology approach. Taste the difference today!","robots":{"index":"index","follow":"follow","max-snippet":"max-snippet:-1","max-image-preview":"max-image-preview:large","max-video-preview":"max-video-preview:-1"},"canonical":"https:\/\/garrafeirapepe.pt\/en\/loja\/uncategorized\/espumantes-quinta-bageiras-grande-reserva-rose-bruto-2\/","og_locale":"en_US","og_type":"article","og_title":"Quinta Das B\u00e1geiras Grande Reserva Ros\u00e9 Bruto","og_description":"Quinta Das B\u00e1geiras Grande Reserva Ros\u00e9 Bruto -","og_url":"https:\/\/garrafeirapepe.pt\/en\/loja\/uncategorized\/espumantes-quinta-bageiras-grande-reserva-rose-bruto-2\/","og_site_name":"Garrafeira Pepe","article_publisher":"https:\/\/www.facebook.com\/GarrafeiraPepe","article_modified_time":"2026-03-25T19:45:27+00:00","og_image":[{"width":350,"height":637,"url":"https:\/\/garrafeirapepe.pt\/wp-content\/uploads\/2020\/11\/Quinta-Das-Bageiras-Grande-Reserva-Rose-Bruto-2018-garrafeira-tio-pepe.webp","type":"image\/webp"}],"twitter_card":"summary_large_image","twitter_misc":{"Price":"45.00&euro;","Availability":"Out of stock"},"schema":{"@context":"https:\/\/schema.org","@graph":[{"@type":"WebPage","@id":"https:\/\/garrafeirapepe.pt\/en\/loja\/uncategorized\/espumantes-quinta-bageiras-grande-reserva-rose-bruto-2\/","url":"https:\/\/garrafeirapepe.pt\/en\/loja\/uncategorized\/espumantes-quinta-bageiras-grande-reserva-rose-bruto-2\/","name":"Quinta Das B\u00e1geiras Grande Reserva Ros\u00e9 Bruto | Garrafeira Tio Pepe","isPartOf":{"@id":"https:\/\/garrafeirapepe.pt\/en\/#website"},"primaryImageOfPage":{"@id":"https:\/\/garrafeirapepe.pt\/en\/loja\/uncategorized\/espumantes-quinta-bageiras-grande-reserva-rose-bruto-2\/#primaryimage"},"image":{"@id":"https:\/\/garrafeirapepe.pt\/en\/loja\/uncategorized\/espumantes-quinta-bageiras-grande-reserva-rose-bruto-2\/#primaryimage"},"thumbnailUrl":"https:\/\/garrafeirapepe.pt\/wp-content\/uploads\/2020\/11\/Quinta-Das-Bageiras-Grande-Reserva-Rose-Bruto-2018-garrafeira-tio-pepe.webp","datePublished":"2020-11-04T15:19:44+00:00","dateModified":"2026-03-25T19:45:27+00:00","description":"Discover the essence of Quinta Das B\u00e1geiras wines, reflecting our commitment to quality and character. Experience our minimalist oenology approach. Taste the difference today!","breadcrumb":{"@id":"https:\/\/garrafeirapepe.pt\/en\/loja\/uncategorized\/espumantes-quinta-bageiras-grande-reserva-rose-bruto-2\/#breadcrumb"},"inLanguage":"en-US","potentialAction":[{"@type":"ReadAction","target":["https:\/\/garrafeirapepe.pt\/en\/loja\/uncategorized\/espumantes-quinta-bageiras-grande-reserva-rose-bruto-2\/"]}]},{"@type":"ImageObject","inLanguage":"en-US","@id":"https:\/\/garrafeirapepe.pt\/en\/loja\/uncategorized\/espumantes-quinta-bageiras-grande-reserva-rose-bruto-2\/#primaryimage","url":"https:\/\/garrafeirapepe.pt\/wp-content\/uploads\/2020\/11\/Quinta-Das-Bageiras-Grande-Reserva-Rose-Bruto-2018-garrafeira-tio-pepe.webp","contentUrl":"https:\/\/garrafeirapepe.pt\/wp-content\/uploads\/2020\/11\/Quinta-Das-Bageiras-Grande-Reserva-Rose-Bruto-2018-garrafeira-tio-pepe.webp","width":350,"height":637,"caption":"Quinta Das B\u00e1geiras Grande Reserva Ros\u00e9 Bruto 2018 garrafeira tio pepe"},{"@type":"BreadcrumbList","@id":"https:\/\/garrafeirapepe.pt\/en\/loja\/uncategorized\/espumantes-quinta-bageiras-grande-reserva-rose-bruto-2\/#breadcrumb","itemListElement":[{"@type":"ListItem","position":1,"name":"Home","item":"https:\/\/garrafeirapepe.pt\/en\/"},{"@type":"ListItem","position":2,"name":"Store","item":"https:\/\/garrafeirapepe.pt\/en\/shop\/"},{"@type":"ListItem","position":3,"name":"Quinta Das B\u00e1geiras Grande Reserva Ros\u00e9 Bruto"}]},{"@type":"WebSite","@id":"https:\/\/garrafeirapepe.pt\/en\/#website","url":"https:\/\/garrafeirapepe.pt\/en\/","name":"Garrafeira Pepe","description":"","publisher":{"@id":"https:\/\/garrafeirapepe.pt\/en\/#organization"},"potentialAction":[{"@type":"SearchAction","target":{"@type":"EntryPoint","urlTemplate":"https:\/\/garrafeirapepe.pt\/en\/?s={search_term_string}"},"query-input":{"@type":"PropertyValueSpecification","valueRequired":true,"valueName":"search_term_string"}}],"inLanguage":"en-US"},{"@type":["Organization","Place"],"@id":"https:\/\/garrafeirapepe.pt\/en\/#organization","name":"Garrafeira Pepe","url":"https:\/\/garrafeirapepe.pt\/en\/","logo":{"@id":"https:\/\/garrafeirapepe.pt\/en\/loja\/uncategorized\/espumantes-quinta-bageiras-grande-reserva-rose-bruto-2\/#local-main-organization-logo"},"image":{"@id":"https:\/\/garrafeirapepe.pt\/en\/loja\/uncategorized\/espumantes-quinta-bageiras-grande-reserva-rose-bruto-2\/#local-main-organization-logo"},"sameAs":["https:\/\/www.facebook.com\/GarrafeiraPepe","https:\/\/www.instagram.com\/garrafeiratiopepe\/","https:\/\/www.linkedin.com\/company\/garrafeira-tio-pepe\/"],"description":"Loja On-line ao seu dispor - 40 Anos de experi\u00eancia no sector, 2100 refer\u00eancias ativas e ao seu dispor. Uma das mais conceituadas Garrafeiras de Portugal.","legalName":"PUROVINUM COMERCIO DE BEBIDAS LDA.","foundingDate":"1986-01-01","numberOfEmployees":{"@type":"QuantitativeValue","minValue":"11","maxValue":"50"},"hasMerchantReturnPolicy":{"@type":"MerchantReturnPolicy","merchantReturnLink":"https:\/\/garrafeirapepe.pt\/politica-de-devolucao\/"},"telephone":[],"openingHoursSpecification":[{"@type":"OpeningHoursSpecification","dayOfWeek":["Monday","Tuesday","Wednesday","Thursday","Friday","Saturday","Sunday"],"opens":"09:00","closes":"17:00"}]},{"@type":"ImageObject","inLanguage":"en-US","@id":"https:\/\/garrafeirapepe.pt\/en\/loja\/uncategorized\/espumantes-quinta-bageiras-grande-reserva-rose-bruto-2\/#local-main-organization-logo","url":"https:\/\/garrafeirapepe.pt\/wp-content\/uploads\/2025\/11\/Logo-Vertical-512x512-sem-fundo.png","contentUrl":"https:\/\/garrafeirapepe.pt\/wp-content\/uploads\/2025\/11\/Logo-Vertical-512x512-sem-fundo.png","width":512,"height":512,"caption":"Garrafeira Pepe"}]},"product_brand":"Quinta das B\u00e1geiras","product_price_amount":"45.00","product_price_currency":"EUR","og_availability":"out of stock","product_availability":"out of stock","product_retailer_item_id":"EQBGRR","product_condition":"new"},"_links":{"self":[{"href":"https:\/\/garrafeirapepe.pt\/en\/wp-json\/wp\/v2\/product\/39115","targetHints":{"allow":["GET"]}}],"collection":[{"href":"https:\/\/garrafeirapepe.pt\/en\/wp-json\/wp\/v2\/product"}],"about":[{"href":"https:\/\/garrafeirapepe.pt\/en\/wp-json\/wp\/v2\/types\/product"}],"wp:featuredmedia":[{"embeddable":true,"href":"https:\/\/garrafeirapepe.pt\/en\/wp-json\/wp\/v2\/media\/194568"}],"wp:attachment":[{"href":"https:\/\/garrafeirapepe.pt\/en\/wp-json\/wp\/v2\/media?parent=39115"}],"wp:term":[{"taxonomy":"product_brand","embeddable":true,"href":"https:\/\/garrafeirapepe.pt\/en\/wp-json\/wp\/v2\/product_brand?post=39115"},{"taxonomy":"product_cat","embeddable":true,"href":"https:\/\/garrafeirapepe.pt\/en\/wp-json\/wp\/v2\/product_cat?post=39115"},{"taxonomy":"product_tag","embeddable":true,"href":"https:\/\/garrafeirapepe.pt\/en\/wp-json\/wp\/v2\/product_tag?post=39115"}],"curies":[{"name":"wp","href":"https:\/\/api.w.org\/{rel}","templated":true}]}}