{"id":39889,"date":"2021-10-28T18:21:26","date_gmt":"2021-10-28T17:21:26","guid":{"rendered":"https:\/\/garrafeirapepe.pt\/produto\/garrafeira-vinho-pocas-fora-serie-cerceal-2\/"},"modified":"2026-03-25T20:04:29","modified_gmt":"2026-03-25T20:04:29","slug":"garrafeira-vinho-pocas-fora-serie-cerceal-2","status":"publish","type":"product","link":"https:\/\/garrafeirapepe.pt\/en\/loja\/uncategorized\/garrafeira-vinho-pocas-fora-serie-cerceal-2\/","title":{"rendered":"Po\u00e7as Fora De S\u00e9rie Cerceal White 2020"},"content":{"rendered":"<p>Po\u00e7as has just launched its first \u201cFora da S\u00e9rie\u201d wines. Limited editions, the result of experiences between the art of knowing how to do and the freedom to create. Along the way, we share the inspiring stories of those who dared to think and do differently within their own art. The \u201cOutside the Series\u201d.<br \/>One of the new Fora de S\u00e9rie by Po\u00e7as Vinhos is made with grapes from the Num\u00e3o region in the Douro Superior. In the cellar, the whole bunch is pressed, partially fermented in stainless steel and new barrels. Aging in new French oak barrels with a capacity of 300 liters for 9 months, with fine lees lipstick.<br \/>A white wine by the winemaker Andr\u00e9 Pimentel Barbosa.<\/p>\n","protected":false},"excerpt":{"rendered":"<p>Po\u00e7as has just launched its first \u201cFora da S\u00e9rie\u201d wines. Limited editions, the result of experiences between the art of knowing how to do and the freedom to create. Along the way, we share the inspiring stories of those who dared to think and do differently within their own art. The \u201cOutside the Series\u201d.One of [&hellip;]<\/p>\n","protected":false},"featured_media":20258,"template":"","meta":{"_acf_changed":false},"product_brand":[10209],"product_cat":[],"product_tag":[],"class_list":{"0":"post-39889","1":"product","2":"type-product","3":"status-publish","4":"has-post-thumbnail","6":"product_brand-pocas","8":"first","9":"outofstock","10":"taxable","11":"shipping-taxable","12":"purchasable","13":"product-type-simple"},"acf":[],"yoast_head":"<!-- This site is optimized with the Yoast SEO Premium plugin v27.3 (Yoast SEO v27.3) - https:\/\/yoast.com\/product\/yoast-seo-premium-wordpress\/ -->\n<title>Po\u00e7as Fora De S\u00e9rie Cerceal White 2020 | Garrafeira Tio Pepe<\/title>\n<meta name=\"description\" content=\"Discover Po\u00e7as&#039; limited edition &quot;Fora Da S\u00e9rie&quot; wines, born from the art of expertise and freedom to create. Experience excellence now!\" \/>\n<meta name=\"robots\" content=\"index, follow, max-snippet:-1, max-image-preview:large, max-video-preview:-1\" \/>\n<link rel=\"canonical\" href=\"https:\/\/garrafeirapepe.pt\/en\/loja\/uncategorized\/garrafeira-vinho-pocas-fora-serie-cerceal-2\/\" \/>\n<meta property=\"og:locale\" content=\"en_US\" \/>\n<meta property=\"og:type\" content=\"article\" \/>\n<meta property=\"og:title\" content=\"Po\u00e7as Fora De S\u00e9rie Cerceal White 2020\" \/>\n<meta property=\"og:description\" content=\"Po\u00e7as Fora De S\u00e9rie Cerceal White 2020 -\" \/>\n<meta property=\"og:url\" content=\"https:\/\/garrafeirapepe.pt\/en\/loja\/uncategorized\/garrafeira-vinho-pocas-fora-serie-cerceal-2\/\" \/>\n<meta property=\"og:site_name\" content=\"Garrafeira Pepe\" \/>\n<meta property=\"article:publisher\" content=\"https:\/\/www.facebook.com\/GarrafeiraPepe\" \/>\n<meta property=\"article:modified_time\" content=\"2026-03-25T20:04:29+00:00\" \/>\n<meta property=\"og:image\" content=\"https:\/\/garrafeirapepe.pt\/wp-content\/uploads\/2021\/10\/DECANTE_111614.jpg\" \/>\n\t<meta property=\"og:image:width\" content=\"682\" \/>\n\t<meta property=\"og:image:height\" content=\"2158\" \/>\n\t<meta property=\"og:image:type\" content=\"image\/jpeg\" \/>\n<meta name=\"twitter:card\" content=\"summary_large_image\" \/>\n<meta name=\"twitter:label1\" content=\"Price\" \/>\n\t<meta name=\"twitter:data1\" content=\"28.70&euro;\" \/>\n\t<meta name=\"twitter:label2\" content=\"Availability\" \/>\n\t<meta name=\"twitter:data2\" content=\"Out of stock\" \/>\n<script type=\"application\/ld+json\" class=\"yoast-schema-graph\">{\"@context\":\"https:\\\/\\\/schema.org\",\"@graph\":[{\"@type\":\"WebPage\",\"@id\":\"https:\\\/\\\/garrafeirapepe.pt\\\/en\\\/loja\\\/uncategorized\\\/garrafeira-vinho-pocas-fora-serie-cerceal-2\\\/\",\"url\":\"https:\\\/\\\/garrafeirapepe.pt\\\/en\\\/loja\\\/uncategorized\\\/garrafeira-vinho-pocas-fora-serie-cerceal-2\\\/\",\"name\":\"Po\u00e7as Fora De S\u00e9rie Cerceal White 2020 | Garrafeira Tio Pepe\",\"isPartOf\":{\"@id\":\"https:\\\/\\\/garrafeirapepe.pt\\\/en\\\/#website\"},\"primaryImageOfPage\":{\"@id\":\"https:\\\/\\\/garrafeirapepe.pt\\\/en\\\/loja\\\/uncategorized\\\/garrafeira-vinho-pocas-fora-serie-cerceal-2\\\/#primaryimage\"},\"image\":{\"@id\":\"https:\\\/\\\/garrafeirapepe.pt\\\/en\\\/loja\\\/uncategorized\\\/garrafeira-vinho-pocas-fora-serie-cerceal-2\\\/#primaryimage\"},\"thumbnailUrl\":\"https:\\\/\\\/garrafeirapepe.pt\\\/wp-content\\\/uploads\\\/2021\\\/10\\\/DECANTE_111614.jpg\",\"datePublished\":\"2021-10-28T17:21:26+00:00\",\"dateModified\":\"2026-03-25T20:04:29+00:00\",\"description\":\"Discover Po\u00e7as' limited edition \\\"Fora Da S\u00e9rie\\\" wines, born from the art of expertise and freedom to create. Experience excellence now!\",\"breadcrumb\":{\"@id\":\"https:\\\/\\\/garrafeirapepe.pt\\\/en\\\/loja\\\/uncategorized\\\/garrafeira-vinho-pocas-fora-serie-cerceal-2\\\/#breadcrumb\"},\"inLanguage\":\"en-US\",\"potentialAction\":[{\"@type\":\"ReadAction\",\"target\":[\"https:\\\/\\\/garrafeirapepe.pt\\\/en\\\/loja\\\/uncategorized\\\/garrafeira-vinho-pocas-fora-serie-cerceal-2\\\/\"]}]},{\"@type\":\"ImageObject\",\"inLanguage\":\"en-US\",\"@id\":\"https:\\\/\\\/garrafeirapepe.pt\\\/en\\\/loja\\\/uncategorized\\\/garrafeira-vinho-pocas-fora-serie-cerceal-2\\\/#primaryimage\",\"url\":\"https:\\\/\\\/garrafeirapepe.pt\\\/wp-content\\\/uploads\\\/2021\\\/10\\\/DECANTE_111614.jpg\",\"contentUrl\":\"https:\\\/\\\/garrafeirapepe.pt\\\/wp-content\\\/uploads\\\/2021\\\/10\\\/DECANTE_111614.jpg\",\"width\":682,\"height\":2158},{\"@type\":\"BreadcrumbList\",\"@id\":\"https:\\\/\\\/garrafeirapepe.pt\\\/en\\\/loja\\\/uncategorized\\\/garrafeira-vinho-pocas-fora-serie-cerceal-2\\\/#breadcrumb\",\"itemListElement\":[{\"@type\":\"ListItem\",\"position\":1,\"name\":\"Home\",\"item\":\"https:\\\/\\\/garrafeirapepe.pt\\\/en\\\/\"},{\"@type\":\"ListItem\",\"position\":2,\"name\":\"Store\",\"item\":\"https:\\\/\\\/garrafeirapepe.pt\\\/en\\\/shop\\\/\"},{\"@type\":\"ListItem\",\"position\":3,\"name\":\"Po\u00e7as Fora De S\u00e9rie Cerceal White 2020\"}]},{\"@type\":\"WebSite\",\"@id\":\"https:\\\/\\\/garrafeirapepe.pt\\\/en\\\/#website\",\"url\":\"https:\\\/\\\/garrafeirapepe.pt\\\/en\\\/\",\"name\":\"Garrafeira Pepe\",\"description\":\"\",\"publisher\":{\"@id\":\"https:\\\/\\\/garrafeirapepe.pt\\\/en\\\/#organization\"},\"potentialAction\":[{\"@type\":\"SearchAction\",\"target\":{\"@type\":\"EntryPoint\",\"urlTemplate\":\"https:\\\/\\\/garrafeirapepe.pt\\\/en\\\/?s={search_term_string}\"},\"query-input\":{\"@type\":\"PropertyValueSpecification\",\"valueRequired\":true,\"valueName\":\"search_term_string\"}}],\"inLanguage\":\"en-US\"},{\"@type\":[\"Organization\",\"Place\"],\"@id\":\"https:\\\/\\\/garrafeirapepe.pt\\\/en\\\/#organization\",\"name\":\"Garrafeira Pepe\",\"url\":\"https:\\\/\\\/garrafeirapepe.pt\\\/en\\\/\",\"logo\":{\"@id\":\"https:\\\/\\\/garrafeirapepe.pt\\\/en\\\/loja\\\/uncategorized\\\/garrafeira-vinho-pocas-fora-serie-cerceal-2\\\/#local-main-organization-logo\"},\"image\":{\"@id\":\"https:\\\/\\\/garrafeirapepe.pt\\\/en\\\/loja\\\/uncategorized\\\/garrafeira-vinho-pocas-fora-serie-cerceal-2\\\/#local-main-organization-logo\"},\"sameAs\":[\"https:\\\/\\\/www.facebook.com\\\/GarrafeiraPepe\",\"https:\\\/\\\/www.instagram.com\\\/garrafeiratiopepe\\\/\",\"https:\\\/\\\/www.linkedin.com\\\/company\\\/garrafeira-tio-pepe\\\/\"],\"description\":\"Loja On-line ao seu dispor - 40 Anos de experi\u00eancia no sector, 2100 refer\u00eancias ativas e ao seu dispor. Uma das mais conceituadas Garrafeiras de Portugal.\",\"legalName\":\"PUROVINUM COMERCIO DE BEBIDAS LDA.\",\"foundingDate\":\"1986-01-01\",\"numberOfEmployees\":{\"@type\":\"QuantitativeValue\",\"minValue\":\"11\",\"maxValue\":\"50\"},\"hasMerchantReturnPolicy\":{\"@type\":\"MerchantReturnPolicy\",\"merchantReturnLink\":\"https:\\\/\\\/garrafeirapepe.pt\\\/politica-de-devolucao\\\/\"},\"telephone\":[],\"openingHoursSpecification\":[{\"@type\":\"OpeningHoursSpecification\",\"dayOfWeek\":[\"Monday\",\"Tuesday\",\"Wednesday\",\"Thursday\",\"Friday\",\"Saturday\",\"Sunday\"],\"opens\":\"09:00\",\"closes\":\"17:00\"}]},{\"@type\":\"ImageObject\",\"inLanguage\":\"en-US\",\"@id\":\"https:\\\/\\\/garrafeirapepe.pt\\\/en\\\/loja\\\/uncategorized\\\/garrafeira-vinho-pocas-fora-serie-cerceal-2\\\/#local-main-organization-logo\",\"url\":\"https:\\\/\\\/garrafeirapepe.pt\\\/wp-content\\\/uploads\\\/2025\\\/11\\\/Logo-Vertical-512x512-sem-fundo.png\",\"contentUrl\":\"https:\\\/\\\/garrafeirapepe.pt\\\/wp-content\\\/uploads\\\/2025\\\/11\\\/Logo-Vertical-512x512-sem-fundo.png\",\"width\":512,\"height\":512,\"caption\":\"Garrafeira Pepe\"}]}<\/script>\n<meta property=\"product:brand\" content=\"Po\u00e7as\" \/>\n<meta property=\"product:price:amount\" content=\"28.70\" \/>\n<meta property=\"product:price:currency\" content=\"EUR\" \/>\n<meta property=\"og:availability\" content=\"out of stock\" \/>\n<meta property=\"product:availability\" content=\"out of stock\" \/>\n<meta property=\"product:retailer_item_id\" content=\"PO\u00c7AFDSC\" \/>\n<meta property=\"product:condition\" content=\"new\" \/>\n<!-- \/ Yoast SEO Premium plugin. -->","yoast_head_json":{"title":"Po\u00e7as Fora De S\u00e9rie Cerceal White 2020 | Garrafeira Tio Pepe","description":"Discover Po\u00e7as' limited edition \"Fora Da S\u00e9rie\" wines, born from the art of expertise and freedom to create. Experience excellence now!","robots":{"index":"index","follow":"follow","max-snippet":"max-snippet:-1","max-image-preview":"max-image-preview:large","max-video-preview":"max-video-preview:-1"},"canonical":"https:\/\/garrafeirapepe.pt\/en\/loja\/uncategorized\/garrafeira-vinho-pocas-fora-serie-cerceal-2\/","og_locale":"en_US","og_type":"article","og_title":"Po\u00e7as Fora De S\u00e9rie Cerceal White 2020","og_description":"Po\u00e7as Fora De S\u00e9rie Cerceal White 2020 -","og_url":"https:\/\/garrafeirapepe.pt\/en\/loja\/uncategorized\/garrafeira-vinho-pocas-fora-serie-cerceal-2\/","og_site_name":"Garrafeira Pepe","article_publisher":"https:\/\/www.facebook.com\/GarrafeiraPepe","article_modified_time":"2026-03-25T20:04:29+00:00","og_image":[{"width":682,"height":2158,"url":"https:\/\/garrafeirapepe.pt\/wp-content\/uploads\/2021\/10\/DECANTE_111614.jpg","type":"image\/jpeg"}],"twitter_card":"summary_large_image","twitter_misc":{"Price":"28.70&euro;","Availability":"Out of stock"},"schema":{"@context":"https:\/\/schema.org","@graph":[{"@type":"WebPage","@id":"https:\/\/garrafeirapepe.pt\/en\/loja\/uncategorized\/garrafeira-vinho-pocas-fora-serie-cerceal-2\/","url":"https:\/\/garrafeirapepe.pt\/en\/loja\/uncategorized\/garrafeira-vinho-pocas-fora-serie-cerceal-2\/","name":"Po\u00e7as Fora De S\u00e9rie Cerceal White 2020 | Garrafeira Tio Pepe","isPartOf":{"@id":"https:\/\/garrafeirapepe.pt\/en\/#website"},"primaryImageOfPage":{"@id":"https:\/\/garrafeirapepe.pt\/en\/loja\/uncategorized\/garrafeira-vinho-pocas-fora-serie-cerceal-2\/#primaryimage"},"image":{"@id":"https:\/\/garrafeirapepe.pt\/en\/loja\/uncategorized\/garrafeira-vinho-pocas-fora-serie-cerceal-2\/#primaryimage"},"thumbnailUrl":"https:\/\/garrafeirapepe.pt\/wp-content\/uploads\/2021\/10\/DECANTE_111614.jpg","datePublished":"2021-10-28T17:21:26+00:00","dateModified":"2026-03-25T20:04:29+00:00","description":"Discover Po\u00e7as' limited edition \"Fora Da S\u00e9rie\" wines, born from the art of expertise and freedom to create. Experience excellence now!","breadcrumb":{"@id":"https:\/\/garrafeirapepe.pt\/en\/loja\/uncategorized\/garrafeira-vinho-pocas-fora-serie-cerceal-2\/#breadcrumb"},"inLanguage":"en-US","potentialAction":[{"@type":"ReadAction","target":["https:\/\/garrafeirapepe.pt\/en\/loja\/uncategorized\/garrafeira-vinho-pocas-fora-serie-cerceal-2\/"]}]},{"@type":"ImageObject","inLanguage":"en-US","@id":"https:\/\/garrafeirapepe.pt\/en\/loja\/uncategorized\/garrafeira-vinho-pocas-fora-serie-cerceal-2\/#primaryimage","url":"https:\/\/garrafeirapepe.pt\/wp-content\/uploads\/2021\/10\/DECANTE_111614.jpg","contentUrl":"https:\/\/garrafeirapepe.pt\/wp-content\/uploads\/2021\/10\/DECANTE_111614.jpg","width":682,"height":2158},{"@type":"BreadcrumbList","@id":"https:\/\/garrafeirapepe.pt\/en\/loja\/uncategorized\/garrafeira-vinho-pocas-fora-serie-cerceal-2\/#breadcrumb","itemListElement":[{"@type":"ListItem","position":1,"name":"Home","item":"https:\/\/garrafeirapepe.pt\/en\/"},{"@type":"ListItem","position":2,"name":"Store","item":"https:\/\/garrafeirapepe.pt\/en\/shop\/"},{"@type":"ListItem","position":3,"name":"Po\u00e7as Fora De S\u00e9rie Cerceal White 2020"}]},{"@type":"WebSite","@id":"https:\/\/garrafeirapepe.pt\/en\/#website","url":"https:\/\/garrafeirapepe.pt\/en\/","name":"Garrafeira Pepe","description":"","publisher":{"@id":"https:\/\/garrafeirapepe.pt\/en\/#organization"},"potentialAction":[{"@type":"SearchAction","target":{"@type":"EntryPoint","urlTemplate":"https:\/\/garrafeirapepe.pt\/en\/?s={search_term_string}"},"query-input":{"@type":"PropertyValueSpecification","valueRequired":true,"valueName":"search_term_string"}}],"inLanguage":"en-US"},{"@type":["Organization","Place"],"@id":"https:\/\/garrafeirapepe.pt\/en\/#organization","name":"Garrafeira Pepe","url":"https:\/\/garrafeirapepe.pt\/en\/","logo":{"@id":"https:\/\/garrafeirapepe.pt\/en\/loja\/uncategorized\/garrafeira-vinho-pocas-fora-serie-cerceal-2\/#local-main-organization-logo"},"image":{"@id":"https:\/\/garrafeirapepe.pt\/en\/loja\/uncategorized\/garrafeira-vinho-pocas-fora-serie-cerceal-2\/#local-main-organization-logo"},"sameAs":["https:\/\/www.facebook.com\/GarrafeiraPepe","https:\/\/www.instagram.com\/garrafeiratiopepe\/","https:\/\/www.linkedin.com\/company\/garrafeira-tio-pepe\/"],"description":"Loja On-line ao seu dispor - 40 Anos de experi\u00eancia no sector, 2100 refer\u00eancias ativas e ao seu dispor. Uma das mais conceituadas Garrafeiras de Portugal.","legalName":"PUROVINUM COMERCIO DE BEBIDAS LDA.","foundingDate":"1986-01-01","numberOfEmployees":{"@type":"QuantitativeValue","minValue":"11","maxValue":"50"},"hasMerchantReturnPolicy":{"@type":"MerchantReturnPolicy","merchantReturnLink":"https:\/\/garrafeirapepe.pt\/politica-de-devolucao\/"},"telephone":[],"openingHoursSpecification":[{"@type":"OpeningHoursSpecification","dayOfWeek":["Monday","Tuesday","Wednesday","Thursday","Friday","Saturday","Sunday"],"opens":"09:00","closes":"17:00"}]},{"@type":"ImageObject","inLanguage":"en-US","@id":"https:\/\/garrafeirapepe.pt\/en\/loja\/uncategorized\/garrafeira-vinho-pocas-fora-serie-cerceal-2\/#local-main-organization-logo","url":"https:\/\/garrafeirapepe.pt\/wp-content\/uploads\/2025\/11\/Logo-Vertical-512x512-sem-fundo.png","contentUrl":"https:\/\/garrafeirapepe.pt\/wp-content\/uploads\/2025\/11\/Logo-Vertical-512x512-sem-fundo.png","width":512,"height":512,"caption":"Garrafeira Pepe"}]},"product_brand":"Po\u00e7as","product_price_amount":"28.70","product_price_currency":"EUR","og_availability":"out of stock","product_availability":"out of stock","product_retailer_item_id":"PO\u00c7AFDSC","product_condition":"new"},"_links":{"self":[{"href":"https:\/\/garrafeirapepe.pt\/en\/wp-json\/wp\/v2\/product\/39889","targetHints":{"allow":["GET"]}}],"collection":[{"href":"https:\/\/garrafeirapepe.pt\/en\/wp-json\/wp\/v2\/product"}],"about":[{"href":"https:\/\/garrafeirapepe.pt\/en\/wp-json\/wp\/v2\/types\/product"}],"wp:featuredmedia":[{"embeddable":true,"href":"https:\/\/garrafeirapepe.pt\/en\/wp-json\/wp\/v2\/media\/20258"}],"wp:attachment":[{"href":"https:\/\/garrafeirapepe.pt\/en\/wp-json\/wp\/v2\/media?parent=39889"}],"wp:term":[{"taxonomy":"product_brand","embeddable":true,"href":"https:\/\/garrafeirapepe.pt\/en\/wp-json\/wp\/v2\/product_brand?post=39889"},{"taxonomy":"product_cat","embeddable":true,"href":"https:\/\/garrafeirapepe.pt\/en\/wp-json\/wp\/v2\/product_cat?post=39889"},{"taxonomy":"product_tag","embeddable":true,"href":"https:\/\/garrafeirapepe.pt\/en\/wp-json\/wp\/v2\/product_tag?post=39889"}],"curies":[{"name":"wp","href":"https:\/\/api.w.org\/{rel}","templated":true}]}}