{"id":40635,"date":"2022-07-29T18:01:47","date_gmt":"2022-07-29T18:01:47","guid":{"rendered":"https:\/\/garrafeirapepe.pt\/produto\/garrafeira-vinho-chateau-mouton-rothschild-2019-2\/"},"modified":"2024-01-10T16:54:30","modified_gmt":"2024-01-10T16:54:30","slug":"garrafeira-vinho-chateau-mouton-rothschild-2019-2","status":"publish","type":"product","link":"https:\/\/garrafeirapepe.pt\/en\/loja\/garrafeira-2\/garrafeira-vinho-chateau-mouton-rothschild-2019-2\/","title":{"rendered":"Chateau Mouton Rothschild Red 2019"},"content":{"rendered":"<p>A world classic from the Bordeaux region (M\u00e9doc) with the Pauillac name.<br \/>Initially classified as &#8220;Deuxi\u00e8me Grand Cru Class\u00e9&#8221; in 1855, Mouton was promoted to the rank of Premier Grand Cru Class\u00e9&#8221; in 1973 by the French Ministry of Agriculture.<br \/>Until 1924 Mouton Rothschild wine left the Ch\u00e2teau in barrels. Merchants, who bought most of the harvest, took care of the rest until reaching the final product: storage, bottling, labeling and sale. With no direct control over the end result, the producer had little interest in the appearance of the label. The design was left entirely to the merchant. In 1924, Ch\u00e2teau Mouton Rothschild instituted a revolutionary practice: the vintage was entirely bottled on site. It was the birth of the famous &#8216;mise en bouteilles au ch\u00e2teau&#8217; (bottled in the ch\u00e2teau), a procedure that was soon adopted by the other great wines of Bordeaux, thus leaving behind the &#8220;Deuxi\u00e8me Grand Cru Class\u00e9&#8221; classification of 1855.<br \/>One of the consequences of this procedure was that the producer became directly responsible for the final quality of the product to the consumer. The labels, then, gained a new function: they became the birth certificate of each bottle. To draw attention to this fact, Baron Philippe de Rothschild, a legendary figure in the wine world, called on Cubist designer Jean Carlu to create an original label for the 1924 vintage. In the following years, the label underwent numerous modifications until 1945, end of the Second World War. Upon returning from the battlefields, Baron Philippe had the idea of, each year, handing over the design of the label to a contemporary artist, who would illustrate it with an original work.<\/p>\n<p><\/p>\n<p><font color=\"#ce0000\">AWARDS:<\/font><br \/>FALSTAFF 99\/100 PTS<br \/>VERTDEVIN 100\/100 PTS<\/p>\n","protected":false},"excerpt":{"rendered":"<p>A world classic from the Bordeaux region (M\u00e9doc) with the Pauillac name.Initially classified as &#8220;Deuxi\u00e8me Grand Cru Class\u00e9&#8221; in 1855, Mouton was promoted to the rank of Premier Grand Cru Class\u00e9&#8221; in 1973 by the French Ministry of Agriculture.Until 1924 Mouton Rothschild wine left the Ch\u00e2teau in barrels. Merchants, who bought most of the harvest, [&hellip;]<\/p>\n","protected":false},"featured_media":21787,"template":"","meta":{"_acf_changed":false},"product_brand":[],"product_cat":[10639,10606],"product_tag":[],"class_list":{"0":"post-40635","1":"product","2":"type-product","3":"status-publish","4":"has-post-thumbnail","6":"product_cat-vinhos-estrangeiro-vinhos-2","7":"product_cat-garrafeira-2","9":"first","10":"instock","11":"taxable","12":"shipping-taxable","13":"purchasable","14":"product-type-simple"},"acf":[],"yoast_head":"<!-- This site is optimized with the Yoast SEO Premium plugin v27.3 (Yoast SEO v27.3) - https:\/\/yoast.com\/product\/yoast-seo-premium-wordpress\/ -->\n<title>Chateau Mouton Rothschild Red 2019 | Garrafeira Tio Pepe<\/title>\n<meta name=\"description\" content=\"Nan\" \/>\n<meta name=\"robots\" content=\"index, follow, max-snippet:-1, max-image-preview:large, max-video-preview:-1\" \/>\n<link rel=\"canonical\" href=\"https:\/\/garrafeirapepe.pt\/en\/loja\/garrafeira-2\/garrafeira-vinho-chateau-mouton-rothschild-2019-2\/\" \/>\n<meta property=\"og:locale\" content=\"en_US\" \/>\n<meta property=\"og:type\" content=\"article\" \/>\n<meta property=\"og:title\" content=\"Chateau Mouton Rothschild Red 2019\" \/>\n<meta property=\"og:description\" content=\"Chateau Mouton Rothschild Red 2019 -\" \/>\n<meta property=\"og:url\" content=\"https:\/\/garrafeirapepe.pt\/en\/loja\/garrafeira-2\/garrafeira-vinho-chateau-mouton-rothschild-2019-2\/\" \/>\n<meta property=\"og:site_name\" content=\"Garrafeira Pepe\" \/>\n<meta property=\"article:publisher\" content=\"https:\/\/www.facebook.com\/GarrafeiraPepe\" \/>\n<meta property=\"article:modified_time\" content=\"2024-01-10T16:54:30+00:00\" \/>\n<meta property=\"og:image\" content=\"https:\/\/garrafeirapepe.pt\/wp-content\/uploads\/2022\/07\/CHATEAU-MOUTON-ROTHSCHILD-2019.png\" \/>\n\t<meta property=\"og:image:width\" content=\"1080\" \/>\n\t<meta property=\"og:image:height\" content=\"1080\" \/>\n\t<meta property=\"og:image:type\" content=\"image\/png\" \/>\n<meta name=\"twitter:card\" content=\"summary_large_image\" \/>\n<meta name=\"twitter:label1\" content=\"Price\" \/>\n\t<meta name=\"twitter:data1\" content=\"1,100.00&euro;\" \/>\n\t<meta name=\"twitter:label2\" content=\"Availability\" \/>\n\t<meta name=\"twitter:data2\" content=\"In stock\" \/>\n<script type=\"application\/ld+json\" class=\"yoast-schema-graph\">{\"@context\":\"https:\\\/\\\/schema.org\",\"@graph\":[{\"@type\":\"WebPage\",\"@id\":\"https:\\\/\\\/garrafeirapepe.pt\\\/en\\\/loja\\\/garrafeira-2\\\/garrafeira-vinho-chateau-mouton-rothschild-2019-2\\\/\",\"url\":\"https:\\\/\\\/garrafeirapepe.pt\\\/en\\\/loja\\\/garrafeira-2\\\/garrafeira-vinho-chateau-mouton-rothschild-2019-2\\\/\",\"name\":\"Chateau Mouton Rothschild Red 2019 | Garrafeira Tio Pepe\",\"isPartOf\":{\"@id\":\"https:\\\/\\\/garrafeirapepe.pt\\\/en\\\/#website\"},\"primaryImageOfPage\":{\"@id\":\"https:\\\/\\\/garrafeirapepe.pt\\\/en\\\/loja\\\/garrafeira-2\\\/garrafeira-vinho-chateau-mouton-rothschild-2019-2\\\/#primaryimage\"},\"image\":{\"@id\":\"https:\\\/\\\/garrafeirapepe.pt\\\/en\\\/loja\\\/garrafeira-2\\\/garrafeira-vinho-chateau-mouton-rothschild-2019-2\\\/#primaryimage\"},\"thumbnailUrl\":\"https:\\\/\\\/garrafeirapepe.pt\\\/wp-content\\\/uploads\\\/2022\\\/07\\\/CHATEAU-MOUTON-ROTHSCHILD-2019.png\",\"datePublished\":\"2022-07-29T18:01:47+00:00\",\"dateModified\":\"2024-01-10T16:54:30+00:00\",\"description\":\"Nan\",\"breadcrumb\":{\"@id\":\"https:\\\/\\\/garrafeirapepe.pt\\\/en\\\/loja\\\/garrafeira-2\\\/garrafeira-vinho-chateau-mouton-rothschild-2019-2\\\/#breadcrumb\"},\"inLanguage\":\"en-US\",\"potentialAction\":[{\"@type\":\"ReadAction\",\"target\":[\"https:\\\/\\\/garrafeirapepe.pt\\\/en\\\/loja\\\/garrafeira-2\\\/garrafeira-vinho-chateau-mouton-rothschild-2019-2\\\/\"]}]},{\"@type\":\"ImageObject\",\"inLanguage\":\"en-US\",\"@id\":\"https:\\\/\\\/garrafeirapepe.pt\\\/en\\\/loja\\\/garrafeira-2\\\/garrafeira-vinho-chateau-mouton-rothschild-2019-2\\\/#primaryimage\",\"url\":\"https:\\\/\\\/garrafeirapepe.pt\\\/wp-content\\\/uploads\\\/2022\\\/07\\\/CHATEAU-MOUTON-ROTHSCHILD-2019.png\",\"contentUrl\":\"https:\\\/\\\/garrafeirapepe.pt\\\/wp-content\\\/uploads\\\/2022\\\/07\\\/CHATEAU-MOUTON-ROTHSCHILD-2019.png\",\"width\":1080,\"height\":1080},{\"@type\":\"BreadcrumbList\",\"@id\":\"https:\\\/\\\/garrafeirapepe.pt\\\/en\\\/loja\\\/garrafeira-2\\\/garrafeira-vinho-chateau-mouton-rothschild-2019-2\\\/#breadcrumb\",\"itemListElement\":[{\"@type\":\"ListItem\",\"position\":1,\"name\":\"Home\",\"item\":\"https:\\\/\\\/garrafeirapepe.pt\\\/en\\\/\"},{\"@type\":\"ListItem\",\"position\":2,\"name\":\"Store\",\"item\":\"https:\\\/\\\/garrafeirapepe.pt\\\/en\\\/shop\\\/\"},{\"@type\":\"ListItem\",\"position\":3,\"name\":\"Chateau Mouton Rothschild Red 2019\"}]},{\"@type\":\"WebSite\",\"@id\":\"https:\\\/\\\/garrafeirapepe.pt\\\/en\\\/#website\",\"url\":\"https:\\\/\\\/garrafeirapepe.pt\\\/en\\\/\",\"name\":\"Garrafeira Pepe\",\"description\":\"\",\"publisher\":{\"@id\":\"https:\\\/\\\/garrafeirapepe.pt\\\/en\\\/#organization\"},\"potentialAction\":[{\"@type\":\"SearchAction\",\"target\":{\"@type\":\"EntryPoint\",\"urlTemplate\":\"https:\\\/\\\/garrafeirapepe.pt\\\/en\\\/?s={search_term_string}\"},\"query-input\":{\"@type\":\"PropertyValueSpecification\",\"valueRequired\":true,\"valueName\":\"search_term_string\"}}],\"inLanguage\":\"en-US\"},{\"@type\":[\"Organization\",\"Place\"],\"@id\":\"https:\\\/\\\/garrafeirapepe.pt\\\/en\\\/#organization\",\"name\":\"Garrafeira Pepe\",\"url\":\"https:\\\/\\\/garrafeirapepe.pt\\\/en\\\/\",\"logo\":{\"@id\":\"https:\\\/\\\/garrafeirapepe.pt\\\/en\\\/loja\\\/garrafeira-2\\\/garrafeira-vinho-chateau-mouton-rothschild-2019-2\\\/#local-main-organization-logo\"},\"image\":{\"@id\":\"https:\\\/\\\/garrafeirapepe.pt\\\/en\\\/loja\\\/garrafeira-2\\\/garrafeira-vinho-chateau-mouton-rothschild-2019-2\\\/#local-main-organization-logo\"},\"sameAs\":[\"https:\\\/\\\/www.facebook.com\\\/GarrafeiraPepe\",\"https:\\\/\\\/www.instagram.com\\\/garrafeiratiopepe\\\/\",\"https:\\\/\\\/www.linkedin.com\\\/company\\\/garrafeira-tio-pepe\\\/\"],\"description\":\"Loja On-line ao seu dispor - 40 Anos de experi\u00eancia no sector, 2100 refer\u00eancias ativas e ao seu dispor. Uma das mais conceituadas Garrafeiras de Portugal.\",\"legalName\":\"PUROVINUM COMERCIO DE BEBIDAS LDA.\",\"foundingDate\":\"1986-01-01\",\"numberOfEmployees\":{\"@type\":\"QuantitativeValue\",\"minValue\":\"11\",\"maxValue\":\"50\"},\"hasMerchantReturnPolicy\":{\"@type\":\"MerchantReturnPolicy\",\"merchantReturnLink\":\"https:\\\/\\\/garrafeirapepe.pt\\\/politica-de-devolucao\\\/\"},\"telephone\":[],\"openingHoursSpecification\":[{\"@type\":\"OpeningHoursSpecification\",\"dayOfWeek\":[\"Monday\",\"Tuesday\",\"Wednesday\",\"Thursday\",\"Friday\",\"Saturday\",\"Sunday\"],\"opens\":\"09:00\",\"closes\":\"17:00\"}]},{\"@type\":\"ImageObject\",\"inLanguage\":\"en-US\",\"@id\":\"https:\\\/\\\/garrafeirapepe.pt\\\/en\\\/loja\\\/garrafeira-2\\\/garrafeira-vinho-chateau-mouton-rothschild-2019-2\\\/#local-main-organization-logo\",\"url\":\"https:\\\/\\\/garrafeirapepe.pt\\\/wp-content\\\/uploads\\\/2025\\\/11\\\/Logo-Vertical-512x512-sem-fundo.png\",\"contentUrl\":\"https:\\\/\\\/garrafeirapepe.pt\\\/wp-content\\\/uploads\\\/2025\\\/11\\\/Logo-Vertical-512x512-sem-fundo.png\",\"width\":512,\"height\":512,\"caption\":\"Garrafeira Pepe\"}]}<\/script>\n<meta property=\"product:price:amount\" content=\"1100.00\" \/>\n<meta property=\"product:price:currency\" content=\"EUR\" \/>\n<meta property=\"og:availability\" content=\"instock\" \/>\n<meta property=\"product:availability\" content=\"instock\" \/>\n<meta property=\"product:retailer_item_id\" content=\"CHATMR19\" \/>\n<meta property=\"product:condition\" content=\"new\" \/>\n<!-- \/ Yoast SEO Premium plugin. -->","yoast_head_json":{"title":"Chateau Mouton Rothschild Red 2019 | Garrafeira Tio Pepe","description":"Nan","robots":{"index":"index","follow":"follow","max-snippet":"max-snippet:-1","max-image-preview":"max-image-preview:large","max-video-preview":"max-video-preview:-1"},"canonical":"https:\/\/garrafeirapepe.pt\/en\/loja\/garrafeira-2\/garrafeira-vinho-chateau-mouton-rothschild-2019-2\/","og_locale":"en_US","og_type":"article","og_title":"Chateau Mouton Rothschild Red 2019","og_description":"Chateau Mouton Rothschild Red 2019 -","og_url":"https:\/\/garrafeirapepe.pt\/en\/loja\/garrafeira-2\/garrafeira-vinho-chateau-mouton-rothschild-2019-2\/","og_site_name":"Garrafeira Pepe","article_publisher":"https:\/\/www.facebook.com\/GarrafeiraPepe","article_modified_time":"2024-01-10T16:54:30+00:00","og_image":[{"width":1080,"height":1080,"url":"https:\/\/garrafeirapepe.pt\/wp-content\/uploads\/2022\/07\/CHATEAU-MOUTON-ROTHSCHILD-2019.png","type":"image\/png"}],"twitter_card":"summary_large_image","twitter_misc":{"Price":"1,100.00&euro;","Availability":"In stock"},"schema":{"@context":"https:\/\/schema.org","@graph":[{"@type":"WebPage","@id":"https:\/\/garrafeirapepe.pt\/en\/loja\/garrafeira-2\/garrafeira-vinho-chateau-mouton-rothschild-2019-2\/","url":"https:\/\/garrafeirapepe.pt\/en\/loja\/garrafeira-2\/garrafeira-vinho-chateau-mouton-rothschild-2019-2\/","name":"Chateau Mouton Rothschild Red 2019 | Garrafeira Tio Pepe","isPartOf":{"@id":"https:\/\/garrafeirapepe.pt\/en\/#website"},"primaryImageOfPage":{"@id":"https:\/\/garrafeirapepe.pt\/en\/loja\/garrafeira-2\/garrafeira-vinho-chateau-mouton-rothschild-2019-2\/#primaryimage"},"image":{"@id":"https:\/\/garrafeirapepe.pt\/en\/loja\/garrafeira-2\/garrafeira-vinho-chateau-mouton-rothschild-2019-2\/#primaryimage"},"thumbnailUrl":"https:\/\/garrafeirapepe.pt\/wp-content\/uploads\/2022\/07\/CHATEAU-MOUTON-ROTHSCHILD-2019.png","datePublished":"2022-07-29T18:01:47+00:00","dateModified":"2024-01-10T16:54:30+00:00","description":"Nan","breadcrumb":{"@id":"https:\/\/garrafeirapepe.pt\/en\/loja\/garrafeira-2\/garrafeira-vinho-chateau-mouton-rothschild-2019-2\/#breadcrumb"},"inLanguage":"en-US","potentialAction":[{"@type":"ReadAction","target":["https:\/\/garrafeirapepe.pt\/en\/loja\/garrafeira-2\/garrafeira-vinho-chateau-mouton-rothschild-2019-2\/"]}]},{"@type":"ImageObject","inLanguage":"en-US","@id":"https:\/\/garrafeirapepe.pt\/en\/loja\/garrafeira-2\/garrafeira-vinho-chateau-mouton-rothschild-2019-2\/#primaryimage","url":"https:\/\/garrafeirapepe.pt\/wp-content\/uploads\/2022\/07\/CHATEAU-MOUTON-ROTHSCHILD-2019.png","contentUrl":"https:\/\/garrafeirapepe.pt\/wp-content\/uploads\/2022\/07\/CHATEAU-MOUTON-ROTHSCHILD-2019.png","width":1080,"height":1080},{"@type":"BreadcrumbList","@id":"https:\/\/garrafeirapepe.pt\/en\/loja\/garrafeira-2\/garrafeira-vinho-chateau-mouton-rothschild-2019-2\/#breadcrumb","itemListElement":[{"@type":"ListItem","position":1,"name":"Home","item":"https:\/\/garrafeirapepe.pt\/en\/"},{"@type":"ListItem","position":2,"name":"Store","item":"https:\/\/garrafeirapepe.pt\/en\/shop\/"},{"@type":"ListItem","position":3,"name":"Chateau Mouton Rothschild Red 2019"}]},{"@type":"WebSite","@id":"https:\/\/garrafeirapepe.pt\/en\/#website","url":"https:\/\/garrafeirapepe.pt\/en\/","name":"Garrafeira Pepe","description":"","publisher":{"@id":"https:\/\/garrafeirapepe.pt\/en\/#organization"},"potentialAction":[{"@type":"SearchAction","target":{"@type":"EntryPoint","urlTemplate":"https:\/\/garrafeirapepe.pt\/en\/?s={search_term_string}"},"query-input":{"@type":"PropertyValueSpecification","valueRequired":true,"valueName":"search_term_string"}}],"inLanguage":"en-US"},{"@type":["Organization","Place"],"@id":"https:\/\/garrafeirapepe.pt\/en\/#organization","name":"Garrafeira Pepe","url":"https:\/\/garrafeirapepe.pt\/en\/","logo":{"@id":"https:\/\/garrafeirapepe.pt\/en\/loja\/garrafeira-2\/garrafeira-vinho-chateau-mouton-rothschild-2019-2\/#local-main-organization-logo"},"image":{"@id":"https:\/\/garrafeirapepe.pt\/en\/loja\/garrafeira-2\/garrafeira-vinho-chateau-mouton-rothschild-2019-2\/#local-main-organization-logo"},"sameAs":["https:\/\/www.facebook.com\/GarrafeiraPepe","https:\/\/www.instagram.com\/garrafeiratiopepe\/","https:\/\/www.linkedin.com\/company\/garrafeira-tio-pepe\/"],"description":"Loja On-line ao seu dispor - 40 Anos de experi\u00eancia no sector, 2100 refer\u00eancias ativas e ao seu dispor. Uma das mais conceituadas Garrafeiras de Portugal.","legalName":"PUROVINUM COMERCIO DE BEBIDAS LDA.","foundingDate":"1986-01-01","numberOfEmployees":{"@type":"QuantitativeValue","minValue":"11","maxValue":"50"},"hasMerchantReturnPolicy":{"@type":"MerchantReturnPolicy","merchantReturnLink":"https:\/\/garrafeirapepe.pt\/politica-de-devolucao\/"},"telephone":[],"openingHoursSpecification":[{"@type":"OpeningHoursSpecification","dayOfWeek":["Monday","Tuesday","Wednesday","Thursday","Friday","Saturday","Sunday"],"opens":"09:00","closes":"17:00"}]},{"@type":"ImageObject","inLanguage":"en-US","@id":"https:\/\/garrafeirapepe.pt\/en\/loja\/garrafeira-2\/garrafeira-vinho-chateau-mouton-rothschild-2019-2\/#local-main-organization-logo","url":"https:\/\/garrafeirapepe.pt\/wp-content\/uploads\/2025\/11\/Logo-Vertical-512x512-sem-fundo.png","contentUrl":"https:\/\/garrafeirapepe.pt\/wp-content\/uploads\/2025\/11\/Logo-Vertical-512x512-sem-fundo.png","width":512,"height":512,"caption":"Garrafeira Pepe"}]},"product_price_amount":"1100.00","product_price_currency":"EUR","og_availability":"instock","product_availability":"instock","product_retailer_item_id":"CHATMR19","product_condition":"new"},"_links":{"self":[{"href":"https:\/\/garrafeirapepe.pt\/en\/wp-json\/wp\/v2\/product\/40635","targetHints":{"allow":["GET"]}}],"collection":[{"href":"https:\/\/garrafeirapepe.pt\/en\/wp-json\/wp\/v2\/product"}],"about":[{"href":"https:\/\/garrafeirapepe.pt\/en\/wp-json\/wp\/v2\/types\/product"}],"wp:featuredmedia":[{"embeddable":true,"href":"https:\/\/garrafeirapepe.pt\/en\/wp-json\/wp\/v2\/media\/21787"}],"wp:attachment":[{"href":"https:\/\/garrafeirapepe.pt\/en\/wp-json\/wp\/v2\/media?parent=40635"}],"wp:term":[{"taxonomy":"product_brand","embeddable":true,"href":"https:\/\/garrafeirapepe.pt\/en\/wp-json\/wp\/v2\/product_brand?post=40635"},{"taxonomy":"product_cat","embeddable":true,"href":"https:\/\/garrafeirapepe.pt\/en\/wp-json\/wp\/v2\/product_cat?post=40635"},{"taxonomy":"product_tag","embeddable":true,"href":"https:\/\/garrafeirapepe.pt\/en\/wp-json\/wp\/v2\/product_tag?post=40635"}],"curies":[{"name":"wp","href":"https:\/\/api.w.org\/{rel}","templated":true}]}}