{"id":41037,"date":"2022-12-02T10:15:16","date_gmt":"2022-12-02T10:15:16","guid":{"rendered":"https:\/\/garrafeirapepe.pt\/produto\/garrafeira-vinho-tinto-serie-impar-solitario-2\/"},"modified":"2024-01-10T17:19:21","modified_gmt":"2024-01-10T17:19:21","slug":"garrafeira-vinho-tinto-serie-impar-solitario-2","status":"publish","type":"product","link":"https:\/\/garrafeirapepe.pt\/en\/loja\/garrafeira-2\/vinhos-2\/tinto-vinhos-2\/garrafeira-vinho-tinto-serie-impar-solitario-2\/","title":{"rendered":"S\u00e9rie \u00cdmpar Solit\u00e1rio Red 2019"},"content":{"rendered":"<p>S\u00e9rie \u00cdmpar is the result of a challenge given to Sogrape Vinhos&#8217; Oenology team to create original, special and unique wines that stand out among all the others we produce every year. Differentiation can originate from a creation linked to viticulture and\/or winemaking or just in the varieties used or in the origin of the grapes, which in the end result in one or more unique wines, which will be selected by the entire oenology team, under the leadership of the respective administrator, without any interference from other areas of the company. Every year the wines may (or may not) be made by a different winemaker, from any region or grape variety, with the guarantee that we will always be showing something different, original and special.<\/p>\n<p>Defying common sense, S\u00e9rie \u00cdmpar Solit\u00e1rio is born \u2013 an audacious red that asserts itself in an area renowned for the excellence of its white wines.<\/p>\n<p>The grapes are bought from an old winegrower with whom Quinta da Romeira has worked for several decades. The vines are over 35 years old and are located at the highest altitude in the Bucelas region. This wine is a field-blend of traditional grape varieties from the Lisbon wine region and aged for 24 months in used French oak barrels. In order to be a DOC wine in the Bucelas region, it must be made 100% with white grapes. For this reason they decided that Solit\u00e1rio would be classified as a Table Wine.<\/p>\n","protected":false},"excerpt":{"rendered":"<p>S\u00e9rie \u00cdmpar is the result of a challenge given to Sogrape Vinhos&#8217; Oenology team to create original, special and unique wines that stand out among all the others we produce every year. Differentiation can originate from a creation linked to viticulture and\/or winemaking or just in the varieties used or in the origin of the [&hellip;]<\/p>\n","protected":false},"featured_media":22629,"template":"","meta":{"_acf_changed":false},"product_brand":[],"product_cat":[10633,10606],"product_tag":[],"class_list":{"0":"post-41037","1":"product","2":"type-product","3":"status-publish","4":"has-post-thumbnail","6":"product_cat-tinto-vinhos-2","7":"product_cat-garrafeira-2","9":"first","10":"instock","11":"taxable","12":"shipping-taxable","13":"purchasable","14":"product-type-simple"},"acf":[],"yoast_head":"<!-- This site is optimized with the Yoast SEO Premium plugin v27.3 (Yoast SEO v27.3) - https:\/\/yoast.com\/product\/yoast-seo-premium-wordpress\/ -->\n<title>S\u00e9rie \u00cdmpar Solit\u00e1rio Red 2019 | Garrafeira Tio Pepe<\/title>\n<meta name=\"description\" content=\"Discover S\u00e9rie \u00cdmpar Solit\u00e1rio, an audacious red wine that defies common sense in an area known for its white wines. Experience excellence in every sip. Try it today!\" \/>\n<meta name=\"robots\" content=\"index, follow, max-snippet:-1, max-image-preview:large, max-video-preview:-1\" \/>\n<link rel=\"canonical\" href=\"https:\/\/garrafeirapepe.pt\/en\/loja\/garrafeira-2\/vinhos-2\/tinto-vinhos-2\/garrafeira-vinho-tinto-serie-impar-solitario-2\/\" \/>\n<meta property=\"og:locale\" content=\"en_US\" \/>\n<meta property=\"og:type\" content=\"article\" \/>\n<meta property=\"og:title\" content=\"S\u00e9rie \u00cdmpar Solit\u00e1rio Red 2019\" \/>\n<meta property=\"og:description\" content=\"S\u00e9rie \u00cdmpar Solit\u00e1rio Red 2019 -\" \/>\n<meta property=\"og:url\" content=\"https:\/\/garrafeirapepe.pt\/en\/loja\/garrafeira-2\/vinhos-2\/tinto-vinhos-2\/garrafeira-vinho-tinto-serie-impar-solitario-2\/\" \/>\n<meta property=\"og:site_name\" content=\"Garrafeira Pepe\" \/>\n<meta property=\"article:publisher\" content=\"https:\/\/www.facebook.com\/GarrafeiraPepe\" \/>\n<meta property=\"article:modified_time\" content=\"2024-01-10T17:19:21+00:00\" \/>\n<meta property=\"og:image\" content=\"https:\/\/garrafeirapepe.pt\/wp-content\/uploads\/2022\/12\/SEIRE-IMPAR-SOLITARIO-T.png\" \/>\n\t<meta property=\"og:image:width\" content=\"940\" \/>\n\t<meta property=\"og:image:height\" content=\"788\" \/>\n\t<meta property=\"og:image:type\" content=\"image\/png\" \/>\n<meta name=\"twitter:card\" content=\"summary_large_image\" \/>\n<meta name=\"twitter:label1\" content=\"Price\" \/>\n\t<meta name=\"twitter:data1\" content=\"68.50&euro;\" \/>\n\t<meta name=\"twitter:label2\" content=\"Availability\" \/>\n\t<meta name=\"twitter:data2\" content=\"In stock\" \/>\n<script type=\"application\/ld+json\" class=\"yoast-schema-graph\">{\"@context\":\"https:\\\/\\\/schema.org\",\"@graph\":[{\"@type\":\"WebPage\",\"@id\":\"https:\\\/\\\/garrafeirapepe.pt\\\/en\\\/loja\\\/garrafeira-2\\\/vinhos-2\\\/tinto-vinhos-2\\\/garrafeira-vinho-tinto-serie-impar-solitario-2\\\/\",\"url\":\"https:\\\/\\\/garrafeirapepe.pt\\\/en\\\/loja\\\/garrafeira-2\\\/vinhos-2\\\/tinto-vinhos-2\\\/garrafeira-vinho-tinto-serie-impar-solitario-2\\\/\",\"name\":\"S\u00e9rie \u00cdmpar Solit\u00e1rio Red 2019 | Garrafeira Tio Pepe\",\"isPartOf\":{\"@id\":\"https:\\\/\\\/garrafeirapepe.pt\\\/en\\\/#website\"},\"primaryImageOfPage\":{\"@id\":\"https:\\\/\\\/garrafeirapepe.pt\\\/en\\\/loja\\\/garrafeira-2\\\/vinhos-2\\\/tinto-vinhos-2\\\/garrafeira-vinho-tinto-serie-impar-solitario-2\\\/#primaryimage\"},\"image\":{\"@id\":\"https:\\\/\\\/garrafeirapepe.pt\\\/en\\\/loja\\\/garrafeira-2\\\/vinhos-2\\\/tinto-vinhos-2\\\/garrafeira-vinho-tinto-serie-impar-solitario-2\\\/#primaryimage\"},\"thumbnailUrl\":\"https:\\\/\\\/garrafeirapepe.pt\\\/wp-content\\\/uploads\\\/2022\\\/12\\\/SEIRE-IMPAR-SOLITARIO-T.png\",\"datePublished\":\"2022-12-02T10:15:16+00:00\",\"dateModified\":\"2024-01-10T17:19:21+00:00\",\"description\":\"Discover S\u00e9rie \u00cdmpar Solit\u00e1rio, an audacious red wine that defies common sense in an area known for its white wines. Experience excellence in every sip. Try it today!\",\"breadcrumb\":{\"@id\":\"https:\\\/\\\/garrafeirapepe.pt\\\/en\\\/loja\\\/garrafeira-2\\\/vinhos-2\\\/tinto-vinhos-2\\\/garrafeira-vinho-tinto-serie-impar-solitario-2\\\/#breadcrumb\"},\"inLanguage\":\"en-US\",\"potentialAction\":[{\"@type\":\"ReadAction\",\"target\":[\"https:\\\/\\\/garrafeirapepe.pt\\\/en\\\/loja\\\/garrafeira-2\\\/vinhos-2\\\/tinto-vinhos-2\\\/garrafeira-vinho-tinto-serie-impar-solitario-2\\\/\"]}]},{\"@type\":\"ImageObject\",\"inLanguage\":\"en-US\",\"@id\":\"https:\\\/\\\/garrafeirapepe.pt\\\/en\\\/loja\\\/garrafeira-2\\\/vinhos-2\\\/tinto-vinhos-2\\\/garrafeira-vinho-tinto-serie-impar-solitario-2\\\/#primaryimage\",\"url\":\"https:\\\/\\\/garrafeirapepe.pt\\\/wp-content\\\/uploads\\\/2022\\\/12\\\/SEIRE-IMPAR-SOLITARIO-T.png\",\"contentUrl\":\"https:\\\/\\\/garrafeirapepe.pt\\\/wp-content\\\/uploads\\\/2022\\\/12\\\/SEIRE-IMPAR-SOLITARIO-T.png\",\"width\":940,\"height\":788},{\"@type\":\"BreadcrumbList\",\"@id\":\"https:\\\/\\\/garrafeirapepe.pt\\\/en\\\/loja\\\/garrafeira-2\\\/vinhos-2\\\/tinto-vinhos-2\\\/garrafeira-vinho-tinto-serie-impar-solitario-2\\\/#breadcrumb\",\"itemListElement\":[{\"@type\":\"ListItem\",\"position\":1,\"name\":\"Home\",\"item\":\"https:\\\/\\\/garrafeirapepe.pt\\\/en\\\/\"},{\"@type\":\"ListItem\",\"position\":2,\"name\":\"Store\",\"item\":\"https:\\\/\\\/garrafeirapepe.pt\\\/en\\\/shop\\\/\"},{\"@type\":\"ListItem\",\"position\":3,\"name\":\"S\u00e9rie \u00cdmpar Solit\u00e1rio Red 2019\"}]},{\"@type\":\"WebSite\",\"@id\":\"https:\\\/\\\/garrafeirapepe.pt\\\/en\\\/#website\",\"url\":\"https:\\\/\\\/garrafeirapepe.pt\\\/en\\\/\",\"name\":\"Garrafeira Pepe\",\"description\":\"\",\"publisher\":{\"@id\":\"https:\\\/\\\/garrafeirapepe.pt\\\/en\\\/#organization\"},\"potentialAction\":[{\"@type\":\"SearchAction\",\"target\":{\"@type\":\"EntryPoint\",\"urlTemplate\":\"https:\\\/\\\/garrafeirapepe.pt\\\/en\\\/?s={search_term_string}\"},\"query-input\":{\"@type\":\"PropertyValueSpecification\",\"valueRequired\":true,\"valueName\":\"search_term_string\"}}],\"inLanguage\":\"en-US\"},{\"@type\":[\"Organization\",\"Place\"],\"@id\":\"https:\\\/\\\/garrafeirapepe.pt\\\/en\\\/#organization\",\"name\":\"Garrafeira Pepe\",\"url\":\"https:\\\/\\\/garrafeirapepe.pt\\\/en\\\/\",\"logo\":{\"@id\":\"https:\\\/\\\/garrafeirapepe.pt\\\/en\\\/loja\\\/garrafeira-2\\\/vinhos-2\\\/tinto-vinhos-2\\\/garrafeira-vinho-tinto-serie-impar-solitario-2\\\/#local-main-organization-logo\"},\"image\":{\"@id\":\"https:\\\/\\\/garrafeirapepe.pt\\\/en\\\/loja\\\/garrafeira-2\\\/vinhos-2\\\/tinto-vinhos-2\\\/garrafeira-vinho-tinto-serie-impar-solitario-2\\\/#local-main-organization-logo\"},\"sameAs\":[\"https:\\\/\\\/www.facebook.com\\\/GarrafeiraPepe\",\"https:\\\/\\\/www.instagram.com\\\/garrafeiratiopepe\\\/\",\"https:\\\/\\\/www.linkedin.com\\\/company\\\/garrafeira-tio-pepe\\\/\"],\"description\":\"Loja On-line ao seu dispor - 40 Anos de experi\u00eancia no sector, 2100 refer\u00eancias ativas e ao seu dispor. Uma das mais conceituadas Garrafeiras de Portugal.\",\"legalName\":\"PUROVINUM COMERCIO DE BEBIDAS LDA.\",\"foundingDate\":\"1986-01-01\",\"numberOfEmployees\":{\"@type\":\"QuantitativeValue\",\"minValue\":\"11\",\"maxValue\":\"50\"},\"hasMerchantReturnPolicy\":{\"@type\":\"MerchantReturnPolicy\",\"merchantReturnLink\":\"https:\\\/\\\/garrafeirapepe.pt\\\/politica-de-devolucao\\\/\"},\"telephone\":[],\"openingHoursSpecification\":[{\"@type\":\"OpeningHoursSpecification\",\"dayOfWeek\":[\"Monday\",\"Tuesday\",\"Wednesday\",\"Thursday\",\"Friday\",\"Saturday\",\"Sunday\"],\"opens\":\"09:00\",\"closes\":\"17:00\"}]},{\"@type\":\"ImageObject\",\"inLanguage\":\"en-US\",\"@id\":\"https:\\\/\\\/garrafeirapepe.pt\\\/en\\\/loja\\\/garrafeira-2\\\/vinhos-2\\\/tinto-vinhos-2\\\/garrafeira-vinho-tinto-serie-impar-solitario-2\\\/#local-main-organization-logo\",\"url\":\"https:\\\/\\\/garrafeirapepe.pt\\\/wp-content\\\/uploads\\\/2025\\\/11\\\/Logo-Vertical-512x512-sem-fundo.png\",\"contentUrl\":\"https:\\\/\\\/garrafeirapepe.pt\\\/wp-content\\\/uploads\\\/2025\\\/11\\\/Logo-Vertical-512x512-sem-fundo.png\",\"width\":512,\"height\":512,\"caption\":\"Garrafeira Pepe\"}]}<\/script>\n<meta property=\"product:price:amount\" content=\"68.50\" \/>\n<meta property=\"product:price:currency\" content=\"EUR\" \/>\n<meta property=\"og:availability\" content=\"instock\" \/>\n<meta property=\"product:availability\" content=\"instock\" \/>\n<meta property=\"product:retailer_item_id\" content=\"SIST\" \/>\n<meta property=\"product:condition\" content=\"new\" \/>\n<!-- \/ Yoast SEO Premium plugin. -->","yoast_head_json":{"title":"S\u00e9rie \u00cdmpar Solit\u00e1rio Red 2019 | Garrafeira Tio Pepe","description":"Discover S\u00e9rie \u00cdmpar Solit\u00e1rio, an audacious red wine that defies common sense in an area known for its white wines. Experience excellence in every sip. Try it today!","robots":{"index":"index","follow":"follow","max-snippet":"max-snippet:-1","max-image-preview":"max-image-preview:large","max-video-preview":"max-video-preview:-1"},"canonical":"https:\/\/garrafeirapepe.pt\/en\/loja\/garrafeira-2\/vinhos-2\/tinto-vinhos-2\/garrafeira-vinho-tinto-serie-impar-solitario-2\/","og_locale":"en_US","og_type":"article","og_title":"S\u00e9rie \u00cdmpar Solit\u00e1rio Red 2019","og_description":"S\u00e9rie \u00cdmpar Solit\u00e1rio Red 2019 -","og_url":"https:\/\/garrafeirapepe.pt\/en\/loja\/garrafeira-2\/vinhos-2\/tinto-vinhos-2\/garrafeira-vinho-tinto-serie-impar-solitario-2\/","og_site_name":"Garrafeira Pepe","article_publisher":"https:\/\/www.facebook.com\/GarrafeiraPepe","article_modified_time":"2024-01-10T17:19:21+00:00","og_image":[{"width":940,"height":788,"url":"https:\/\/garrafeirapepe.pt\/wp-content\/uploads\/2022\/12\/SEIRE-IMPAR-SOLITARIO-T.png","type":"image\/png"}],"twitter_card":"summary_large_image","twitter_misc":{"Price":"68.50&euro;","Availability":"In stock"},"schema":{"@context":"https:\/\/schema.org","@graph":[{"@type":"WebPage","@id":"https:\/\/garrafeirapepe.pt\/en\/loja\/garrafeira-2\/vinhos-2\/tinto-vinhos-2\/garrafeira-vinho-tinto-serie-impar-solitario-2\/","url":"https:\/\/garrafeirapepe.pt\/en\/loja\/garrafeira-2\/vinhos-2\/tinto-vinhos-2\/garrafeira-vinho-tinto-serie-impar-solitario-2\/","name":"S\u00e9rie \u00cdmpar Solit\u00e1rio Red 2019 | Garrafeira Tio Pepe","isPartOf":{"@id":"https:\/\/garrafeirapepe.pt\/en\/#website"},"primaryImageOfPage":{"@id":"https:\/\/garrafeirapepe.pt\/en\/loja\/garrafeira-2\/vinhos-2\/tinto-vinhos-2\/garrafeira-vinho-tinto-serie-impar-solitario-2\/#primaryimage"},"image":{"@id":"https:\/\/garrafeirapepe.pt\/en\/loja\/garrafeira-2\/vinhos-2\/tinto-vinhos-2\/garrafeira-vinho-tinto-serie-impar-solitario-2\/#primaryimage"},"thumbnailUrl":"https:\/\/garrafeirapepe.pt\/wp-content\/uploads\/2022\/12\/SEIRE-IMPAR-SOLITARIO-T.png","datePublished":"2022-12-02T10:15:16+00:00","dateModified":"2024-01-10T17:19:21+00:00","description":"Discover S\u00e9rie \u00cdmpar Solit\u00e1rio, an audacious red wine that defies common sense in an area known for its white wines. Experience excellence in every sip. Try it today!","breadcrumb":{"@id":"https:\/\/garrafeirapepe.pt\/en\/loja\/garrafeira-2\/vinhos-2\/tinto-vinhos-2\/garrafeira-vinho-tinto-serie-impar-solitario-2\/#breadcrumb"},"inLanguage":"en-US","potentialAction":[{"@type":"ReadAction","target":["https:\/\/garrafeirapepe.pt\/en\/loja\/garrafeira-2\/vinhos-2\/tinto-vinhos-2\/garrafeira-vinho-tinto-serie-impar-solitario-2\/"]}]},{"@type":"ImageObject","inLanguage":"en-US","@id":"https:\/\/garrafeirapepe.pt\/en\/loja\/garrafeira-2\/vinhos-2\/tinto-vinhos-2\/garrafeira-vinho-tinto-serie-impar-solitario-2\/#primaryimage","url":"https:\/\/garrafeirapepe.pt\/wp-content\/uploads\/2022\/12\/SEIRE-IMPAR-SOLITARIO-T.png","contentUrl":"https:\/\/garrafeirapepe.pt\/wp-content\/uploads\/2022\/12\/SEIRE-IMPAR-SOLITARIO-T.png","width":940,"height":788},{"@type":"BreadcrumbList","@id":"https:\/\/garrafeirapepe.pt\/en\/loja\/garrafeira-2\/vinhos-2\/tinto-vinhos-2\/garrafeira-vinho-tinto-serie-impar-solitario-2\/#breadcrumb","itemListElement":[{"@type":"ListItem","position":1,"name":"Home","item":"https:\/\/garrafeirapepe.pt\/en\/"},{"@type":"ListItem","position":2,"name":"Store","item":"https:\/\/garrafeirapepe.pt\/en\/shop\/"},{"@type":"ListItem","position":3,"name":"S\u00e9rie \u00cdmpar Solit\u00e1rio Red 2019"}]},{"@type":"WebSite","@id":"https:\/\/garrafeirapepe.pt\/en\/#website","url":"https:\/\/garrafeirapepe.pt\/en\/","name":"Garrafeira Pepe","description":"","publisher":{"@id":"https:\/\/garrafeirapepe.pt\/en\/#organization"},"potentialAction":[{"@type":"SearchAction","target":{"@type":"EntryPoint","urlTemplate":"https:\/\/garrafeirapepe.pt\/en\/?s={search_term_string}"},"query-input":{"@type":"PropertyValueSpecification","valueRequired":true,"valueName":"search_term_string"}}],"inLanguage":"en-US"},{"@type":["Organization","Place"],"@id":"https:\/\/garrafeirapepe.pt\/en\/#organization","name":"Garrafeira Pepe","url":"https:\/\/garrafeirapepe.pt\/en\/","logo":{"@id":"https:\/\/garrafeirapepe.pt\/en\/loja\/garrafeira-2\/vinhos-2\/tinto-vinhos-2\/garrafeira-vinho-tinto-serie-impar-solitario-2\/#local-main-organization-logo"},"image":{"@id":"https:\/\/garrafeirapepe.pt\/en\/loja\/garrafeira-2\/vinhos-2\/tinto-vinhos-2\/garrafeira-vinho-tinto-serie-impar-solitario-2\/#local-main-organization-logo"},"sameAs":["https:\/\/www.facebook.com\/GarrafeiraPepe","https:\/\/www.instagram.com\/garrafeiratiopepe\/","https:\/\/www.linkedin.com\/company\/garrafeira-tio-pepe\/"],"description":"Loja On-line ao seu dispor - 40 Anos de experi\u00eancia no sector, 2100 refer\u00eancias ativas e ao seu dispor. Uma das mais conceituadas Garrafeiras de Portugal.","legalName":"PUROVINUM COMERCIO DE BEBIDAS LDA.","foundingDate":"1986-01-01","numberOfEmployees":{"@type":"QuantitativeValue","minValue":"11","maxValue":"50"},"hasMerchantReturnPolicy":{"@type":"MerchantReturnPolicy","merchantReturnLink":"https:\/\/garrafeirapepe.pt\/politica-de-devolucao\/"},"telephone":[],"openingHoursSpecification":[{"@type":"OpeningHoursSpecification","dayOfWeek":["Monday","Tuesday","Wednesday","Thursday","Friday","Saturday","Sunday"],"opens":"09:00","closes":"17:00"}]},{"@type":"ImageObject","inLanguage":"en-US","@id":"https:\/\/garrafeirapepe.pt\/en\/loja\/garrafeira-2\/vinhos-2\/tinto-vinhos-2\/garrafeira-vinho-tinto-serie-impar-solitario-2\/#local-main-organization-logo","url":"https:\/\/garrafeirapepe.pt\/wp-content\/uploads\/2025\/11\/Logo-Vertical-512x512-sem-fundo.png","contentUrl":"https:\/\/garrafeirapepe.pt\/wp-content\/uploads\/2025\/11\/Logo-Vertical-512x512-sem-fundo.png","width":512,"height":512,"caption":"Garrafeira Pepe"}]},"product_price_amount":"68.50","product_price_currency":"EUR","og_availability":"instock","product_availability":"instock","product_retailer_item_id":"SIST","product_condition":"new"},"_links":{"self":[{"href":"https:\/\/garrafeirapepe.pt\/en\/wp-json\/wp\/v2\/product\/41037","targetHints":{"allow":["GET"]}}],"collection":[{"href":"https:\/\/garrafeirapepe.pt\/en\/wp-json\/wp\/v2\/product"}],"about":[{"href":"https:\/\/garrafeirapepe.pt\/en\/wp-json\/wp\/v2\/types\/product"}],"wp:featuredmedia":[{"embeddable":true,"href":"https:\/\/garrafeirapepe.pt\/en\/wp-json\/wp\/v2\/media\/22629"}],"wp:attachment":[{"href":"https:\/\/garrafeirapepe.pt\/en\/wp-json\/wp\/v2\/media?parent=41037"}],"wp:term":[{"taxonomy":"product_brand","embeddable":true,"href":"https:\/\/garrafeirapepe.pt\/en\/wp-json\/wp\/v2\/product_brand?post=41037"},{"taxonomy":"product_cat","embeddable":true,"href":"https:\/\/garrafeirapepe.pt\/en\/wp-json\/wp\/v2\/product_cat?post=41037"},{"taxonomy":"product_tag","embeddable":true,"href":"https:\/\/garrafeirapepe.pt\/en\/wp-json\/wp\/v2\/product_tag?post=41037"}],"curies":[{"name":"wp","href":"https:\/\/api.w.org\/{rel}","templated":true}]}}