{"id":41085,"date":"2022-12-09T11:06:27","date_gmt":"2022-12-09T11:06:27","guid":{"rendered":"https:\/\/garrafeirapepe.pt\/produto\/garrafeira-vinho-estrangeiro-ferraton-cotes-du-rhone-samorens-2\/"},"modified":"2024-01-10T17:00:49","modified_gmt":"2024-01-10T17:00:49","slug":"garrafeira-vinho-estrangeiro-ferraton-cotes-du-rhone-samorens-2","status":"publish","type":"product","link":"https:\/\/garrafeirapepe.pt\/en\/loja\/garrafeira-2\/vinhos-2\/vinhos-estrangeiro-vinhos-2\/garrafeira-vinho-estrangeiro-ferraton-cotes-du-rhone-samorens-2\/","title":{"rendered":"Ferraton C\u00f4tes-Du-Rh\u00f4ne Samorens White 2021"},"content":{"rendered":"<p>A domain linked to its roots, to its origins. From passionate men, faithful to their heritage with which they forged the Ferraton P\u00e8re &amp; Fils identity. A team that observes, experiences. Always with the greatest respect.<br \/>Who works the land, the vineyard, the wine. A fraternity that brings together the vignerons of Maison Ferraton P\u00e8re &amp; Fils, in search of asserted excellence. For precious and generous wines. Unique witnesses of their land and climate.<br \/>It was born out of a commitment, a promise.<\/p>\n","protected":false},"excerpt":{"rendered":"<p>A domain linked to its roots, to its origins. From passionate men, faithful to their heritage with which they forged the Ferraton P\u00e8re &amp; Fils identity. A team that observes, experiences. Always with the greatest respect.Who works the land, the vineyard, the wine. A fraternity that brings together the vignerons of Maison Ferraton P\u00e8re &amp; [&hellip;]<\/p>\n","protected":false},"featured_media":22721,"template":"","meta":{"_acf_changed":false},"product_brand":[],"product_cat":[10639,10631,10553],"product_tag":[],"class_list":{"0":"post-41085","1":"product","2":"type-product","3":"status-publish","4":"has-post-thumbnail","6":"product_cat-vinhos-estrangeiro-vinhos-2","7":"product_cat-branco-vinhos-2","8":"product_cat-vinhos-2","10":"first","11":"instock","12":"taxable","13":"shipping-taxable","14":"purchasable","15":"product-type-simple"},"acf":[],"yoast_head":"<!-- This site is optimized with the Yoast SEO Premium plugin v27.3 (Yoast SEO v27.3) - https:\/\/yoast.com\/product\/yoast-seo-premium-wordpress\/ -->\n<title>Ferraton C\u00f4tes-Du-Rh\u00f4ne Samorens White 2021 | Garrafeira Tio Pepe<\/title>\n<meta name=\"description\" content=\"Discover Ferraton P\u00e8re &amp; Fils, a domain rooted in heritage and passion. Experience the finest wines crafted by a dedicated team. Explore our vineyards and indulge in our rich history. Visit us today!\" \/>\n<meta name=\"robots\" content=\"index, follow, max-snippet:-1, max-image-preview:large, max-video-preview:-1\" \/>\n<link rel=\"canonical\" href=\"https:\/\/garrafeirapepe.pt\/en\/loja\/garrafeira-2\/vinhos-2\/vinhos-estrangeiro-vinhos-2\/garrafeira-vinho-estrangeiro-ferraton-cotes-du-rhone-samorens-2\/\" \/>\n<meta property=\"og:locale\" content=\"en_US\" \/>\n<meta property=\"og:type\" content=\"article\" \/>\n<meta property=\"og:title\" content=\"Ferraton C\u00f4tes-Du-Rh\u00f4ne Samorens White 2021\" \/>\n<meta property=\"og:description\" content=\"Ferraton C\u00f4tes-Du-Rh\u00f4ne Samorens White 2021 -\" \/>\n<meta property=\"og:url\" content=\"https:\/\/garrafeirapepe.pt\/en\/loja\/garrafeira-2\/vinhos-2\/vinhos-estrangeiro-vinhos-2\/garrafeira-vinho-estrangeiro-ferraton-cotes-du-rhone-samorens-2\/\" \/>\n<meta property=\"og:site_name\" content=\"Garrafeira Pepe\" \/>\n<meta property=\"article:publisher\" content=\"https:\/\/www.facebook.com\/GarrafeiraPepe\" \/>\n<meta property=\"article:modified_time\" content=\"2024-01-10T17:00:49+00:00\" \/>\n<meta property=\"og:image\" content=\"https:\/\/garrafeirapepe.pt\/wp-content\/uploads\/2022\/12\/FERRATON-COTES-RHONE-B.png\" \/>\n\t<meta property=\"og:image:width\" content=\"940\" \/>\n\t<meta property=\"og:image:height\" content=\"788\" \/>\n\t<meta property=\"og:image:type\" content=\"image\/png\" \/>\n<meta name=\"twitter:card\" content=\"summary_large_image\" \/>\n<meta name=\"twitter:label1\" content=\"Price\" \/>\n\t<meta name=\"twitter:data1\" content=\"9.90&euro;\" \/>\n\t<meta name=\"twitter:label2\" content=\"Availability\" \/>\n\t<meta name=\"twitter:data2\" content=\"In stock\" \/>\n<script type=\"application\/ld+json\" class=\"yoast-schema-graph\">{\"@context\":\"https:\\\/\\\/schema.org\",\"@graph\":[{\"@type\":\"WebPage\",\"@id\":\"https:\\\/\\\/garrafeirapepe.pt\\\/en\\\/loja\\\/garrafeira-2\\\/vinhos-2\\\/vinhos-estrangeiro-vinhos-2\\\/garrafeira-vinho-estrangeiro-ferraton-cotes-du-rhone-samorens-2\\\/\",\"url\":\"https:\\\/\\\/garrafeirapepe.pt\\\/en\\\/loja\\\/garrafeira-2\\\/vinhos-2\\\/vinhos-estrangeiro-vinhos-2\\\/garrafeira-vinho-estrangeiro-ferraton-cotes-du-rhone-samorens-2\\\/\",\"name\":\"Ferraton C\u00f4tes-Du-Rh\u00f4ne Samorens White 2021 | Garrafeira Tio Pepe\",\"isPartOf\":{\"@id\":\"https:\\\/\\\/garrafeirapepe.pt\\\/en\\\/#website\"},\"primaryImageOfPage\":{\"@id\":\"https:\\\/\\\/garrafeirapepe.pt\\\/en\\\/loja\\\/garrafeira-2\\\/vinhos-2\\\/vinhos-estrangeiro-vinhos-2\\\/garrafeira-vinho-estrangeiro-ferraton-cotes-du-rhone-samorens-2\\\/#primaryimage\"},\"image\":{\"@id\":\"https:\\\/\\\/garrafeirapepe.pt\\\/en\\\/loja\\\/garrafeira-2\\\/vinhos-2\\\/vinhos-estrangeiro-vinhos-2\\\/garrafeira-vinho-estrangeiro-ferraton-cotes-du-rhone-samorens-2\\\/#primaryimage\"},\"thumbnailUrl\":\"https:\\\/\\\/garrafeirapepe.pt\\\/wp-content\\\/uploads\\\/2022\\\/12\\\/FERRATON-COTES-RHONE-B.png\",\"datePublished\":\"2022-12-09T11:06:27+00:00\",\"dateModified\":\"2024-01-10T17:00:49+00:00\",\"description\":\"Discover Ferraton P\u00e8re & Fils, a domain rooted in heritage and passion. Experience the finest wines crafted by a dedicated team. Explore our vineyards and indulge in our rich history. Visit us today!\",\"breadcrumb\":{\"@id\":\"https:\\\/\\\/garrafeirapepe.pt\\\/en\\\/loja\\\/garrafeira-2\\\/vinhos-2\\\/vinhos-estrangeiro-vinhos-2\\\/garrafeira-vinho-estrangeiro-ferraton-cotes-du-rhone-samorens-2\\\/#breadcrumb\"},\"inLanguage\":\"en-US\",\"potentialAction\":[{\"@type\":\"ReadAction\",\"target\":[\"https:\\\/\\\/garrafeirapepe.pt\\\/en\\\/loja\\\/garrafeira-2\\\/vinhos-2\\\/vinhos-estrangeiro-vinhos-2\\\/garrafeira-vinho-estrangeiro-ferraton-cotes-du-rhone-samorens-2\\\/\"]}]},{\"@type\":\"ImageObject\",\"inLanguage\":\"en-US\",\"@id\":\"https:\\\/\\\/garrafeirapepe.pt\\\/en\\\/loja\\\/garrafeira-2\\\/vinhos-2\\\/vinhos-estrangeiro-vinhos-2\\\/garrafeira-vinho-estrangeiro-ferraton-cotes-du-rhone-samorens-2\\\/#primaryimage\",\"url\":\"https:\\\/\\\/garrafeirapepe.pt\\\/wp-content\\\/uploads\\\/2022\\\/12\\\/FERRATON-COTES-RHONE-B.png\",\"contentUrl\":\"https:\\\/\\\/garrafeirapepe.pt\\\/wp-content\\\/uploads\\\/2022\\\/12\\\/FERRATON-COTES-RHONE-B.png\",\"width\":940,\"height\":788},{\"@type\":\"BreadcrumbList\",\"@id\":\"https:\\\/\\\/garrafeirapepe.pt\\\/en\\\/loja\\\/garrafeira-2\\\/vinhos-2\\\/vinhos-estrangeiro-vinhos-2\\\/garrafeira-vinho-estrangeiro-ferraton-cotes-du-rhone-samorens-2\\\/#breadcrumb\",\"itemListElement\":[{\"@type\":\"ListItem\",\"position\":1,\"name\":\"Home\",\"item\":\"https:\\\/\\\/garrafeirapepe.pt\\\/en\\\/\"},{\"@type\":\"ListItem\",\"position\":2,\"name\":\"Store\",\"item\":\"https:\\\/\\\/garrafeirapepe.pt\\\/en\\\/shop\\\/\"},{\"@type\":\"ListItem\",\"position\":3,\"name\":\"Ferraton C\u00f4tes-Du-Rh\u00f4ne Samorens White 2021\"}]},{\"@type\":\"WebSite\",\"@id\":\"https:\\\/\\\/garrafeirapepe.pt\\\/en\\\/#website\",\"url\":\"https:\\\/\\\/garrafeirapepe.pt\\\/en\\\/\",\"name\":\"Garrafeira Pepe\",\"description\":\"\",\"publisher\":{\"@id\":\"https:\\\/\\\/garrafeirapepe.pt\\\/en\\\/#organization\"},\"potentialAction\":[{\"@type\":\"SearchAction\",\"target\":{\"@type\":\"EntryPoint\",\"urlTemplate\":\"https:\\\/\\\/garrafeirapepe.pt\\\/en\\\/?s={search_term_string}\"},\"query-input\":{\"@type\":\"PropertyValueSpecification\",\"valueRequired\":true,\"valueName\":\"search_term_string\"}}],\"inLanguage\":\"en-US\"},{\"@type\":[\"Organization\",\"Place\"],\"@id\":\"https:\\\/\\\/garrafeirapepe.pt\\\/en\\\/#organization\",\"name\":\"Garrafeira Pepe\",\"url\":\"https:\\\/\\\/garrafeirapepe.pt\\\/en\\\/\",\"logo\":{\"@id\":\"https:\\\/\\\/garrafeirapepe.pt\\\/en\\\/loja\\\/garrafeira-2\\\/vinhos-2\\\/vinhos-estrangeiro-vinhos-2\\\/garrafeira-vinho-estrangeiro-ferraton-cotes-du-rhone-samorens-2\\\/#local-main-organization-logo\"},\"image\":{\"@id\":\"https:\\\/\\\/garrafeirapepe.pt\\\/en\\\/loja\\\/garrafeira-2\\\/vinhos-2\\\/vinhos-estrangeiro-vinhos-2\\\/garrafeira-vinho-estrangeiro-ferraton-cotes-du-rhone-samorens-2\\\/#local-main-organization-logo\"},\"sameAs\":[\"https:\\\/\\\/www.facebook.com\\\/GarrafeiraPepe\",\"https:\\\/\\\/www.instagram.com\\\/garrafeiratiopepe\\\/\",\"https:\\\/\\\/www.linkedin.com\\\/company\\\/garrafeira-tio-pepe\\\/\"],\"description\":\"Loja On-line ao seu dispor - 40 Anos de experi\u00eancia no sector, 2100 refer\u00eancias ativas e ao seu dispor. Uma das mais conceituadas Garrafeiras de Portugal.\",\"legalName\":\"PUROVINUM COMERCIO DE BEBIDAS LDA.\",\"foundingDate\":\"1986-01-01\",\"numberOfEmployees\":{\"@type\":\"QuantitativeValue\",\"minValue\":\"11\",\"maxValue\":\"50\"},\"hasMerchantReturnPolicy\":{\"@type\":\"MerchantReturnPolicy\",\"merchantReturnLink\":\"https:\\\/\\\/garrafeirapepe.pt\\\/politica-de-devolucao\\\/\"},\"telephone\":[],\"openingHoursSpecification\":[{\"@type\":\"OpeningHoursSpecification\",\"dayOfWeek\":[\"Monday\",\"Tuesday\",\"Wednesday\",\"Thursday\",\"Friday\",\"Saturday\",\"Sunday\"],\"opens\":\"09:00\",\"closes\":\"17:00\"}]},{\"@type\":\"ImageObject\",\"inLanguage\":\"en-US\",\"@id\":\"https:\\\/\\\/garrafeirapepe.pt\\\/en\\\/loja\\\/garrafeira-2\\\/vinhos-2\\\/vinhos-estrangeiro-vinhos-2\\\/garrafeira-vinho-estrangeiro-ferraton-cotes-du-rhone-samorens-2\\\/#local-main-organization-logo\",\"url\":\"https:\\\/\\\/garrafeirapepe.pt\\\/wp-content\\\/uploads\\\/2025\\\/11\\\/Logo-Vertical-512x512-sem-fundo.png\",\"contentUrl\":\"https:\\\/\\\/garrafeirapepe.pt\\\/wp-content\\\/uploads\\\/2025\\\/11\\\/Logo-Vertical-512x512-sem-fundo.png\",\"width\":512,\"height\":512,\"caption\":\"Garrafeira Pepe\"}]}<\/script>\n<meta property=\"product:price:amount\" content=\"9.90\" \/>\n<meta property=\"product:price:currency\" content=\"EUR\" \/>\n<meta property=\"og:availability\" content=\"instock\" \/>\n<meta property=\"product:availability\" content=\"instock\" \/>\n<meta property=\"product:retailer_item_id\" content=\"FERRCDRB\" \/>\n<meta property=\"product:condition\" content=\"new\" \/>\n<!-- \/ Yoast SEO Premium plugin. -->","yoast_head_json":{"title":"Ferraton C\u00f4tes-Du-Rh\u00f4ne Samorens White 2021 | Garrafeira Tio Pepe","description":"Discover Ferraton P\u00e8re & Fils, a domain rooted in heritage and passion. Experience the finest wines crafted by a dedicated team. Explore our vineyards and indulge in our rich history. Visit us today!","robots":{"index":"index","follow":"follow","max-snippet":"max-snippet:-1","max-image-preview":"max-image-preview:large","max-video-preview":"max-video-preview:-1"},"canonical":"https:\/\/garrafeirapepe.pt\/en\/loja\/garrafeira-2\/vinhos-2\/vinhos-estrangeiro-vinhos-2\/garrafeira-vinho-estrangeiro-ferraton-cotes-du-rhone-samorens-2\/","og_locale":"en_US","og_type":"article","og_title":"Ferraton C\u00f4tes-Du-Rh\u00f4ne Samorens White 2021","og_description":"Ferraton C\u00f4tes-Du-Rh\u00f4ne Samorens White 2021 -","og_url":"https:\/\/garrafeirapepe.pt\/en\/loja\/garrafeira-2\/vinhos-2\/vinhos-estrangeiro-vinhos-2\/garrafeira-vinho-estrangeiro-ferraton-cotes-du-rhone-samorens-2\/","og_site_name":"Garrafeira Pepe","article_publisher":"https:\/\/www.facebook.com\/GarrafeiraPepe","article_modified_time":"2024-01-10T17:00:49+00:00","og_image":[{"width":940,"height":788,"url":"https:\/\/garrafeirapepe.pt\/wp-content\/uploads\/2022\/12\/FERRATON-COTES-RHONE-B.png","type":"image\/png"}],"twitter_card":"summary_large_image","twitter_misc":{"Price":"9.90&euro;","Availability":"In stock"},"schema":{"@context":"https:\/\/schema.org","@graph":[{"@type":"WebPage","@id":"https:\/\/garrafeirapepe.pt\/en\/loja\/garrafeira-2\/vinhos-2\/vinhos-estrangeiro-vinhos-2\/garrafeira-vinho-estrangeiro-ferraton-cotes-du-rhone-samorens-2\/","url":"https:\/\/garrafeirapepe.pt\/en\/loja\/garrafeira-2\/vinhos-2\/vinhos-estrangeiro-vinhos-2\/garrafeira-vinho-estrangeiro-ferraton-cotes-du-rhone-samorens-2\/","name":"Ferraton C\u00f4tes-Du-Rh\u00f4ne Samorens White 2021 | Garrafeira Tio Pepe","isPartOf":{"@id":"https:\/\/garrafeirapepe.pt\/en\/#website"},"primaryImageOfPage":{"@id":"https:\/\/garrafeirapepe.pt\/en\/loja\/garrafeira-2\/vinhos-2\/vinhos-estrangeiro-vinhos-2\/garrafeira-vinho-estrangeiro-ferraton-cotes-du-rhone-samorens-2\/#primaryimage"},"image":{"@id":"https:\/\/garrafeirapepe.pt\/en\/loja\/garrafeira-2\/vinhos-2\/vinhos-estrangeiro-vinhos-2\/garrafeira-vinho-estrangeiro-ferraton-cotes-du-rhone-samorens-2\/#primaryimage"},"thumbnailUrl":"https:\/\/garrafeirapepe.pt\/wp-content\/uploads\/2022\/12\/FERRATON-COTES-RHONE-B.png","datePublished":"2022-12-09T11:06:27+00:00","dateModified":"2024-01-10T17:00:49+00:00","description":"Discover Ferraton P\u00e8re & Fils, a domain rooted in heritage and passion. Experience the finest wines crafted by a dedicated team. Explore our vineyards and indulge in our rich history. Visit us today!","breadcrumb":{"@id":"https:\/\/garrafeirapepe.pt\/en\/loja\/garrafeira-2\/vinhos-2\/vinhos-estrangeiro-vinhos-2\/garrafeira-vinho-estrangeiro-ferraton-cotes-du-rhone-samorens-2\/#breadcrumb"},"inLanguage":"en-US","potentialAction":[{"@type":"ReadAction","target":["https:\/\/garrafeirapepe.pt\/en\/loja\/garrafeira-2\/vinhos-2\/vinhos-estrangeiro-vinhos-2\/garrafeira-vinho-estrangeiro-ferraton-cotes-du-rhone-samorens-2\/"]}]},{"@type":"ImageObject","inLanguage":"en-US","@id":"https:\/\/garrafeirapepe.pt\/en\/loja\/garrafeira-2\/vinhos-2\/vinhos-estrangeiro-vinhos-2\/garrafeira-vinho-estrangeiro-ferraton-cotes-du-rhone-samorens-2\/#primaryimage","url":"https:\/\/garrafeirapepe.pt\/wp-content\/uploads\/2022\/12\/FERRATON-COTES-RHONE-B.png","contentUrl":"https:\/\/garrafeirapepe.pt\/wp-content\/uploads\/2022\/12\/FERRATON-COTES-RHONE-B.png","width":940,"height":788},{"@type":"BreadcrumbList","@id":"https:\/\/garrafeirapepe.pt\/en\/loja\/garrafeira-2\/vinhos-2\/vinhos-estrangeiro-vinhos-2\/garrafeira-vinho-estrangeiro-ferraton-cotes-du-rhone-samorens-2\/#breadcrumb","itemListElement":[{"@type":"ListItem","position":1,"name":"Home","item":"https:\/\/garrafeirapepe.pt\/en\/"},{"@type":"ListItem","position":2,"name":"Store","item":"https:\/\/garrafeirapepe.pt\/en\/shop\/"},{"@type":"ListItem","position":3,"name":"Ferraton C\u00f4tes-Du-Rh\u00f4ne Samorens White 2021"}]},{"@type":"WebSite","@id":"https:\/\/garrafeirapepe.pt\/en\/#website","url":"https:\/\/garrafeirapepe.pt\/en\/","name":"Garrafeira Pepe","description":"","publisher":{"@id":"https:\/\/garrafeirapepe.pt\/en\/#organization"},"potentialAction":[{"@type":"SearchAction","target":{"@type":"EntryPoint","urlTemplate":"https:\/\/garrafeirapepe.pt\/en\/?s={search_term_string}"},"query-input":{"@type":"PropertyValueSpecification","valueRequired":true,"valueName":"search_term_string"}}],"inLanguage":"en-US"},{"@type":["Organization","Place"],"@id":"https:\/\/garrafeirapepe.pt\/en\/#organization","name":"Garrafeira Pepe","url":"https:\/\/garrafeirapepe.pt\/en\/","logo":{"@id":"https:\/\/garrafeirapepe.pt\/en\/loja\/garrafeira-2\/vinhos-2\/vinhos-estrangeiro-vinhos-2\/garrafeira-vinho-estrangeiro-ferraton-cotes-du-rhone-samorens-2\/#local-main-organization-logo"},"image":{"@id":"https:\/\/garrafeirapepe.pt\/en\/loja\/garrafeira-2\/vinhos-2\/vinhos-estrangeiro-vinhos-2\/garrafeira-vinho-estrangeiro-ferraton-cotes-du-rhone-samorens-2\/#local-main-organization-logo"},"sameAs":["https:\/\/www.facebook.com\/GarrafeiraPepe","https:\/\/www.instagram.com\/garrafeiratiopepe\/","https:\/\/www.linkedin.com\/company\/garrafeira-tio-pepe\/"],"description":"Loja On-line ao seu dispor - 40 Anos de experi\u00eancia no sector, 2100 refer\u00eancias ativas e ao seu dispor. Uma das mais conceituadas Garrafeiras de Portugal.","legalName":"PUROVINUM COMERCIO DE BEBIDAS LDA.","foundingDate":"1986-01-01","numberOfEmployees":{"@type":"QuantitativeValue","minValue":"11","maxValue":"50"},"hasMerchantReturnPolicy":{"@type":"MerchantReturnPolicy","merchantReturnLink":"https:\/\/garrafeirapepe.pt\/politica-de-devolucao\/"},"telephone":[],"openingHoursSpecification":[{"@type":"OpeningHoursSpecification","dayOfWeek":["Monday","Tuesday","Wednesday","Thursday","Friday","Saturday","Sunday"],"opens":"09:00","closes":"17:00"}]},{"@type":"ImageObject","inLanguage":"en-US","@id":"https:\/\/garrafeirapepe.pt\/en\/loja\/garrafeira-2\/vinhos-2\/vinhos-estrangeiro-vinhos-2\/garrafeira-vinho-estrangeiro-ferraton-cotes-du-rhone-samorens-2\/#local-main-organization-logo","url":"https:\/\/garrafeirapepe.pt\/wp-content\/uploads\/2025\/11\/Logo-Vertical-512x512-sem-fundo.png","contentUrl":"https:\/\/garrafeirapepe.pt\/wp-content\/uploads\/2025\/11\/Logo-Vertical-512x512-sem-fundo.png","width":512,"height":512,"caption":"Garrafeira Pepe"}]},"product_price_amount":"9.90","product_price_currency":"EUR","og_availability":"instock","product_availability":"instock","product_retailer_item_id":"FERRCDRB","product_condition":"new"},"_links":{"self":[{"href":"https:\/\/garrafeirapepe.pt\/en\/wp-json\/wp\/v2\/product\/41085","targetHints":{"allow":["GET"]}}],"collection":[{"href":"https:\/\/garrafeirapepe.pt\/en\/wp-json\/wp\/v2\/product"}],"about":[{"href":"https:\/\/garrafeirapepe.pt\/en\/wp-json\/wp\/v2\/types\/product"}],"wp:featuredmedia":[{"embeddable":true,"href":"https:\/\/garrafeirapepe.pt\/en\/wp-json\/wp\/v2\/media\/22721"}],"wp:attachment":[{"href":"https:\/\/garrafeirapepe.pt\/en\/wp-json\/wp\/v2\/media?parent=41085"}],"wp:term":[{"taxonomy":"product_brand","embeddable":true,"href":"https:\/\/garrafeirapepe.pt\/en\/wp-json\/wp\/v2\/product_brand?post=41085"},{"taxonomy":"product_cat","embeddable":true,"href":"https:\/\/garrafeirapepe.pt\/en\/wp-json\/wp\/v2\/product_cat?post=41085"},{"taxonomy":"product_tag","embeddable":true,"href":"https:\/\/garrafeirapepe.pt\/en\/wp-json\/wp\/v2\/product_tag?post=41085"}],"curies":[{"name":"wp","href":"https:\/\/api.w.org\/{rel}","templated":true}]}}