{"id":41239,"date":"2023-01-25T17:37:47","date_gmt":"2023-01-25T17:37:47","guid":{"rendered":"https:\/\/garrafeirapepe.pt\/produto\/garrafeira-vinho-tinto-proibido-edicao-colecionador-2\/"},"modified":"2026-03-25T19:52:15","modified_gmt":"2026-03-25T19:52:15","slug":"garrafeira-vinho-tinto-proibido-edicao-colecionador-2","status":"publish","type":"product","link":"https:\/\/garrafeirapepe.pt\/en\/loja\/uncategorized\/garrafeira-vinho-tinto-proibido-edicao-colecionador-2\/","title":{"rendered":"Proibido Edi\u00e7\u00e3o De Colecionador Red 2020"},"content":{"rendered":"<p>M\u00e1rcio Lopes was born in Porto in 1983 and from an early age he had contact with rural life and agriculture through his grandparents. He graduated in Agricultural Engineering in 2006 at the University of Porto. Still during his academic period, he started working with winemaker Anselmo Mendes, in Melga\u00e7o, where he made his first harvest with the Alvarinho variety. From the north of Portugal he heads to Australia in 2008, where he makes two harvests \u2013 Rutherglen and Tasmania.<\/p>\n<p>In 2010, the foundation of the \u201cM\u00e1rcio Lopes Winemaker\u201d project was established, with its first two brands: PEQUENOS REBENTOS in the Vinho Verde Region and PROIBIDO in the Douro Superior Region.<br \/>Since then, they have made their way brilliantly and won several awards.<\/p>\n<p><b><u>The Collector&#8217;s Edition includes:<\/u><\/b><br \/>1 bottle Proibido Vinha do Pombal Red 2020 \u2013 2nd Edition<br \/>1 bottle Proibido Vinha da Sofia Red 2020 \u2013 1st Edition<br \/>1 bottle Proibido Vale do Rio Pinh\u00e3o Red 2020 \u2013 1st Edition<\/p>\n","protected":false},"excerpt":{"rendered":"<p>M\u00e1rcio Lopes was born in Porto in 1983 and from an early age he had contact with rural life and agriculture through his grandparents. He graduated in Agricultural Engineering in 2006 at the University of Porto. Still during his academic period, he started working with winemaker Anselmo Mendes, in Melga\u00e7o, where he made his first [&hellip;]<\/p>\n","protected":false},"featured_media":23017,"template":"","meta":{"_acf_changed":false},"product_brand":[10194],"product_cat":[],"product_tag":[],"class_list":{"0":"post-41239","1":"product","2":"type-product","3":"status-publish","4":"has-post-thumbnail","6":"product_brand-marcio-lopes-winemaker","8":"first","9":"outofstock","10":"taxable","11":"shipping-taxable","12":"purchasable","13":"product-type-simple"},"acf":[],"yoast_head":"<!-- This site is optimized with the Yoast SEO Premium plugin v27.3 (Yoast SEO v27.3) - https:\/\/yoast.com\/product\/yoast-seo-premium-wordpress\/ -->\n<title>Proibido Edi\u00e7\u00e3o De Colecionador Red 2020 | Garrafeira Tio Pepe<\/title>\n<meta name=\"description\" content=\"Discover the Collector&#039;s Edition featuring exclusive wines: Proibido Vinha Do Pombal Red 2020 (2nd Edition), Proibido Vinha Da Sofia Red 2020 (1st Edition), and Proibido Vale Do Rio Pinh\u00e3o Red 2020 (1st Edition). Indulge in these limited releases today!\" \/>\n<meta name=\"robots\" content=\"index, follow, max-snippet:-1, max-image-preview:large, max-video-preview:-1\" \/>\n<link rel=\"canonical\" href=\"https:\/\/garrafeirapepe.pt\/en\/loja\/uncategorized\/garrafeira-vinho-tinto-proibido-edicao-colecionador-2\/\" \/>\n<meta property=\"og:locale\" content=\"en_US\" \/>\n<meta property=\"og:type\" content=\"article\" \/>\n<meta property=\"og:title\" content=\"Proibido Edi\u00e7\u00e3o De Colecionador Red 2020\" \/>\n<meta property=\"og:description\" content=\"Proibido Edi\u00e7\u00e3o De Colecionador Red 2020 -\" \/>\n<meta property=\"og:url\" content=\"https:\/\/garrafeirapepe.pt\/en\/loja\/uncategorized\/garrafeira-vinho-tinto-proibido-edicao-colecionador-2\/\" \/>\n<meta property=\"og:site_name\" content=\"Garrafeira Pepe\" \/>\n<meta property=\"article:publisher\" content=\"https:\/\/www.facebook.com\/GarrafeiraPepe\" \/>\n<meta property=\"article:modified_time\" content=\"2026-03-25T19:52:15+00:00\" \/>\n<meta property=\"og:image\" content=\"https:\/\/garrafeirapepe.pt\/wp-content\/uploads\/2023\/01\/PROIBIDO-EDICAO-COLECIONADOR.jpg\" \/>\n\t<meta property=\"og:image:width\" content=\"214\" \/>\n\t<meta property=\"og:image:height\" content=\"236\" \/>\n\t<meta property=\"og:image:type\" content=\"image\/jpeg\" \/>\n<meta name=\"twitter:card\" content=\"summary_large_image\" \/>\n<meta name=\"twitter:label1\" content=\"Price\" \/>\n\t<meta name=\"twitter:data1\" content=\"245.00&euro;\" \/>\n\t<meta name=\"twitter:label2\" content=\"Availability\" \/>\n\t<meta name=\"twitter:data2\" content=\"Out of stock\" \/>\n<script type=\"application\/ld+json\" class=\"yoast-schema-graph\">{\"@context\":\"https:\\\/\\\/schema.org\",\"@graph\":[{\"@type\":\"WebPage\",\"@id\":\"https:\\\/\\\/garrafeirapepe.pt\\\/en\\\/loja\\\/uncategorized\\\/garrafeira-vinho-tinto-proibido-edicao-colecionador-2\\\/\",\"url\":\"https:\\\/\\\/garrafeirapepe.pt\\\/en\\\/loja\\\/uncategorized\\\/garrafeira-vinho-tinto-proibido-edicao-colecionador-2\\\/\",\"name\":\"Proibido Edi\u00e7\u00e3o De Colecionador Red 2020 | Garrafeira Tio Pepe\",\"isPartOf\":{\"@id\":\"https:\\\/\\\/garrafeirapepe.pt\\\/en\\\/#website\"},\"primaryImageOfPage\":{\"@id\":\"https:\\\/\\\/garrafeirapepe.pt\\\/en\\\/loja\\\/uncategorized\\\/garrafeira-vinho-tinto-proibido-edicao-colecionador-2\\\/#primaryimage\"},\"image\":{\"@id\":\"https:\\\/\\\/garrafeirapepe.pt\\\/en\\\/loja\\\/uncategorized\\\/garrafeira-vinho-tinto-proibido-edicao-colecionador-2\\\/#primaryimage\"},\"thumbnailUrl\":\"https:\\\/\\\/garrafeirapepe.pt\\\/wp-content\\\/uploads\\\/2023\\\/01\\\/PROIBIDO-EDICAO-COLECIONADOR.jpg\",\"datePublished\":\"2023-01-25T17:37:47+00:00\",\"dateModified\":\"2026-03-25T19:52:15+00:00\",\"description\":\"Discover the Collector's Edition featuring exclusive wines: Proibido Vinha Do Pombal Red 2020 (2nd Edition), Proibido Vinha Da Sofia Red 2020 (1st Edition), and Proibido Vale Do Rio Pinh\u00e3o Red 2020 (1st Edition). Indulge in these limited releases today!\",\"breadcrumb\":{\"@id\":\"https:\\\/\\\/garrafeirapepe.pt\\\/en\\\/loja\\\/uncategorized\\\/garrafeira-vinho-tinto-proibido-edicao-colecionador-2\\\/#breadcrumb\"},\"inLanguage\":\"en-US\",\"potentialAction\":[{\"@type\":\"ReadAction\",\"target\":[\"https:\\\/\\\/garrafeirapepe.pt\\\/en\\\/loja\\\/uncategorized\\\/garrafeira-vinho-tinto-proibido-edicao-colecionador-2\\\/\"]}]},{\"@type\":\"ImageObject\",\"inLanguage\":\"en-US\",\"@id\":\"https:\\\/\\\/garrafeirapepe.pt\\\/en\\\/loja\\\/uncategorized\\\/garrafeira-vinho-tinto-proibido-edicao-colecionador-2\\\/#primaryimage\",\"url\":\"https:\\\/\\\/garrafeirapepe.pt\\\/wp-content\\\/uploads\\\/2023\\\/01\\\/PROIBIDO-EDICAO-COLECIONADOR.jpg\",\"contentUrl\":\"https:\\\/\\\/garrafeirapepe.pt\\\/wp-content\\\/uploads\\\/2023\\\/01\\\/PROIBIDO-EDICAO-COLECIONADOR.jpg\",\"width\":214,\"height\":236},{\"@type\":\"BreadcrumbList\",\"@id\":\"https:\\\/\\\/garrafeirapepe.pt\\\/en\\\/loja\\\/uncategorized\\\/garrafeira-vinho-tinto-proibido-edicao-colecionador-2\\\/#breadcrumb\",\"itemListElement\":[{\"@type\":\"ListItem\",\"position\":1,\"name\":\"Home\",\"item\":\"https:\\\/\\\/garrafeirapepe.pt\\\/en\\\/\"},{\"@type\":\"ListItem\",\"position\":2,\"name\":\"Store\",\"item\":\"https:\\\/\\\/garrafeirapepe.pt\\\/en\\\/shop\\\/\"},{\"@type\":\"ListItem\",\"position\":3,\"name\":\"Proibido Edi\u00e7\u00e3o De Colecionador Red 2020\"}]},{\"@type\":\"WebSite\",\"@id\":\"https:\\\/\\\/garrafeirapepe.pt\\\/en\\\/#website\",\"url\":\"https:\\\/\\\/garrafeirapepe.pt\\\/en\\\/\",\"name\":\"Garrafeira Pepe\",\"description\":\"\",\"publisher\":{\"@id\":\"https:\\\/\\\/garrafeirapepe.pt\\\/en\\\/#organization\"},\"potentialAction\":[{\"@type\":\"SearchAction\",\"target\":{\"@type\":\"EntryPoint\",\"urlTemplate\":\"https:\\\/\\\/garrafeirapepe.pt\\\/en\\\/?s={search_term_string}\"},\"query-input\":{\"@type\":\"PropertyValueSpecification\",\"valueRequired\":true,\"valueName\":\"search_term_string\"}}],\"inLanguage\":\"en-US\"},{\"@type\":[\"Organization\",\"Place\"],\"@id\":\"https:\\\/\\\/garrafeirapepe.pt\\\/en\\\/#organization\",\"name\":\"Garrafeira Pepe\",\"url\":\"https:\\\/\\\/garrafeirapepe.pt\\\/en\\\/\",\"logo\":{\"@id\":\"https:\\\/\\\/garrafeirapepe.pt\\\/en\\\/loja\\\/uncategorized\\\/garrafeira-vinho-tinto-proibido-edicao-colecionador-2\\\/#local-main-organization-logo\"},\"image\":{\"@id\":\"https:\\\/\\\/garrafeirapepe.pt\\\/en\\\/loja\\\/uncategorized\\\/garrafeira-vinho-tinto-proibido-edicao-colecionador-2\\\/#local-main-organization-logo\"},\"sameAs\":[\"https:\\\/\\\/www.facebook.com\\\/GarrafeiraPepe\",\"https:\\\/\\\/www.instagram.com\\\/garrafeiratiopepe\\\/\",\"https:\\\/\\\/www.linkedin.com\\\/company\\\/garrafeira-tio-pepe\\\/\"],\"description\":\"Loja On-line ao seu dispor - 40 Anos de experi\u00eancia no sector, 2100 refer\u00eancias ativas e ao seu dispor. Uma das mais conceituadas Garrafeiras de Portugal.\",\"legalName\":\"PUROVINUM COMERCIO DE BEBIDAS LDA.\",\"foundingDate\":\"1986-01-01\",\"numberOfEmployees\":{\"@type\":\"QuantitativeValue\",\"minValue\":\"11\",\"maxValue\":\"50\"},\"hasMerchantReturnPolicy\":{\"@type\":\"MerchantReturnPolicy\",\"merchantReturnLink\":\"https:\\\/\\\/garrafeirapepe.pt\\\/politica-de-devolucao\\\/\"},\"telephone\":[],\"openingHoursSpecification\":[{\"@type\":\"OpeningHoursSpecification\",\"dayOfWeek\":[\"Monday\",\"Tuesday\",\"Wednesday\",\"Thursday\",\"Friday\",\"Saturday\",\"Sunday\"],\"opens\":\"09:00\",\"closes\":\"17:00\"}]},{\"@type\":\"ImageObject\",\"inLanguage\":\"en-US\",\"@id\":\"https:\\\/\\\/garrafeirapepe.pt\\\/en\\\/loja\\\/uncategorized\\\/garrafeira-vinho-tinto-proibido-edicao-colecionador-2\\\/#local-main-organization-logo\",\"url\":\"https:\\\/\\\/garrafeirapepe.pt\\\/wp-content\\\/uploads\\\/2025\\\/11\\\/Logo-Vertical-512x512-sem-fundo.png\",\"contentUrl\":\"https:\\\/\\\/garrafeirapepe.pt\\\/wp-content\\\/uploads\\\/2025\\\/11\\\/Logo-Vertical-512x512-sem-fundo.png\",\"width\":512,\"height\":512,\"caption\":\"Garrafeira Pepe\"}]}<\/script>\n<meta property=\"product:brand\" content=\"M\u00e1rcio Lopes Winemaker\" \/>\n<meta property=\"product:price:amount\" content=\"245.00\" \/>\n<meta property=\"product:price:currency\" content=\"EUR\" \/>\n<meta property=\"og:availability\" content=\"out of stock\" \/>\n<meta property=\"product:availability\" content=\"out of stock\" \/>\n<meta property=\"product:retailer_item_id\" content=\"PPECCX3\" \/>\n<meta property=\"product:condition\" content=\"new\" \/>\n<!-- \/ Yoast SEO Premium plugin. -->","yoast_head_json":{"title":"Proibido Edi\u00e7\u00e3o De Colecionador Red 2020 | Garrafeira Tio Pepe","description":"Discover the Collector's Edition featuring exclusive wines: Proibido Vinha Do Pombal Red 2020 (2nd Edition), Proibido Vinha Da Sofia Red 2020 (1st Edition), and Proibido Vale Do Rio Pinh\u00e3o Red 2020 (1st Edition). Indulge in these limited releases today!","robots":{"index":"index","follow":"follow","max-snippet":"max-snippet:-1","max-image-preview":"max-image-preview:large","max-video-preview":"max-video-preview:-1"},"canonical":"https:\/\/garrafeirapepe.pt\/en\/loja\/uncategorized\/garrafeira-vinho-tinto-proibido-edicao-colecionador-2\/","og_locale":"en_US","og_type":"article","og_title":"Proibido Edi\u00e7\u00e3o De Colecionador Red 2020","og_description":"Proibido Edi\u00e7\u00e3o De Colecionador Red 2020 -","og_url":"https:\/\/garrafeirapepe.pt\/en\/loja\/uncategorized\/garrafeira-vinho-tinto-proibido-edicao-colecionador-2\/","og_site_name":"Garrafeira Pepe","article_publisher":"https:\/\/www.facebook.com\/GarrafeiraPepe","article_modified_time":"2026-03-25T19:52:15+00:00","og_image":[{"width":214,"height":236,"url":"https:\/\/garrafeirapepe.pt\/wp-content\/uploads\/2023\/01\/PROIBIDO-EDICAO-COLECIONADOR.jpg","type":"image\/jpeg"}],"twitter_card":"summary_large_image","twitter_misc":{"Price":"245.00&euro;","Availability":"Out of stock"},"schema":{"@context":"https:\/\/schema.org","@graph":[{"@type":"WebPage","@id":"https:\/\/garrafeirapepe.pt\/en\/loja\/uncategorized\/garrafeira-vinho-tinto-proibido-edicao-colecionador-2\/","url":"https:\/\/garrafeirapepe.pt\/en\/loja\/uncategorized\/garrafeira-vinho-tinto-proibido-edicao-colecionador-2\/","name":"Proibido Edi\u00e7\u00e3o De Colecionador Red 2020 | Garrafeira Tio Pepe","isPartOf":{"@id":"https:\/\/garrafeirapepe.pt\/en\/#website"},"primaryImageOfPage":{"@id":"https:\/\/garrafeirapepe.pt\/en\/loja\/uncategorized\/garrafeira-vinho-tinto-proibido-edicao-colecionador-2\/#primaryimage"},"image":{"@id":"https:\/\/garrafeirapepe.pt\/en\/loja\/uncategorized\/garrafeira-vinho-tinto-proibido-edicao-colecionador-2\/#primaryimage"},"thumbnailUrl":"https:\/\/garrafeirapepe.pt\/wp-content\/uploads\/2023\/01\/PROIBIDO-EDICAO-COLECIONADOR.jpg","datePublished":"2023-01-25T17:37:47+00:00","dateModified":"2026-03-25T19:52:15+00:00","description":"Discover the Collector's Edition featuring exclusive wines: Proibido Vinha Do Pombal Red 2020 (2nd Edition), Proibido Vinha Da Sofia Red 2020 (1st Edition), and Proibido Vale Do Rio Pinh\u00e3o Red 2020 (1st Edition). Indulge in these limited releases today!","breadcrumb":{"@id":"https:\/\/garrafeirapepe.pt\/en\/loja\/uncategorized\/garrafeira-vinho-tinto-proibido-edicao-colecionador-2\/#breadcrumb"},"inLanguage":"en-US","potentialAction":[{"@type":"ReadAction","target":["https:\/\/garrafeirapepe.pt\/en\/loja\/uncategorized\/garrafeira-vinho-tinto-proibido-edicao-colecionador-2\/"]}]},{"@type":"ImageObject","inLanguage":"en-US","@id":"https:\/\/garrafeirapepe.pt\/en\/loja\/uncategorized\/garrafeira-vinho-tinto-proibido-edicao-colecionador-2\/#primaryimage","url":"https:\/\/garrafeirapepe.pt\/wp-content\/uploads\/2023\/01\/PROIBIDO-EDICAO-COLECIONADOR.jpg","contentUrl":"https:\/\/garrafeirapepe.pt\/wp-content\/uploads\/2023\/01\/PROIBIDO-EDICAO-COLECIONADOR.jpg","width":214,"height":236},{"@type":"BreadcrumbList","@id":"https:\/\/garrafeirapepe.pt\/en\/loja\/uncategorized\/garrafeira-vinho-tinto-proibido-edicao-colecionador-2\/#breadcrumb","itemListElement":[{"@type":"ListItem","position":1,"name":"Home","item":"https:\/\/garrafeirapepe.pt\/en\/"},{"@type":"ListItem","position":2,"name":"Store","item":"https:\/\/garrafeirapepe.pt\/en\/shop\/"},{"@type":"ListItem","position":3,"name":"Proibido Edi\u00e7\u00e3o De Colecionador Red 2020"}]},{"@type":"WebSite","@id":"https:\/\/garrafeirapepe.pt\/en\/#website","url":"https:\/\/garrafeirapepe.pt\/en\/","name":"Garrafeira Pepe","description":"","publisher":{"@id":"https:\/\/garrafeirapepe.pt\/en\/#organization"},"potentialAction":[{"@type":"SearchAction","target":{"@type":"EntryPoint","urlTemplate":"https:\/\/garrafeirapepe.pt\/en\/?s={search_term_string}"},"query-input":{"@type":"PropertyValueSpecification","valueRequired":true,"valueName":"search_term_string"}}],"inLanguage":"en-US"},{"@type":["Organization","Place"],"@id":"https:\/\/garrafeirapepe.pt\/en\/#organization","name":"Garrafeira Pepe","url":"https:\/\/garrafeirapepe.pt\/en\/","logo":{"@id":"https:\/\/garrafeirapepe.pt\/en\/loja\/uncategorized\/garrafeira-vinho-tinto-proibido-edicao-colecionador-2\/#local-main-organization-logo"},"image":{"@id":"https:\/\/garrafeirapepe.pt\/en\/loja\/uncategorized\/garrafeira-vinho-tinto-proibido-edicao-colecionador-2\/#local-main-organization-logo"},"sameAs":["https:\/\/www.facebook.com\/GarrafeiraPepe","https:\/\/www.instagram.com\/garrafeiratiopepe\/","https:\/\/www.linkedin.com\/company\/garrafeira-tio-pepe\/"],"description":"Loja On-line ao seu dispor - 40 Anos de experi\u00eancia no sector, 2100 refer\u00eancias ativas e ao seu dispor. Uma das mais conceituadas Garrafeiras de Portugal.","legalName":"PUROVINUM COMERCIO DE BEBIDAS LDA.","foundingDate":"1986-01-01","numberOfEmployees":{"@type":"QuantitativeValue","minValue":"11","maxValue":"50"},"hasMerchantReturnPolicy":{"@type":"MerchantReturnPolicy","merchantReturnLink":"https:\/\/garrafeirapepe.pt\/politica-de-devolucao\/"},"telephone":[],"openingHoursSpecification":[{"@type":"OpeningHoursSpecification","dayOfWeek":["Monday","Tuesday","Wednesday","Thursday","Friday","Saturday","Sunday"],"opens":"09:00","closes":"17:00"}]},{"@type":"ImageObject","inLanguage":"en-US","@id":"https:\/\/garrafeirapepe.pt\/en\/loja\/uncategorized\/garrafeira-vinho-tinto-proibido-edicao-colecionador-2\/#local-main-organization-logo","url":"https:\/\/garrafeirapepe.pt\/wp-content\/uploads\/2025\/11\/Logo-Vertical-512x512-sem-fundo.png","contentUrl":"https:\/\/garrafeirapepe.pt\/wp-content\/uploads\/2025\/11\/Logo-Vertical-512x512-sem-fundo.png","width":512,"height":512,"caption":"Garrafeira Pepe"}]},"product_brand":"M\u00e1rcio Lopes Winemaker","product_price_amount":"245.00","product_price_currency":"EUR","og_availability":"out of stock","product_availability":"out of stock","product_retailer_item_id":"PPECCX3","product_condition":"new"},"_links":{"self":[{"href":"https:\/\/garrafeirapepe.pt\/en\/wp-json\/wp\/v2\/product\/41239","targetHints":{"allow":["GET"]}}],"collection":[{"href":"https:\/\/garrafeirapepe.pt\/en\/wp-json\/wp\/v2\/product"}],"about":[{"href":"https:\/\/garrafeirapepe.pt\/en\/wp-json\/wp\/v2\/types\/product"}],"wp:featuredmedia":[{"embeddable":true,"href":"https:\/\/garrafeirapepe.pt\/en\/wp-json\/wp\/v2\/media\/23017"}],"wp:attachment":[{"href":"https:\/\/garrafeirapepe.pt\/en\/wp-json\/wp\/v2\/media?parent=41239"}],"wp:term":[{"taxonomy":"product_brand","embeddable":true,"href":"https:\/\/garrafeirapepe.pt\/en\/wp-json\/wp\/v2\/product_brand?post=41239"},{"taxonomy":"product_cat","embeddable":true,"href":"https:\/\/garrafeirapepe.pt\/en\/wp-json\/wp\/v2\/product_cat?post=41239"},{"taxonomy":"product_tag","embeddable":true,"href":"https:\/\/garrafeirapepe.pt\/en\/wp-json\/wp\/v2\/product_tag?post=41239"}],"curies":[{"name":"wp","href":"https:\/\/api.w.org\/{rel}","templated":true}]}}