{"id":41387,"date":"2023-03-21T16:18:42","date_gmt":"2023-03-21T16:18:42","guid":{"rendered":"https:\/\/garrafeirapepe.pt\/produto\/garrafeira-vinho-tinto-saborzinho-by-antonio-macanita-2\/"},"modified":"2024-01-10T17:06:49","modified_gmt":"2024-01-10T17:06:49","slug":"garrafeira-vinho-tinto-saborzinho-by-antonio-macanita-2","status":"publish","type":"product","link":"https:\/\/garrafeirapepe.pt\/en\/loja\/garrafeira-2\/vinhos-2\/tinto-vinhos-2\/garrafeira-vinho-tinto-saborzinho-by-antonio-macanita-2\/","title":{"rendered":"Sabor(Z)Inho By Ant\u00f3nio Ma\u00e7anita Red"},"content":{"rendered":"<p>Saborinho, also known as Tinta Negra or Molar de Colares, is one of the traditional red varieties from the Azores islands that almost disappeared from the vineyards.<br \/>Sabor(Z)inho has a good texture, elegance and good acidity. This is an edition of just 1518 bottles that tests the potential of this variety. The result? A fresh, open-coloured, iodized, saline, complex red with the flavor of something that could only have been born in the sea.<br \/>If you are looking for a unique and exciting wine to try, Ant\u00f3nio Ma\u00e7anita&#8217;s Sabor(z)inho is the perfect choice. This limited edition wine is produced in the Azores, where the unique climate and soil create a unique terroir for the grapes. Sabor(z)inho is a wine that you cannot miss. It is a wine that combines fruity notes with a touch of spices and a balanced acidity. Each bottle is produced with love and dedication, and this is evident in the taste and quality.<br \/>It is one of the most recent creations by Ant\u00f3nio Ma\u00e7anita, one of the most talented winemakers in Portugal. Known for its innovative and creative approach to winemaking, Sabor(z)inho is a perfect example of that.<br \/>Limited edition, this wine is a treasure to be savored. It is a unique opportunity to try a special wine. Take advantage of this limited opportunity and try one of the best wines in the Azores.<\/p>\n<div><\/div>\n","protected":false},"excerpt":{"rendered":"<p>Saborinho, also known as Tinta Negra or Molar de Colares, is one of the traditional red varieties from the Azores islands that almost disappeared from the vineyards.Sabor(Z)inho has a good texture, elegance and good acidity. This is an edition of just 1518 bottles that tests the potential of this variety. The result? A fresh, open-coloured, [&hellip;]<\/p>\n","protected":false},"featured_media":23383,"template":"","meta":{"_acf_changed":false},"product_brand":[],"product_cat":[10633,10606],"product_tag":[],"class_list":{"0":"post-41387","1":"product","2":"type-product","3":"status-publish","4":"has-post-thumbnail","6":"product_cat-tinto-vinhos-2","7":"product_cat-garrafeira-2","9":"first","10":"instock","11":"taxable","12":"shipping-taxable","13":"purchasable","14":"product-type-simple"},"acf":[],"yoast_head":"<!-- This site is optimized with the Yoast SEO Premium plugin v27.3 (Yoast SEO v27.3) - https:\/\/yoast.com\/product\/yoast-seo-premium-wordpress\/ -->\n<title>Sabor(Z)Inho By Ant\u00f3nio Ma\u00e7anita Red | Garrafeira Tio Pepe<\/title>\n<meta name=\"description\" content=\"Discover the limited edition Sabor(Z)Inho with its unique texture, elegance, and acidity. Experience the fresh, iodized, and complex flavors of this exclusive red wine. Get yours today!\" \/>\n<meta name=\"robots\" content=\"index, follow, max-snippet:-1, max-image-preview:large, max-video-preview:-1\" \/>\n<link rel=\"canonical\" href=\"https:\/\/garrafeirapepe.pt\/en\/loja\/garrafeira-2\/vinhos-2\/tinto-vinhos-2\/garrafeira-vinho-tinto-saborzinho-by-antonio-macanita-2\/\" \/>\n<meta property=\"og:locale\" content=\"en_US\" \/>\n<meta property=\"og:type\" content=\"article\" \/>\n<meta property=\"og:title\" content=\"Sabor(Z)Inho By Ant\u00f3nio Ma\u00e7anita Red\" \/>\n<meta property=\"og:description\" content=\"Sabor(Z)Inho By Ant\u00f3nio Ma\u00e7anita Red -\" \/>\n<meta property=\"og:url\" content=\"https:\/\/garrafeirapepe.pt\/en\/loja\/garrafeira-2\/vinhos-2\/tinto-vinhos-2\/garrafeira-vinho-tinto-saborzinho-by-antonio-macanita-2\/\" \/>\n<meta property=\"og:site_name\" content=\"Garrafeira Pepe\" \/>\n<meta property=\"article:publisher\" content=\"https:\/\/www.facebook.com\/GarrafeiraPepe\" \/>\n<meta property=\"article:modified_time\" content=\"2024-01-10T17:06:49+00:00\" \/>\n<meta property=\"og:image\" content=\"https:\/\/garrafeirapepe.pt\/wp-content\/uploads\/2023\/03\/SABORZINHO-BY-ANTONIO-MACANITA.png\" \/>\n\t<meta property=\"og:image:width\" content=\"552\" \/>\n\t<meta property=\"og:image:height\" content=\"650\" \/>\n\t<meta property=\"og:image:type\" content=\"image\/png\" \/>\n<meta name=\"twitter:card\" content=\"summary_large_image\" \/>\n<meta name=\"twitter:label1\" content=\"Price\" \/>\n\t<meta name=\"twitter:data1\" content=\"115.00&euro;\" \/>\n\t<meta name=\"twitter:label2\" content=\"Availability\" \/>\n\t<meta name=\"twitter:data2\" content=\"In stock\" \/>\n<script type=\"application\/ld+json\" class=\"yoast-schema-graph\">{\"@context\":\"https:\\\/\\\/schema.org\",\"@graph\":[{\"@type\":\"WebPage\",\"@id\":\"https:\\\/\\\/garrafeirapepe.pt\\\/en\\\/loja\\\/garrafeira-2\\\/vinhos-2\\\/tinto-vinhos-2\\\/garrafeira-vinho-tinto-saborzinho-by-antonio-macanita-2\\\/\",\"url\":\"https:\\\/\\\/garrafeirapepe.pt\\\/en\\\/loja\\\/garrafeira-2\\\/vinhos-2\\\/tinto-vinhos-2\\\/garrafeira-vinho-tinto-saborzinho-by-antonio-macanita-2\\\/\",\"name\":\"Sabor(Z)Inho By Ant\u00f3nio Ma\u00e7anita Red | Garrafeira Tio Pepe\",\"isPartOf\":{\"@id\":\"https:\\\/\\\/garrafeirapepe.pt\\\/en\\\/#website\"},\"primaryImageOfPage\":{\"@id\":\"https:\\\/\\\/garrafeirapepe.pt\\\/en\\\/loja\\\/garrafeira-2\\\/vinhos-2\\\/tinto-vinhos-2\\\/garrafeira-vinho-tinto-saborzinho-by-antonio-macanita-2\\\/#primaryimage\"},\"image\":{\"@id\":\"https:\\\/\\\/garrafeirapepe.pt\\\/en\\\/loja\\\/garrafeira-2\\\/vinhos-2\\\/tinto-vinhos-2\\\/garrafeira-vinho-tinto-saborzinho-by-antonio-macanita-2\\\/#primaryimage\"},\"thumbnailUrl\":\"https:\\\/\\\/garrafeirapepe.pt\\\/wp-content\\\/uploads\\\/2023\\\/03\\\/SABORZINHO-BY-ANTONIO-MACANITA.png\",\"datePublished\":\"2023-03-21T16:18:42+00:00\",\"dateModified\":\"2024-01-10T17:06:49+00:00\",\"description\":\"Discover the limited edition Sabor(Z)Inho with its unique texture, elegance, and acidity. Experience the fresh, iodized, and complex flavors of this exclusive red wine. Get yours today!\",\"breadcrumb\":{\"@id\":\"https:\\\/\\\/garrafeirapepe.pt\\\/en\\\/loja\\\/garrafeira-2\\\/vinhos-2\\\/tinto-vinhos-2\\\/garrafeira-vinho-tinto-saborzinho-by-antonio-macanita-2\\\/#breadcrumb\"},\"inLanguage\":\"en-US\",\"potentialAction\":[{\"@type\":\"ReadAction\",\"target\":[\"https:\\\/\\\/garrafeirapepe.pt\\\/en\\\/loja\\\/garrafeira-2\\\/vinhos-2\\\/tinto-vinhos-2\\\/garrafeira-vinho-tinto-saborzinho-by-antonio-macanita-2\\\/\"]}]},{\"@type\":\"ImageObject\",\"inLanguage\":\"en-US\",\"@id\":\"https:\\\/\\\/garrafeirapepe.pt\\\/en\\\/loja\\\/garrafeira-2\\\/vinhos-2\\\/tinto-vinhos-2\\\/garrafeira-vinho-tinto-saborzinho-by-antonio-macanita-2\\\/#primaryimage\",\"url\":\"https:\\\/\\\/garrafeirapepe.pt\\\/wp-content\\\/uploads\\\/2023\\\/03\\\/SABORZINHO-BY-ANTONIO-MACANITA.png\",\"contentUrl\":\"https:\\\/\\\/garrafeirapepe.pt\\\/wp-content\\\/uploads\\\/2023\\\/03\\\/SABORZINHO-BY-ANTONIO-MACANITA.png\",\"width\":552,\"height\":650},{\"@type\":\"BreadcrumbList\",\"@id\":\"https:\\\/\\\/garrafeirapepe.pt\\\/en\\\/loja\\\/garrafeira-2\\\/vinhos-2\\\/tinto-vinhos-2\\\/garrafeira-vinho-tinto-saborzinho-by-antonio-macanita-2\\\/#breadcrumb\",\"itemListElement\":[{\"@type\":\"ListItem\",\"position\":1,\"name\":\"Home\",\"item\":\"https:\\\/\\\/garrafeirapepe.pt\\\/en\\\/\"},{\"@type\":\"ListItem\",\"position\":2,\"name\":\"Store\",\"item\":\"https:\\\/\\\/garrafeirapepe.pt\\\/en\\\/shop\\\/\"},{\"@type\":\"ListItem\",\"position\":3,\"name\":\"Sabor(Z)Inho By Ant\u00f3nio Ma\u00e7anita Red\"}]},{\"@type\":\"WebSite\",\"@id\":\"https:\\\/\\\/garrafeirapepe.pt\\\/en\\\/#website\",\"url\":\"https:\\\/\\\/garrafeirapepe.pt\\\/en\\\/\",\"name\":\"Garrafeira Pepe\",\"description\":\"\",\"publisher\":{\"@id\":\"https:\\\/\\\/garrafeirapepe.pt\\\/en\\\/#organization\"},\"potentialAction\":[{\"@type\":\"SearchAction\",\"target\":{\"@type\":\"EntryPoint\",\"urlTemplate\":\"https:\\\/\\\/garrafeirapepe.pt\\\/en\\\/?s={search_term_string}\"},\"query-input\":{\"@type\":\"PropertyValueSpecification\",\"valueRequired\":true,\"valueName\":\"search_term_string\"}}],\"inLanguage\":\"en-US\"},{\"@type\":[\"Organization\",\"Place\"],\"@id\":\"https:\\\/\\\/garrafeirapepe.pt\\\/en\\\/#organization\",\"name\":\"Garrafeira Pepe\",\"url\":\"https:\\\/\\\/garrafeirapepe.pt\\\/en\\\/\",\"logo\":{\"@id\":\"https:\\\/\\\/garrafeirapepe.pt\\\/en\\\/loja\\\/garrafeira-2\\\/vinhos-2\\\/tinto-vinhos-2\\\/garrafeira-vinho-tinto-saborzinho-by-antonio-macanita-2\\\/#local-main-organization-logo\"},\"image\":{\"@id\":\"https:\\\/\\\/garrafeirapepe.pt\\\/en\\\/loja\\\/garrafeira-2\\\/vinhos-2\\\/tinto-vinhos-2\\\/garrafeira-vinho-tinto-saborzinho-by-antonio-macanita-2\\\/#local-main-organization-logo\"},\"sameAs\":[\"https:\\\/\\\/www.facebook.com\\\/GarrafeiraPepe\",\"https:\\\/\\\/www.instagram.com\\\/garrafeiratiopepe\\\/\",\"https:\\\/\\\/www.linkedin.com\\\/company\\\/garrafeira-tio-pepe\\\/\"],\"description\":\"Loja On-line ao seu dispor - 40 Anos de experi\u00eancia no sector, 2100 refer\u00eancias ativas e ao seu dispor. Uma das mais conceituadas Garrafeiras de Portugal.\",\"legalName\":\"PUROVINUM COMERCIO DE BEBIDAS LDA.\",\"foundingDate\":\"1986-01-01\",\"numberOfEmployees\":{\"@type\":\"QuantitativeValue\",\"minValue\":\"11\",\"maxValue\":\"50\"},\"hasMerchantReturnPolicy\":{\"@type\":\"MerchantReturnPolicy\",\"merchantReturnLink\":\"https:\\\/\\\/garrafeirapepe.pt\\\/politica-de-devolucao\\\/\"},\"telephone\":[],\"openingHoursSpecification\":[{\"@type\":\"OpeningHoursSpecification\",\"dayOfWeek\":[\"Monday\",\"Tuesday\",\"Wednesday\",\"Thursday\",\"Friday\",\"Saturday\",\"Sunday\"],\"opens\":\"09:00\",\"closes\":\"17:00\"}]},{\"@type\":\"ImageObject\",\"inLanguage\":\"en-US\",\"@id\":\"https:\\\/\\\/garrafeirapepe.pt\\\/en\\\/loja\\\/garrafeira-2\\\/vinhos-2\\\/tinto-vinhos-2\\\/garrafeira-vinho-tinto-saborzinho-by-antonio-macanita-2\\\/#local-main-organization-logo\",\"url\":\"https:\\\/\\\/garrafeirapepe.pt\\\/wp-content\\\/uploads\\\/2025\\\/11\\\/Logo-Vertical-512x512-sem-fundo.png\",\"contentUrl\":\"https:\\\/\\\/garrafeirapepe.pt\\\/wp-content\\\/uploads\\\/2025\\\/11\\\/Logo-Vertical-512x512-sem-fundo.png\",\"width\":512,\"height\":512,\"caption\":\"Garrafeira Pepe\"}]}<\/script>\n<meta property=\"product:price:amount\" content=\"115.00\" \/>\n<meta property=\"product:price:currency\" content=\"EUR\" \/>\n<meta property=\"og:availability\" content=\"instock\" \/>\n<meta property=\"product:availability\" content=\"instock\" \/>\n<meta property=\"product:retailer_item_id\" content=\"MACAST\" \/>\n<meta property=\"product:condition\" content=\"new\" \/>\n<!-- \/ Yoast SEO Premium plugin. -->","yoast_head_json":{"title":"Sabor(Z)Inho By Ant\u00f3nio Ma\u00e7anita Red | Garrafeira Tio Pepe","description":"Discover the limited edition Sabor(Z)Inho with its unique texture, elegance, and acidity. Experience the fresh, iodized, and complex flavors of this exclusive red wine. Get yours today!","robots":{"index":"index","follow":"follow","max-snippet":"max-snippet:-1","max-image-preview":"max-image-preview:large","max-video-preview":"max-video-preview:-1"},"canonical":"https:\/\/garrafeirapepe.pt\/en\/loja\/garrafeira-2\/vinhos-2\/tinto-vinhos-2\/garrafeira-vinho-tinto-saborzinho-by-antonio-macanita-2\/","og_locale":"en_US","og_type":"article","og_title":"Sabor(Z)Inho By Ant\u00f3nio Ma\u00e7anita Red","og_description":"Sabor(Z)Inho By Ant\u00f3nio Ma\u00e7anita Red -","og_url":"https:\/\/garrafeirapepe.pt\/en\/loja\/garrafeira-2\/vinhos-2\/tinto-vinhos-2\/garrafeira-vinho-tinto-saborzinho-by-antonio-macanita-2\/","og_site_name":"Garrafeira Pepe","article_publisher":"https:\/\/www.facebook.com\/GarrafeiraPepe","article_modified_time":"2024-01-10T17:06:49+00:00","og_image":[{"width":552,"height":650,"url":"https:\/\/garrafeirapepe.pt\/wp-content\/uploads\/2023\/03\/SABORZINHO-BY-ANTONIO-MACANITA.png","type":"image\/png"}],"twitter_card":"summary_large_image","twitter_misc":{"Price":"115.00&euro;","Availability":"In stock"},"schema":{"@context":"https:\/\/schema.org","@graph":[{"@type":"WebPage","@id":"https:\/\/garrafeirapepe.pt\/en\/loja\/garrafeira-2\/vinhos-2\/tinto-vinhos-2\/garrafeira-vinho-tinto-saborzinho-by-antonio-macanita-2\/","url":"https:\/\/garrafeirapepe.pt\/en\/loja\/garrafeira-2\/vinhos-2\/tinto-vinhos-2\/garrafeira-vinho-tinto-saborzinho-by-antonio-macanita-2\/","name":"Sabor(Z)Inho By Ant\u00f3nio Ma\u00e7anita Red | Garrafeira Tio Pepe","isPartOf":{"@id":"https:\/\/garrafeirapepe.pt\/en\/#website"},"primaryImageOfPage":{"@id":"https:\/\/garrafeirapepe.pt\/en\/loja\/garrafeira-2\/vinhos-2\/tinto-vinhos-2\/garrafeira-vinho-tinto-saborzinho-by-antonio-macanita-2\/#primaryimage"},"image":{"@id":"https:\/\/garrafeirapepe.pt\/en\/loja\/garrafeira-2\/vinhos-2\/tinto-vinhos-2\/garrafeira-vinho-tinto-saborzinho-by-antonio-macanita-2\/#primaryimage"},"thumbnailUrl":"https:\/\/garrafeirapepe.pt\/wp-content\/uploads\/2023\/03\/SABORZINHO-BY-ANTONIO-MACANITA.png","datePublished":"2023-03-21T16:18:42+00:00","dateModified":"2024-01-10T17:06:49+00:00","description":"Discover the limited edition Sabor(Z)Inho with its unique texture, elegance, and acidity. Experience the fresh, iodized, and complex flavors of this exclusive red wine. Get yours today!","breadcrumb":{"@id":"https:\/\/garrafeirapepe.pt\/en\/loja\/garrafeira-2\/vinhos-2\/tinto-vinhos-2\/garrafeira-vinho-tinto-saborzinho-by-antonio-macanita-2\/#breadcrumb"},"inLanguage":"en-US","potentialAction":[{"@type":"ReadAction","target":["https:\/\/garrafeirapepe.pt\/en\/loja\/garrafeira-2\/vinhos-2\/tinto-vinhos-2\/garrafeira-vinho-tinto-saborzinho-by-antonio-macanita-2\/"]}]},{"@type":"ImageObject","inLanguage":"en-US","@id":"https:\/\/garrafeirapepe.pt\/en\/loja\/garrafeira-2\/vinhos-2\/tinto-vinhos-2\/garrafeira-vinho-tinto-saborzinho-by-antonio-macanita-2\/#primaryimage","url":"https:\/\/garrafeirapepe.pt\/wp-content\/uploads\/2023\/03\/SABORZINHO-BY-ANTONIO-MACANITA.png","contentUrl":"https:\/\/garrafeirapepe.pt\/wp-content\/uploads\/2023\/03\/SABORZINHO-BY-ANTONIO-MACANITA.png","width":552,"height":650},{"@type":"BreadcrumbList","@id":"https:\/\/garrafeirapepe.pt\/en\/loja\/garrafeira-2\/vinhos-2\/tinto-vinhos-2\/garrafeira-vinho-tinto-saborzinho-by-antonio-macanita-2\/#breadcrumb","itemListElement":[{"@type":"ListItem","position":1,"name":"Home","item":"https:\/\/garrafeirapepe.pt\/en\/"},{"@type":"ListItem","position":2,"name":"Store","item":"https:\/\/garrafeirapepe.pt\/en\/shop\/"},{"@type":"ListItem","position":3,"name":"Sabor(Z)Inho By Ant\u00f3nio Ma\u00e7anita Red"}]},{"@type":"WebSite","@id":"https:\/\/garrafeirapepe.pt\/en\/#website","url":"https:\/\/garrafeirapepe.pt\/en\/","name":"Garrafeira Pepe","description":"","publisher":{"@id":"https:\/\/garrafeirapepe.pt\/en\/#organization"},"potentialAction":[{"@type":"SearchAction","target":{"@type":"EntryPoint","urlTemplate":"https:\/\/garrafeirapepe.pt\/en\/?s={search_term_string}"},"query-input":{"@type":"PropertyValueSpecification","valueRequired":true,"valueName":"search_term_string"}}],"inLanguage":"en-US"},{"@type":["Organization","Place"],"@id":"https:\/\/garrafeirapepe.pt\/en\/#organization","name":"Garrafeira Pepe","url":"https:\/\/garrafeirapepe.pt\/en\/","logo":{"@id":"https:\/\/garrafeirapepe.pt\/en\/loja\/garrafeira-2\/vinhos-2\/tinto-vinhos-2\/garrafeira-vinho-tinto-saborzinho-by-antonio-macanita-2\/#local-main-organization-logo"},"image":{"@id":"https:\/\/garrafeirapepe.pt\/en\/loja\/garrafeira-2\/vinhos-2\/tinto-vinhos-2\/garrafeira-vinho-tinto-saborzinho-by-antonio-macanita-2\/#local-main-organization-logo"},"sameAs":["https:\/\/www.facebook.com\/GarrafeiraPepe","https:\/\/www.instagram.com\/garrafeiratiopepe\/","https:\/\/www.linkedin.com\/company\/garrafeira-tio-pepe\/"],"description":"Loja On-line ao seu dispor - 40 Anos de experi\u00eancia no sector, 2100 refer\u00eancias ativas e ao seu dispor. Uma das mais conceituadas Garrafeiras de Portugal.","legalName":"PUROVINUM COMERCIO DE BEBIDAS LDA.","foundingDate":"1986-01-01","numberOfEmployees":{"@type":"QuantitativeValue","minValue":"11","maxValue":"50"},"hasMerchantReturnPolicy":{"@type":"MerchantReturnPolicy","merchantReturnLink":"https:\/\/garrafeirapepe.pt\/politica-de-devolucao\/"},"telephone":[],"openingHoursSpecification":[{"@type":"OpeningHoursSpecification","dayOfWeek":["Monday","Tuesday","Wednesday","Thursday","Friday","Saturday","Sunday"],"opens":"09:00","closes":"17:00"}]},{"@type":"ImageObject","inLanguage":"en-US","@id":"https:\/\/garrafeirapepe.pt\/en\/loja\/garrafeira-2\/vinhos-2\/tinto-vinhos-2\/garrafeira-vinho-tinto-saborzinho-by-antonio-macanita-2\/#local-main-organization-logo","url":"https:\/\/garrafeirapepe.pt\/wp-content\/uploads\/2025\/11\/Logo-Vertical-512x512-sem-fundo.png","contentUrl":"https:\/\/garrafeirapepe.pt\/wp-content\/uploads\/2025\/11\/Logo-Vertical-512x512-sem-fundo.png","width":512,"height":512,"caption":"Garrafeira Pepe"}]},"product_price_amount":"115.00","product_price_currency":"EUR","og_availability":"instock","product_availability":"instock","product_retailer_item_id":"MACAST","product_condition":"new"},"_links":{"self":[{"href":"https:\/\/garrafeirapepe.pt\/en\/wp-json\/wp\/v2\/product\/41387","targetHints":{"allow":["GET"]}}],"collection":[{"href":"https:\/\/garrafeirapepe.pt\/en\/wp-json\/wp\/v2\/product"}],"about":[{"href":"https:\/\/garrafeirapepe.pt\/en\/wp-json\/wp\/v2\/types\/product"}],"wp:featuredmedia":[{"embeddable":true,"href":"https:\/\/garrafeirapepe.pt\/en\/wp-json\/wp\/v2\/media\/23383"}],"wp:attachment":[{"href":"https:\/\/garrafeirapepe.pt\/en\/wp-json\/wp\/v2\/media?parent=41387"}],"wp:term":[{"taxonomy":"product_brand","embeddable":true,"href":"https:\/\/garrafeirapepe.pt\/en\/wp-json\/wp\/v2\/product_brand?post=41387"},{"taxonomy":"product_cat","embeddable":true,"href":"https:\/\/garrafeirapepe.pt\/en\/wp-json\/wp\/v2\/product_cat?post=41387"},{"taxonomy":"product_tag","embeddable":true,"href":"https:\/\/garrafeirapepe.pt\/en\/wp-json\/wp\/v2\/product_tag?post=41387"}],"curies":[{"name":"wp","href":"https:\/\/api.w.org\/{rel}","templated":true}]}}