{"id":93840,"date":"2023-12-05T01:15:30","date_gmt":"2023-12-05T01:15:30","guid":{"rendered":"https:\/\/garrafeirapepe.pt\/loja\/sem%20categoria\/cartao-presente-20-copy\/"},"modified":"2026-03-25T19:59:42","modified_gmt":"2026-03-25T19:59:42","slug":"cartao-presente-250","status":"publish","type":"product","link":"https:\/\/garrafeirapepe.pt\/en\/loja\/cartao-presente\/cartao-presente-250\/","title":{"rendered":"Cart\u00e3o Presente 250\u20ac"},"content":{"rendered":"\n<p><strong>Presenteie com sabor e sofistica\u00e7\u00e3o!<\/strong> O Cart\u00e3o Presente Garrafeira Pepe de 250\u20ac \u00e9 a escolha ideal para os amantes de vinho e para quem aprecia momentos especiais.<\/p>\n\n\n\n<p>Com este cart\u00e3o, ofere\u00e7a a liberdade de escolher entre uma sele\u00e7\u00e3o exclusiva de vinhos, acess\u00f3rios e experi\u00eancias \u00fanicas. Perfeito para anivers\u00e1rios, celebra\u00e7\u00f5es ou simplesmente como um gesto de apre\u00e7o, este voucher garante uma jornada de descoberta e prazer pelo mundo dos vinhos.<\/p>\n\n\n\n<p><strong>A mais-valia deste presente?<\/strong> A possibilidade de agendar o envio diretamente para o e-mail do <strong>aniversariante no seu dia especial<\/strong>, garantindo uma surpresa oportuna e emocionante! Sem data de expira\u00e7\u00e3o e f\u00e1cil de usar, \u00e9 o presente que se adapta a qualquer ocasi\u00e3o, oferecendo conveni\u00eancia tanto para quem oferece como para quem recebe.<\/p>\n\n\n\n<p>Surpreenda algu\u00e9m hoje com a possibilidade de desfrutar de produtos de alta qualidade na Garrafeira Pepe, entregues no momento perfeito!<\/p>\n","protected":false},"excerpt":{"rendered":"<p>Presenteie com sabor e sofistica\u00e7\u00e3o! O Cart\u00e3o Presente Garrafeira Pepe de 250\u20ac \u00e9 a escolha ideal para os amantes de vinho e para quem aprecia momentos especiais. Com este cart\u00e3o, ofere\u00e7a a liberdade de escolher entre uma sele\u00e7\u00e3o exclusiva de vinhos, acess\u00f3rios e experi\u00eancias \u00fanicas. Perfeito para anivers\u00e1rios, celebra\u00e7\u00f5es ou simplesmente como um gesto de [&hellip;]<\/p>\n","protected":false},"featured_media":93881,"template":"","meta":{"_acf_changed":false},"product_brand":[],"product_cat":[20319],"product_tag":[],"class_list":{"0":"post-93840","1":"product","2":"type-product","3":"status-publish","4":"has-post-thumbnail","6":"product_cat-cartao-presente","8":"first","9":"onbackorder","10":"virtual","11":"purchasable","12":"product-type-simple"},"acf":[],"yoast_head":"<!-- This site is optimized with the Yoast SEO Premium plugin v27.3 (Yoast SEO v27.3) - https:\/\/yoast.com\/product\/yoast-seo-premium-wordpress\/ -->\n<title>Cart\u00e3o Presente de 250\u20ac - Surpreenda com Garrafeira Pepe!<\/title>\n<meta name=\"description\" content=\"Descubra o Cart\u00e3o Presente Tio Pepe de 250\u20ac, o presente perfeito para amantes de vinho. Ofere\u00e7a escolha e qualidade. Compre agora e crie momentos memor\u00e1veis!\" \/>\n<meta name=\"robots\" content=\"index, follow, max-snippet:-1, max-image-preview:large, max-video-preview:-1\" \/>\n<link rel=\"canonical\" href=\"https:\/\/garrafeirapepe.pt\/en\/loja\/cartao-presente\/cartao-presente-250\/\" \/>\n<meta property=\"og:locale\" content=\"en_US\" \/>\n<meta property=\"og:type\" content=\"article\" \/>\n<meta property=\"og:title\" content=\"Cart\u00e3o Presente 250\u20ac\" \/>\n<meta property=\"og:description\" content=\"Cart\u00e3o Presente 250\u20ac -\" \/>\n<meta property=\"og:url\" content=\"https:\/\/garrafeirapepe.pt\/en\/loja\/cartao-presente\/cartao-presente-250\/\" \/>\n<meta property=\"og:site_name\" content=\"Garrafeira Pepe\" \/>\n<meta property=\"article:publisher\" content=\"https:\/\/www.facebook.com\/GarrafeiraPepe\" \/>\n<meta property=\"article:modified_time\" content=\"2026-03-25T19:59:42+00:00\" \/>\n<meta property=\"og:image\" content=\"https:\/\/garrafeirapepe.pt\/wp-content\/uploads\/2023\/12\/cartao-presente-garrafeira-tio-pepe-250.jpg\" \/>\n\t<meta property=\"og:image:width\" content=\"2000\" \/>\n\t<meta property=\"og:image:height\" content=\"2520\" \/>\n\t<meta property=\"og:image:type\" content=\"image\/jpeg\" \/>\n<meta name=\"twitter:card\" content=\"summary_large_image\" \/>\n<meta name=\"twitter:label1\" content=\"Price\" \/>\n\t<meta name=\"twitter:data1\" content=\"250.00&euro;\" \/>\n\t<meta name=\"twitter:label2\" content=\"Availability\" \/>\n\t<meta name=\"twitter:data2\" content=\"On backorder\" \/>\n<script type=\"application\/ld+json\" class=\"yoast-schema-graph\">{\"@context\":\"https:\\\/\\\/schema.org\",\"@graph\":[{\"@type\":\"WebPage\",\"@id\":\"https:\\\/\\\/garrafeirapepe.pt\\\/en\\\/loja\\\/cartao-presente\\\/cartao-presente-250\\\/\",\"url\":\"https:\\\/\\\/garrafeirapepe.pt\\\/en\\\/loja\\\/cartao-presente\\\/cartao-presente-250\\\/\",\"name\":\"Cart\u00e3o Presente de 250\u20ac - Surpreenda com Garrafeira Pepe!\",\"isPartOf\":{\"@id\":\"https:\\\/\\\/garrafeirapepe.pt\\\/en\\\/#website\"},\"primaryImageOfPage\":{\"@id\":\"https:\\\/\\\/garrafeirapepe.pt\\\/en\\\/loja\\\/cartao-presente\\\/cartao-presente-250\\\/#primaryimage\"},\"image\":{\"@id\":\"https:\\\/\\\/garrafeirapepe.pt\\\/en\\\/loja\\\/cartao-presente\\\/cartao-presente-250\\\/#primaryimage\"},\"thumbnailUrl\":\"https:\\\/\\\/garrafeirapepe.pt\\\/wp-content\\\/uploads\\\/2023\\\/12\\\/cartao-presente-garrafeira-tio-pepe-250.jpg\",\"datePublished\":\"2023-12-05T01:15:30+00:00\",\"dateModified\":\"2026-03-25T19:59:42+00:00\",\"description\":\"Descubra o Cart\u00e3o Presente Tio Pepe de 250\u20ac, o presente perfeito para amantes de vinho. Ofere\u00e7a escolha e qualidade. Compre agora e crie momentos memor\u00e1veis!\",\"breadcrumb\":{\"@id\":\"https:\\\/\\\/garrafeirapepe.pt\\\/en\\\/loja\\\/cartao-presente\\\/cartao-presente-250\\\/#breadcrumb\"},\"inLanguage\":\"en-US\",\"potentialAction\":[{\"@type\":\"ReadAction\",\"target\":[\"https:\\\/\\\/garrafeirapepe.pt\\\/en\\\/loja\\\/cartao-presente\\\/cartao-presente-250\\\/\"]}]},{\"@type\":\"ImageObject\",\"inLanguage\":\"en-US\",\"@id\":\"https:\\\/\\\/garrafeirapepe.pt\\\/en\\\/loja\\\/cartao-presente\\\/cartao-presente-250\\\/#primaryimage\",\"url\":\"https:\\\/\\\/garrafeirapepe.pt\\\/wp-content\\\/uploads\\\/2023\\\/12\\\/cartao-presente-garrafeira-tio-pepe-250.jpg\",\"contentUrl\":\"https:\\\/\\\/garrafeirapepe.pt\\\/wp-content\\\/uploads\\\/2023\\\/12\\\/cartao-presente-garrafeira-tio-pepe-250.jpg\",\"width\":2000,\"height\":2520,\"caption\":\"cartao-presente-garrafeira-tio-pepe-200\"},{\"@type\":\"BreadcrumbList\",\"@id\":\"https:\\\/\\\/garrafeirapepe.pt\\\/en\\\/loja\\\/cartao-presente\\\/cartao-presente-250\\\/#breadcrumb\",\"itemListElement\":[{\"@type\":\"ListItem\",\"position\":1,\"name\":\"Home\",\"item\":\"https:\\\/\\\/garrafeirapepe.pt\\\/en\\\/\"},{\"@type\":\"ListItem\",\"position\":2,\"name\":\"Store\",\"item\":\"https:\\\/\\\/garrafeirapepe.pt\\\/en\\\/shop\\\/\"},{\"@type\":\"ListItem\",\"position\":3,\"name\":\"Cart\u00e3o Presente 250\u20ac\"}]},{\"@type\":\"WebSite\",\"@id\":\"https:\\\/\\\/garrafeirapepe.pt\\\/en\\\/#website\",\"url\":\"https:\\\/\\\/garrafeirapepe.pt\\\/en\\\/\",\"name\":\"Garrafeira Pepe\",\"description\":\"\",\"publisher\":{\"@id\":\"https:\\\/\\\/garrafeirapepe.pt\\\/en\\\/#organization\"},\"potentialAction\":[{\"@type\":\"SearchAction\",\"target\":{\"@type\":\"EntryPoint\",\"urlTemplate\":\"https:\\\/\\\/garrafeirapepe.pt\\\/en\\\/?s={search_term_string}\"},\"query-input\":{\"@type\":\"PropertyValueSpecification\",\"valueRequired\":true,\"valueName\":\"search_term_string\"}}],\"inLanguage\":\"en-US\"},{\"@type\":[\"Organization\",\"Place\"],\"@id\":\"https:\\\/\\\/garrafeirapepe.pt\\\/en\\\/#organization\",\"name\":\"Garrafeira Pepe\",\"url\":\"https:\\\/\\\/garrafeirapepe.pt\\\/en\\\/\",\"logo\":{\"@id\":\"https:\\\/\\\/garrafeirapepe.pt\\\/en\\\/loja\\\/cartao-presente\\\/cartao-presente-250\\\/#local-main-organization-logo\"},\"image\":{\"@id\":\"https:\\\/\\\/garrafeirapepe.pt\\\/en\\\/loja\\\/cartao-presente\\\/cartao-presente-250\\\/#local-main-organization-logo\"},\"sameAs\":[\"https:\\\/\\\/www.facebook.com\\\/GarrafeiraPepe\",\"https:\\\/\\\/www.instagram.com\\\/garrafeiratiopepe\\\/\",\"https:\\\/\\\/www.linkedin.com\\\/company\\\/garrafeira-tio-pepe\\\/\"],\"description\":\"Loja On-line ao seu dispor - 40 Anos de experi\u00eancia no sector, 2100 refer\u00eancias ativas e ao seu dispor. Uma das mais conceituadas Garrafeiras de Portugal.\",\"legalName\":\"PUROVINUM COMERCIO DE BEBIDAS LDA.\",\"foundingDate\":\"1986-01-01\",\"numberOfEmployees\":{\"@type\":\"QuantitativeValue\",\"minValue\":\"11\",\"maxValue\":\"50\"},\"hasMerchantReturnPolicy\":{\"@type\":\"MerchantReturnPolicy\",\"merchantReturnLink\":\"https:\\\/\\\/garrafeirapepe.pt\\\/politica-de-devolucao\\\/\"},\"telephone\":[],\"openingHoursSpecification\":[{\"@type\":\"OpeningHoursSpecification\",\"dayOfWeek\":[\"Monday\",\"Tuesday\",\"Wednesday\",\"Thursday\",\"Friday\",\"Saturday\",\"Sunday\"],\"opens\":\"09:00\",\"closes\":\"17:00\"}]},{\"@type\":\"ImageObject\",\"inLanguage\":\"en-US\",\"@id\":\"https:\\\/\\\/garrafeirapepe.pt\\\/en\\\/loja\\\/cartao-presente\\\/cartao-presente-250\\\/#local-main-organization-logo\",\"url\":\"https:\\\/\\\/garrafeirapepe.pt\\\/wp-content\\\/uploads\\\/2025\\\/11\\\/Logo-Vertical-512x512-sem-fundo.png\",\"contentUrl\":\"https:\\\/\\\/garrafeirapepe.pt\\\/wp-content\\\/uploads\\\/2025\\\/11\\\/Logo-Vertical-512x512-sem-fundo.png\",\"width\":512,\"height\":512,\"caption\":\"Garrafeira Pepe\"}]}<\/script>\n<meta property=\"product:price:amount\" content=\"250.00\" \/>\n<meta property=\"product:price:currency\" content=\"EUR\" \/>\n<meta property=\"og:availability\" content=\"backorder\" \/>\n<meta property=\"product:availability\" content=\"available for order\" \/>\n<meta property=\"product:retailer_item_id\" content=\"CPTP250\" \/>\n<meta property=\"product:condition\" content=\"new\" \/>\n<!-- \/ Yoast SEO Premium plugin. -->","yoast_head_json":{"title":"Cart\u00e3o Presente de 250\u20ac - Surpreenda com Garrafeira Pepe!","description":"Descubra o Cart\u00e3o Presente Tio Pepe de 250\u20ac, o presente perfeito para amantes de vinho. Ofere\u00e7a escolha e qualidade. Compre agora e crie momentos memor\u00e1veis!","robots":{"index":"index","follow":"follow","max-snippet":"max-snippet:-1","max-image-preview":"max-image-preview:large","max-video-preview":"max-video-preview:-1"},"canonical":"https:\/\/garrafeirapepe.pt\/en\/loja\/cartao-presente\/cartao-presente-250\/","og_locale":"en_US","og_type":"article","og_title":"Cart\u00e3o Presente 250\u20ac","og_description":"Cart\u00e3o Presente 250\u20ac -","og_url":"https:\/\/garrafeirapepe.pt\/en\/loja\/cartao-presente\/cartao-presente-250\/","og_site_name":"Garrafeira Pepe","article_publisher":"https:\/\/www.facebook.com\/GarrafeiraPepe","article_modified_time":"2026-03-25T19:59:42+00:00","og_image":[{"width":2000,"height":2520,"url":"https:\/\/garrafeirapepe.pt\/wp-content\/uploads\/2023\/12\/cartao-presente-garrafeira-tio-pepe-250.jpg","type":"image\/jpeg"}],"twitter_card":"summary_large_image","twitter_misc":{"Price":"250.00&euro;","Availability":"On backorder"},"schema":{"@context":"https:\/\/schema.org","@graph":[{"@type":"WebPage","@id":"https:\/\/garrafeirapepe.pt\/en\/loja\/cartao-presente\/cartao-presente-250\/","url":"https:\/\/garrafeirapepe.pt\/en\/loja\/cartao-presente\/cartao-presente-250\/","name":"Cart\u00e3o Presente de 250\u20ac - Surpreenda com Garrafeira Pepe!","isPartOf":{"@id":"https:\/\/garrafeirapepe.pt\/en\/#website"},"primaryImageOfPage":{"@id":"https:\/\/garrafeirapepe.pt\/en\/loja\/cartao-presente\/cartao-presente-250\/#primaryimage"},"image":{"@id":"https:\/\/garrafeirapepe.pt\/en\/loja\/cartao-presente\/cartao-presente-250\/#primaryimage"},"thumbnailUrl":"https:\/\/garrafeirapepe.pt\/wp-content\/uploads\/2023\/12\/cartao-presente-garrafeira-tio-pepe-250.jpg","datePublished":"2023-12-05T01:15:30+00:00","dateModified":"2026-03-25T19:59:42+00:00","description":"Descubra o Cart\u00e3o Presente Tio Pepe de 250\u20ac, o presente perfeito para amantes de vinho. Ofere\u00e7a escolha e qualidade. Compre agora e crie momentos memor\u00e1veis!","breadcrumb":{"@id":"https:\/\/garrafeirapepe.pt\/en\/loja\/cartao-presente\/cartao-presente-250\/#breadcrumb"},"inLanguage":"en-US","potentialAction":[{"@type":"ReadAction","target":["https:\/\/garrafeirapepe.pt\/en\/loja\/cartao-presente\/cartao-presente-250\/"]}]},{"@type":"ImageObject","inLanguage":"en-US","@id":"https:\/\/garrafeirapepe.pt\/en\/loja\/cartao-presente\/cartao-presente-250\/#primaryimage","url":"https:\/\/garrafeirapepe.pt\/wp-content\/uploads\/2023\/12\/cartao-presente-garrafeira-tio-pepe-250.jpg","contentUrl":"https:\/\/garrafeirapepe.pt\/wp-content\/uploads\/2023\/12\/cartao-presente-garrafeira-tio-pepe-250.jpg","width":2000,"height":2520,"caption":"cartao-presente-garrafeira-tio-pepe-200"},{"@type":"BreadcrumbList","@id":"https:\/\/garrafeirapepe.pt\/en\/loja\/cartao-presente\/cartao-presente-250\/#breadcrumb","itemListElement":[{"@type":"ListItem","position":1,"name":"Home","item":"https:\/\/garrafeirapepe.pt\/en\/"},{"@type":"ListItem","position":2,"name":"Store","item":"https:\/\/garrafeirapepe.pt\/en\/shop\/"},{"@type":"ListItem","position":3,"name":"Cart\u00e3o Presente 250\u20ac"}]},{"@type":"WebSite","@id":"https:\/\/garrafeirapepe.pt\/en\/#website","url":"https:\/\/garrafeirapepe.pt\/en\/","name":"Garrafeira Pepe","description":"","publisher":{"@id":"https:\/\/garrafeirapepe.pt\/en\/#organization"},"potentialAction":[{"@type":"SearchAction","target":{"@type":"EntryPoint","urlTemplate":"https:\/\/garrafeirapepe.pt\/en\/?s={search_term_string}"},"query-input":{"@type":"PropertyValueSpecification","valueRequired":true,"valueName":"search_term_string"}}],"inLanguage":"en-US"},{"@type":["Organization","Place"],"@id":"https:\/\/garrafeirapepe.pt\/en\/#organization","name":"Garrafeira Pepe","url":"https:\/\/garrafeirapepe.pt\/en\/","logo":{"@id":"https:\/\/garrafeirapepe.pt\/en\/loja\/cartao-presente\/cartao-presente-250\/#local-main-organization-logo"},"image":{"@id":"https:\/\/garrafeirapepe.pt\/en\/loja\/cartao-presente\/cartao-presente-250\/#local-main-organization-logo"},"sameAs":["https:\/\/www.facebook.com\/GarrafeiraPepe","https:\/\/www.instagram.com\/garrafeiratiopepe\/","https:\/\/www.linkedin.com\/company\/garrafeira-tio-pepe\/"],"description":"Loja On-line ao seu dispor - 40 Anos de experi\u00eancia no sector, 2100 refer\u00eancias ativas e ao seu dispor. Uma das mais conceituadas Garrafeiras de Portugal.","legalName":"PUROVINUM COMERCIO DE BEBIDAS LDA.","foundingDate":"1986-01-01","numberOfEmployees":{"@type":"QuantitativeValue","minValue":"11","maxValue":"50"},"hasMerchantReturnPolicy":{"@type":"MerchantReturnPolicy","merchantReturnLink":"https:\/\/garrafeirapepe.pt\/politica-de-devolucao\/"},"telephone":[],"openingHoursSpecification":[{"@type":"OpeningHoursSpecification","dayOfWeek":["Monday","Tuesday","Wednesday","Thursday","Friday","Saturday","Sunday"],"opens":"09:00","closes":"17:00"}]},{"@type":"ImageObject","inLanguage":"en-US","@id":"https:\/\/garrafeirapepe.pt\/en\/loja\/cartao-presente\/cartao-presente-250\/#local-main-organization-logo","url":"https:\/\/garrafeirapepe.pt\/wp-content\/uploads\/2025\/11\/Logo-Vertical-512x512-sem-fundo.png","contentUrl":"https:\/\/garrafeirapepe.pt\/wp-content\/uploads\/2025\/11\/Logo-Vertical-512x512-sem-fundo.png","width":512,"height":512,"caption":"Garrafeira Pepe"}]},"product_price_amount":"250.00","product_price_currency":"EUR","og_availability":"backorder","product_availability":"available for order","product_retailer_item_id":"CPTP250","product_condition":"new"},"_links":{"self":[{"href":"https:\/\/garrafeirapepe.pt\/en\/wp-json\/wp\/v2\/product\/93840","targetHints":{"allow":["GET"]}}],"collection":[{"href":"https:\/\/garrafeirapepe.pt\/en\/wp-json\/wp\/v2\/product"}],"about":[{"href":"https:\/\/garrafeirapepe.pt\/en\/wp-json\/wp\/v2\/types\/product"}],"wp:featuredmedia":[{"embeddable":true,"href":"https:\/\/garrafeirapepe.pt\/en\/wp-json\/wp\/v2\/media\/93881"}],"wp:attachment":[{"href":"https:\/\/garrafeirapepe.pt\/en\/wp-json\/wp\/v2\/media?parent=93840"}],"wp:term":[{"taxonomy":"product_brand","embeddable":true,"href":"https:\/\/garrafeirapepe.pt\/en\/wp-json\/wp\/v2\/product_brand?post=93840"},{"taxonomy":"product_cat","embeddable":true,"href":"https:\/\/garrafeirapepe.pt\/en\/wp-json\/wp\/v2\/product_cat?post=93840"},{"taxonomy":"product_tag","embeddable":true,"href":"https:\/\/garrafeirapepe.pt\/en\/wp-json\/wp\/v2\/product_tag?post=93840"}],"curies":[{"name":"wp","href":"https:\/\/api.w.org\/{rel}","templated":true}]}}