{"id":250303,"date":"2024-08-30T16:17:26","date_gmt":"2024-08-30T15:17:26","guid":{"rendered":"https:\/\/garrafeirapepe.pt\/?post_type=product&#038;p=250303"},"modified":"2026-04-01T10:38:46","modified_gmt":"2026-04-01T09:38:46","slug":"vinho-quinta-das-bageiras-garrafeira-branco-2022","status":"publish","type":"product","link":"https:\/\/garrafeirapepe.pt\/es\/loja\/garrafeira\/vinhos\/brancos\/vinho-quinta-das-bageiras-garrafeira-branco-2022\/","title":{"rendered":"Vinho Quinta Das B\u00e1geiras Garrafeira Branco 2022"},"content":{"rendered":"\n<p>Este vinho excecional \u00e9 feito com uvas das castas Maria Gomes e Bical de vinhas com mais de 75 anos. Vinificado em bica aberta e fermentado em ton\u00e9is antigos de madeira, o Garrafeira Branco 2022 \u00e9 engarrafado sem filtragem ou colagem, preservando sua pureza e complexidade. Com notas elegantes e estrutura robusta, \u00e9 ideal para harmonizar com pratos de peixe e marisco. Experimente o sabor aut\u00eantico da Bairrada! Compre agora!<\/p>\n","protected":false},"excerpt":{"rendered":"<p>Este vinho excecional \u00e9 feito com uvas das castas Maria Gomes e Bical de vinhas com mais de 75 anos. Vinificado em bica aberta e fermentado em ton\u00e9is antigos de madeira, o Garrafeira Branco 2022 \u00e9 engarrafado sem filtragem ou colagem, preservando sua pureza e complexidade. Com notas elegantes e estrutura robusta, \u00e9 ideal para [&hellip;]<\/p>\n","protected":false},"featured_media":250305,"template":"","meta":{"_acf_changed":true},"product_brand":[10471],"product_cat":[20256,10630],"product_tag":[10787,21138,21139],"class_list":{"0":"post-250303","1":"product","2":"type-product","3":"status-publish","4":"has-post-thumbnail","6":"product_brand-quinta-das-bageiras","7":"product_cat-bairrada","8":"product_cat-brancos","9":"product_tag-garrafeiratiopepe","10":"product_tag-quinta-das-bageiras","11":"product_tag-quinta-das-bageiras-garrafeira-branco","13":"first","14":"instock","15":"taxable","16":"shipping-taxable","17":"purchasable","18":"product-type-simple"},"acf":[],"yoast_head":"<!-- This site is optimized with the Yoast SEO Premium plugin v27.3 (Yoast SEO v27.3) - https:\/\/yoast.com\/product\/yoast-seo-premium-wordpress\/ -->\n<title>Vinho Quinta Das B\u00e1geiras Garrafeira Branco 2022 - Garrafeira Pepe<\/title>\n<meta name=\"description\" content=\"Vinho branco distinto com uvas Maria Gomes e Bical de vinhas velhas, fermentado em ton\u00e9is antigos e engarrafado sem filtragem. Elegante, complexo e ideal para acompanhar pratos de peixe e marisco. Experimente esta preciosidade da Bairrada!\" \/>\n<meta name=\"robots\" content=\"index, follow, max-snippet:-1, max-image-preview:large, max-video-preview:-1\" \/>\n<link rel=\"canonical\" href=\"https:\/\/garrafeirapepe.pt\/es\/loja\/garrafeira\/vinhos\/brancos\/vinho-quinta-das-bageiras-garrafeira-branco-2022\/\" \/>\n<meta property=\"og:locale\" content=\"es_ES\" \/>\n<meta property=\"og:type\" content=\"article\" \/>\n<meta property=\"og:title\" content=\"Vinho Quinta Das B\u00e1geiras Garrafeira Branco 2022\" \/>\n<meta property=\"og:description\" content=\"Vinho Quinta Das B\u00e1geiras Garrafeira Branco 2022 -\" \/>\n<meta property=\"og:url\" content=\"https:\/\/garrafeirapepe.pt\/es\/loja\/garrafeira\/vinhos\/brancos\/vinho-quinta-das-bageiras-garrafeira-branco-2022\/\" \/>\n<meta property=\"og:site_name\" content=\"Garrafeira Pepe\" \/>\n<meta property=\"article:publisher\" content=\"https:\/\/www.facebook.com\/GarrafeiraPepe\" \/>\n<meta property=\"article:modified_time\" content=\"2026-04-01T09:38:46+00:00\" \/>\n<meta property=\"og:image\" content=\"https:\/\/garrafeirapepe.pt\/wp-content\/uploads\/2024\/08\/Quinta_Das_Bageiras_Garrafeira_Branco.png\" \/>\n\t<meta property=\"og:image:width\" content=\"1024\" \/>\n\t<meta property=\"og:image:height\" content=\"1024\" \/>\n\t<meta property=\"og:image:type\" content=\"image\/png\" \/>\n<meta name=\"twitter:card\" content=\"summary_large_image\" \/>\n<meta name=\"twitter:label1\" content=\"Precio\" \/>\n\t<meta name=\"twitter:data1\" content=\"29.90&euro;\" \/>\n\t<meta name=\"twitter:label2\" content=\"Disponibilidad\" \/>\n\t<meta name=\"twitter:data2\" content=\"Disponible\" \/>\n<script type=\"application\/ld+json\" class=\"yoast-schema-graph\">{\"@context\":\"https:\\\/\\\/schema.org\",\"@graph\":[{\"@type\":\"WebPage\",\"@id\":\"https:\\\/\\\/garrafeirapepe.pt\\\/es\\\/loja\\\/garrafeira\\\/vinhos\\\/brancos\\\/vinho-quinta-das-bageiras-garrafeira-branco-2022\\\/\",\"url\":\"https:\\\/\\\/garrafeirapepe.pt\\\/es\\\/loja\\\/garrafeira\\\/vinhos\\\/brancos\\\/vinho-quinta-das-bageiras-garrafeira-branco-2022\\\/\",\"name\":\"Vinho Quinta Das B\u00e1geiras Garrafeira Branco 2022 - Garrafeira Pepe\",\"isPartOf\":{\"@id\":\"https:\\\/\\\/garrafeirapepe.pt\\\/es\\\/#website\"},\"primaryImageOfPage\":{\"@id\":\"https:\\\/\\\/garrafeirapepe.pt\\\/es\\\/loja\\\/garrafeira\\\/vinhos\\\/brancos\\\/vinho-quinta-das-bageiras-garrafeira-branco-2022\\\/#primaryimage\"},\"image\":{\"@id\":\"https:\\\/\\\/garrafeirapepe.pt\\\/es\\\/loja\\\/garrafeira\\\/vinhos\\\/brancos\\\/vinho-quinta-das-bageiras-garrafeira-branco-2022\\\/#primaryimage\"},\"thumbnailUrl\":\"https:\\\/\\\/garrafeirapepe.pt\\\/wp-content\\\/uploads\\\/2024\\\/08\\\/Quinta_Das_Bageiras_Garrafeira_Branco.png\",\"datePublished\":\"2024-08-30T15:17:26+00:00\",\"dateModified\":\"2026-04-01T09:38:46+00:00\",\"description\":\"Vinho branco distinto com uvas Maria Gomes e Bical de vinhas velhas, fermentado em ton\u00e9is antigos e engarrafado sem filtragem. Elegante, complexo e ideal para acompanhar pratos de peixe e marisco. Experimente esta preciosidade da Bairrada!\",\"breadcrumb\":{\"@id\":\"https:\\\/\\\/garrafeirapepe.pt\\\/es\\\/loja\\\/garrafeira\\\/vinhos\\\/brancos\\\/vinho-quinta-das-bageiras-garrafeira-branco-2022\\\/#breadcrumb\"},\"inLanguage\":\"es\",\"potentialAction\":[{\"@type\":\"ReadAction\",\"target\":[\"https:\\\/\\\/garrafeirapepe.pt\\\/es\\\/loja\\\/garrafeira\\\/vinhos\\\/brancos\\\/vinho-quinta-das-bageiras-garrafeira-branco-2022\\\/\"]}]},{\"@type\":\"ImageObject\",\"inLanguage\":\"es\",\"@id\":\"https:\\\/\\\/garrafeirapepe.pt\\\/es\\\/loja\\\/garrafeira\\\/vinhos\\\/brancos\\\/vinho-quinta-das-bageiras-garrafeira-branco-2022\\\/#primaryimage\",\"url\":\"https:\\\/\\\/garrafeirapepe.pt\\\/wp-content\\\/uploads\\\/2024\\\/08\\\/Quinta_Das_Bageiras_Garrafeira_Branco.png\",\"contentUrl\":\"https:\\\/\\\/garrafeirapepe.pt\\\/wp-content\\\/uploads\\\/2024\\\/08\\\/Quinta_Das_Bageiras_Garrafeira_Branco.png\",\"width\":1024,\"height\":1024,\"caption\":\"Quinta_Das_B\u00e1geiras_Garrafeira_Branco\"},{\"@type\":\"BreadcrumbList\",\"@id\":\"https:\\\/\\\/garrafeirapepe.pt\\\/es\\\/loja\\\/garrafeira\\\/vinhos\\\/brancos\\\/vinho-quinta-das-bageiras-garrafeira-branco-2022\\\/#breadcrumb\",\"itemListElement\":[{\"@type\":\"ListItem\",\"position\":1,\"name\":\"Home\",\"item\":\"https:\\\/\\\/garrafeirapepe.pt\\\/es\\\/\"},{\"@type\":\"ListItem\",\"position\":2,\"name\":\"Tienda\",\"item\":\"https:\\\/\\\/garrafeirapepe.pt\\\/es\\\/tienda\\\/\"},{\"@type\":\"ListItem\",\"position\":3,\"name\":\"Vinho Quinta Das B\u00e1geiras Garrafeira Branco 2022\"}]},{\"@type\":\"WebSite\",\"@id\":\"https:\\\/\\\/garrafeirapepe.pt\\\/es\\\/#website\",\"url\":\"https:\\\/\\\/garrafeirapepe.pt\\\/es\\\/\",\"name\":\"Garrafeira Pepe\",\"description\":\"\",\"publisher\":{\"@id\":\"https:\\\/\\\/garrafeirapepe.pt\\\/es\\\/#organization\"},\"potentialAction\":[{\"@type\":\"SearchAction\",\"target\":{\"@type\":\"EntryPoint\",\"urlTemplate\":\"https:\\\/\\\/garrafeirapepe.pt\\\/es\\\/?s={search_term_string}\"},\"query-input\":{\"@type\":\"PropertyValueSpecification\",\"valueRequired\":true,\"valueName\":\"search_term_string\"}}],\"inLanguage\":\"es\"},{\"@type\":[\"Organization\",\"Place\"],\"@id\":\"https:\\\/\\\/garrafeirapepe.pt\\\/es\\\/#organization\",\"name\":\"Garrafeira Pepe\",\"url\":\"https:\\\/\\\/garrafeirapepe.pt\\\/es\\\/\",\"logo\":{\"@id\":\"https:\\\/\\\/garrafeirapepe.pt\\\/es\\\/loja\\\/garrafeira\\\/vinhos\\\/brancos\\\/vinho-quinta-das-bageiras-garrafeira-branco-2022\\\/#local-main-organization-logo\"},\"image\":{\"@id\":\"https:\\\/\\\/garrafeirapepe.pt\\\/es\\\/loja\\\/garrafeira\\\/vinhos\\\/brancos\\\/vinho-quinta-das-bageiras-garrafeira-branco-2022\\\/#local-main-organization-logo\"},\"sameAs\":[\"https:\\\/\\\/www.facebook.com\\\/GarrafeiraPepe\",\"https:\\\/\\\/www.instagram.com\\\/garrafeiratiopepe\\\/\",\"https:\\\/\\\/www.linkedin.com\\\/company\\\/garrafeira-tio-pepe\\\/\"],\"description\":\"Loja On-line ao seu dispor - 40 Anos de experi\u00eancia no sector, 2100 refer\u00eancias ativas e ao seu dispor. Uma das mais conceituadas Garrafeiras de Portugal.\",\"legalName\":\"PUROVINUM COMERCIO DE BEBIDAS LDA.\",\"foundingDate\":\"1986-01-01\",\"numberOfEmployees\":{\"@type\":\"QuantitativeValue\",\"minValue\":\"11\",\"maxValue\":\"50\"},\"hasMerchantReturnPolicy\":{\"@type\":\"MerchantReturnPolicy\",\"merchantReturnLink\":\"https:\\\/\\\/garrafeirapepe.pt\\\/politica-de-devolucao\\\/\"},\"telephone\":[],\"openingHoursSpecification\":[{\"@type\":\"OpeningHoursSpecification\",\"dayOfWeek\":[\"Monday\",\"Tuesday\",\"Wednesday\",\"Thursday\",\"Friday\",\"Saturday\",\"Sunday\"],\"opens\":\"09:00\",\"closes\":\"17:00\"}]},{\"@type\":\"ImageObject\",\"inLanguage\":\"es\",\"@id\":\"https:\\\/\\\/garrafeirapepe.pt\\\/es\\\/loja\\\/garrafeira\\\/vinhos\\\/brancos\\\/vinho-quinta-das-bageiras-garrafeira-branco-2022\\\/#local-main-organization-logo\",\"url\":\"https:\\\/\\\/garrafeirapepe.pt\\\/wp-content\\\/uploads\\\/2025\\\/11\\\/Logo-Vertical-512x512-sem-fundo.png\",\"contentUrl\":\"https:\\\/\\\/garrafeirapepe.pt\\\/wp-content\\\/uploads\\\/2025\\\/11\\\/Logo-Vertical-512x512-sem-fundo.png\",\"width\":512,\"height\":512,\"caption\":\"Garrafeira Pepe\"}]}<\/script>\n<meta property=\"product:brand\" content=\"Quinta das B\u00e1geiras\" \/>\n<meta property=\"product:price:amount\" content=\"29.90\" \/>\n<meta property=\"product:price:currency\" content=\"EUR\" \/>\n<meta property=\"og:availability\" content=\"instock\" \/>\n<meta property=\"product:availability\" content=\"instock\" \/>\n<meta property=\"product:retailer_item_id\" content=\"QBGB22\" \/>\n<meta property=\"product:condition\" content=\"new\" \/>\n<!-- \/ Yoast SEO Premium plugin. -->","yoast_head_json":{"title":"Vinho Quinta Das B\u00e1geiras Garrafeira Branco 2022 - Garrafeira Pepe","description":"Vinho branco distinto com uvas Maria Gomes e Bical de vinhas velhas, fermentado em ton\u00e9is antigos e engarrafado sem filtragem. Elegante, complexo e ideal para acompanhar pratos de peixe e marisco. Experimente esta preciosidade da Bairrada!","robots":{"index":"index","follow":"follow","max-snippet":"max-snippet:-1","max-image-preview":"max-image-preview:large","max-video-preview":"max-video-preview:-1"},"canonical":"https:\/\/garrafeirapepe.pt\/es\/loja\/garrafeira\/vinhos\/brancos\/vinho-quinta-das-bageiras-garrafeira-branco-2022\/","og_locale":"es_ES","og_type":"article","og_title":"Vinho Quinta Das B\u00e1geiras Garrafeira Branco 2022","og_description":"Vinho Quinta Das B\u00e1geiras Garrafeira Branco 2022 -","og_url":"https:\/\/garrafeirapepe.pt\/es\/loja\/garrafeira\/vinhos\/brancos\/vinho-quinta-das-bageiras-garrafeira-branco-2022\/","og_site_name":"Garrafeira Pepe","article_publisher":"https:\/\/www.facebook.com\/GarrafeiraPepe","article_modified_time":"2026-04-01T09:38:46+00:00","og_image":[{"width":1024,"height":1024,"url":"https:\/\/garrafeirapepe.pt\/wp-content\/uploads\/2024\/08\/Quinta_Das_Bageiras_Garrafeira_Branco.png","type":"image\/png"}],"twitter_card":"summary_large_image","twitter_misc":{"Precio":"29.90&euro;","Disponibilidad":"Disponible"},"schema":{"@context":"https:\/\/schema.org","@graph":[{"@type":"WebPage","@id":"https:\/\/garrafeirapepe.pt\/es\/loja\/garrafeira\/vinhos\/brancos\/vinho-quinta-das-bageiras-garrafeira-branco-2022\/","url":"https:\/\/garrafeirapepe.pt\/es\/loja\/garrafeira\/vinhos\/brancos\/vinho-quinta-das-bageiras-garrafeira-branco-2022\/","name":"Vinho Quinta Das B\u00e1geiras Garrafeira Branco 2022 - Garrafeira Pepe","isPartOf":{"@id":"https:\/\/garrafeirapepe.pt\/es\/#website"},"primaryImageOfPage":{"@id":"https:\/\/garrafeirapepe.pt\/es\/loja\/garrafeira\/vinhos\/brancos\/vinho-quinta-das-bageiras-garrafeira-branco-2022\/#primaryimage"},"image":{"@id":"https:\/\/garrafeirapepe.pt\/es\/loja\/garrafeira\/vinhos\/brancos\/vinho-quinta-das-bageiras-garrafeira-branco-2022\/#primaryimage"},"thumbnailUrl":"https:\/\/garrafeirapepe.pt\/wp-content\/uploads\/2024\/08\/Quinta_Das_Bageiras_Garrafeira_Branco.png","datePublished":"2024-08-30T15:17:26+00:00","dateModified":"2026-04-01T09:38:46+00:00","description":"Vinho branco distinto com uvas Maria Gomes e Bical de vinhas velhas, fermentado em ton\u00e9is antigos e engarrafado sem filtragem. Elegante, complexo e ideal para acompanhar pratos de peixe e marisco. Experimente esta preciosidade da Bairrada!","breadcrumb":{"@id":"https:\/\/garrafeirapepe.pt\/es\/loja\/garrafeira\/vinhos\/brancos\/vinho-quinta-das-bageiras-garrafeira-branco-2022\/#breadcrumb"},"inLanguage":"es","potentialAction":[{"@type":"ReadAction","target":["https:\/\/garrafeirapepe.pt\/es\/loja\/garrafeira\/vinhos\/brancos\/vinho-quinta-das-bageiras-garrafeira-branco-2022\/"]}]},{"@type":"ImageObject","inLanguage":"es","@id":"https:\/\/garrafeirapepe.pt\/es\/loja\/garrafeira\/vinhos\/brancos\/vinho-quinta-das-bageiras-garrafeira-branco-2022\/#primaryimage","url":"https:\/\/garrafeirapepe.pt\/wp-content\/uploads\/2024\/08\/Quinta_Das_Bageiras_Garrafeira_Branco.png","contentUrl":"https:\/\/garrafeirapepe.pt\/wp-content\/uploads\/2024\/08\/Quinta_Das_Bageiras_Garrafeira_Branco.png","width":1024,"height":1024,"caption":"Quinta_Das_B\u00e1geiras_Garrafeira_Branco"},{"@type":"BreadcrumbList","@id":"https:\/\/garrafeirapepe.pt\/es\/loja\/garrafeira\/vinhos\/brancos\/vinho-quinta-das-bageiras-garrafeira-branco-2022\/#breadcrumb","itemListElement":[{"@type":"ListItem","position":1,"name":"Home","item":"https:\/\/garrafeirapepe.pt\/es\/"},{"@type":"ListItem","position":2,"name":"Tienda","item":"https:\/\/garrafeirapepe.pt\/es\/tienda\/"},{"@type":"ListItem","position":3,"name":"Vinho Quinta Das B\u00e1geiras Garrafeira Branco 2022"}]},{"@type":"WebSite","@id":"https:\/\/garrafeirapepe.pt\/es\/#website","url":"https:\/\/garrafeirapepe.pt\/es\/","name":"Garrafeira Pepe","description":"","publisher":{"@id":"https:\/\/garrafeirapepe.pt\/es\/#organization"},"potentialAction":[{"@type":"SearchAction","target":{"@type":"EntryPoint","urlTemplate":"https:\/\/garrafeirapepe.pt\/es\/?s={search_term_string}"},"query-input":{"@type":"PropertyValueSpecification","valueRequired":true,"valueName":"search_term_string"}}],"inLanguage":"es"},{"@type":["Organization","Place"],"@id":"https:\/\/garrafeirapepe.pt\/es\/#organization","name":"Garrafeira Pepe","url":"https:\/\/garrafeirapepe.pt\/es\/","logo":{"@id":"https:\/\/garrafeirapepe.pt\/es\/loja\/garrafeira\/vinhos\/brancos\/vinho-quinta-das-bageiras-garrafeira-branco-2022\/#local-main-organization-logo"},"image":{"@id":"https:\/\/garrafeirapepe.pt\/es\/loja\/garrafeira\/vinhos\/brancos\/vinho-quinta-das-bageiras-garrafeira-branco-2022\/#local-main-organization-logo"},"sameAs":["https:\/\/www.facebook.com\/GarrafeiraPepe","https:\/\/www.instagram.com\/garrafeiratiopepe\/","https:\/\/www.linkedin.com\/company\/garrafeira-tio-pepe\/"],"description":"Loja On-line ao seu dispor - 40 Anos de experi\u00eancia no sector, 2100 refer\u00eancias ativas e ao seu dispor. Uma das mais conceituadas Garrafeiras de Portugal.","legalName":"PUROVINUM COMERCIO DE BEBIDAS LDA.","foundingDate":"1986-01-01","numberOfEmployees":{"@type":"QuantitativeValue","minValue":"11","maxValue":"50"},"hasMerchantReturnPolicy":{"@type":"MerchantReturnPolicy","merchantReturnLink":"https:\/\/garrafeirapepe.pt\/politica-de-devolucao\/"},"telephone":[],"openingHoursSpecification":[{"@type":"OpeningHoursSpecification","dayOfWeek":["Monday","Tuesday","Wednesday","Thursday","Friday","Saturday","Sunday"],"opens":"09:00","closes":"17:00"}]},{"@type":"ImageObject","inLanguage":"es","@id":"https:\/\/garrafeirapepe.pt\/es\/loja\/garrafeira\/vinhos\/brancos\/vinho-quinta-das-bageiras-garrafeira-branco-2022\/#local-main-organization-logo","url":"https:\/\/garrafeirapepe.pt\/wp-content\/uploads\/2025\/11\/Logo-Vertical-512x512-sem-fundo.png","contentUrl":"https:\/\/garrafeirapepe.pt\/wp-content\/uploads\/2025\/11\/Logo-Vertical-512x512-sem-fundo.png","width":512,"height":512,"caption":"Garrafeira Pepe"}]},"product_brand":"Quinta das B\u00e1geiras","product_price_amount":"29.90","product_price_currency":"EUR","og_availability":"instock","product_availability":"instock","product_retailer_item_id":"QBGB22","product_condition":"new"},"_links":{"self":[{"href":"https:\/\/garrafeirapepe.pt\/es\/wp-json\/wp\/v2\/product\/250303","targetHints":{"allow":["GET"]}}],"collection":[{"href":"https:\/\/garrafeirapepe.pt\/es\/wp-json\/wp\/v2\/product"}],"about":[{"href":"https:\/\/garrafeirapepe.pt\/es\/wp-json\/wp\/v2\/types\/product"}],"wp:featuredmedia":[{"embeddable":true,"href":"https:\/\/garrafeirapepe.pt\/es\/wp-json\/wp\/v2\/media\/250305"}],"wp:attachment":[{"href":"https:\/\/garrafeirapepe.pt\/es\/wp-json\/wp\/v2\/media?parent=250303"}],"wp:term":[{"taxonomy":"product_brand","embeddable":true,"href":"https:\/\/garrafeirapepe.pt\/es\/wp-json\/wp\/v2\/product_brand?post=250303"},{"taxonomy":"product_cat","embeddable":true,"href":"https:\/\/garrafeirapepe.pt\/es\/wp-json\/wp\/v2\/product_cat?post=250303"},{"taxonomy":"product_tag","embeddable":true,"href":"https:\/\/garrafeirapepe.pt\/es\/wp-json\/wp\/v2\/product_tag?post=250303"}],"curies":[{"name":"wp","href":"https:\/\/api.w.org\/{rel}","templated":true}]}}