{"id":33510,"date":"2013-03-13T11:57:19","date_gmt":"2013-03-13T11:57:19","guid":{"rendered":"https:\/\/garrafeirapepe.pt\/produto\/garrafeira-espirituosos-balvenie-12-anos\/"},"modified":"2026-04-01T16:22:58","modified_gmt":"2026-04-01T15:22:58","slug":"garrafeira-espirituosos-balvenie-12-anos","status":"publish","type":"product","link":"https:\/\/garrafeirapepe.pt\/es\/loja\/garrafeira\/whisky\/garrafeira-espirituosos-balvenie-12-anos\/","title":{"rendered":"Balvenie 12 Anos"},"content":{"rendered":"\n<p>Gra\u00e7as \u00e0 alquimia natural e ao artesanato secular, o The Balvenie \u00e9 \u00fanico entre os single malte.<br><span title=\"\">A \u00fanica destilaria na Esc\u00f3cia que ainda cultiva a sua pr\u00f3pria cevada, usa maltes tradicionais de piso e mant\u00e9m tanto um caldeireiro quanto uma equipe de tanoeiros no local.<\/span> <span title=\"\">E, claro, o mestre de blended David C. Stewart que preside o importante processo de amadurecimento.<\/span> <span title=\"\">Tornando o Balvenie o malte individual mais artesanal.<\/span><\/p>\n\n\n\n<p><span class=\"tlid-translation translation\" lang=\"pt\"><span class=\"\" title=\"\">O Balvenie DoubleWood \u00e9 um whisky de malte de 12 anos que ganha seu car\u00e1cter distinto por ser amadurecido em dois tipos de madeira.<\/span> <span title=\"\">Durante o per\u00edodo de matura\u00e7\u00e3o, \u00e9 transferido de um barril de whisky de carvalho tradicional para um primeiro barril de xerez de carvalho europeu.<\/span><\/span><\/p>\n","protected":false},"excerpt":{"rendered":"<p>Gra\u00e7as \u00e0 alquimia natural e ao artesanato secular, o The Balvenie \u00e9 \u00fanico entre os single malte.A \u00fanica destilaria na Esc\u00f3cia que ainda cultiva a sua pr\u00f3pria cevada, usa maltes tradicionais de piso e mant\u00e9m tanto um caldeireiro quanto uma equipe de tanoeiros no local. E, claro, o mestre de blended David C. Stewart que [&hellip;]<\/p>\n","protected":false},"featured_media":7367,"template":"","meta":{"_acf_changed":false},"product_brand":[10219],"product_cat":[20279,10550,20285],"product_tag":[10691,10693,10695,10689,10692,10669,10680,10696,10694],"class_list":{"0":"post-33510","1":"product","2":"type-product","3":"status-publish","4":"has-post-thumbnail","6":"product_brand-balvenie-scotch-whisky","7":"product_cat-single-malt","8":"product_cat-whisky","9":"product_cat-whisky-escoces","10":"product_tag-balvenie12anos","11":"product_tag-cascoscarvalho","12":"product_tag-macio","13":"product_tag-sherry","14":"product_tag-singlemalt","15":"product_tag-suave","16":"product_tag-whisky","17":"product_tag-whisky12anos","18":"product_tag-xerez","20":"first","21":"instock","22":"taxable","23":"shipping-taxable","24":"purchasable","25":"product-type-simple"},"acf":[],"yoast_head":"<!-- This site is optimized with the Yoast SEO Premium plugin v27.3 (Yoast SEO v27.3) - https:\/\/yoast.com\/product\/yoast-seo-premium-wordpress\/ -->\n<title>Balvenie 12 Anos | Garrafeira Tio Pepe<\/title>\n<meta name=\"description\" content=\"Experimente o Balvenie 12 Anos, um whisky envelhecido em cascos de carvalho tradicionais e finalizado em cascos de carvalho de xerez. Descubra o sabor \u00fanico hoje!\" \/>\n<meta name=\"robots\" content=\"index, follow, max-snippet:-1, max-image-preview:large, max-video-preview:-1\" \/>\n<link rel=\"canonical\" href=\"https:\/\/garrafeirapepe.pt\/es\/loja\/garrafeira\/whisky\/garrafeira-espirituosos-balvenie-12-anos\/\" \/>\n<meta property=\"og:locale\" content=\"es_ES\" \/>\n<meta property=\"og:type\" content=\"article\" \/>\n<meta property=\"og:title\" content=\"Balvenie 12 Anos\" \/>\n<meta property=\"og:description\" content=\"Balvenie 12 Anos -\" \/>\n<meta property=\"og:url\" content=\"https:\/\/garrafeirapepe.pt\/es\/loja\/garrafeira\/whisky\/garrafeira-espirituosos-balvenie-12-anos\/\" \/>\n<meta property=\"og:site_name\" content=\"Garrafeira Pepe\" \/>\n<meta property=\"article:publisher\" content=\"https:\/\/www.facebook.com\/GarrafeiraPepe\" \/>\n<meta property=\"article:modified_time\" content=\"2026-04-01T15:22:58+00:00\" \/>\n<meta property=\"og:image\" content=\"https:\/\/garrafeirapepe.pt\/wp-content\/uploads\/2013\/03\/balvenis-12anos.png\" \/>\n\t<meta property=\"og:image:width\" content=\"800\" \/>\n\t<meta property=\"og:image:height\" content=\"800\" \/>\n\t<meta property=\"og:image:type\" content=\"image\/png\" \/>\n<meta name=\"twitter:card\" content=\"summary_large_image\" \/>\n<meta name=\"twitter:label1\" content=\"Precio\" \/>\n\t<meta name=\"twitter:data1\" content=\"61.50&euro;\" \/>\n\t<meta name=\"twitter:label2\" content=\"Disponibilidad\" \/>\n\t<meta name=\"twitter:data2\" content=\"Disponible\" \/>\n<script type=\"application\/ld+json\" class=\"yoast-schema-graph\">{\"@context\":\"https:\\\/\\\/schema.org\",\"@graph\":[{\"@type\":\"WebPage\",\"@id\":\"https:\\\/\\\/garrafeirapepe.pt\\\/es\\\/loja\\\/garrafeira\\\/whisky\\\/garrafeira-espirituosos-balvenie-12-anos\\\/\",\"url\":\"https:\\\/\\\/garrafeirapepe.pt\\\/es\\\/loja\\\/garrafeira\\\/whisky\\\/garrafeira-espirituosos-balvenie-12-anos\\\/\",\"name\":\"Balvenie 12 Anos | Garrafeira Tio Pepe\",\"isPartOf\":{\"@id\":\"https:\\\/\\\/garrafeirapepe.pt\\\/es\\\/#website\"},\"primaryImageOfPage\":{\"@id\":\"https:\\\/\\\/garrafeirapepe.pt\\\/es\\\/loja\\\/garrafeira\\\/whisky\\\/garrafeira-espirituosos-balvenie-12-anos\\\/#primaryimage\"},\"image\":{\"@id\":\"https:\\\/\\\/garrafeirapepe.pt\\\/es\\\/loja\\\/garrafeira\\\/whisky\\\/garrafeira-espirituosos-balvenie-12-anos\\\/#primaryimage\"},\"thumbnailUrl\":\"https:\\\/\\\/garrafeirapepe.pt\\\/wp-content\\\/uploads\\\/2013\\\/03\\\/balvenis-12anos.png\",\"datePublished\":\"2013-03-13T11:57:19+00:00\",\"dateModified\":\"2026-04-01T15:22:58+00:00\",\"description\":\"Experimente o Balvenie 12 Anos, um whisky envelhecido em cascos de carvalho tradicionais e finalizado em cascos de carvalho de xerez. Descubra o sabor \u00fanico hoje!\",\"breadcrumb\":{\"@id\":\"https:\\\/\\\/garrafeirapepe.pt\\\/es\\\/loja\\\/garrafeira\\\/whisky\\\/garrafeira-espirituosos-balvenie-12-anos\\\/#breadcrumb\"},\"inLanguage\":\"es\",\"potentialAction\":[{\"@type\":\"ReadAction\",\"target\":[\"https:\\\/\\\/garrafeirapepe.pt\\\/es\\\/loja\\\/garrafeira\\\/whisky\\\/garrafeira-espirituosos-balvenie-12-anos\\\/\"]}]},{\"@type\":\"ImageObject\",\"inLanguage\":\"es\",\"@id\":\"https:\\\/\\\/garrafeirapepe.pt\\\/es\\\/loja\\\/garrafeira\\\/whisky\\\/garrafeira-espirituosos-balvenie-12-anos\\\/#primaryimage\",\"url\":\"https:\\\/\\\/garrafeirapepe.pt\\\/wp-content\\\/uploads\\\/2013\\\/03\\\/balvenis-12anos.png\",\"contentUrl\":\"https:\\\/\\\/garrafeirapepe.pt\\\/wp-content\\\/uploads\\\/2013\\\/03\\\/balvenis-12anos.png\",\"width\":800,\"height\":800},{\"@type\":\"BreadcrumbList\",\"@id\":\"https:\\\/\\\/garrafeirapepe.pt\\\/es\\\/loja\\\/garrafeira\\\/whisky\\\/garrafeira-espirituosos-balvenie-12-anos\\\/#breadcrumb\",\"itemListElement\":[{\"@type\":\"ListItem\",\"position\":1,\"name\":\"Home\",\"item\":\"https:\\\/\\\/garrafeirapepe.pt\\\/es\\\/\"},{\"@type\":\"ListItem\",\"position\":2,\"name\":\"Tienda\",\"item\":\"https:\\\/\\\/garrafeirapepe.pt\\\/es\\\/tienda\\\/\"},{\"@type\":\"ListItem\",\"position\":3,\"name\":\"Balvenie 12 Anos\"}]},{\"@type\":\"WebSite\",\"@id\":\"https:\\\/\\\/garrafeirapepe.pt\\\/es\\\/#website\",\"url\":\"https:\\\/\\\/garrafeirapepe.pt\\\/es\\\/\",\"name\":\"Garrafeira Pepe\",\"description\":\"\",\"publisher\":{\"@id\":\"https:\\\/\\\/garrafeirapepe.pt\\\/es\\\/#organization\"},\"potentialAction\":[{\"@type\":\"SearchAction\",\"target\":{\"@type\":\"EntryPoint\",\"urlTemplate\":\"https:\\\/\\\/garrafeirapepe.pt\\\/es\\\/?s={search_term_string}\"},\"query-input\":{\"@type\":\"PropertyValueSpecification\",\"valueRequired\":true,\"valueName\":\"search_term_string\"}}],\"inLanguage\":\"es\"},{\"@type\":[\"Organization\",\"Place\"],\"@id\":\"https:\\\/\\\/garrafeirapepe.pt\\\/es\\\/#organization\",\"name\":\"Garrafeira Pepe\",\"url\":\"https:\\\/\\\/garrafeirapepe.pt\\\/es\\\/\",\"logo\":{\"@id\":\"https:\\\/\\\/garrafeirapepe.pt\\\/es\\\/loja\\\/garrafeira\\\/whisky\\\/garrafeira-espirituosos-balvenie-12-anos\\\/#local-main-organization-logo\"},\"image\":{\"@id\":\"https:\\\/\\\/garrafeirapepe.pt\\\/es\\\/loja\\\/garrafeira\\\/whisky\\\/garrafeira-espirituosos-balvenie-12-anos\\\/#local-main-organization-logo\"},\"sameAs\":[\"https:\\\/\\\/www.facebook.com\\\/GarrafeiraPepe\",\"https:\\\/\\\/www.instagram.com\\\/garrafeiratiopepe\\\/\",\"https:\\\/\\\/www.linkedin.com\\\/company\\\/garrafeira-tio-pepe\\\/\"],\"description\":\"Loja On-line ao seu dispor - 40 Anos de experi\u00eancia no sector, 2100 refer\u00eancias ativas e ao seu dispor. Uma das mais conceituadas Garrafeiras de Portugal.\",\"legalName\":\"PUROVINUM COMERCIO DE BEBIDAS LDA.\",\"foundingDate\":\"1986-01-01\",\"numberOfEmployees\":{\"@type\":\"QuantitativeValue\",\"minValue\":\"11\",\"maxValue\":\"50\"},\"hasMerchantReturnPolicy\":{\"@type\":\"MerchantReturnPolicy\",\"merchantReturnLink\":\"https:\\\/\\\/garrafeirapepe.pt\\\/politica-de-devolucao\\\/\"},\"telephone\":[],\"openingHoursSpecification\":[{\"@type\":\"OpeningHoursSpecification\",\"dayOfWeek\":[\"Monday\",\"Tuesday\",\"Wednesday\",\"Thursday\",\"Friday\",\"Saturday\",\"Sunday\"],\"opens\":\"09:00\",\"closes\":\"17:00\"}]},{\"@type\":\"ImageObject\",\"inLanguage\":\"es\",\"@id\":\"https:\\\/\\\/garrafeirapepe.pt\\\/es\\\/loja\\\/garrafeira\\\/whisky\\\/garrafeira-espirituosos-balvenie-12-anos\\\/#local-main-organization-logo\",\"url\":\"https:\\\/\\\/garrafeirapepe.pt\\\/wp-content\\\/uploads\\\/2025\\\/11\\\/Logo-Vertical-512x512-sem-fundo.png\",\"contentUrl\":\"https:\\\/\\\/garrafeirapepe.pt\\\/wp-content\\\/uploads\\\/2025\\\/11\\\/Logo-Vertical-512x512-sem-fundo.png\",\"width\":512,\"height\":512,\"caption\":\"Garrafeira Pepe\"}]}<\/script>\n<meta property=\"product:brand\" content=\"Balvenie\" \/>\n<meta property=\"product:price:amount\" content=\"61.50\" \/>\n<meta property=\"product:price:currency\" content=\"EUR\" \/>\n<meta property=\"og:availability\" content=\"instock\" \/>\n<meta property=\"product:availability\" content=\"instock\" \/>\n<meta property=\"product:retailer_item_id\" content=\"BALV12\" \/>\n<meta property=\"product:condition\" content=\"new\" \/>\n<!-- \/ Yoast SEO Premium plugin. -->","yoast_head_json":{"title":"Balvenie 12 Anos | Garrafeira Tio Pepe","description":"Experimente o Balvenie 12 Anos, um whisky envelhecido em cascos de carvalho tradicionais e finalizado em cascos de carvalho de xerez. Descubra o sabor \u00fanico hoje!","robots":{"index":"index","follow":"follow","max-snippet":"max-snippet:-1","max-image-preview":"max-image-preview:large","max-video-preview":"max-video-preview:-1"},"canonical":"https:\/\/garrafeirapepe.pt\/es\/loja\/garrafeira\/whisky\/garrafeira-espirituosos-balvenie-12-anos\/","og_locale":"es_ES","og_type":"article","og_title":"Balvenie 12 Anos","og_description":"Balvenie 12 Anos -","og_url":"https:\/\/garrafeirapepe.pt\/es\/loja\/garrafeira\/whisky\/garrafeira-espirituosos-balvenie-12-anos\/","og_site_name":"Garrafeira Pepe","article_publisher":"https:\/\/www.facebook.com\/GarrafeiraPepe","article_modified_time":"2026-04-01T15:22:58+00:00","og_image":[{"width":800,"height":800,"url":"https:\/\/garrafeirapepe.pt\/wp-content\/uploads\/2013\/03\/balvenis-12anos.png","type":"image\/png"}],"twitter_card":"summary_large_image","twitter_misc":{"Precio":"61.50&euro;","Disponibilidad":"Disponible"},"schema":{"@context":"https:\/\/schema.org","@graph":[{"@type":"WebPage","@id":"https:\/\/garrafeirapepe.pt\/es\/loja\/garrafeira\/whisky\/garrafeira-espirituosos-balvenie-12-anos\/","url":"https:\/\/garrafeirapepe.pt\/es\/loja\/garrafeira\/whisky\/garrafeira-espirituosos-balvenie-12-anos\/","name":"Balvenie 12 Anos | Garrafeira Tio Pepe","isPartOf":{"@id":"https:\/\/garrafeirapepe.pt\/es\/#website"},"primaryImageOfPage":{"@id":"https:\/\/garrafeirapepe.pt\/es\/loja\/garrafeira\/whisky\/garrafeira-espirituosos-balvenie-12-anos\/#primaryimage"},"image":{"@id":"https:\/\/garrafeirapepe.pt\/es\/loja\/garrafeira\/whisky\/garrafeira-espirituosos-balvenie-12-anos\/#primaryimage"},"thumbnailUrl":"https:\/\/garrafeirapepe.pt\/wp-content\/uploads\/2013\/03\/balvenis-12anos.png","datePublished":"2013-03-13T11:57:19+00:00","dateModified":"2026-04-01T15:22:58+00:00","description":"Experimente o Balvenie 12 Anos, um whisky envelhecido em cascos de carvalho tradicionais e finalizado em cascos de carvalho de xerez. Descubra o sabor \u00fanico hoje!","breadcrumb":{"@id":"https:\/\/garrafeirapepe.pt\/es\/loja\/garrafeira\/whisky\/garrafeira-espirituosos-balvenie-12-anos\/#breadcrumb"},"inLanguage":"es","potentialAction":[{"@type":"ReadAction","target":["https:\/\/garrafeirapepe.pt\/es\/loja\/garrafeira\/whisky\/garrafeira-espirituosos-balvenie-12-anos\/"]}]},{"@type":"ImageObject","inLanguage":"es","@id":"https:\/\/garrafeirapepe.pt\/es\/loja\/garrafeira\/whisky\/garrafeira-espirituosos-balvenie-12-anos\/#primaryimage","url":"https:\/\/garrafeirapepe.pt\/wp-content\/uploads\/2013\/03\/balvenis-12anos.png","contentUrl":"https:\/\/garrafeirapepe.pt\/wp-content\/uploads\/2013\/03\/balvenis-12anos.png","width":800,"height":800},{"@type":"BreadcrumbList","@id":"https:\/\/garrafeirapepe.pt\/es\/loja\/garrafeira\/whisky\/garrafeira-espirituosos-balvenie-12-anos\/#breadcrumb","itemListElement":[{"@type":"ListItem","position":1,"name":"Home","item":"https:\/\/garrafeirapepe.pt\/es\/"},{"@type":"ListItem","position":2,"name":"Tienda","item":"https:\/\/garrafeirapepe.pt\/es\/tienda\/"},{"@type":"ListItem","position":3,"name":"Balvenie 12 Anos"}]},{"@type":"WebSite","@id":"https:\/\/garrafeirapepe.pt\/es\/#website","url":"https:\/\/garrafeirapepe.pt\/es\/","name":"Garrafeira Pepe","description":"","publisher":{"@id":"https:\/\/garrafeirapepe.pt\/es\/#organization"},"potentialAction":[{"@type":"SearchAction","target":{"@type":"EntryPoint","urlTemplate":"https:\/\/garrafeirapepe.pt\/es\/?s={search_term_string}"},"query-input":{"@type":"PropertyValueSpecification","valueRequired":true,"valueName":"search_term_string"}}],"inLanguage":"es"},{"@type":["Organization","Place"],"@id":"https:\/\/garrafeirapepe.pt\/es\/#organization","name":"Garrafeira Pepe","url":"https:\/\/garrafeirapepe.pt\/es\/","logo":{"@id":"https:\/\/garrafeirapepe.pt\/es\/loja\/garrafeira\/whisky\/garrafeira-espirituosos-balvenie-12-anos\/#local-main-organization-logo"},"image":{"@id":"https:\/\/garrafeirapepe.pt\/es\/loja\/garrafeira\/whisky\/garrafeira-espirituosos-balvenie-12-anos\/#local-main-organization-logo"},"sameAs":["https:\/\/www.facebook.com\/GarrafeiraPepe","https:\/\/www.instagram.com\/garrafeiratiopepe\/","https:\/\/www.linkedin.com\/company\/garrafeira-tio-pepe\/"],"description":"Loja On-line ao seu dispor - 40 Anos de experi\u00eancia no sector, 2100 refer\u00eancias ativas e ao seu dispor. Uma das mais conceituadas Garrafeiras de Portugal.","legalName":"PUROVINUM COMERCIO DE BEBIDAS LDA.","foundingDate":"1986-01-01","numberOfEmployees":{"@type":"QuantitativeValue","minValue":"11","maxValue":"50"},"hasMerchantReturnPolicy":{"@type":"MerchantReturnPolicy","merchantReturnLink":"https:\/\/garrafeirapepe.pt\/politica-de-devolucao\/"},"telephone":[],"openingHoursSpecification":[{"@type":"OpeningHoursSpecification","dayOfWeek":["Monday","Tuesday","Wednesday","Thursday","Friday","Saturday","Sunday"],"opens":"09:00","closes":"17:00"}]},{"@type":"ImageObject","inLanguage":"es","@id":"https:\/\/garrafeirapepe.pt\/es\/loja\/garrafeira\/whisky\/garrafeira-espirituosos-balvenie-12-anos\/#local-main-organization-logo","url":"https:\/\/garrafeirapepe.pt\/wp-content\/uploads\/2025\/11\/Logo-Vertical-512x512-sem-fundo.png","contentUrl":"https:\/\/garrafeirapepe.pt\/wp-content\/uploads\/2025\/11\/Logo-Vertical-512x512-sem-fundo.png","width":512,"height":512,"caption":"Garrafeira Pepe"}]},"product_brand":"Balvenie","product_price_amount":"61.50","product_price_currency":"EUR","og_availability":"instock","product_availability":"instock","product_retailer_item_id":"BALV12","product_condition":"new"},"_links":{"self":[{"href":"https:\/\/garrafeirapepe.pt\/es\/wp-json\/wp\/v2\/product\/33510","targetHints":{"allow":["GET"]}}],"collection":[{"href":"https:\/\/garrafeirapepe.pt\/es\/wp-json\/wp\/v2\/product"}],"about":[{"href":"https:\/\/garrafeirapepe.pt\/es\/wp-json\/wp\/v2\/types\/product"}],"wp:featuredmedia":[{"embeddable":true,"href":"https:\/\/garrafeirapepe.pt\/es\/wp-json\/wp\/v2\/media\/7367"}],"wp:attachment":[{"href":"https:\/\/garrafeirapepe.pt\/es\/wp-json\/wp\/v2\/media?parent=33510"}],"wp:term":[{"taxonomy":"product_brand","embeddable":true,"href":"https:\/\/garrafeirapepe.pt\/es\/wp-json\/wp\/v2\/product_brand?post=33510"},{"taxonomy":"product_cat","embeddable":true,"href":"https:\/\/garrafeirapepe.pt\/es\/wp-json\/wp\/v2\/product_cat?post=33510"},{"taxonomy":"product_tag","embeddable":true,"href":"https:\/\/garrafeirapepe.pt\/es\/wp-json\/wp\/v2\/product_tag?post=33510"}],"curies":[{"name":"wp","href":"https:\/\/api.w.org\/{rel}","templated":true}]}}