{"id":34952,"date":"2013-12-27T16:38:25","date_gmt":"2013-12-27T16:38:25","guid":{"rendered":"https:\/\/garrafeirapepe.pt\/produto\/licor-hpnotiq-com-copos\/"},"modified":"2026-03-25T19:02:20","modified_gmt":"2026-03-25T19:02:20","slug":"licor-hpnotiq-com-copos","status":"publish","type":"product","link":"https:\/\/garrafeirapepe.pt\/es\/loja\/garrafeira\/licor-hpnotiq-com-copos\/","title":{"rendered":"Licor Hpnotiq Com Copos"},"content":{"rendered":"<p>Licor franc\u00eas elaborado a partir de vodka premium, cognac e delicado mix de frutas tropicais. A cor azulada e transl\u00facida, o sabor ex\u00f3tico e n\u00e3o licoroso d\u00e3o a Hpnotiq uma personalidade diferenciada.<\/p>\n","protected":false},"excerpt":{"rendered":"<p>Licor franc\u00eas elaborado a partir de vodka premium, cognac e delicado mix de frutas tropicais. A cor azulada e transl\u00facida, o sabor ex\u00f3tico e n\u00e3o licoroso d\u00e3o a Hpnotiq uma personalidade diferenciada.<\/p>\n","protected":false},"featured_media":10215,"template":"","meta":{"_acf_changed":true},"product_brand":[],"product_cat":[10605,10546,22695],"product_tag":[13039,12650,11010,10933],"class_list":{"0":"post-34952","1":"product","2":"type-product","3":"status-publish","4":"has-post-thumbnail","6":"product_cat-garrafeira","7":"product_cat-licor","8":"product_cat-outlet","9":"product_tag-coffret","10":"product_tag-copos","11":"product_tag-hpnotiq","12":"product_tag-licor","14":"first","15":"instock","16":"taxable","17":"shipping-taxable","18":"purchasable","19":"product-type-simple"},"acf":[],"yoast_head":"<!-- This site is optimized with the Yoast SEO Premium plugin v27.3 (Yoast SEO v27.3) - https:\/\/yoast.com\/product\/yoast-seo-premium-wordpress\/ -->\n<title>Hpnotiq Com Copos | Garrafeira Pepe<\/title>\n<meta name=\"description\" content=\"Nan\" \/>\n<meta name=\"robots\" content=\"index, follow, max-snippet:-1, max-image-preview:large, max-video-preview:-1\" \/>\n<link rel=\"canonical\" href=\"https:\/\/garrafeirapepe.pt\/es\/loja\/garrafeira\/licor-hpnotiq-com-copos\/\" \/>\n<meta property=\"og:locale\" content=\"es_ES\" \/>\n<meta property=\"og:type\" content=\"article\" \/>\n<meta property=\"og:title\" content=\"Licor Hpnotiq Com Copos\" \/>\n<meta property=\"og:description\" content=\"Licor Hpnotiq Com Copos -\" \/>\n<meta property=\"og:url\" content=\"https:\/\/garrafeirapepe.pt\/es\/loja\/garrafeira\/licor-hpnotiq-com-copos\/\" \/>\n<meta property=\"og:site_name\" content=\"Garrafeira Pepe\" \/>\n<meta property=\"article:publisher\" content=\"https:\/\/www.facebook.com\/GarrafeiraPepe\" \/>\n<meta property=\"article:modified_time\" content=\"2026-03-25T19:02:20+00:00\" \/>\n<meta property=\"og:image\" content=\"https:\/\/garrafeirapepe.pt\/wp-content\/uploads\/2013\/12\/HP-con-copas-doble-capa.JPG\" \/>\n\t<meta property=\"og:image:width\" content=\"264\" \/>\n\t<meta property=\"og:image:height\" content=\"400\" \/>\n\t<meta property=\"og:image:type\" content=\"image\/jpeg\" \/>\n<meta name=\"twitter:card\" content=\"summary_large_image\" \/>\n<meta name=\"twitter:label1\" content=\"Precio\" \/>\n\t<meta name=\"twitter:data1\" content=\"95.00&euro;\" \/>\n\t<meta name=\"twitter:label2\" content=\"Disponibilidad\" \/>\n\t<meta name=\"twitter:data2\" content=\"Disponible\" \/>\n<script type=\"application\/ld+json\" class=\"yoast-schema-graph\">{\"@context\":\"https:\\\/\\\/schema.org\",\"@graph\":[{\"@type\":\"WebPage\",\"@id\":\"https:\\\/\\\/garrafeirapepe.pt\\\/es\\\/loja\\\/garrafeira\\\/licor-hpnotiq-com-copos\\\/\",\"url\":\"https:\\\/\\\/garrafeirapepe.pt\\\/es\\\/loja\\\/garrafeira\\\/licor-hpnotiq-com-copos\\\/\",\"name\":\"Hpnotiq Com Copos | Garrafeira Pepe\",\"isPartOf\":{\"@id\":\"https:\\\/\\\/garrafeirapepe.pt\\\/es\\\/#website\"},\"primaryImageOfPage\":{\"@id\":\"https:\\\/\\\/garrafeirapepe.pt\\\/es\\\/loja\\\/garrafeira\\\/licor-hpnotiq-com-copos\\\/#primaryimage\"},\"image\":{\"@id\":\"https:\\\/\\\/garrafeirapepe.pt\\\/es\\\/loja\\\/garrafeira\\\/licor-hpnotiq-com-copos\\\/#primaryimage\"},\"thumbnailUrl\":\"https:\\\/\\\/garrafeirapepe.pt\\\/wp-content\\\/uploads\\\/2013\\\/12\\\/HP-con-copas-doble-capa.JPG\",\"datePublished\":\"2013-12-27T16:38:25+00:00\",\"dateModified\":\"2026-03-25T19:02:20+00:00\",\"description\":\"Nan\",\"breadcrumb\":{\"@id\":\"https:\\\/\\\/garrafeirapepe.pt\\\/es\\\/loja\\\/garrafeira\\\/licor-hpnotiq-com-copos\\\/#breadcrumb\"},\"inLanguage\":\"es\",\"potentialAction\":[{\"@type\":\"ReadAction\",\"target\":[\"https:\\\/\\\/garrafeirapepe.pt\\\/es\\\/loja\\\/garrafeira\\\/licor-hpnotiq-com-copos\\\/\"]}]},{\"@type\":\"ImageObject\",\"inLanguage\":\"es\",\"@id\":\"https:\\\/\\\/garrafeirapepe.pt\\\/es\\\/loja\\\/garrafeira\\\/licor-hpnotiq-com-copos\\\/#primaryimage\",\"url\":\"https:\\\/\\\/garrafeirapepe.pt\\\/wp-content\\\/uploads\\\/2013\\\/12\\\/HP-con-copas-doble-capa.JPG\",\"contentUrl\":\"https:\\\/\\\/garrafeirapepe.pt\\\/wp-content\\\/uploads\\\/2013\\\/12\\\/HP-con-copas-doble-capa.JPG\",\"width\":264,\"height\":400},{\"@type\":\"BreadcrumbList\",\"@id\":\"https:\\\/\\\/garrafeirapepe.pt\\\/es\\\/loja\\\/garrafeira\\\/licor-hpnotiq-com-copos\\\/#breadcrumb\",\"itemListElement\":[{\"@type\":\"ListItem\",\"position\":1,\"name\":\"Home\",\"item\":\"https:\\\/\\\/garrafeirapepe.pt\\\/es\\\/\"},{\"@type\":\"ListItem\",\"position\":2,\"name\":\"Tienda\",\"item\":\"https:\\\/\\\/garrafeirapepe.pt\\\/es\\\/tienda\\\/\"},{\"@type\":\"ListItem\",\"position\":3,\"name\":\"Licor Hpnotiq Com Copos\"}]},{\"@type\":\"WebSite\",\"@id\":\"https:\\\/\\\/garrafeirapepe.pt\\\/es\\\/#website\",\"url\":\"https:\\\/\\\/garrafeirapepe.pt\\\/es\\\/\",\"name\":\"Garrafeira Pepe\",\"description\":\"\",\"publisher\":{\"@id\":\"https:\\\/\\\/garrafeirapepe.pt\\\/es\\\/#organization\"},\"potentialAction\":[{\"@type\":\"SearchAction\",\"target\":{\"@type\":\"EntryPoint\",\"urlTemplate\":\"https:\\\/\\\/garrafeirapepe.pt\\\/es\\\/?s={search_term_string}\"},\"query-input\":{\"@type\":\"PropertyValueSpecification\",\"valueRequired\":true,\"valueName\":\"search_term_string\"}}],\"inLanguage\":\"es\"},{\"@type\":[\"Organization\",\"Place\"],\"@id\":\"https:\\\/\\\/garrafeirapepe.pt\\\/es\\\/#organization\",\"name\":\"Garrafeira Pepe\",\"url\":\"https:\\\/\\\/garrafeirapepe.pt\\\/es\\\/\",\"logo\":{\"@id\":\"https:\\\/\\\/garrafeirapepe.pt\\\/es\\\/loja\\\/garrafeira\\\/licor-hpnotiq-com-copos\\\/#local-main-organization-logo\"},\"image\":{\"@id\":\"https:\\\/\\\/garrafeirapepe.pt\\\/es\\\/loja\\\/garrafeira\\\/licor-hpnotiq-com-copos\\\/#local-main-organization-logo\"},\"sameAs\":[\"https:\\\/\\\/www.facebook.com\\\/GarrafeiraPepe\",\"https:\\\/\\\/www.instagram.com\\\/garrafeiratiopepe\\\/\",\"https:\\\/\\\/www.linkedin.com\\\/company\\\/garrafeira-tio-pepe\\\/\"],\"description\":\"Loja On-line ao seu dispor - 40 Anos de experi\u00eancia no sector, 2100 refer\u00eancias ativas e ao seu dispor. Uma das mais conceituadas Garrafeiras de Portugal.\",\"legalName\":\"PUROVINUM COMERCIO DE BEBIDAS LDA.\",\"foundingDate\":\"1986-01-01\",\"numberOfEmployees\":{\"@type\":\"QuantitativeValue\",\"minValue\":\"11\",\"maxValue\":\"50\"},\"hasMerchantReturnPolicy\":{\"@type\":\"MerchantReturnPolicy\",\"merchantReturnLink\":\"https:\\\/\\\/garrafeirapepe.pt\\\/politica-de-devolucao\\\/\"},\"telephone\":[],\"openingHoursSpecification\":[{\"@type\":\"OpeningHoursSpecification\",\"dayOfWeek\":[\"Monday\",\"Tuesday\",\"Wednesday\",\"Thursday\",\"Friday\",\"Saturday\",\"Sunday\"],\"opens\":\"09:00\",\"closes\":\"17:00\"}]},{\"@type\":\"ImageObject\",\"inLanguage\":\"es\",\"@id\":\"https:\\\/\\\/garrafeirapepe.pt\\\/es\\\/loja\\\/garrafeira\\\/licor-hpnotiq-com-copos\\\/#local-main-organization-logo\",\"url\":\"https:\\\/\\\/garrafeirapepe.pt\\\/wp-content\\\/uploads\\\/2025\\\/11\\\/Logo-Vertical-512x512-sem-fundo.png\",\"contentUrl\":\"https:\\\/\\\/garrafeirapepe.pt\\\/wp-content\\\/uploads\\\/2025\\\/11\\\/Logo-Vertical-512x512-sem-fundo.png\",\"width\":512,\"height\":512,\"caption\":\"Garrafeira Pepe\"}]}<\/script>\n<meta property=\"product:price:amount\" content=\"95.00\" \/>\n<meta property=\"product:price:currency\" content=\"EUR\" \/>\n<meta property=\"og:availability\" content=\"instock\" \/>\n<meta property=\"product:availability\" content=\"instock\" \/>\n<meta property=\"product:retailer_item_id\" content=\"HPNOC\" \/>\n<meta property=\"product:condition\" content=\"new\" \/>\n<!-- \/ Yoast SEO Premium plugin. -->","yoast_head_json":{"title":"Hpnotiq Com Copos | Garrafeira Pepe","description":"Nan","robots":{"index":"index","follow":"follow","max-snippet":"max-snippet:-1","max-image-preview":"max-image-preview:large","max-video-preview":"max-video-preview:-1"},"canonical":"https:\/\/garrafeirapepe.pt\/es\/loja\/garrafeira\/licor-hpnotiq-com-copos\/","og_locale":"es_ES","og_type":"article","og_title":"Licor Hpnotiq Com Copos","og_description":"Licor Hpnotiq Com Copos -","og_url":"https:\/\/garrafeirapepe.pt\/es\/loja\/garrafeira\/licor-hpnotiq-com-copos\/","og_site_name":"Garrafeira Pepe","article_publisher":"https:\/\/www.facebook.com\/GarrafeiraPepe","article_modified_time":"2026-03-25T19:02:20+00:00","og_image":[{"width":264,"height":400,"url":"https:\/\/garrafeirapepe.pt\/wp-content\/uploads\/2013\/12\/HP-con-copas-doble-capa.JPG","type":"image\/jpeg"}],"twitter_card":"summary_large_image","twitter_misc":{"Precio":"95.00&euro;","Disponibilidad":"Disponible"},"schema":{"@context":"https:\/\/schema.org","@graph":[{"@type":"WebPage","@id":"https:\/\/garrafeirapepe.pt\/es\/loja\/garrafeira\/licor-hpnotiq-com-copos\/","url":"https:\/\/garrafeirapepe.pt\/es\/loja\/garrafeira\/licor-hpnotiq-com-copos\/","name":"Hpnotiq Com Copos | Garrafeira Pepe","isPartOf":{"@id":"https:\/\/garrafeirapepe.pt\/es\/#website"},"primaryImageOfPage":{"@id":"https:\/\/garrafeirapepe.pt\/es\/loja\/garrafeira\/licor-hpnotiq-com-copos\/#primaryimage"},"image":{"@id":"https:\/\/garrafeirapepe.pt\/es\/loja\/garrafeira\/licor-hpnotiq-com-copos\/#primaryimage"},"thumbnailUrl":"https:\/\/garrafeirapepe.pt\/wp-content\/uploads\/2013\/12\/HP-con-copas-doble-capa.JPG","datePublished":"2013-12-27T16:38:25+00:00","dateModified":"2026-03-25T19:02:20+00:00","description":"Nan","breadcrumb":{"@id":"https:\/\/garrafeirapepe.pt\/es\/loja\/garrafeira\/licor-hpnotiq-com-copos\/#breadcrumb"},"inLanguage":"es","potentialAction":[{"@type":"ReadAction","target":["https:\/\/garrafeirapepe.pt\/es\/loja\/garrafeira\/licor-hpnotiq-com-copos\/"]}]},{"@type":"ImageObject","inLanguage":"es","@id":"https:\/\/garrafeirapepe.pt\/es\/loja\/garrafeira\/licor-hpnotiq-com-copos\/#primaryimage","url":"https:\/\/garrafeirapepe.pt\/wp-content\/uploads\/2013\/12\/HP-con-copas-doble-capa.JPG","contentUrl":"https:\/\/garrafeirapepe.pt\/wp-content\/uploads\/2013\/12\/HP-con-copas-doble-capa.JPG","width":264,"height":400},{"@type":"BreadcrumbList","@id":"https:\/\/garrafeirapepe.pt\/es\/loja\/garrafeira\/licor-hpnotiq-com-copos\/#breadcrumb","itemListElement":[{"@type":"ListItem","position":1,"name":"Home","item":"https:\/\/garrafeirapepe.pt\/es\/"},{"@type":"ListItem","position":2,"name":"Tienda","item":"https:\/\/garrafeirapepe.pt\/es\/tienda\/"},{"@type":"ListItem","position":3,"name":"Licor Hpnotiq Com Copos"}]},{"@type":"WebSite","@id":"https:\/\/garrafeirapepe.pt\/es\/#website","url":"https:\/\/garrafeirapepe.pt\/es\/","name":"Garrafeira Pepe","description":"","publisher":{"@id":"https:\/\/garrafeirapepe.pt\/es\/#organization"},"potentialAction":[{"@type":"SearchAction","target":{"@type":"EntryPoint","urlTemplate":"https:\/\/garrafeirapepe.pt\/es\/?s={search_term_string}"},"query-input":{"@type":"PropertyValueSpecification","valueRequired":true,"valueName":"search_term_string"}}],"inLanguage":"es"},{"@type":["Organization","Place"],"@id":"https:\/\/garrafeirapepe.pt\/es\/#organization","name":"Garrafeira Pepe","url":"https:\/\/garrafeirapepe.pt\/es\/","logo":{"@id":"https:\/\/garrafeirapepe.pt\/es\/loja\/garrafeira\/licor-hpnotiq-com-copos\/#local-main-organization-logo"},"image":{"@id":"https:\/\/garrafeirapepe.pt\/es\/loja\/garrafeira\/licor-hpnotiq-com-copos\/#local-main-organization-logo"},"sameAs":["https:\/\/www.facebook.com\/GarrafeiraPepe","https:\/\/www.instagram.com\/garrafeiratiopepe\/","https:\/\/www.linkedin.com\/company\/garrafeira-tio-pepe\/"],"description":"Loja On-line ao seu dispor - 40 Anos de experi\u00eancia no sector, 2100 refer\u00eancias ativas e ao seu dispor. Uma das mais conceituadas Garrafeiras de Portugal.","legalName":"PUROVINUM COMERCIO DE BEBIDAS LDA.","foundingDate":"1986-01-01","numberOfEmployees":{"@type":"QuantitativeValue","minValue":"11","maxValue":"50"},"hasMerchantReturnPolicy":{"@type":"MerchantReturnPolicy","merchantReturnLink":"https:\/\/garrafeirapepe.pt\/politica-de-devolucao\/"},"telephone":[],"openingHoursSpecification":[{"@type":"OpeningHoursSpecification","dayOfWeek":["Monday","Tuesday","Wednesday","Thursday","Friday","Saturday","Sunday"],"opens":"09:00","closes":"17:00"}]},{"@type":"ImageObject","inLanguage":"es","@id":"https:\/\/garrafeirapepe.pt\/es\/loja\/garrafeira\/licor-hpnotiq-com-copos\/#local-main-organization-logo","url":"https:\/\/garrafeirapepe.pt\/wp-content\/uploads\/2025\/11\/Logo-Vertical-512x512-sem-fundo.png","contentUrl":"https:\/\/garrafeirapepe.pt\/wp-content\/uploads\/2025\/11\/Logo-Vertical-512x512-sem-fundo.png","width":512,"height":512,"caption":"Garrafeira Pepe"}]},"product_price_amount":"95.00","product_price_currency":"EUR","og_availability":"instock","product_availability":"instock","product_retailer_item_id":"HPNOC","product_condition":"new"},"_links":{"self":[{"href":"https:\/\/garrafeirapepe.pt\/es\/wp-json\/wp\/v2\/product\/34952","targetHints":{"allow":["GET"]}}],"collection":[{"href":"https:\/\/garrafeirapepe.pt\/es\/wp-json\/wp\/v2\/product"}],"about":[{"href":"https:\/\/garrafeirapepe.pt\/es\/wp-json\/wp\/v2\/types\/product"}],"wp:featuredmedia":[{"embeddable":true,"href":"https:\/\/garrafeirapepe.pt\/es\/wp-json\/wp\/v2\/media\/10215"}],"wp:attachment":[{"href":"https:\/\/garrafeirapepe.pt\/es\/wp-json\/wp\/v2\/media?parent=34952"}],"wp:term":[{"taxonomy":"product_brand","embeddable":true,"href":"https:\/\/garrafeirapepe.pt\/es\/wp-json\/wp\/v2\/product_brand?post=34952"},{"taxonomy":"product_cat","embeddable":true,"href":"https:\/\/garrafeirapepe.pt\/es\/wp-json\/wp\/v2\/product_cat?post=34952"},{"taxonomy":"product_tag","embeddable":true,"href":"https:\/\/garrafeirapepe.pt\/es\/wp-json\/wp\/v2\/product_tag?post=34952"}],"curies":[{"name":"wp","href":"https:\/\/api.w.org\/{rel}","templated":true}]}}