{"id":37438,"date":"2019-01-12T11:56:34","date_gmt":"2019-01-12T11:56:34","guid":{"rendered":"https:\/\/garrafeirapepe.pt\/produto\/garrafeira-champagne-moet-chandon-nectar-imperial\/"},"modified":"2026-04-03T16:04:45","modified_gmt":"2026-04-03T15:04:45","slug":"garrafeira-champagne-moet-chandon-nectar-imperial","status":"publish","type":"product","link":"https:\/\/garrafeirapepe.pt\/es\/loja\/garrafeira\/espumante\/garrafeira-champagne-moet-chandon-nectar-imperial\/","title":{"rendered":"Moet &#038; Chandon N\u00e9ctar Imperial"},"content":{"rendered":"<p><span class=\"tlid-translation translation\"><span title=\"\">O conjunto reflete a diversidade e complementaridade das tr\u00eas variedades de uva &#8230;<\/span><\/p>\n<p> <span title=\"\">A estrutura do Pinot Noir: 40 a 50%<\/span><br \/> <span title=\"\">A carnalidade de Pinot Meunier: 30 a 40%<\/span><br \/> <span title=\"\">A frescura do Chardonnay: 10 a 20%<\/span><br \/> <span title=\"\">dos quais 20 a 30% de vinhos de reserva especialmente selecionados para aumentar sua intensidade, riqueza e const\u00e2ncia.<\/span><\/p>\n<p> <span title=\"\">A cor \u00e9 amarela com reflexos dourados.<\/span><br \/> <span title=\"\">Um buqu\u00ea rico com uma explos\u00e3o de frutas ex\u00f3ticas (abacaxi, manga), a redondeza da fruta de caro\u00e7o (ameixa mirabelle, damasco), um leve toque de baunilha.<\/span><br \/> <span title=\"\">Um paladar voluptuoso que combina cremosidade e vitalidade, a densidade cativante de frutas ex\u00f3ticas (abacaxi, manga), a firmeza sedosa de fruta de caro\u00e7o (ameixa, damasco) e a frescura das notas de toranja.<\/span><\/span><\/p>\n","protected":false},"excerpt":{"rendered":"<p>O conjunto reflete a diversidade e complementaridade das tr\u00eas variedades de uva &#8230; A estrutura do Pinot Noir: 40 a 50% A carnalidade de Pinot Meunier: 30 a 40% A frescura do Chardonnay: 10 a 20% dos quais 20 a 30% de vinhos de reserva especialmente selecionados para aumentar sua intensidade, riqueza e const\u00e2ncia. A [&hellip;]<\/p>\n","protected":false},"featured_media":15133,"template":"","meta":{"_acf_changed":false},"product_brand":[10199],"product_cat":[22317,20250,10634,22329],"product_tag":[15561,11354,10795,15562,10786,10787,11468,11477,11467,15563,14784,10790,11415,11362,10788,11451],"class_list":{"0":"post-37438","1":"product","2":"type-product","3":"status-publish","4":"has-post-thumbnail","6":"product_brand-moet-chandon","7":"product_cat-branco-2","8":"product_cat-champagnes","9":"product_cat-espumante","10":"product_cat-meio-seco","11":"product_tag-champanhe","12":"product_tag-chardonnay","13":"product_tag-comprar","14":"product_tag-demisec","15":"product_tag-garrafeiras","16":"product_tag-garrafeiratiopepe","17":"product_tag-imperial","18":"product_tag-meioseco","19":"product_tag-moetchandon","20":"product_tag-moetchandonnectar","21":"product_tag-nectar","22":"product_tag-online","23":"product_tag-pinotmeunier","24":"product_tag-pinotnoir","25":"product_tag-preco","26":"product_tag-precodochampagne","28":"first","29":"instock","30":"taxable","31":"shipping-taxable","32":"purchasable","33":"product-type-simple"},"acf":[],"yoast_head":"<!-- This site is optimized with the Yoast SEO Premium plugin v27.3 (Yoast SEO v27.3) - https:\/\/yoast.com\/product\/yoast-seo-premium-wordpress\/ -->\n<title>Moet &amp;Amp; Chandon N\u00e9ctar Imperial | Garrafeira Tio Pepe<\/title>\n<meta name=\"description\" content=\"Descubra o Moet &amp; Chandon N\u00e9ctar de Buqu\u00ea Rico - uma explos\u00e3o de frutas ex\u00f3ticas e a redondeza da fruta de caro\u00e7o. Experimente agora!\" \/>\n<meta name=\"robots\" content=\"index, follow, max-snippet:-1, max-image-preview:large, max-video-preview:-1\" \/>\n<link rel=\"canonical\" href=\"https:\/\/garrafeirapepe.pt\/es\/loja\/garrafeira\/espumante\/garrafeira-champagne-moet-chandon-nectar-imperial\/\" \/>\n<meta property=\"og:locale\" content=\"es_ES\" \/>\n<meta property=\"og:type\" content=\"article\" \/>\n<meta property=\"og:title\" content=\"Moet &amp; Chandon N\u00e9ctar Imperial\" \/>\n<meta property=\"og:description\" content=\"Moet &amp; Chandon N\u00e9ctar Imperial -\" \/>\n<meta property=\"og:url\" content=\"https:\/\/garrafeirapepe.pt\/es\/loja\/garrafeira\/espumante\/garrafeira-champagne-moet-chandon-nectar-imperial\/\" \/>\n<meta property=\"og:site_name\" content=\"Garrafeira Pepe\" \/>\n<meta property=\"article:publisher\" content=\"https:\/\/www.facebook.com\/GarrafeiraPepe\" \/>\n<meta property=\"article:modified_time\" content=\"2026-04-03T15:04:45+00:00\" \/>\n<meta property=\"og:image\" content=\"https:\/\/garrafeirapepe.pt\/wp-content\/uploads\/2019\/01\/moet-nectar.jpg\" \/>\n\t<meta property=\"og:image:width\" content=\"491\" \/>\n\t<meta property=\"og:image:height\" content=\"1223\" \/>\n\t<meta property=\"og:image:type\" content=\"image\/jpeg\" \/>\n<meta name=\"twitter:card\" content=\"summary_large_image\" \/>\n<meta name=\"twitter:label1\" content=\"Precio\" \/>\n\t<meta name=\"twitter:data1\" content=\"62.50&euro;\" \/>\n\t<meta name=\"twitter:label2\" content=\"Disponibilidad\" \/>\n\t<meta name=\"twitter:data2\" content=\"Disponible\" \/>\n<script type=\"application\/ld+json\" class=\"yoast-schema-graph\">{\"@context\":\"https:\\\/\\\/schema.org\",\"@graph\":[{\"@type\":\"WebPage\",\"@id\":\"https:\\\/\\\/garrafeirapepe.pt\\\/es\\\/loja\\\/garrafeira\\\/espumante\\\/garrafeira-champagne-moet-chandon-nectar-imperial\\\/\",\"url\":\"https:\\\/\\\/garrafeirapepe.pt\\\/es\\\/loja\\\/garrafeira\\\/espumante\\\/garrafeira-champagne-moet-chandon-nectar-imperial\\\/\",\"name\":\"Moet &Amp; Chandon N\u00e9ctar Imperial | Garrafeira Tio Pepe\",\"isPartOf\":{\"@id\":\"https:\\\/\\\/garrafeirapepe.pt\\\/es\\\/#website\"},\"primaryImageOfPage\":{\"@id\":\"https:\\\/\\\/garrafeirapepe.pt\\\/es\\\/loja\\\/garrafeira\\\/espumante\\\/garrafeira-champagne-moet-chandon-nectar-imperial\\\/#primaryimage\"},\"image\":{\"@id\":\"https:\\\/\\\/garrafeirapepe.pt\\\/es\\\/loja\\\/garrafeira\\\/espumante\\\/garrafeira-champagne-moet-chandon-nectar-imperial\\\/#primaryimage\"},\"thumbnailUrl\":\"https:\\\/\\\/garrafeirapepe.pt\\\/wp-content\\\/uploads\\\/2019\\\/01\\\/moet-nectar.jpg\",\"datePublished\":\"2019-01-12T11:56:34+00:00\",\"dateModified\":\"2026-04-03T15:04:45+00:00\",\"description\":\"Descubra o Moet & Chandon N\u00e9ctar de Buqu\u00ea Rico - uma explos\u00e3o de frutas ex\u00f3ticas e a redondeza da fruta de caro\u00e7o. Experimente agora!\",\"breadcrumb\":{\"@id\":\"https:\\\/\\\/garrafeirapepe.pt\\\/es\\\/loja\\\/garrafeira\\\/espumante\\\/garrafeira-champagne-moet-chandon-nectar-imperial\\\/#breadcrumb\"},\"inLanguage\":\"es\",\"potentialAction\":[{\"@type\":\"ReadAction\",\"target\":[\"https:\\\/\\\/garrafeirapepe.pt\\\/es\\\/loja\\\/garrafeira\\\/espumante\\\/garrafeira-champagne-moet-chandon-nectar-imperial\\\/\"]}]},{\"@type\":\"ImageObject\",\"inLanguage\":\"es\",\"@id\":\"https:\\\/\\\/garrafeirapepe.pt\\\/es\\\/loja\\\/garrafeira\\\/espumante\\\/garrafeira-champagne-moet-chandon-nectar-imperial\\\/#primaryimage\",\"url\":\"https:\\\/\\\/garrafeirapepe.pt\\\/wp-content\\\/uploads\\\/2019\\\/01\\\/moet-nectar.jpg\",\"contentUrl\":\"https:\\\/\\\/garrafeirapepe.pt\\\/wp-content\\\/uploads\\\/2019\\\/01\\\/moet-nectar.jpg\",\"width\":491,\"height\":1223},{\"@type\":\"BreadcrumbList\",\"@id\":\"https:\\\/\\\/garrafeirapepe.pt\\\/es\\\/loja\\\/garrafeira\\\/espumante\\\/garrafeira-champagne-moet-chandon-nectar-imperial\\\/#breadcrumb\",\"itemListElement\":[{\"@type\":\"ListItem\",\"position\":1,\"name\":\"Home\",\"item\":\"https:\\\/\\\/garrafeirapepe.pt\\\/es\\\/\"},{\"@type\":\"ListItem\",\"position\":2,\"name\":\"Tienda\",\"item\":\"https:\\\/\\\/garrafeirapepe.pt\\\/es\\\/tienda\\\/\"},{\"@type\":\"ListItem\",\"position\":3,\"name\":\"Moet &#038; Chandon N\u00e9ctar Imperial\"}]},{\"@type\":\"WebSite\",\"@id\":\"https:\\\/\\\/garrafeirapepe.pt\\\/es\\\/#website\",\"url\":\"https:\\\/\\\/garrafeirapepe.pt\\\/es\\\/\",\"name\":\"Garrafeira Pepe\",\"description\":\"\",\"publisher\":{\"@id\":\"https:\\\/\\\/garrafeirapepe.pt\\\/es\\\/#organization\"},\"potentialAction\":[{\"@type\":\"SearchAction\",\"target\":{\"@type\":\"EntryPoint\",\"urlTemplate\":\"https:\\\/\\\/garrafeirapepe.pt\\\/es\\\/?s={search_term_string}\"},\"query-input\":{\"@type\":\"PropertyValueSpecification\",\"valueRequired\":true,\"valueName\":\"search_term_string\"}}],\"inLanguage\":\"es\"},{\"@type\":[\"Organization\",\"Place\"],\"@id\":\"https:\\\/\\\/garrafeirapepe.pt\\\/es\\\/#organization\",\"name\":\"Garrafeira Pepe\",\"url\":\"https:\\\/\\\/garrafeirapepe.pt\\\/es\\\/\",\"logo\":{\"@id\":\"https:\\\/\\\/garrafeirapepe.pt\\\/es\\\/loja\\\/garrafeira\\\/espumante\\\/garrafeira-champagne-moet-chandon-nectar-imperial\\\/#local-main-organization-logo\"},\"image\":{\"@id\":\"https:\\\/\\\/garrafeirapepe.pt\\\/es\\\/loja\\\/garrafeira\\\/espumante\\\/garrafeira-champagne-moet-chandon-nectar-imperial\\\/#local-main-organization-logo\"},\"sameAs\":[\"https:\\\/\\\/www.facebook.com\\\/GarrafeiraPepe\",\"https:\\\/\\\/www.instagram.com\\\/garrafeiratiopepe\\\/\",\"https:\\\/\\\/www.linkedin.com\\\/company\\\/garrafeira-tio-pepe\\\/\"],\"description\":\"Loja On-line ao seu dispor - 40 Anos de experi\u00eancia no sector, 2100 refer\u00eancias ativas e ao seu dispor. Uma das mais conceituadas Garrafeiras de Portugal.\",\"legalName\":\"PUROVINUM COMERCIO DE BEBIDAS LDA.\",\"foundingDate\":\"1986-01-01\",\"numberOfEmployees\":{\"@type\":\"QuantitativeValue\",\"minValue\":\"11\",\"maxValue\":\"50\"},\"hasMerchantReturnPolicy\":{\"@type\":\"MerchantReturnPolicy\",\"merchantReturnLink\":\"https:\\\/\\\/garrafeirapepe.pt\\\/politica-de-devolucao\\\/\"},\"telephone\":[],\"openingHoursSpecification\":[{\"@type\":\"OpeningHoursSpecification\",\"dayOfWeek\":[\"Monday\",\"Tuesday\",\"Wednesday\",\"Thursday\",\"Friday\",\"Saturday\",\"Sunday\"],\"opens\":\"09:00\",\"closes\":\"17:00\"}]},{\"@type\":\"ImageObject\",\"inLanguage\":\"es\",\"@id\":\"https:\\\/\\\/garrafeirapepe.pt\\\/es\\\/loja\\\/garrafeira\\\/espumante\\\/garrafeira-champagne-moet-chandon-nectar-imperial\\\/#local-main-organization-logo\",\"url\":\"https:\\\/\\\/garrafeirapepe.pt\\\/wp-content\\\/uploads\\\/2025\\\/11\\\/Logo-Vertical-512x512-sem-fundo.png\",\"contentUrl\":\"https:\\\/\\\/garrafeirapepe.pt\\\/wp-content\\\/uploads\\\/2025\\\/11\\\/Logo-Vertical-512x512-sem-fundo.png\",\"width\":512,\"height\":512,\"caption\":\"Garrafeira Pepe\"}]}<\/script>\n<meta property=\"product:brand\" content=\"Moet Chandon\" \/>\n<meta property=\"product:price:amount\" content=\"62.50\" \/>\n<meta property=\"product:price:currency\" content=\"EUR\" \/>\n<meta property=\"og:availability\" content=\"instock\" \/>\n<meta property=\"product:availability\" content=\"instock\" \/>\n<meta property=\"product:retailer_item_id\" content=\"MCNI\" \/>\n<meta property=\"product:condition\" content=\"new\" \/>\n<!-- \/ Yoast SEO Premium plugin. -->","yoast_head_json":{"title":"Moet &Amp; Chandon N\u00e9ctar Imperial | Garrafeira Tio Pepe","description":"Descubra o Moet & Chandon N\u00e9ctar de Buqu\u00ea Rico - uma explos\u00e3o de frutas ex\u00f3ticas e a redondeza da fruta de caro\u00e7o. Experimente agora!","robots":{"index":"index","follow":"follow","max-snippet":"max-snippet:-1","max-image-preview":"max-image-preview:large","max-video-preview":"max-video-preview:-1"},"canonical":"https:\/\/garrafeirapepe.pt\/es\/loja\/garrafeira\/espumante\/garrafeira-champagne-moet-chandon-nectar-imperial\/","og_locale":"es_ES","og_type":"article","og_title":"Moet & Chandon N\u00e9ctar Imperial","og_description":"Moet & Chandon N\u00e9ctar Imperial -","og_url":"https:\/\/garrafeirapepe.pt\/es\/loja\/garrafeira\/espumante\/garrafeira-champagne-moet-chandon-nectar-imperial\/","og_site_name":"Garrafeira Pepe","article_publisher":"https:\/\/www.facebook.com\/GarrafeiraPepe","article_modified_time":"2026-04-03T15:04:45+00:00","og_image":[{"width":491,"height":1223,"url":"https:\/\/garrafeirapepe.pt\/wp-content\/uploads\/2019\/01\/moet-nectar.jpg","type":"image\/jpeg"}],"twitter_card":"summary_large_image","twitter_misc":{"Precio":"62.50&euro;","Disponibilidad":"Disponible"},"schema":{"@context":"https:\/\/schema.org","@graph":[{"@type":"WebPage","@id":"https:\/\/garrafeirapepe.pt\/es\/loja\/garrafeira\/espumante\/garrafeira-champagne-moet-chandon-nectar-imperial\/","url":"https:\/\/garrafeirapepe.pt\/es\/loja\/garrafeira\/espumante\/garrafeira-champagne-moet-chandon-nectar-imperial\/","name":"Moet &Amp; Chandon N\u00e9ctar Imperial | Garrafeira Tio Pepe","isPartOf":{"@id":"https:\/\/garrafeirapepe.pt\/es\/#website"},"primaryImageOfPage":{"@id":"https:\/\/garrafeirapepe.pt\/es\/loja\/garrafeira\/espumante\/garrafeira-champagne-moet-chandon-nectar-imperial\/#primaryimage"},"image":{"@id":"https:\/\/garrafeirapepe.pt\/es\/loja\/garrafeira\/espumante\/garrafeira-champagne-moet-chandon-nectar-imperial\/#primaryimage"},"thumbnailUrl":"https:\/\/garrafeirapepe.pt\/wp-content\/uploads\/2019\/01\/moet-nectar.jpg","datePublished":"2019-01-12T11:56:34+00:00","dateModified":"2026-04-03T15:04:45+00:00","description":"Descubra o Moet & Chandon N\u00e9ctar de Buqu\u00ea Rico - uma explos\u00e3o de frutas ex\u00f3ticas e a redondeza da fruta de caro\u00e7o. Experimente agora!","breadcrumb":{"@id":"https:\/\/garrafeirapepe.pt\/es\/loja\/garrafeira\/espumante\/garrafeira-champagne-moet-chandon-nectar-imperial\/#breadcrumb"},"inLanguage":"es","potentialAction":[{"@type":"ReadAction","target":["https:\/\/garrafeirapepe.pt\/es\/loja\/garrafeira\/espumante\/garrafeira-champagne-moet-chandon-nectar-imperial\/"]}]},{"@type":"ImageObject","inLanguage":"es","@id":"https:\/\/garrafeirapepe.pt\/es\/loja\/garrafeira\/espumante\/garrafeira-champagne-moet-chandon-nectar-imperial\/#primaryimage","url":"https:\/\/garrafeirapepe.pt\/wp-content\/uploads\/2019\/01\/moet-nectar.jpg","contentUrl":"https:\/\/garrafeirapepe.pt\/wp-content\/uploads\/2019\/01\/moet-nectar.jpg","width":491,"height":1223},{"@type":"BreadcrumbList","@id":"https:\/\/garrafeirapepe.pt\/es\/loja\/garrafeira\/espumante\/garrafeira-champagne-moet-chandon-nectar-imperial\/#breadcrumb","itemListElement":[{"@type":"ListItem","position":1,"name":"Home","item":"https:\/\/garrafeirapepe.pt\/es\/"},{"@type":"ListItem","position":2,"name":"Tienda","item":"https:\/\/garrafeirapepe.pt\/es\/tienda\/"},{"@type":"ListItem","position":3,"name":"Moet &#038; Chandon N\u00e9ctar Imperial"}]},{"@type":"WebSite","@id":"https:\/\/garrafeirapepe.pt\/es\/#website","url":"https:\/\/garrafeirapepe.pt\/es\/","name":"Garrafeira Pepe","description":"","publisher":{"@id":"https:\/\/garrafeirapepe.pt\/es\/#organization"},"potentialAction":[{"@type":"SearchAction","target":{"@type":"EntryPoint","urlTemplate":"https:\/\/garrafeirapepe.pt\/es\/?s={search_term_string}"},"query-input":{"@type":"PropertyValueSpecification","valueRequired":true,"valueName":"search_term_string"}}],"inLanguage":"es"},{"@type":["Organization","Place"],"@id":"https:\/\/garrafeirapepe.pt\/es\/#organization","name":"Garrafeira Pepe","url":"https:\/\/garrafeirapepe.pt\/es\/","logo":{"@id":"https:\/\/garrafeirapepe.pt\/es\/loja\/garrafeira\/espumante\/garrafeira-champagne-moet-chandon-nectar-imperial\/#local-main-organization-logo"},"image":{"@id":"https:\/\/garrafeirapepe.pt\/es\/loja\/garrafeira\/espumante\/garrafeira-champagne-moet-chandon-nectar-imperial\/#local-main-organization-logo"},"sameAs":["https:\/\/www.facebook.com\/GarrafeiraPepe","https:\/\/www.instagram.com\/garrafeiratiopepe\/","https:\/\/www.linkedin.com\/company\/garrafeira-tio-pepe\/"],"description":"Loja On-line ao seu dispor - 40 Anos de experi\u00eancia no sector, 2100 refer\u00eancias ativas e ao seu dispor. Uma das mais conceituadas Garrafeiras de Portugal.","legalName":"PUROVINUM COMERCIO DE BEBIDAS LDA.","foundingDate":"1986-01-01","numberOfEmployees":{"@type":"QuantitativeValue","minValue":"11","maxValue":"50"},"hasMerchantReturnPolicy":{"@type":"MerchantReturnPolicy","merchantReturnLink":"https:\/\/garrafeirapepe.pt\/politica-de-devolucao\/"},"telephone":[],"openingHoursSpecification":[{"@type":"OpeningHoursSpecification","dayOfWeek":["Monday","Tuesday","Wednesday","Thursday","Friday","Saturday","Sunday"],"opens":"09:00","closes":"17:00"}]},{"@type":"ImageObject","inLanguage":"es","@id":"https:\/\/garrafeirapepe.pt\/es\/loja\/garrafeira\/espumante\/garrafeira-champagne-moet-chandon-nectar-imperial\/#local-main-organization-logo","url":"https:\/\/garrafeirapepe.pt\/wp-content\/uploads\/2025\/11\/Logo-Vertical-512x512-sem-fundo.png","contentUrl":"https:\/\/garrafeirapepe.pt\/wp-content\/uploads\/2025\/11\/Logo-Vertical-512x512-sem-fundo.png","width":512,"height":512,"caption":"Garrafeira Pepe"}]},"product_brand":"Moet Chandon","product_price_amount":"62.50","product_price_currency":"EUR","og_availability":"instock","product_availability":"instock","product_retailer_item_id":"MCNI","product_condition":"new"},"_links":{"self":[{"href":"https:\/\/garrafeirapepe.pt\/es\/wp-json\/wp\/v2\/product\/37438","targetHints":{"allow":["GET"]}}],"collection":[{"href":"https:\/\/garrafeirapepe.pt\/es\/wp-json\/wp\/v2\/product"}],"about":[{"href":"https:\/\/garrafeirapepe.pt\/es\/wp-json\/wp\/v2\/types\/product"}],"wp:featuredmedia":[{"embeddable":true,"href":"https:\/\/garrafeirapepe.pt\/es\/wp-json\/wp\/v2\/media\/15133"}],"wp:attachment":[{"href":"https:\/\/garrafeirapepe.pt\/es\/wp-json\/wp\/v2\/media?parent=37438"}],"wp:term":[{"taxonomy":"product_brand","embeddable":true,"href":"https:\/\/garrafeirapepe.pt\/es\/wp-json\/wp\/v2\/product_brand?post=37438"},{"taxonomy":"product_cat","embeddable":true,"href":"https:\/\/garrafeirapepe.pt\/es\/wp-json\/wp\/v2\/product_cat?post=37438"},{"taxonomy":"product_tag","embeddable":true,"href":"https:\/\/garrafeirapepe.pt\/es\/wp-json\/wp\/v2\/product_tag?post=37438"}],"curies":[{"name":"wp","href":"https:\/\/api.w.org\/{rel}","templated":true}]}}