{"id":37538,"date":"2019-02-20T11:48:04","date_gmt":"2019-02-20T11:48:04","guid":{"rendered":"https:\/\/garrafeirapepe.pt\/produto\/vinho-porto-sandeman-30anos\/"},"modified":"2026-03-25T19:30:42","modified_gmt":"2026-03-25T19:30:42","slug":"vinho-porto-sandeman-30anos","status":"publish","type":"product","link":"https:\/\/garrafeirapepe.pt\/es\/loja\/garrafeira\/vinho-do-porto\/idade\/30anos\/vinho-porto-sandeman-30anos\/","title":{"rendered":"Sandeman 30 Anos"},"content":{"rendered":"<p>Regi\u00e3o: Douro.<\/p>\n<p>Castas: Touriga Franca, Tinta Roriz, Tinta Amarela, Tinta Barroca, Tinto C\u00e3o.<\/p>\n<p>O processo de envelhecimento do Sandeman Porto Tawny 30 Years Old intensifica a fruta, criando um paladar complexo que \u00e9 caracter\u00edstico dos Portos Tawny velhos. Este Porto \u00e9 ideal para acabar uma refei\u00e7\u00e3o e torna-se uma inspira\u00e7\u00e3o para uma boa conversa.<\/p>\n<p><a href=\"https:\/\/www.sandeman.com\/port-wine\/tawny\/porto-tawny-30-years-old-2020\/\">Sandeman<\/a> Porto Tawny 30 Years Old \u00e9 um vinho de cor \u00e2mbar e dourado  velho. Os aromas intensos a mel e especiarias combinados com um paladar  profundo a damascos secos, avel\u00e3s e baunilha, criam uma combina\u00e7\u00e3o rica e  elegante, ideal para terminar uma refei\u00e7\u00e3o.\t\t\t\t\t\t\t<\/p>\n<p>Sendo um vinho de grande complexidade resulta muito bem servido simples ou com o caf\u00e9, um pequeno chocolate de bom cacau ou mesmo um charuto. Tamb\u00e9m acompanha bem sobremesas de frutos secos e caramelo mais elaboradas e queijos ricos e intensos.<\/p>\n<p>En\u00f3logo: Lu\u00eds Sottomayor.<\/p>\n<p><span style=\"background-color: inherit;\"><font color=\"#CE0000\">Pr\u00e9mIos:<\/font><\/span><br \/>DECANTER &#8211; 97\/100 PTS.<br \/>DECANTER WORLD WINE AWARDS 2018 &#8211; GRANDE OURO<br \/>INTERNATIONAL WINE &amp; SPIRIT COMPETITIION 2018 &#8211; MEDALHA OURO<br \/>MUNDUS VINI 2018 &#8211; MEDALHA DE OURO<\/p>\n<p><iframe frameborder=\"0\" src=\"\/\/www.youtube.com\/embed\/n9lC4betBxA\" width=\"640\" height=\"360\" class=\"note-video-clip\"><\/iframe><\/p>\n","protected":false},"excerpt":{"rendered":"<p>Regi\u00e3o: Douro. Castas: Touriga Franca, Tinta Roriz, Tinta Amarela, Tinta Barroca, Tinto C\u00e3o. O processo de envelhecimento do Sandeman Porto Tawny 30 Years Old intensifica a fruta, criando um paladar complexo que \u00e9 caracter\u00edstico dos Portos Tawny velhos. Este Porto \u00e9 ideal para acabar uma refei\u00e7\u00e3o e torna-se uma inspira\u00e7\u00e3o para uma boa conversa. Sandeman [&hellip;]<\/p>\n","protected":false},"featured_media":15331,"template":"","meta":{"_acf_changed":false},"product_brand":[10157],"product_cat":[10605,10584],"product_tag":[12466,11996,10991,11997,10710,10993,13304,10885,15674,11217,10883,10702,11149,11281,10685,12301,11043,13174,13433,10764,10682,12248,10932,11999,14627,15423,11478,11255,15675,11575,11650,11979,10789],"class_list":{"0":"post-37538","1":"product","2":"type-product","3":"status-publish","4":"has-post-thumbnail","6":"product_brand-sogrape","7":"product_cat-garrafeira","8":"product_cat-30anos","9":"product_tag-12466","10":"product_tag-amarela","11":"product_tag-avela","12":"product_tag-barroca","13":"product_tag-baunilha","14":"product_tag-cacau","15":"product_tag-cao","16":"product_tag-caramelo","17":"product_tag-casco","18":"product_tag-charuto","19":"product_tag-chocolate","20":"product_tag-complexo","21":"product_tag-damasco","22":"product_tag-douro","23":"product_tag-especiarias","24":"product_tag-ferreira","25":"product_tag-franca","26":"product_tag-frutos","27":"product_tag-luis","28":"product_tag-madeira","29":"product_tag-mel","30":"product_tag-porto","31":"product_tag-queijo","32":"product_tag-roriz","33":"product_tag-sandeman","34":"product_tag-secos","35":"product_tag-sobremesas","36":"product_tag-sogrape","37":"product_tag-sottomayor","38":"product_tag-tawny","39":"product_tag-tinto","40":"product_tag-touriga","41":"product_tag-vinho","43":"first","44":"instock","45":"taxable","46":"shipping-taxable","47":"purchasable","48":"product-type-simple"},"acf":[],"yoast_head":"<!-- This site is optimized with the Yoast SEO Premium plugin v27.3 (Yoast SEO v27.3) - https:\/\/yoast.com\/product\/yoast-seo-premium-wordpress\/ -->\n<title>Sandeman 30 Anos | Garrafeira Tio Pepe<\/title>\n<meta name=\"description\" content=\"Aromas intensos de mel e especiarias combinados com paladar profundo de damascos secos, avel\u00e3s e baunilha. Combina\u00e7\u00e3o rica e elegante para finalizar uma refei\u00e7\u00e3o. Experimente agora!\" \/>\n<meta name=\"robots\" content=\"index, follow, max-snippet:-1, max-image-preview:large, max-video-preview:-1\" \/>\n<link rel=\"canonical\" href=\"https:\/\/garrafeirapepe.pt\/es\/loja\/garrafeira\/vinho-do-porto\/idade\/30anos\/vinho-porto-sandeman-30anos\/\" \/>\n<meta property=\"og:locale\" content=\"es_ES\" \/>\n<meta property=\"og:type\" content=\"article\" \/>\n<meta property=\"og:title\" content=\"Sandeman 30 Anos\" \/>\n<meta property=\"og:description\" content=\"Sandeman 30 Anos -\" \/>\n<meta property=\"og:url\" content=\"https:\/\/garrafeirapepe.pt\/es\/loja\/garrafeira\/vinho-do-porto\/idade\/30anos\/vinho-porto-sandeman-30anos\/\" \/>\n<meta property=\"og:site_name\" content=\"Garrafeira Pepe\" \/>\n<meta property=\"article:publisher\" content=\"https:\/\/www.facebook.com\/GarrafeiraPepe\" \/>\n<meta property=\"article:modified_time\" content=\"2026-03-25T19:30:42+00:00\" \/>\n<meta property=\"og:image\" content=\"https:\/\/garrafeirapepe.pt\/wp-content\/uploads\/2019\/02\/sandeman30.png\" \/>\n\t<meta property=\"og:image:width\" content=\"672\" \/>\n\t<meta property=\"og:image:height\" content=\"643\" \/>\n\t<meta property=\"og:image:type\" content=\"image\/png\" \/>\n<meta name=\"twitter:card\" content=\"summary_large_image\" \/>\n<meta name=\"twitter:label1\" content=\"Precio\" \/>\n\t<meta name=\"twitter:data1\" content=\"91.50&euro;\" \/>\n\t<meta name=\"twitter:label2\" content=\"Disponibilidad\" \/>\n\t<meta name=\"twitter:data2\" content=\"Disponible\" \/>\n<script type=\"application\/ld+json\" class=\"yoast-schema-graph\">{\"@context\":\"https:\\\/\\\/schema.org\",\"@graph\":[{\"@type\":\"WebPage\",\"@id\":\"https:\\\/\\\/garrafeirapepe.pt\\\/es\\\/loja\\\/garrafeira\\\/vinho-do-porto\\\/idade\\\/30anos\\\/vinho-porto-sandeman-30anos\\\/\",\"url\":\"https:\\\/\\\/garrafeirapepe.pt\\\/es\\\/loja\\\/garrafeira\\\/vinho-do-porto\\\/idade\\\/30anos\\\/vinho-porto-sandeman-30anos\\\/\",\"name\":\"Sandeman 30 Anos | Garrafeira Tio Pepe\",\"isPartOf\":{\"@id\":\"https:\\\/\\\/garrafeirapepe.pt\\\/es\\\/#website\"},\"primaryImageOfPage\":{\"@id\":\"https:\\\/\\\/garrafeirapepe.pt\\\/es\\\/loja\\\/garrafeira\\\/vinho-do-porto\\\/idade\\\/30anos\\\/vinho-porto-sandeman-30anos\\\/#primaryimage\"},\"image\":{\"@id\":\"https:\\\/\\\/garrafeirapepe.pt\\\/es\\\/loja\\\/garrafeira\\\/vinho-do-porto\\\/idade\\\/30anos\\\/vinho-porto-sandeman-30anos\\\/#primaryimage\"},\"thumbnailUrl\":\"https:\\\/\\\/garrafeirapepe.pt\\\/wp-content\\\/uploads\\\/2019\\\/02\\\/sandeman30.png\",\"datePublished\":\"2019-02-20T11:48:04+00:00\",\"dateModified\":\"2026-03-25T19:30:42+00:00\",\"description\":\"Aromas intensos de mel e especiarias combinados com paladar profundo de damascos secos, avel\u00e3s e baunilha. Combina\u00e7\u00e3o rica e elegante para finalizar uma refei\u00e7\u00e3o. Experimente agora!\",\"breadcrumb\":{\"@id\":\"https:\\\/\\\/garrafeirapepe.pt\\\/es\\\/loja\\\/garrafeira\\\/vinho-do-porto\\\/idade\\\/30anos\\\/vinho-porto-sandeman-30anos\\\/#breadcrumb\"},\"inLanguage\":\"es\",\"potentialAction\":[{\"@type\":\"ReadAction\",\"target\":[\"https:\\\/\\\/garrafeirapepe.pt\\\/es\\\/loja\\\/garrafeira\\\/vinho-do-porto\\\/idade\\\/30anos\\\/vinho-porto-sandeman-30anos\\\/\"]}]},{\"@type\":\"ImageObject\",\"inLanguage\":\"es\",\"@id\":\"https:\\\/\\\/garrafeirapepe.pt\\\/es\\\/loja\\\/garrafeira\\\/vinho-do-porto\\\/idade\\\/30anos\\\/vinho-porto-sandeman-30anos\\\/#primaryimage\",\"url\":\"https:\\\/\\\/garrafeirapepe.pt\\\/wp-content\\\/uploads\\\/2019\\\/02\\\/sandeman30.png\",\"contentUrl\":\"https:\\\/\\\/garrafeirapepe.pt\\\/wp-content\\\/uploads\\\/2019\\\/02\\\/sandeman30.png\",\"width\":672,\"height\":643},{\"@type\":\"BreadcrumbList\",\"@id\":\"https:\\\/\\\/garrafeirapepe.pt\\\/es\\\/loja\\\/garrafeira\\\/vinho-do-porto\\\/idade\\\/30anos\\\/vinho-porto-sandeman-30anos\\\/#breadcrumb\",\"itemListElement\":[{\"@type\":\"ListItem\",\"position\":1,\"name\":\"Home\",\"item\":\"https:\\\/\\\/garrafeirapepe.pt\\\/es\\\/\"},{\"@type\":\"ListItem\",\"position\":2,\"name\":\"Tienda\",\"item\":\"https:\\\/\\\/garrafeirapepe.pt\\\/es\\\/tienda\\\/\"},{\"@type\":\"ListItem\",\"position\":3,\"name\":\"Sandeman 30 Anos\"}]},{\"@type\":\"WebSite\",\"@id\":\"https:\\\/\\\/garrafeirapepe.pt\\\/es\\\/#website\",\"url\":\"https:\\\/\\\/garrafeirapepe.pt\\\/es\\\/\",\"name\":\"Garrafeira Pepe\",\"description\":\"\",\"publisher\":{\"@id\":\"https:\\\/\\\/garrafeirapepe.pt\\\/es\\\/#organization\"},\"potentialAction\":[{\"@type\":\"SearchAction\",\"target\":{\"@type\":\"EntryPoint\",\"urlTemplate\":\"https:\\\/\\\/garrafeirapepe.pt\\\/es\\\/?s={search_term_string}\"},\"query-input\":{\"@type\":\"PropertyValueSpecification\",\"valueRequired\":true,\"valueName\":\"search_term_string\"}}],\"inLanguage\":\"es\"},{\"@type\":[\"Organization\",\"Place\"],\"@id\":\"https:\\\/\\\/garrafeirapepe.pt\\\/es\\\/#organization\",\"name\":\"Garrafeira Pepe\",\"url\":\"https:\\\/\\\/garrafeirapepe.pt\\\/es\\\/\",\"logo\":{\"@id\":\"https:\\\/\\\/garrafeirapepe.pt\\\/es\\\/loja\\\/garrafeira\\\/vinho-do-porto\\\/idade\\\/30anos\\\/vinho-porto-sandeman-30anos\\\/#local-main-organization-logo\"},\"image\":{\"@id\":\"https:\\\/\\\/garrafeirapepe.pt\\\/es\\\/loja\\\/garrafeira\\\/vinho-do-porto\\\/idade\\\/30anos\\\/vinho-porto-sandeman-30anos\\\/#local-main-organization-logo\"},\"sameAs\":[\"https:\\\/\\\/www.facebook.com\\\/GarrafeiraPepe\",\"https:\\\/\\\/www.instagram.com\\\/garrafeiratiopepe\\\/\",\"https:\\\/\\\/www.linkedin.com\\\/company\\\/garrafeira-tio-pepe\\\/\"],\"description\":\"Loja On-line ao seu dispor - 40 Anos de experi\u00eancia no sector, 2100 refer\u00eancias ativas e ao seu dispor. Uma das mais conceituadas Garrafeiras de Portugal.\",\"legalName\":\"PUROVINUM COMERCIO DE BEBIDAS LDA.\",\"foundingDate\":\"1986-01-01\",\"numberOfEmployees\":{\"@type\":\"QuantitativeValue\",\"minValue\":\"11\",\"maxValue\":\"50\"},\"hasMerchantReturnPolicy\":{\"@type\":\"MerchantReturnPolicy\",\"merchantReturnLink\":\"https:\\\/\\\/garrafeirapepe.pt\\\/politica-de-devolucao\\\/\"},\"telephone\":[],\"openingHoursSpecification\":[{\"@type\":\"OpeningHoursSpecification\",\"dayOfWeek\":[\"Monday\",\"Tuesday\",\"Wednesday\",\"Thursday\",\"Friday\",\"Saturday\",\"Sunday\"],\"opens\":\"09:00\",\"closes\":\"17:00\"}]},{\"@type\":\"ImageObject\",\"inLanguage\":\"es\",\"@id\":\"https:\\\/\\\/garrafeirapepe.pt\\\/es\\\/loja\\\/garrafeira\\\/vinho-do-porto\\\/idade\\\/30anos\\\/vinho-porto-sandeman-30anos\\\/#local-main-organization-logo\",\"url\":\"https:\\\/\\\/garrafeirapepe.pt\\\/wp-content\\\/uploads\\\/2025\\\/11\\\/Logo-Vertical-512x512-sem-fundo.png\",\"contentUrl\":\"https:\\\/\\\/garrafeirapepe.pt\\\/wp-content\\\/uploads\\\/2025\\\/11\\\/Logo-Vertical-512x512-sem-fundo.png\",\"width\":512,\"height\":512,\"caption\":\"Garrafeira Pepe\"}]}<\/script>\n<meta property=\"product:brand\" content=\"Sogrape\" \/>\n<meta property=\"product:price:amount\" content=\"91.50\" \/>\n<meta property=\"product:price:currency\" content=\"EUR\" \/>\n<meta property=\"og:availability\" content=\"instock\" \/>\n<meta property=\"product:availability\" content=\"instock\" \/>\n<meta property=\"product:retailer_item_id\" content=\"SAND30\" \/>\n<meta property=\"product:condition\" content=\"new\" \/>\n<!-- \/ Yoast SEO Premium plugin. -->","yoast_head_json":{"title":"Sandeman 30 Anos | Garrafeira Tio Pepe","description":"Aromas intensos de mel e especiarias combinados com paladar profundo de damascos secos, avel\u00e3s e baunilha. Combina\u00e7\u00e3o rica e elegante para finalizar uma refei\u00e7\u00e3o. Experimente agora!","robots":{"index":"index","follow":"follow","max-snippet":"max-snippet:-1","max-image-preview":"max-image-preview:large","max-video-preview":"max-video-preview:-1"},"canonical":"https:\/\/garrafeirapepe.pt\/es\/loja\/garrafeira\/vinho-do-porto\/idade\/30anos\/vinho-porto-sandeman-30anos\/","og_locale":"es_ES","og_type":"article","og_title":"Sandeman 30 Anos","og_description":"Sandeman 30 Anos -","og_url":"https:\/\/garrafeirapepe.pt\/es\/loja\/garrafeira\/vinho-do-porto\/idade\/30anos\/vinho-porto-sandeman-30anos\/","og_site_name":"Garrafeira Pepe","article_publisher":"https:\/\/www.facebook.com\/GarrafeiraPepe","article_modified_time":"2026-03-25T19:30:42+00:00","og_image":[{"width":672,"height":643,"url":"https:\/\/garrafeirapepe.pt\/wp-content\/uploads\/2019\/02\/sandeman30.png","type":"image\/png"}],"twitter_card":"summary_large_image","twitter_misc":{"Precio":"91.50&euro;","Disponibilidad":"Disponible"},"schema":{"@context":"https:\/\/schema.org","@graph":[{"@type":"WebPage","@id":"https:\/\/garrafeirapepe.pt\/es\/loja\/garrafeira\/vinho-do-porto\/idade\/30anos\/vinho-porto-sandeman-30anos\/","url":"https:\/\/garrafeirapepe.pt\/es\/loja\/garrafeira\/vinho-do-porto\/idade\/30anos\/vinho-porto-sandeman-30anos\/","name":"Sandeman 30 Anos | Garrafeira Tio Pepe","isPartOf":{"@id":"https:\/\/garrafeirapepe.pt\/es\/#website"},"primaryImageOfPage":{"@id":"https:\/\/garrafeirapepe.pt\/es\/loja\/garrafeira\/vinho-do-porto\/idade\/30anos\/vinho-porto-sandeman-30anos\/#primaryimage"},"image":{"@id":"https:\/\/garrafeirapepe.pt\/es\/loja\/garrafeira\/vinho-do-porto\/idade\/30anos\/vinho-porto-sandeman-30anos\/#primaryimage"},"thumbnailUrl":"https:\/\/garrafeirapepe.pt\/wp-content\/uploads\/2019\/02\/sandeman30.png","datePublished":"2019-02-20T11:48:04+00:00","dateModified":"2026-03-25T19:30:42+00:00","description":"Aromas intensos de mel e especiarias combinados com paladar profundo de damascos secos, avel\u00e3s e baunilha. Combina\u00e7\u00e3o rica e elegante para finalizar uma refei\u00e7\u00e3o. Experimente agora!","breadcrumb":{"@id":"https:\/\/garrafeirapepe.pt\/es\/loja\/garrafeira\/vinho-do-porto\/idade\/30anos\/vinho-porto-sandeman-30anos\/#breadcrumb"},"inLanguage":"es","potentialAction":[{"@type":"ReadAction","target":["https:\/\/garrafeirapepe.pt\/es\/loja\/garrafeira\/vinho-do-porto\/idade\/30anos\/vinho-porto-sandeman-30anos\/"]}]},{"@type":"ImageObject","inLanguage":"es","@id":"https:\/\/garrafeirapepe.pt\/es\/loja\/garrafeira\/vinho-do-porto\/idade\/30anos\/vinho-porto-sandeman-30anos\/#primaryimage","url":"https:\/\/garrafeirapepe.pt\/wp-content\/uploads\/2019\/02\/sandeman30.png","contentUrl":"https:\/\/garrafeirapepe.pt\/wp-content\/uploads\/2019\/02\/sandeman30.png","width":672,"height":643},{"@type":"BreadcrumbList","@id":"https:\/\/garrafeirapepe.pt\/es\/loja\/garrafeira\/vinho-do-porto\/idade\/30anos\/vinho-porto-sandeman-30anos\/#breadcrumb","itemListElement":[{"@type":"ListItem","position":1,"name":"Home","item":"https:\/\/garrafeirapepe.pt\/es\/"},{"@type":"ListItem","position":2,"name":"Tienda","item":"https:\/\/garrafeirapepe.pt\/es\/tienda\/"},{"@type":"ListItem","position":3,"name":"Sandeman 30 Anos"}]},{"@type":"WebSite","@id":"https:\/\/garrafeirapepe.pt\/es\/#website","url":"https:\/\/garrafeirapepe.pt\/es\/","name":"Garrafeira Pepe","description":"","publisher":{"@id":"https:\/\/garrafeirapepe.pt\/es\/#organization"},"potentialAction":[{"@type":"SearchAction","target":{"@type":"EntryPoint","urlTemplate":"https:\/\/garrafeirapepe.pt\/es\/?s={search_term_string}"},"query-input":{"@type":"PropertyValueSpecification","valueRequired":true,"valueName":"search_term_string"}}],"inLanguage":"es"},{"@type":["Organization","Place"],"@id":"https:\/\/garrafeirapepe.pt\/es\/#organization","name":"Garrafeira Pepe","url":"https:\/\/garrafeirapepe.pt\/es\/","logo":{"@id":"https:\/\/garrafeirapepe.pt\/es\/loja\/garrafeira\/vinho-do-porto\/idade\/30anos\/vinho-porto-sandeman-30anos\/#local-main-organization-logo"},"image":{"@id":"https:\/\/garrafeirapepe.pt\/es\/loja\/garrafeira\/vinho-do-porto\/idade\/30anos\/vinho-porto-sandeman-30anos\/#local-main-organization-logo"},"sameAs":["https:\/\/www.facebook.com\/GarrafeiraPepe","https:\/\/www.instagram.com\/garrafeiratiopepe\/","https:\/\/www.linkedin.com\/company\/garrafeira-tio-pepe\/"],"description":"Loja On-line ao seu dispor - 40 Anos de experi\u00eancia no sector, 2100 refer\u00eancias ativas e ao seu dispor. Uma das mais conceituadas Garrafeiras de Portugal.","legalName":"PUROVINUM COMERCIO DE BEBIDAS LDA.","foundingDate":"1986-01-01","numberOfEmployees":{"@type":"QuantitativeValue","minValue":"11","maxValue":"50"},"hasMerchantReturnPolicy":{"@type":"MerchantReturnPolicy","merchantReturnLink":"https:\/\/garrafeirapepe.pt\/politica-de-devolucao\/"},"telephone":[],"openingHoursSpecification":[{"@type":"OpeningHoursSpecification","dayOfWeek":["Monday","Tuesday","Wednesday","Thursday","Friday","Saturday","Sunday"],"opens":"09:00","closes":"17:00"}]},{"@type":"ImageObject","inLanguage":"es","@id":"https:\/\/garrafeirapepe.pt\/es\/loja\/garrafeira\/vinho-do-porto\/idade\/30anos\/vinho-porto-sandeman-30anos\/#local-main-organization-logo","url":"https:\/\/garrafeirapepe.pt\/wp-content\/uploads\/2025\/11\/Logo-Vertical-512x512-sem-fundo.png","contentUrl":"https:\/\/garrafeirapepe.pt\/wp-content\/uploads\/2025\/11\/Logo-Vertical-512x512-sem-fundo.png","width":512,"height":512,"caption":"Garrafeira Pepe"}]},"product_brand":"Sogrape","product_price_amount":"91.50","product_price_currency":"EUR","og_availability":"instock","product_availability":"instock","product_retailer_item_id":"SAND30","product_condition":"new"},"_links":{"self":[{"href":"https:\/\/garrafeirapepe.pt\/es\/wp-json\/wp\/v2\/product\/37538","targetHints":{"allow":["GET"]}}],"collection":[{"href":"https:\/\/garrafeirapepe.pt\/es\/wp-json\/wp\/v2\/product"}],"about":[{"href":"https:\/\/garrafeirapepe.pt\/es\/wp-json\/wp\/v2\/types\/product"}],"wp:featuredmedia":[{"embeddable":true,"href":"https:\/\/garrafeirapepe.pt\/es\/wp-json\/wp\/v2\/media\/15331"}],"wp:attachment":[{"href":"https:\/\/garrafeirapepe.pt\/es\/wp-json\/wp\/v2\/media?parent=37538"}],"wp:term":[{"taxonomy":"product_brand","embeddable":true,"href":"https:\/\/garrafeirapepe.pt\/es\/wp-json\/wp\/v2\/product_brand?post=37538"},{"taxonomy":"product_cat","embeddable":true,"href":"https:\/\/garrafeirapepe.pt\/es\/wp-json\/wp\/v2\/product_cat?post=37538"},{"taxonomy":"product_tag","embeddable":true,"href":"https:\/\/garrafeirapepe.pt\/es\/wp-json\/wp\/v2\/product_tag?post=37538"}],"curies":[{"name":"wp","href":"https:\/\/api.w.org\/{rel}","templated":true}]}}