{"id":257752,"date":"2025-02-18T16:13:48","date_gmt":"2025-02-18T16:13:48","guid":{"rendered":"https:\/\/garrafeirapepe.pt\/?post_type=product&#038;p=257752"},"modified":"2026-03-25T21:46:20","modified_gmt":"2026-03-25T21:46:20","slug":"vinho-cortes-do-reguengo-tinto-2020","status":"publish","type":"product","link":"https:\/\/garrafeirapepe.pt\/fr\/loja\/garrafeira\/vinhos\/regiao\/douro\/vinho-cortes-do-reguengo-tinto-2020\/","title":{"rendered":"Vinho Cortes Do Reguengo Tinto 2020"},"content":{"rendered":"\n<p>O Cortes do Reguengo Reserva Tinto 2020 nasce no Pocinho, no cora\u00e7\u00e3o da sub-regi\u00e3o do Douro Superior, zona reconhecida pela produ\u00e7\u00e3o de vinhos de grande concentra\u00e7\u00e3o e eleg\u00e2ncia. Este tinto resulta de um blend cl\u00e1ssico de castas durienses: Touriga Nacional, Tinta Roriz, Touriga Francesa e Tinto C\u00e3o.<\/p>\n\n\n\n<p>A vindima \u00e9 feita manualmente, com transporte das uvas em caixas de 14 kg para preservar a integridade do fruto. Segue-se um rigoroso processo de sele\u00e7\u00e3o em mesa, arrefecimento das uvas a 8 \u00baC durante 24 horas e fermenta\u00e7\u00e3o em lagares de pedra com pisa a p\u00e9, mantendo o m\u00e9todo tradicional aliado \u00e0 precis\u00e3o t\u00e9cnica. O est\u00e1gio prolongado de 18 meses em barricas novas de carvalho franc\u00eas confere ao vinho complexidade, estrutura e grande capacidade de envelhecimento.<\/p>\n\n\n\n<p>No perfil arom\u00e1tico sobressaem frutos vermelhos maduros, esteva e especiarias, bem integrados com notas subtis de madeira tostada. Na boca \u00e9 concentrado, com taninos finos, textura firme e final persistente e fresco.<\/p>\n\n\n\n<p>Com 14% de \u00e1lcool, \u00e9 um vinho ideal para acompanhar carnes vermelhas, pratos de ca\u00e7a ou queijos curados. Um tinto sofisticado, com identidade duriense vincada, assinado pelo en\u00f3logo Pedro Branco.<\/p>\n","protected":false},"excerpt":{"rendered":"<p>O Cortes do Reguengo Reserva Tinto 2020 nasce no Pocinho, no cora\u00e7\u00e3o da sub-regi\u00e3o do Douro Superior, zona reconhecida pela produ\u00e7\u00e3o de vinhos de grande concentra\u00e7\u00e3o e eleg\u00e2ncia. Este tinto resulta de um blend cl\u00e1ssico de castas durienses: Touriga Nacional, Tinta Roriz, Touriga Francesa e Tinto C\u00e3o. A vindima \u00e9 feita manualmente, com transporte das [&hellip;]<\/p>\n","protected":false},"featured_media":260330,"template":"","meta":{"_acf_changed":true},"product_brand":[],"product_cat":[20259,10632],"product_tag":[11281,10787,10789],"class_list":{"0":"post-257752","1":"product","2":"type-product","3":"status-publish","4":"has-post-thumbnail","6":"product_cat-douro","7":"product_cat-vinhos-tintos","8":"product_tag-douro","9":"product_tag-garrafeiratiopepe","10":"product_tag-vinho","12":"first","13":"outofstock","14":"taxable","15":"shipping-taxable","16":"purchasable","17":"product-type-simple"},"acf":[],"yoast_head":"<!-- This site is optimized with the Yoast SEO Premium plugin v27.3 (Yoast SEO v27.3) - https:\/\/yoast.com\/product\/yoast-seo-premium-wordpress\/ -->\n<title>Vinho Cortes Do Reguengo Tinto 2020 - Garrafeira Pepe<\/title>\n<meta name=\"description\" content=\"Descubra o Cortes do Reguengo Tinto 2020: um vinho intenso, elegante e duriense. Ideal para carnes vermelhas, pratos de ca\u00e7a ou queijos curados. Compre j\u00e1!\" \/>\n<meta name=\"robots\" content=\"index, follow, max-snippet:-1, max-image-preview:large, max-video-preview:-1\" \/>\n<link rel=\"canonical\" href=\"https:\/\/garrafeirapepe.pt\/fr\/loja\/garrafeira\/vinhos\/regiao\/douro\/vinho-cortes-do-reguengo-tinto-2020\/\" \/>\n<meta property=\"og:locale\" content=\"fr_FR\" \/>\n<meta property=\"og:type\" content=\"article\" \/>\n<meta property=\"og:title\" content=\"Vinho Cortes Do Reguengo Tinto 2020\" \/>\n<meta property=\"og:description\" content=\"Vinho Cortes Do Reguengo Tinto 2020 -\" \/>\n<meta property=\"og:url\" content=\"https:\/\/garrafeirapepe.pt\/fr\/loja\/garrafeira\/vinhos\/regiao\/douro\/vinho-cortes-do-reguengo-tinto-2020\/\" \/>\n<meta property=\"og:site_name\" content=\"Garrafeira Pepe\" \/>\n<meta property=\"article:publisher\" content=\"https:\/\/www.facebook.com\/GarrafeiraPepe\" \/>\n<meta property=\"article:modified_time\" content=\"2026-03-25T21:46:20+00:00\" \/>\n<meta property=\"og:image\" content=\"https:\/\/garrafeirapepe.pt\/wp-content\/uploads\/2025\/02\/Vinho_Cortes_Do_Reguengo_Reserva_Tinto_2020.jpg\" \/>\n\t<meta property=\"og:image:width\" content=\"1400\" \/>\n\t<meta property=\"og:image:height\" content=\"1400\" \/>\n\t<meta property=\"og:image:type\" content=\"image\/jpeg\" \/>\n<meta name=\"twitter:card\" content=\"summary_large_image\" \/>\n<meta name=\"twitter:label1\" content=\"Prix\" \/>\n\t<meta name=\"twitter:data1\" content=\"13.90&euro;\" \/>\n\t<meta name=\"twitter:label2\" content=\"Disponibilit\u00e9\" \/>\n\t<meta name=\"twitter:data2\" content=\"Rupture de stock\" \/>\n<script type=\"application\/ld+json\" class=\"yoast-schema-graph\">{\"@context\":\"https:\\\/\\\/schema.org\",\"@graph\":[{\"@type\":\"WebPage\",\"@id\":\"https:\\\/\\\/garrafeirapepe.pt\\\/fr\\\/loja\\\/garrafeira\\\/vinhos\\\/regiao\\\/douro\\\/vinho-cortes-do-reguengo-tinto-2020\\\/\",\"url\":\"https:\\\/\\\/garrafeirapepe.pt\\\/fr\\\/loja\\\/garrafeira\\\/vinhos\\\/regiao\\\/douro\\\/vinho-cortes-do-reguengo-tinto-2020\\\/\",\"name\":\"Vinho Cortes Do Reguengo Tinto 2020 - Garrafeira Pepe\",\"isPartOf\":{\"@id\":\"https:\\\/\\\/garrafeirapepe.pt\\\/fr\\\/#website\"},\"primaryImageOfPage\":{\"@id\":\"https:\\\/\\\/garrafeirapepe.pt\\\/fr\\\/loja\\\/garrafeira\\\/vinhos\\\/regiao\\\/douro\\\/vinho-cortes-do-reguengo-tinto-2020\\\/#primaryimage\"},\"image\":{\"@id\":\"https:\\\/\\\/garrafeirapepe.pt\\\/fr\\\/loja\\\/garrafeira\\\/vinhos\\\/regiao\\\/douro\\\/vinho-cortes-do-reguengo-tinto-2020\\\/#primaryimage\"},\"thumbnailUrl\":\"https:\\\/\\\/garrafeirapepe.pt\\\/wp-content\\\/uploads\\\/2025\\\/02\\\/Vinho_Cortes_Do_Reguengo_Reserva_Tinto_2020.jpg\",\"datePublished\":\"2025-02-18T16:13:48+00:00\",\"dateModified\":\"2026-03-25T21:46:20+00:00\",\"description\":\"Descubra o Cortes do Reguengo Tinto 2020: um vinho intenso, elegante e duriense. Ideal para carnes vermelhas, pratos de ca\u00e7a ou queijos curados. Compre j\u00e1!\",\"breadcrumb\":{\"@id\":\"https:\\\/\\\/garrafeirapepe.pt\\\/fr\\\/loja\\\/garrafeira\\\/vinhos\\\/regiao\\\/douro\\\/vinho-cortes-do-reguengo-tinto-2020\\\/#breadcrumb\"},\"inLanguage\":\"fr-FR\",\"potentialAction\":[{\"@type\":\"ReadAction\",\"target\":[\"https:\\\/\\\/garrafeirapepe.pt\\\/fr\\\/loja\\\/garrafeira\\\/vinhos\\\/regiao\\\/douro\\\/vinho-cortes-do-reguengo-tinto-2020\\\/\"]}]},{\"@type\":\"ImageObject\",\"inLanguage\":\"fr-FR\",\"@id\":\"https:\\\/\\\/garrafeirapepe.pt\\\/fr\\\/loja\\\/garrafeira\\\/vinhos\\\/regiao\\\/douro\\\/vinho-cortes-do-reguengo-tinto-2020\\\/#primaryimage\",\"url\":\"https:\\\/\\\/garrafeirapepe.pt\\\/wp-content\\\/uploads\\\/2025\\\/02\\\/Vinho_Cortes_Do_Reguengo_Reserva_Tinto_2020.jpg\",\"contentUrl\":\"https:\\\/\\\/garrafeirapepe.pt\\\/wp-content\\\/uploads\\\/2025\\\/02\\\/Vinho_Cortes_Do_Reguengo_Reserva_Tinto_2020.jpg\",\"width\":1400,\"height\":1400,\"caption\":\"Vinho_Cortes_Do_Reguengo_Reserva_Tinto_2020\"},{\"@type\":\"BreadcrumbList\",\"@id\":\"https:\\\/\\\/garrafeirapepe.pt\\\/fr\\\/loja\\\/garrafeira\\\/vinhos\\\/regiao\\\/douro\\\/vinho-cortes-do-reguengo-tinto-2020\\\/#breadcrumb\",\"itemListElement\":[{\"@type\":\"ListItem\",\"position\":1,\"name\":\"Home\",\"item\":\"https:\\\/\\\/garrafeirapepe.pt\\\/fr\\\/\"},{\"@type\":\"ListItem\",\"position\":2,\"name\":\"Boutique\",\"item\":\"https:\\\/\\\/garrafeirapepe.pt\\\/fr\\\/boutique\\\/\"},{\"@type\":\"ListItem\",\"position\":3,\"name\":\"Vinho Cortes Do Reguengo Tinto 2020\"}]},{\"@type\":\"WebSite\",\"@id\":\"https:\\\/\\\/garrafeirapepe.pt\\\/fr\\\/#website\",\"url\":\"https:\\\/\\\/garrafeirapepe.pt\\\/fr\\\/\",\"name\":\"Garrafeira Pepe\",\"description\":\"\",\"publisher\":{\"@id\":\"https:\\\/\\\/garrafeirapepe.pt\\\/fr\\\/#organization\"},\"potentialAction\":[{\"@type\":\"SearchAction\",\"target\":{\"@type\":\"EntryPoint\",\"urlTemplate\":\"https:\\\/\\\/garrafeirapepe.pt\\\/fr\\\/?s={search_term_string}\"},\"query-input\":{\"@type\":\"PropertyValueSpecification\",\"valueRequired\":true,\"valueName\":\"search_term_string\"}}],\"inLanguage\":\"fr-FR\"},{\"@type\":[\"Organization\",\"Place\"],\"@id\":\"https:\\\/\\\/garrafeirapepe.pt\\\/fr\\\/#organization\",\"name\":\"Garrafeira Pepe\",\"url\":\"https:\\\/\\\/garrafeirapepe.pt\\\/fr\\\/\",\"logo\":{\"@id\":\"https:\\\/\\\/garrafeirapepe.pt\\\/fr\\\/loja\\\/garrafeira\\\/vinhos\\\/regiao\\\/douro\\\/vinho-cortes-do-reguengo-tinto-2020\\\/#local-main-organization-logo\"},\"image\":{\"@id\":\"https:\\\/\\\/garrafeirapepe.pt\\\/fr\\\/loja\\\/garrafeira\\\/vinhos\\\/regiao\\\/douro\\\/vinho-cortes-do-reguengo-tinto-2020\\\/#local-main-organization-logo\"},\"sameAs\":[\"https:\\\/\\\/www.facebook.com\\\/GarrafeiraPepe\",\"https:\\\/\\\/www.instagram.com\\\/garrafeiratiopepe\\\/\",\"https:\\\/\\\/www.linkedin.com\\\/company\\\/garrafeira-tio-pepe\\\/\"],\"description\":\"Loja On-line ao seu dispor - 40 Anos de experi\u00eancia no sector, 2100 refer\u00eancias ativas e ao seu dispor. Uma das mais conceituadas Garrafeiras de Portugal.\",\"legalName\":\"PUROVINUM COMERCIO DE BEBIDAS LDA.\",\"foundingDate\":\"1986-01-01\",\"numberOfEmployees\":{\"@type\":\"QuantitativeValue\",\"minValue\":\"11\",\"maxValue\":\"50\"},\"hasMerchantReturnPolicy\":{\"@type\":\"MerchantReturnPolicy\",\"merchantReturnLink\":\"https:\\\/\\\/garrafeirapepe.pt\\\/politica-de-devolucao\\\/\"},\"telephone\":[],\"openingHoursSpecification\":[{\"@type\":\"OpeningHoursSpecification\",\"dayOfWeek\":[\"Monday\",\"Tuesday\",\"Wednesday\",\"Thursday\",\"Friday\",\"Saturday\",\"Sunday\"],\"opens\":\"09:00\",\"closes\":\"17:00\"}]},{\"@type\":\"ImageObject\",\"inLanguage\":\"fr-FR\",\"@id\":\"https:\\\/\\\/garrafeirapepe.pt\\\/fr\\\/loja\\\/garrafeira\\\/vinhos\\\/regiao\\\/douro\\\/vinho-cortes-do-reguengo-tinto-2020\\\/#local-main-organization-logo\",\"url\":\"https:\\\/\\\/garrafeirapepe.pt\\\/wp-content\\\/uploads\\\/2025\\\/11\\\/Logo-Vertical-512x512-sem-fundo.png\",\"contentUrl\":\"https:\\\/\\\/garrafeirapepe.pt\\\/wp-content\\\/uploads\\\/2025\\\/11\\\/Logo-Vertical-512x512-sem-fundo.png\",\"width\":512,\"height\":512,\"caption\":\"Garrafeira Pepe\"}]}<\/script>\n<meta property=\"product:price:amount\" content=\"13.90\" \/>\n<meta property=\"product:price:currency\" content=\"EUR\" \/>\n<meta property=\"og:availability\" content=\"out of stock\" \/>\n<meta property=\"product:availability\" content=\"out of stock\" \/>\n<meta property=\"product:retailer_item_id\" content=\"CDRT20\" \/>\n<meta property=\"product:condition\" content=\"new\" \/>\n<!-- \/ Yoast SEO Premium plugin. -->","yoast_head_json":{"title":"Vinho Cortes Do Reguengo Tinto 2020 - Garrafeira Pepe","description":"Descubra o Cortes do Reguengo Tinto 2020: um vinho intenso, elegante e duriense. Ideal para carnes vermelhas, pratos de ca\u00e7a ou queijos curados. Compre j\u00e1!","robots":{"index":"index","follow":"follow","max-snippet":"max-snippet:-1","max-image-preview":"max-image-preview:large","max-video-preview":"max-video-preview:-1"},"canonical":"https:\/\/garrafeirapepe.pt\/fr\/loja\/garrafeira\/vinhos\/regiao\/douro\/vinho-cortes-do-reguengo-tinto-2020\/","og_locale":"fr_FR","og_type":"article","og_title":"Vinho Cortes Do Reguengo Tinto 2020","og_description":"Vinho Cortes Do Reguengo Tinto 2020 -","og_url":"https:\/\/garrafeirapepe.pt\/fr\/loja\/garrafeira\/vinhos\/regiao\/douro\/vinho-cortes-do-reguengo-tinto-2020\/","og_site_name":"Garrafeira Pepe","article_publisher":"https:\/\/www.facebook.com\/GarrafeiraPepe","article_modified_time":"2026-03-25T21:46:20+00:00","og_image":[{"width":1400,"height":1400,"url":"https:\/\/garrafeirapepe.pt\/wp-content\/uploads\/2025\/02\/Vinho_Cortes_Do_Reguengo_Reserva_Tinto_2020.jpg","type":"image\/jpeg"}],"twitter_card":"summary_large_image","twitter_misc":{"Prix":"13.90&euro;","Disponibilit\u00e9":"Rupture de stock"},"schema":{"@context":"https:\/\/schema.org","@graph":[{"@type":"WebPage","@id":"https:\/\/garrafeirapepe.pt\/fr\/loja\/garrafeira\/vinhos\/regiao\/douro\/vinho-cortes-do-reguengo-tinto-2020\/","url":"https:\/\/garrafeirapepe.pt\/fr\/loja\/garrafeira\/vinhos\/regiao\/douro\/vinho-cortes-do-reguengo-tinto-2020\/","name":"Vinho Cortes Do Reguengo Tinto 2020 - Garrafeira Pepe","isPartOf":{"@id":"https:\/\/garrafeirapepe.pt\/fr\/#website"},"primaryImageOfPage":{"@id":"https:\/\/garrafeirapepe.pt\/fr\/loja\/garrafeira\/vinhos\/regiao\/douro\/vinho-cortes-do-reguengo-tinto-2020\/#primaryimage"},"image":{"@id":"https:\/\/garrafeirapepe.pt\/fr\/loja\/garrafeira\/vinhos\/regiao\/douro\/vinho-cortes-do-reguengo-tinto-2020\/#primaryimage"},"thumbnailUrl":"https:\/\/garrafeirapepe.pt\/wp-content\/uploads\/2025\/02\/Vinho_Cortes_Do_Reguengo_Reserva_Tinto_2020.jpg","datePublished":"2025-02-18T16:13:48+00:00","dateModified":"2026-03-25T21:46:20+00:00","description":"Descubra o Cortes do Reguengo Tinto 2020: um vinho intenso, elegante e duriense. Ideal para carnes vermelhas, pratos de ca\u00e7a ou queijos curados. Compre j\u00e1!","breadcrumb":{"@id":"https:\/\/garrafeirapepe.pt\/fr\/loja\/garrafeira\/vinhos\/regiao\/douro\/vinho-cortes-do-reguengo-tinto-2020\/#breadcrumb"},"inLanguage":"fr-FR","potentialAction":[{"@type":"ReadAction","target":["https:\/\/garrafeirapepe.pt\/fr\/loja\/garrafeira\/vinhos\/regiao\/douro\/vinho-cortes-do-reguengo-tinto-2020\/"]}]},{"@type":"ImageObject","inLanguage":"fr-FR","@id":"https:\/\/garrafeirapepe.pt\/fr\/loja\/garrafeira\/vinhos\/regiao\/douro\/vinho-cortes-do-reguengo-tinto-2020\/#primaryimage","url":"https:\/\/garrafeirapepe.pt\/wp-content\/uploads\/2025\/02\/Vinho_Cortes_Do_Reguengo_Reserva_Tinto_2020.jpg","contentUrl":"https:\/\/garrafeirapepe.pt\/wp-content\/uploads\/2025\/02\/Vinho_Cortes_Do_Reguengo_Reserva_Tinto_2020.jpg","width":1400,"height":1400,"caption":"Vinho_Cortes_Do_Reguengo_Reserva_Tinto_2020"},{"@type":"BreadcrumbList","@id":"https:\/\/garrafeirapepe.pt\/fr\/loja\/garrafeira\/vinhos\/regiao\/douro\/vinho-cortes-do-reguengo-tinto-2020\/#breadcrumb","itemListElement":[{"@type":"ListItem","position":1,"name":"Home","item":"https:\/\/garrafeirapepe.pt\/fr\/"},{"@type":"ListItem","position":2,"name":"Boutique","item":"https:\/\/garrafeirapepe.pt\/fr\/boutique\/"},{"@type":"ListItem","position":3,"name":"Vinho Cortes Do Reguengo Tinto 2020"}]},{"@type":"WebSite","@id":"https:\/\/garrafeirapepe.pt\/fr\/#website","url":"https:\/\/garrafeirapepe.pt\/fr\/","name":"Garrafeira Pepe","description":"","publisher":{"@id":"https:\/\/garrafeirapepe.pt\/fr\/#organization"},"potentialAction":[{"@type":"SearchAction","target":{"@type":"EntryPoint","urlTemplate":"https:\/\/garrafeirapepe.pt\/fr\/?s={search_term_string}"},"query-input":{"@type":"PropertyValueSpecification","valueRequired":true,"valueName":"search_term_string"}}],"inLanguage":"fr-FR"},{"@type":["Organization","Place"],"@id":"https:\/\/garrafeirapepe.pt\/fr\/#organization","name":"Garrafeira Pepe","url":"https:\/\/garrafeirapepe.pt\/fr\/","logo":{"@id":"https:\/\/garrafeirapepe.pt\/fr\/loja\/garrafeira\/vinhos\/regiao\/douro\/vinho-cortes-do-reguengo-tinto-2020\/#local-main-organization-logo"},"image":{"@id":"https:\/\/garrafeirapepe.pt\/fr\/loja\/garrafeira\/vinhos\/regiao\/douro\/vinho-cortes-do-reguengo-tinto-2020\/#local-main-organization-logo"},"sameAs":["https:\/\/www.facebook.com\/GarrafeiraPepe","https:\/\/www.instagram.com\/garrafeiratiopepe\/","https:\/\/www.linkedin.com\/company\/garrafeira-tio-pepe\/"],"description":"Loja On-line ao seu dispor - 40 Anos de experi\u00eancia no sector, 2100 refer\u00eancias ativas e ao seu dispor. Uma das mais conceituadas Garrafeiras de Portugal.","legalName":"PUROVINUM COMERCIO DE BEBIDAS LDA.","foundingDate":"1986-01-01","numberOfEmployees":{"@type":"QuantitativeValue","minValue":"11","maxValue":"50"},"hasMerchantReturnPolicy":{"@type":"MerchantReturnPolicy","merchantReturnLink":"https:\/\/garrafeirapepe.pt\/politica-de-devolucao\/"},"telephone":[],"openingHoursSpecification":[{"@type":"OpeningHoursSpecification","dayOfWeek":["Monday","Tuesday","Wednesday","Thursday","Friday","Saturday","Sunday"],"opens":"09:00","closes":"17:00"}]},{"@type":"ImageObject","inLanguage":"fr-FR","@id":"https:\/\/garrafeirapepe.pt\/fr\/loja\/garrafeira\/vinhos\/regiao\/douro\/vinho-cortes-do-reguengo-tinto-2020\/#local-main-organization-logo","url":"https:\/\/garrafeirapepe.pt\/wp-content\/uploads\/2025\/11\/Logo-Vertical-512x512-sem-fundo.png","contentUrl":"https:\/\/garrafeirapepe.pt\/wp-content\/uploads\/2025\/11\/Logo-Vertical-512x512-sem-fundo.png","width":512,"height":512,"caption":"Garrafeira Pepe"}]},"product_price_amount":"13.90","product_price_currency":"EUR","og_availability":"out of stock","product_availability":"out of stock","product_retailer_item_id":"CDRT20","product_condition":"new"},"_links":{"self":[{"href":"https:\/\/garrafeirapepe.pt\/fr\/wp-json\/wp\/v2\/product\/257752","targetHints":{"allow":["GET"]}}],"collection":[{"href":"https:\/\/garrafeirapepe.pt\/fr\/wp-json\/wp\/v2\/product"}],"about":[{"href":"https:\/\/garrafeirapepe.pt\/fr\/wp-json\/wp\/v2\/types\/product"}],"wp:featuredmedia":[{"embeddable":true,"href":"https:\/\/garrafeirapepe.pt\/fr\/wp-json\/wp\/v2\/media\/260330"}],"wp:attachment":[{"href":"https:\/\/garrafeirapepe.pt\/fr\/wp-json\/wp\/v2\/media?parent=257752"}],"wp:term":[{"taxonomy":"product_brand","embeddable":true,"href":"https:\/\/garrafeirapepe.pt\/fr\/wp-json\/wp\/v2\/product_brand?post=257752"},{"taxonomy":"product_cat","embeddable":true,"href":"https:\/\/garrafeirapepe.pt\/fr\/wp-json\/wp\/v2\/product_cat?post=257752"},{"taxonomy":"product_tag","embeddable":true,"href":"https:\/\/garrafeirapepe.pt\/fr\/wp-json\/wp\/v2\/product_tag?post=257752"}],"curies":[{"name":"wp","href":"https:\/\/api.w.org\/{rel}","templated":true}]}}