{"id":265462,"date":"2025-10-21T11:11:15","date_gmt":"2025-10-21T10:11:15","guid":{"rendered":"https:\/\/garrafeirapepe.pt\/?post_type=product&#038;p=265462"},"modified":"2026-03-25T21:54:06","modified_gmt":"2026-03-25T21:54:06","slug":"vodka-skyy","status":"publish","type":"product","link":"https:\/\/garrafeirapepe.pt\/fr\/loja\/garrafeira\/espirituosos\/vodka-skyy\/","title":{"rendered":"Vodka Skyy"},"content":{"rendered":"\n<p>A Vodka SKYY nasceu em S\u00e3o Francisco, em 1992, com uma miss\u00e3o clara: reinventar a forma como o mundo entende e aprecia vodka. Desde ent\u00e3o, tornou-se um \u00edcone moderno, reconhecido pelo seu perfil suave, puro e vers\u00e1til, perfeito para cocktails criativos ou simplesmente com \u00e1gua com g\u00e1s.<\/p>\n\n\n\n<p>Produzida com \u00e1gua enriquecida com minerais do Pac\u00edfico e trigo americano de alta qualidade, a SKYY \u00e9 submetida a um rigoroso processo de destila\u00e7\u00e3o qu\u00e1drupla e tripla filtragem, resultando numa vodka de pureza excecional e textura aveludada. O seu car\u00e1ter equilibrado e leve torna-a a base ideal para bebidas cl\u00e1ssicas e contempor\u00e2neas \u2014 desde um elegante SKYY Tonic at\u00e9 ao ic\u00f3nico Bloody Mary SKYY, com sumo de tomate, lim\u00e3o e especiarias.<\/p>\n\n\n\n<p>Mais do que uma vodka, a SKYY \u00e9 uma homenagem ao esp\u00edrito livre e inovador de S\u00e3o Francisco \u2014 uma garrafa azul inconfund\u00edvel que combina sofistica\u00e7\u00e3o, qualidade e modernidade. Uma escolha perfeita para quem aprecia cocktails refrescantes, com um toque costeiro e cosmopolita.<\/p>\n\n\n\n<p>SKYY\u00ae BLOODY MARY<br>Foi na d\u00e9cada de 1920 que Fernand Petiot, um barman americano do Harry&#8217;s New York Bar, em Paris, misturou partes iguais de sumo de tomate e vodka. N\u00e3o fazia ideia de que a sua cria\u00e7\u00e3o se tornaria mundialmente famosa. Siga a receita do cocktail e aprecie o nosso Bloody Mary SKYY deliciosamente equilibrado.<\/p>\n\n\n\n<p>INGREDIENTES<br>2 partes de Vodka SKYY<br>4 partes de sumo de tomate<br>\u00bc de parte de sumo de lim\u00e3o<br>4 gotas de molho ingl\u00eas<br>2 gotas de molho picante<br>Uma pitada de sal e pimenta<\/p>\n\n\n\n<p>MODO DE PREPARA\u00c7\u00c3O<br>Adicione gotas de molho ingl\u00eas, molho picante, sal e pimenta num copo highball e verta todos os ingredientes com gelo. Mexa delicadamente. Decore com um talo de aipo, uma rodela de lim\u00e3o, tomate-cereja e azeitonas.<\/p>\n\n\n\n<p>COPO<br>Highball<\/p>\n\n\n\n<p>DECORA\u00c7\u00c3O<br>Talo de aipo, rodela de lim\u00e3o, tomate-cereja, azeitonas<\/p>\n","protected":false},"excerpt":{"rendered":"<p>A Vodka SKYY nasceu em S\u00e3o Francisco, em 1992, com uma miss\u00e3o clara: reinventar a forma como o mundo entende e aprecia vodka. Desde ent\u00e3o, tornou-se um \u00edcone moderno, reconhecido pelo seu perfil suave, puro e vers\u00e1til, perfeito para cocktails criativos ou simplesmente com \u00e1gua com g\u00e1s. Produzida com \u00e1gua enriquecida com minerais do Pac\u00edfico [&hellip;]<\/p>\n","protected":false},"featured_media":265841,"template":"","meta":{"_acf_changed":true},"product_brand":[10304],"product_cat":[10628,10551],"product_tag":[22559],"class_list":{"0":"post-265462","1":"product","2":"type-product","3":"status-publish","4":"has-post-thumbnail","6":"product_brand-campari","7":"product_cat-espirituosos","8":"product_cat-vodka","9":"product_tag-vodka-skyy","11":"first","12":"instock","13":"taxable","14":"shipping-taxable","15":"purchasable","16":"product-type-simple"},"acf":[],"yoast_head":"<!-- This site is optimized with the Yoast SEO Premium plugin v27.3 (Yoast SEO v27.3) - https:\/\/yoast.com\/product\/yoast-seo-premium-wordpress\/ -->\n<title>Vodka Skyy - Garrafeira Pepe<\/title>\n<meta name=\"description\" content=\"Vodka SKYY \u2014 destilada quatro vezes e filtrada tr\u00eas, com \u00e1gua mineral da Ba\u00eda de S\u00e3o Francisco. Suave, pura e perfeita para cocktails.\" \/>\n<meta name=\"robots\" content=\"index, follow, max-snippet:-1, max-image-preview:large, max-video-preview:-1\" \/>\n<link rel=\"canonical\" href=\"https:\/\/garrafeirapepe.pt\/fr\/loja\/garrafeira\/espirituosos\/vodka-skyy\/\" \/>\n<meta property=\"og:locale\" content=\"fr_FR\" \/>\n<meta property=\"og:type\" content=\"article\" \/>\n<meta property=\"og:title\" content=\"Vodka Skyy\" \/>\n<meta property=\"og:description\" content=\"Vodka Skyy -\" \/>\n<meta property=\"og:url\" content=\"https:\/\/garrafeirapepe.pt\/fr\/loja\/garrafeira\/espirituosos\/vodka-skyy\/\" \/>\n<meta property=\"og:site_name\" content=\"Garrafeira Pepe\" \/>\n<meta property=\"article:publisher\" content=\"https:\/\/www.facebook.com\/GarrafeiraPepe\" \/>\n<meta property=\"article:modified_time\" content=\"2026-03-25T21:54:06+00:00\" \/>\n<meta property=\"og:image\" content=\"https:\/\/garrafeirapepe.pt\/wp-content\/uploads\/2025\/10\/Vodka_Skyy.png\" \/>\n\t<meta property=\"og:image:width\" content=\"1024\" \/>\n\t<meta property=\"og:image:height\" content=\"1024\" \/>\n\t<meta property=\"og:image:type\" content=\"image\/png\" \/>\n<meta name=\"twitter:card\" content=\"summary_large_image\" \/>\n<meta name=\"twitter:label1\" content=\"Prix\" \/>\n\t<meta name=\"twitter:data1\" content=\"21.50&euro;\" \/>\n\t<meta name=\"twitter:label2\" content=\"Disponibilit\u00e9\" \/>\n\t<meta name=\"twitter:data2\" content=\"En stock\" \/>\n<script type=\"application\/ld+json\" class=\"yoast-schema-graph\">{\"@context\":\"https:\\\/\\\/schema.org\",\"@graph\":[{\"@type\":\"WebPage\",\"@id\":\"https:\\\/\\\/garrafeirapepe.pt\\\/fr\\\/loja\\\/garrafeira\\\/espirituosos\\\/vodka-skyy\\\/\",\"url\":\"https:\\\/\\\/garrafeirapepe.pt\\\/fr\\\/loja\\\/garrafeira\\\/espirituosos\\\/vodka-skyy\\\/\",\"name\":\"Vodka Skyy - Garrafeira Pepe\",\"isPartOf\":{\"@id\":\"https:\\\/\\\/garrafeirapepe.pt\\\/fr\\\/#website\"},\"primaryImageOfPage\":{\"@id\":\"https:\\\/\\\/garrafeirapepe.pt\\\/fr\\\/loja\\\/garrafeira\\\/espirituosos\\\/vodka-skyy\\\/#primaryimage\"},\"image\":{\"@id\":\"https:\\\/\\\/garrafeirapepe.pt\\\/fr\\\/loja\\\/garrafeira\\\/espirituosos\\\/vodka-skyy\\\/#primaryimage\"},\"thumbnailUrl\":\"https:\\\/\\\/garrafeirapepe.pt\\\/wp-content\\\/uploads\\\/2025\\\/10\\\/Vodka_Skyy.png\",\"datePublished\":\"2025-10-21T10:11:15+00:00\",\"dateModified\":\"2026-03-25T21:54:06+00:00\",\"description\":\"Vodka SKYY \u2014 destilada quatro vezes e filtrada tr\u00eas, com \u00e1gua mineral da Ba\u00eda de S\u00e3o Francisco. Suave, pura e perfeita para cocktails.\",\"breadcrumb\":{\"@id\":\"https:\\\/\\\/garrafeirapepe.pt\\\/fr\\\/loja\\\/garrafeira\\\/espirituosos\\\/vodka-skyy\\\/#breadcrumb\"},\"inLanguage\":\"fr-FR\",\"potentialAction\":[{\"@type\":\"ReadAction\",\"target\":[\"https:\\\/\\\/garrafeirapepe.pt\\\/fr\\\/loja\\\/garrafeira\\\/espirituosos\\\/vodka-skyy\\\/\"]}]},{\"@type\":\"ImageObject\",\"inLanguage\":\"fr-FR\",\"@id\":\"https:\\\/\\\/garrafeirapepe.pt\\\/fr\\\/loja\\\/garrafeira\\\/espirituosos\\\/vodka-skyy\\\/#primaryimage\",\"url\":\"https:\\\/\\\/garrafeirapepe.pt\\\/wp-content\\\/uploads\\\/2025\\\/10\\\/Vodka_Skyy.png\",\"contentUrl\":\"https:\\\/\\\/garrafeirapepe.pt\\\/wp-content\\\/uploads\\\/2025\\\/10\\\/Vodka_Skyy.png\",\"width\":1024,\"height\":1024,\"caption\":\"Vodka_Skyy\"},{\"@type\":\"BreadcrumbList\",\"@id\":\"https:\\\/\\\/garrafeirapepe.pt\\\/fr\\\/loja\\\/garrafeira\\\/espirituosos\\\/vodka-skyy\\\/#breadcrumb\",\"itemListElement\":[{\"@type\":\"ListItem\",\"position\":1,\"name\":\"Home\",\"item\":\"https:\\\/\\\/garrafeirapepe.pt\\\/fr\\\/\"},{\"@type\":\"ListItem\",\"position\":2,\"name\":\"Boutique\",\"item\":\"https:\\\/\\\/garrafeirapepe.pt\\\/fr\\\/boutique\\\/\"},{\"@type\":\"ListItem\",\"position\":3,\"name\":\"Vodka Skyy\"}]},{\"@type\":\"WebSite\",\"@id\":\"https:\\\/\\\/garrafeirapepe.pt\\\/fr\\\/#website\",\"url\":\"https:\\\/\\\/garrafeirapepe.pt\\\/fr\\\/\",\"name\":\"Garrafeira Pepe\",\"description\":\"\",\"publisher\":{\"@id\":\"https:\\\/\\\/garrafeirapepe.pt\\\/fr\\\/#organization\"},\"potentialAction\":[{\"@type\":\"SearchAction\",\"target\":{\"@type\":\"EntryPoint\",\"urlTemplate\":\"https:\\\/\\\/garrafeirapepe.pt\\\/fr\\\/?s={search_term_string}\"},\"query-input\":{\"@type\":\"PropertyValueSpecification\",\"valueRequired\":true,\"valueName\":\"search_term_string\"}}],\"inLanguage\":\"fr-FR\"},{\"@type\":[\"Organization\",\"Place\"],\"@id\":\"https:\\\/\\\/garrafeirapepe.pt\\\/fr\\\/#organization\",\"name\":\"Garrafeira Pepe\",\"url\":\"https:\\\/\\\/garrafeirapepe.pt\\\/fr\\\/\",\"logo\":{\"@id\":\"https:\\\/\\\/garrafeirapepe.pt\\\/fr\\\/loja\\\/garrafeira\\\/espirituosos\\\/vodka-skyy\\\/#local-main-organization-logo\"},\"image\":{\"@id\":\"https:\\\/\\\/garrafeirapepe.pt\\\/fr\\\/loja\\\/garrafeira\\\/espirituosos\\\/vodka-skyy\\\/#local-main-organization-logo\"},\"sameAs\":[\"https:\\\/\\\/www.facebook.com\\\/GarrafeiraPepe\",\"https:\\\/\\\/www.instagram.com\\\/garrafeiratiopepe\\\/\",\"https:\\\/\\\/www.linkedin.com\\\/company\\\/garrafeira-tio-pepe\\\/\"],\"description\":\"Loja On-line ao seu dispor - 40 Anos de experi\u00eancia no sector, 2100 refer\u00eancias ativas e ao seu dispor. Uma das mais conceituadas Garrafeiras de Portugal.\",\"legalName\":\"PUROVINUM COMERCIO DE BEBIDAS LDA.\",\"foundingDate\":\"1986-01-01\",\"numberOfEmployees\":{\"@type\":\"QuantitativeValue\",\"minValue\":\"11\",\"maxValue\":\"50\"},\"hasMerchantReturnPolicy\":{\"@type\":\"MerchantReturnPolicy\",\"merchantReturnLink\":\"https:\\\/\\\/garrafeirapepe.pt\\\/politica-de-devolucao\\\/\"},\"telephone\":[],\"openingHoursSpecification\":[{\"@type\":\"OpeningHoursSpecification\",\"dayOfWeek\":[\"Monday\",\"Tuesday\",\"Wednesday\",\"Thursday\",\"Friday\",\"Saturday\",\"Sunday\"],\"opens\":\"09:00\",\"closes\":\"17:00\"}]},{\"@type\":\"ImageObject\",\"inLanguage\":\"fr-FR\",\"@id\":\"https:\\\/\\\/garrafeirapepe.pt\\\/fr\\\/loja\\\/garrafeira\\\/espirituosos\\\/vodka-skyy\\\/#local-main-organization-logo\",\"url\":\"https:\\\/\\\/garrafeirapepe.pt\\\/wp-content\\\/uploads\\\/2025\\\/11\\\/Logo-Vertical-512x512-sem-fundo.png\",\"contentUrl\":\"https:\\\/\\\/garrafeirapepe.pt\\\/wp-content\\\/uploads\\\/2025\\\/11\\\/Logo-Vertical-512x512-sem-fundo.png\",\"width\":512,\"height\":512,\"caption\":\"Garrafeira Pepe\"}]}<\/script>\n<meta property=\"product:brand\" content=\"Campari\" \/>\n<meta property=\"product:price:amount\" content=\"21.50\" \/>\n<meta property=\"product:price:currency\" content=\"EUR\" \/>\n<meta property=\"og:availability\" content=\"instock\" \/>\n<meta property=\"product:availability\" content=\"instock\" \/>\n<meta property=\"product:retailer_item_id\" content=\"SKYY\" \/>\n<meta property=\"product:condition\" content=\"new\" \/>\n<!-- \/ Yoast SEO Premium plugin. -->","yoast_head_json":{"title":"Vodka Skyy - Garrafeira Pepe","description":"Vodka SKYY \u2014 destilada quatro vezes e filtrada tr\u00eas, com \u00e1gua mineral da Ba\u00eda de S\u00e3o Francisco. Suave, pura e perfeita para cocktails.","robots":{"index":"index","follow":"follow","max-snippet":"max-snippet:-1","max-image-preview":"max-image-preview:large","max-video-preview":"max-video-preview:-1"},"canonical":"https:\/\/garrafeirapepe.pt\/fr\/loja\/garrafeira\/espirituosos\/vodka-skyy\/","og_locale":"fr_FR","og_type":"article","og_title":"Vodka Skyy","og_description":"Vodka Skyy -","og_url":"https:\/\/garrafeirapepe.pt\/fr\/loja\/garrafeira\/espirituosos\/vodka-skyy\/","og_site_name":"Garrafeira Pepe","article_publisher":"https:\/\/www.facebook.com\/GarrafeiraPepe","article_modified_time":"2026-03-25T21:54:06+00:00","og_image":[{"width":1024,"height":1024,"url":"https:\/\/garrafeirapepe.pt\/wp-content\/uploads\/2025\/10\/Vodka_Skyy.png","type":"image\/png"}],"twitter_card":"summary_large_image","twitter_misc":{"Prix":"21.50&euro;","Disponibilit\u00e9":"En stock"},"schema":{"@context":"https:\/\/schema.org","@graph":[{"@type":"WebPage","@id":"https:\/\/garrafeirapepe.pt\/fr\/loja\/garrafeira\/espirituosos\/vodka-skyy\/","url":"https:\/\/garrafeirapepe.pt\/fr\/loja\/garrafeira\/espirituosos\/vodka-skyy\/","name":"Vodka Skyy - Garrafeira Pepe","isPartOf":{"@id":"https:\/\/garrafeirapepe.pt\/fr\/#website"},"primaryImageOfPage":{"@id":"https:\/\/garrafeirapepe.pt\/fr\/loja\/garrafeira\/espirituosos\/vodka-skyy\/#primaryimage"},"image":{"@id":"https:\/\/garrafeirapepe.pt\/fr\/loja\/garrafeira\/espirituosos\/vodka-skyy\/#primaryimage"},"thumbnailUrl":"https:\/\/garrafeirapepe.pt\/wp-content\/uploads\/2025\/10\/Vodka_Skyy.png","datePublished":"2025-10-21T10:11:15+00:00","dateModified":"2026-03-25T21:54:06+00:00","description":"Vodka SKYY \u2014 destilada quatro vezes e filtrada tr\u00eas, com \u00e1gua mineral da Ba\u00eda de S\u00e3o Francisco. Suave, pura e perfeita para cocktails.","breadcrumb":{"@id":"https:\/\/garrafeirapepe.pt\/fr\/loja\/garrafeira\/espirituosos\/vodka-skyy\/#breadcrumb"},"inLanguage":"fr-FR","potentialAction":[{"@type":"ReadAction","target":["https:\/\/garrafeirapepe.pt\/fr\/loja\/garrafeira\/espirituosos\/vodka-skyy\/"]}]},{"@type":"ImageObject","inLanguage":"fr-FR","@id":"https:\/\/garrafeirapepe.pt\/fr\/loja\/garrafeira\/espirituosos\/vodka-skyy\/#primaryimage","url":"https:\/\/garrafeirapepe.pt\/wp-content\/uploads\/2025\/10\/Vodka_Skyy.png","contentUrl":"https:\/\/garrafeirapepe.pt\/wp-content\/uploads\/2025\/10\/Vodka_Skyy.png","width":1024,"height":1024,"caption":"Vodka_Skyy"},{"@type":"BreadcrumbList","@id":"https:\/\/garrafeirapepe.pt\/fr\/loja\/garrafeira\/espirituosos\/vodka-skyy\/#breadcrumb","itemListElement":[{"@type":"ListItem","position":1,"name":"Home","item":"https:\/\/garrafeirapepe.pt\/fr\/"},{"@type":"ListItem","position":2,"name":"Boutique","item":"https:\/\/garrafeirapepe.pt\/fr\/boutique\/"},{"@type":"ListItem","position":3,"name":"Vodka Skyy"}]},{"@type":"WebSite","@id":"https:\/\/garrafeirapepe.pt\/fr\/#website","url":"https:\/\/garrafeirapepe.pt\/fr\/","name":"Garrafeira Pepe","description":"","publisher":{"@id":"https:\/\/garrafeirapepe.pt\/fr\/#organization"},"potentialAction":[{"@type":"SearchAction","target":{"@type":"EntryPoint","urlTemplate":"https:\/\/garrafeirapepe.pt\/fr\/?s={search_term_string}"},"query-input":{"@type":"PropertyValueSpecification","valueRequired":true,"valueName":"search_term_string"}}],"inLanguage":"fr-FR"},{"@type":["Organization","Place"],"@id":"https:\/\/garrafeirapepe.pt\/fr\/#organization","name":"Garrafeira Pepe","url":"https:\/\/garrafeirapepe.pt\/fr\/","logo":{"@id":"https:\/\/garrafeirapepe.pt\/fr\/loja\/garrafeira\/espirituosos\/vodka-skyy\/#local-main-organization-logo"},"image":{"@id":"https:\/\/garrafeirapepe.pt\/fr\/loja\/garrafeira\/espirituosos\/vodka-skyy\/#local-main-organization-logo"},"sameAs":["https:\/\/www.facebook.com\/GarrafeiraPepe","https:\/\/www.instagram.com\/garrafeiratiopepe\/","https:\/\/www.linkedin.com\/company\/garrafeira-tio-pepe\/"],"description":"Loja On-line ao seu dispor - 40 Anos de experi\u00eancia no sector, 2100 refer\u00eancias ativas e ao seu dispor. Uma das mais conceituadas Garrafeiras de Portugal.","legalName":"PUROVINUM COMERCIO DE BEBIDAS LDA.","foundingDate":"1986-01-01","numberOfEmployees":{"@type":"QuantitativeValue","minValue":"11","maxValue":"50"},"hasMerchantReturnPolicy":{"@type":"MerchantReturnPolicy","merchantReturnLink":"https:\/\/garrafeirapepe.pt\/politica-de-devolucao\/"},"telephone":[],"openingHoursSpecification":[{"@type":"OpeningHoursSpecification","dayOfWeek":["Monday","Tuesday","Wednesday","Thursday","Friday","Saturday","Sunday"],"opens":"09:00","closes":"17:00"}]},{"@type":"ImageObject","inLanguage":"fr-FR","@id":"https:\/\/garrafeirapepe.pt\/fr\/loja\/garrafeira\/espirituosos\/vodka-skyy\/#local-main-organization-logo","url":"https:\/\/garrafeirapepe.pt\/wp-content\/uploads\/2025\/11\/Logo-Vertical-512x512-sem-fundo.png","contentUrl":"https:\/\/garrafeirapepe.pt\/wp-content\/uploads\/2025\/11\/Logo-Vertical-512x512-sem-fundo.png","width":512,"height":512,"caption":"Garrafeira Pepe"}]},"product_brand":"Campari","product_price_amount":"21.50","product_price_currency":"EUR","og_availability":"instock","product_availability":"instock","product_retailer_item_id":"SKYY","product_condition":"new"},"_links":{"self":[{"href":"https:\/\/garrafeirapepe.pt\/fr\/wp-json\/wp\/v2\/product\/265462","targetHints":{"allow":["GET"]}}],"collection":[{"href":"https:\/\/garrafeirapepe.pt\/fr\/wp-json\/wp\/v2\/product"}],"about":[{"href":"https:\/\/garrafeirapepe.pt\/fr\/wp-json\/wp\/v2\/types\/product"}],"wp:featuredmedia":[{"embeddable":true,"href":"https:\/\/garrafeirapepe.pt\/fr\/wp-json\/wp\/v2\/media\/265841"}],"wp:attachment":[{"href":"https:\/\/garrafeirapepe.pt\/fr\/wp-json\/wp\/v2\/media?parent=265462"}],"wp:term":[{"taxonomy":"product_brand","embeddable":true,"href":"https:\/\/garrafeirapepe.pt\/fr\/wp-json\/wp\/v2\/product_brand?post=265462"},{"taxonomy":"product_cat","embeddable":true,"href":"https:\/\/garrafeirapepe.pt\/fr\/wp-json\/wp\/v2\/product_cat?post=265462"},{"taxonomy":"product_tag","embeddable":true,"href":"https:\/\/garrafeirapepe.pt\/fr\/wp-json\/wp\/v2\/product_tag?post=265462"}],"curies":[{"name":"wp","href":"https:\/\/api.w.org\/{rel}","templated":true}]}}